{"id":84,"date":"2025-01-28T01:42:01","date_gmt":"2025-01-28T00:42:01","guid":{"rendered":"https:\/?post_type=product&#038;p=84"},"modified":"2025-03-15T18:41:35","modified_gmt":"2025-03-15T17:41:35","slug":"pokemon-coffret-regidrago-v-epee-bouclier-zenith-supreme-eb12-5","status":"publish","type":"product","link":"https:\/\/pokelabtcg.fr\/index.php\/produit\/pokemon-coffret-regidrago-v-epee-bouclier-zenith-supreme-eb12-5\/","title":{"rendered":"Pok\u00e9mon Coffret Regidrago-V &#8211; Z\u00e9nith supr\u00eame EB12.5"},"content":{"rendered":"<p>Compl\u00e9tez votre <strong>collection de cartes Pok\u00e9mon<\/strong> avec le <strong>Coffret Pok\u00e9mon Regidrago-V<\/strong> <strong>&#8211; Z\u00e9nith Supreme &#8211; 12.5<\/strong>, le <strong>coffret<\/strong> pr\u00e9f\u00e9r\u00e9 des <strong>collectionneurs<\/strong> !<\/p>\n<p>&nbsp;<\/p>\n<p>Choisissez votre <strong>forme de combat<\/strong> avec <strong>Regidrago<\/strong>\u00a0! Canalisez de <strong>nouveaux pouvoirs l\u00e9gendaires<\/strong> !<\/p>\n<p>Un <strong>Pok\u00e9mon l\u00e9gendaire<\/strong> auparavant inconnu s&rsquo;\u00e9veille dans des <strong>contr\u00e9es enneig\u00e9es<\/strong>. D\u00e9couvrez les <strong>pouvoirs de Regidrago<\/strong> de type<strong> Dragon<\/strong> !<\/p>\n<p>&nbsp;<\/p>\n<p>L&rsquo;extension <strong>Z\u00e9nith Supr\u00eame du JCC Pok\u00e9mon<\/strong> regorge de <strong>nouveaux styles graphiques et d&rsquo;illustrations exceptionnelles<\/strong>, et met l&rsquo;accent sur les <strong>cartes alternatives<\/strong>, dont le tout premier <strong>Pok\u00e9mon-VSTAR<\/strong> avec <strong>une illustration sp\u00e9ciale.<\/strong><\/p>\n<p><strong>Qui est Regidrago ?<\/strong><\/p>\n<p>Regidrago est un Pok\u00e9mon Dragon. Regidrago est enti\u00e8rement compos\u00e9 de cristaux d&rsquo;\u00e9nergie draconique. Cette \u00e9nergie est encore plus dense dans son noyau interne. La composition particuli\u00e8re de son corps lui permet d&rsquo;utiliser les capacit\u00e9s de type Dragon avec encore plus de puissance que les autres Pok\u00e9mon de ce type. Des r\u00e9cits folkloriques racontent que le l\u00e9gendaire Regigigas aurait tent\u00e9 de cr\u00e9er un Pok\u00e9mon \u00e0 partir de cristaux d&rsquo;\u00e9nergie draconique, mais qu&rsquo;il n&rsquo;a pu achever que le cr\u00e2ne par manque de ressources. Craignant que Regidrago ne ravage leurs terres s&rsquo;il venait \u00e0 \u00eatre termin\u00e9, les peuples anciens l&rsquo;ont scell\u00e9 dans un temple.<\/p>\n<p>&nbsp;<\/p>\n<p>Chaque coffret Pok\u00e9mon Zenith Supr\u00eame Regidrago V contient :<\/p>\n<p>&nbsp;<\/p>\n<p>-1 carte jumbo Regidrago-V<\/p>\n<p>&#8211; 2 carte promo brillante de Regidrago-V<\/p>\n<p>&#8211; 4 boosters Z\u00e9nith Supr\u00eame du JCC Pok\u00e9mon<\/p>\n<p>&#8211; 1 carte \u00e0 code pour le JCC Pok\u00e9mon Live<\/p>\n<p>&nbsp;<\/p>\n<p><strong>Compl\u00e9tez votre collection de cartes Pok\u00e9mon !<\/strong><\/p>\n<p><strong>Pok\u00e9mon attrapez-les tous !<\/strong><\/p>\n","protected":false},"excerpt":{"rendered":"<p><strong>Coffret Pok\u00e9mon Regidrago-V \u2013 Z\u00e9nith Supr\u00eame<\/strong> : <strong>1 carte Jumbo<\/strong>, <strong>2 cartes promo<\/strong>, <strong>4 boosters<\/strong> et <strong>1 carte \u00e0 code<\/strong> pour <strong>Pok\u00e9mon Live<\/strong>.<\/p>\n","protected":false},"featured_media":87,"comment_status":"open","ping_status":"closed","template":"","meta":[],"product_brand":[17],"product_cat":[16],"product_tag":[],"class_list":{"0":"post-84","1":"product","2":"type-product","3":"status-publish","4":"has-post-thumbnail","6":"product_brand-asmodee","7":"product_cat-coffrets","9":"entry","10":"has-media","12":"first","13":"instock","14":"shipping-taxable","15":"purchasable","16":"product-type-simple","17":"has-product-nav","18":"col","19":"span_1_of_3","20":"owp-content-center","21":"owp-thumbs-layout-horizontal","22":"owp-btn-normal","23":"owp-tabs-layout-horizontal","24":"has-no-thumbnails"},"yoast_head":"<!-- This site is optimized with the Yoast SEO plugin v24.4 - https:\/\/yoast.com\/wordpress\/plugins\/seo\/ -->\n<title>Coffret Pok\u00e9mon Regidrago-V \u2013 EB12.5 - Z\u00e9nith Supr\u00eame !<\/title>\n<meta name=\"description\" content=\"Coffret Pok\u00e9mon Regidrago-V \u2013 Z\u00e9nith Supr\u00eame : 1 carte Jumbo, 2 cartes promo, 4 boosters et 1 carte \u00e0 code pour Pok\u00e9mon Live.\" \/>\n<meta name=\"robots\" content=\"index, follow, max-snippet:-1, max-image-preview:large, max-video-preview:-1\" \/>\n<link rel=\"canonical\" href=\"https:\/\/pokelabtcg.fr\/index.php\/produit\/pokemon-coffret-regidrago-v-epee-bouclier-zenith-supreme-eb12-5\/\" \/>\n<meta property=\"og:locale\" content=\"fr_FR\" \/>\n<meta property=\"og:type\" content=\"article\" \/>\n<meta property=\"og:title\" content=\"Coffret Pok\u00e9mon Regidrago-V \u2013 EB12.5 - Z\u00e9nith Supr\u00eame !\" \/>\n<meta property=\"og:description\" content=\"Coffret Pok\u00e9mon Regidrago-V \u2013 Z\u00e9nith Supr\u00eame : 1 carte Jumbo, 2 cartes promo, 4 boosters et 1 carte \u00e0 code pour Pok\u00e9mon Live.\" \/>\n<meta property=\"og:url\" content=\"https:\/\/pokelabtcg.fr\/index.php\/produit\/pokemon-coffret-regidrago-v-epee-bouclier-zenith-supreme-eb12-5\/\" \/>\n<meta property=\"og:site_name\" content=\"Pokelab Tcg\" \/>\n<meta property=\"article:modified_time\" content=\"2025-03-15T17:41:35+00:00\" \/>\n<meta property=\"og:image\" content=\"https:\/\/pokelabtcg.fr\/wp-content\/uploads\/2025\/01\/gu927375_6_1.jpg\" \/>\n\t<meta property=\"og:image:width\" content=\"600\" \/>\n\t<meta property=\"og:image:height\" content=\"600\" \/>\n\t<meta property=\"og:image:type\" content=\"image\/jpeg\" \/>\n<meta name=\"twitter:card\" content=\"summary_large_image\" \/>\n<meta name=\"twitter:label1\" content=\"Dur\u00e9e de lecture estim\u00e9e\" \/>\n\t<meta name=\"twitter:data1\" content=\"2 minutes\" \/>\n<script type=\"application\/ld+json\" class=\"yoast-schema-graph\">{\"@context\":\"https:\/\/schema.org\",\"@graph\":[{\"@type\":\"WebPage\",\"@id\":\"https:\/\/pokelabtcg.fr\/index.php\/produit\/pokemon-coffret-regidrago-v-epee-bouclier-zenith-supreme-eb12-5\/\",\"url\":\"https:\/\/pokelabtcg.fr\/index.php\/produit\/pokemon-coffret-regidrago-v-epee-bouclier-zenith-supreme-eb12-5\/\",\"name\":\"Coffret Pok\u00e9mon Regidrago-V \u2013 EB12.5 - Z\u00e9nith Supr\u00eame !\",\"isPartOf\":{\"@id\":\"https:\/\/www.pokelabtcg.fr\/#website\"},\"primaryImageOfPage\":{\"@id\":\"https:\/\/pokelabtcg.fr\/index.php\/produit\/pokemon-coffret-regidrago-v-epee-bouclier-zenith-supreme-eb12-5\/#primaryimage\"},\"image\":{\"@id\":\"https:\/\/pokelabtcg.fr\/index.php\/produit\/pokemon-coffret-regidrago-v-epee-bouclier-zenith-supreme-eb12-5\/#primaryimage\"},\"thumbnailUrl\":\"https:\/\/pokelabtcg.fr\/wp-content\/uploads\/2025\/01\/gu927375_6_1.jpg\",\"datePublished\":\"2025-01-28T00:42:01+00:00\",\"dateModified\":\"2025-03-15T17:41:35+00:00\",\"description\":\"Coffret Pok\u00e9mon Regidrago-V \u2013 Z\u00e9nith Supr\u00eame : 1 carte Jumbo, 2 cartes promo, 4 boosters et 1 carte \u00e0 code pour Pok\u00e9mon Live.\",\"breadcrumb\":{\"@id\":\"https:\/\/pokelabtcg.fr\/index.php\/produit\/pokemon-coffret-regidrago-v-epee-bouclier-zenith-supreme-eb12-5\/#breadcrumb\"},\"inLanguage\":\"fr-FR\",\"potentialAction\":[{\"@type\":\"ReadAction\",\"target\":[\"https:\/\/pokelabtcg.fr\/index.php\/produit\/pokemon-coffret-regidrago-v-epee-bouclier-zenith-supreme-eb12-5\/\"]}]},{\"@type\":\"ImageObject\",\"inLanguage\":\"fr-FR\",\"@id\":\"https:\/\/pokelabtcg.fr\/index.php\/produit\/pokemon-coffret-regidrago-v-epee-bouclier-zenith-supreme-eb12-5\/#primaryimage\",\"url\":\"https:\/\/pokelabtcg.fr\/wp-content\/uploads\/2025\/01\/gu927375_6_1.jpg\",\"contentUrl\":\"https:\/\/pokelabtcg.fr\/wp-content\/uploads\/2025\/01\/gu927375_6_1.jpg\",\"width\":600,\"height\":600,\"caption\":\"coffret rouge eb12.5\"},{\"@type\":\"BreadcrumbList\",\"@id\":\"https:\/\/pokelabtcg.fr\/index.php\/produit\/pokemon-coffret-regidrago-v-epee-bouclier-zenith-supreme-eb12-5\/#breadcrumb\",\"itemListElement\":[{\"@type\":\"ListItem\",\"position\":1,\"name\":\"Accueil\",\"item\":\"https:\/\/pokelabtcg.fr\/\"},{\"@type\":\"ListItem\",\"position\":2,\"name\":\"Boutique\",\"item\":\"https:\/\/pokelabtcg.fr\/\"},{\"@type\":\"ListItem\",\"position\":3,\"name\":\"Pok\u00e9mon Coffret Regidrago-V &#8211; Z\u00e9nith supr\u00eame EB12.5\"}]},{\"@type\":\"WebSite\",\"@id\":\"https:\/\/www.pokelabtcg.fr\/#website\",\"url\":\"https:\/\/www.pokelabtcg.fr\/\",\"name\":\"Pokelab Tcg\",\"description\":\"\",\"publisher\":{\"@id\":\"https:\/\/www.pokelabtcg.fr\/#organization\"},\"potentialAction\":[{\"@type\":\"SearchAction\",\"target\":{\"@type\":\"EntryPoint\",\"urlTemplate\":\"https:\/\/www.pokelabtcg.fr\/?s={search_term_string}\"},\"query-input\":{\"@type\":\"PropertyValueSpecification\",\"valueRequired\":true,\"valueName\":\"search_term_string\"}}],\"inLanguage\":\"fr-FR\"},{\"@type\":\"Organization\",\"@id\":\"https:\/\/www.pokelabtcg.fr\/#organization\",\"name\":\"Pokelab Tcg\",\"url\":\"https:\/\/www.pokelabtcg.fr\/\",\"logo\":{\"@type\":\"ImageObject\",\"inLanguage\":\"fr-FR\",\"@id\":\"https:\/\/www.pokelabtcg.fr\/#\/schema\/logo\/image\/\",\"url\":\"https:\/\/pokelabtcg.fr\/wp-content\/uploads\/2025\/01\/cropped-cropped-Red-Pokemon-Birthday-Ideas-for-Boyfriend-Facebook-Post-3-1.png\",\"contentUrl\":\"https:\/\/pokelabtcg.fr\/wp-content\/uploads\/2025\/01\/cropped-cropped-Red-Pokemon-Birthday-Ideas-for-Boyfriend-Facebook-Post-3-1.png\",\"width\":421,\"height\":476,\"caption\":\"Pokelab Tcg\"},\"image\":{\"@id\":\"https:\/\/www.pokelabtcg.fr\/#\/schema\/logo\/image\/\"}}]}<\/script>\n<!-- \/ Yoast SEO plugin. -->","yoast_head_json":{"title":"Coffret Pok\u00e9mon Regidrago-V \u2013 EB12.5 - Z\u00e9nith Supr\u00eame !","description":"Coffret Pok\u00e9mon Regidrago-V \u2013 Z\u00e9nith Supr\u00eame : 1 carte Jumbo, 2 cartes promo, 4 boosters et 1 carte \u00e0 code pour Pok\u00e9mon Live.","robots":{"index":"index","follow":"follow","max-snippet":"max-snippet:-1","max-image-preview":"max-image-preview:large","max-video-preview":"max-video-preview:-1"},"canonical":"https:\/\/pokelabtcg.fr\/index.php\/produit\/pokemon-coffret-regidrago-v-epee-bouclier-zenith-supreme-eb12-5\/","og_locale":"fr_FR","og_type":"article","og_title":"Coffret Pok\u00e9mon Regidrago-V \u2013 EB12.5 - Z\u00e9nith Supr\u00eame !","og_description":"Coffret Pok\u00e9mon Regidrago-V \u2013 Z\u00e9nith Supr\u00eame : 1 carte Jumbo, 2 cartes promo, 4 boosters et 1 carte \u00e0 code pour Pok\u00e9mon Live.","og_url":"https:\/\/pokelabtcg.fr\/index.php\/produit\/pokemon-coffret-regidrago-v-epee-bouclier-zenith-supreme-eb12-5\/","og_site_name":"Pokelab Tcg","article_modified_time":"2025-03-15T17:41:35+00:00","og_image":[{"width":600,"height":600,"url":"https:\/\/pokelabtcg.fr\/wp-content\/uploads\/2025\/01\/gu927375_6_1.jpg","type":"image\/jpeg"}],"twitter_card":"summary_large_image","twitter_misc":{"Dur\u00e9e de lecture estim\u00e9e":"2 minutes"},"schema":{"@context":"https:\/\/schema.org","@graph":[{"@type":"WebPage","@id":"https:\/\/pokelabtcg.fr\/index.php\/produit\/pokemon-coffret-regidrago-v-epee-bouclier-zenith-supreme-eb12-5\/","url":"https:\/\/pokelabtcg.fr\/index.php\/produit\/pokemon-coffret-regidrago-v-epee-bouclier-zenith-supreme-eb12-5\/","name":"Coffret Pok\u00e9mon Regidrago-V \u2013 EB12.5 - Z\u00e9nith Supr\u00eame !","isPartOf":{"@id":"https:\/\/www.pokelabtcg.fr\/#website"},"primaryImageOfPage":{"@id":"https:\/\/pokelabtcg.fr\/index.php\/produit\/pokemon-coffret-regidrago-v-epee-bouclier-zenith-supreme-eb12-5\/#primaryimage"},"image":{"@id":"https:\/\/pokelabtcg.fr\/index.php\/produit\/pokemon-coffret-regidrago-v-epee-bouclier-zenith-supreme-eb12-5\/#primaryimage"},"thumbnailUrl":"https:\/\/pokelabtcg.fr\/wp-content\/uploads\/2025\/01\/gu927375_6_1.jpg","datePublished":"2025-01-28T00:42:01+00:00","dateModified":"2025-03-15T17:41:35+00:00","description":"Coffret Pok\u00e9mon Regidrago-V \u2013 Z\u00e9nith Supr\u00eame : 1 carte Jumbo, 2 cartes promo, 4 boosters et 1 carte \u00e0 code pour Pok\u00e9mon Live.","breadcrumb":{"@id":"https:\/\/pokelabtcg.fr\/index.php\/produit\/pokemon-coffret-regidrago-v-epee-bouclier-zenith-supreme-eb12-5\/#breadcrumb"},"inLanguage":"fr-FR","potentialAction":[{"@type":"ReadAction","target":["https:\/\/pokelabtcg.fr\/index.php\/produit\/pokemon-coffret-regidrago-v-epee-bouclier-zenith-supreme-eb12-5\/"]}]},{"@type":"ImageObject","inLanguage":"fr-FR","@id":"https:\/\/pokelabtcg.fr\/index.php\/produit\/pokemon-coffret-regidrago-v-epee-bouclier-zenith-supreme-eb12-5\/#primaryimage","url":"https:\/\/pokelabtcg.fr\/wp-content\/uploads\/2025\/01\/gu927375_6_1.jpg","contentUrl":"https:\/\/pokelabtcg.fr\/wp-content\/uploads\/2025\/01\/gu927375_6_1.jpg","width":600,"height":600,"caption":"coffret rouge eb12.5"},{"@type":"BreadcrumbList","@id":"https:\/\/pokelabtcg.fr\/index.php\/produit\/pokemon-coffret-regidrago-v-epee-bouclier-zenith-supreme-eb12-5\/#breadcrumb","itemListElement":[{"@type":"ListItem","position":1,"name":"Accueil","item":"https:\/\/pokelabtcg.fr\/"},{"@type":"ListItem","position":2,"name":"Boutique","item":"https:\/\/pokelabtcg.fr\/"},{"@type":"ListItem","position":3,"name":"Pok\u00e9mon Coffret Regidrago-V &#8211; Z\u00e9nith supr\u00eame EB12.5"}]},{"@type":"WebSite","@id":"https:\/\/www.pokelabtcg.fr\/#website","url":"https:\/\/www.pokelabtcg.fr\/","name":"Pokelab Tcg","description":"","publisher":{"@id":"https:\/\/www.pokelabtcg.fr\/#organization"},"potentialAction":[{"@type":"SearchAction","target":{"@type":"EntryPoint","urlTemplate":"https:\/\/www.pokelabtcg.fr\/?s={search_term_string}"},"query-input":{"@type":"PropertyValueSpecification","valueRequired":true,"valueName":"search_term_string"}}],"inLanguage":"fr-FR"},{"@type":"Organization","@id":"https:\/\/www.pokelabtcg.fr\/#organization","name":"Pokelab Tcg","url":"https:\/\/www.pokelabtcg.fr\/","logo":{"@type":"ImageObject","inLanguage":"fr-FR","@id":"https:\/\/www.pokelabtcg.fr\/#\/schema\/logo\/image\/","url":"https:\/\/pokelabtcg.fr\/wp-content\/uploads\/2025\/01\/cropped-cropped-Red-Pokemon-Birthday-Ideas-for-Boyfriend-Facebook-Post-3-1.png","contentUrl":"https:\/\/pokelabtcg.fr\/wp-content\/uploads\/2025\/01\/cropped-cropped-Red-Pokemon-Birthday-Ideas-for-Boyfriend-Facebook-Post-3-1.png","width":421,"height":476,"caption":"Pokelab Tcg"},"image":{"@id":"https:\/\/www.pokelabtcg.fr\/#\/schema\/logo\/image\/"}}]}},"_links":{"self":[{"href":"https:\/\/pokelabtcg.fr\/index.php\/wp-json\/wp\/v2\/product\/84","targetHints":{"allow":["GET"]}}],"collection":[{"href":"https:\/\/pokelabtcg.fr\/index.php\/wp-json\/wp\/v2\/product"}],"about":[{"href":"https:\/\/pokelabtcg.fr\/index.php\/wp-json\/wp\/v2\/types\/product"}],"replies":[{"embeddable":true,"href":"https:\/\/pokelabtcg.fr\/index.php\/wp-json\/wp\/v2\/comments?post=84"}],"wp:featuredmedia":[{"embeddable":true,"href":"https:\/\/pokelabtcg.fr\/index.php\/wp-json\/wp\/v2\/media\/87"}],"wp:attachment":[{"href":"https:\/\/pokelabtcg.fr\/index.php\/wp-json\/wp\/v2\/media?parent=84"}],"wp:term":[{"taxonomy":"product_brand","embeddable":true,"href":"https:\/\/pokelabtcg.fr\/index.php\/wp-json\/wp\/v2\/product_brand?post=84"},{"taxonomy":"product_cat","embeddable":true,"href":"https:\/\/pokelabtcg.fr\/index.php\/wp-json\/wp\/v2\/product_cat?post=84"},{"taxonomy":"product_tag","embeddable":true,"href":"https:\/\/pokelabtcg.fr\/index.php\/wp-json\/wp\/v2\/product_tag?post=84"}],"curies":[{"name":"wp","href":"https:\/\/api.w.org\/{rel}","templated":true}]}}