{"id":81,"date":"2025-01-28T01:20:13","date_gmt":"2025-01-28T00:20:13","guid":{"rendered":"https:\/?post_type=product&#038;p=81"},"modified":"2025-03-15T18:42:28","modified_gmt":"2025-03-15T17:42:28","slug":"pokebox-pokemon-legendes-azur-dialga-ex","status":"publish","type":"product","link":"https:\/\/pokelabtcg.fr\/index.php\/produit\/pokebox-pokemon-legendes-azur-dialga-ex\/","title":{"rendered":"Pokebox &#8211; Pokemon &#8211; L\u00e9gendes Azur Dialga-ex"},"content":{"rendered":"<p><strong>Pokebox Dialga-EX : Le Ma\u00eetre du Temps<\/strong><br \/>\nMa\u00eetrisez le temps avec Dialga-EX, un Pok\u00e9mon l\u00e9gendaire en acier. Sa capacit\u00e9 \u00e0 contr\u00f4ler le rythme du jeu et \u00e0 infliger des d\u00e9g\u00e2ts massifs en fait un atout incontournable pour tout collectionneur ou joueur ambitieux.<\/p>\n<p><em><strong>Chaque bo\u00eete contient :<\/strong><\/em><\/p>\n<ul>\n<li><em><strong>1 carte promo brillante\u00a0de l\u2019un des Pok\u00e9mon-ex suivants : Kyogre-ex, Xerneas-ex ou Dialga-ex.<\/strong><\/em><\/li>\n<li><em><strong>4 boosters\u00a0du JCC Pok\u00e9mon, chacun renfermant des cartes suppl\u00e9mentaires pour renforcer votre collection.<\/strong><\/em><\/li>\n<li><em><strong>1 carte \u00e0 code\u00a0pour le JCC Pok\u00e9mon Live, permettant de d\u00e9bloquer des contenus num\u00e9riques exclusifs.<\/strong><\/em><\/li>\n<\/ul>\n","protected":false},"excerpt":{"rendered":"<p>Plongez dans l&rsquo;univers de <strong>Dialga-EX<\/strong> avec cette <strong>Pokebox<\/strong> exclusive, contenant une carte promo <strong>Dialga-EX<\/strong> et <strong>4 boosters<\/strong>(\u00c9tincelles D\u00e9ferlantes, Temp\u00eate Argent\u00e9e, Couronne Stellaire) pour booster vos decks et enrichir votre collection.<\/p>\n","protected":false},"featured_media":88,"comment_status":"open","ping_status":"closed","template":"","meta":[],"product_brand":[17],"product_cat":[18],"product_tag":[],"class_list":{"0":"post-81","1":"product","2":"type-product","3":"status-publish","4":"has-post-thumbnail","6":"product_brand-asmodee","7":"product_cat-pokebox","9":"entry","10":"has-media","12":"first","13":"instock","14":"shipping-taxable","15":"purchasable","16":"product-type-simple","17":"has-product-nav","18":"col","19":"span_1_of_3","20":"owp-content-center","21":"owp-thumbs-layout-horizontal","22":"owp-btn-normal","23":"owp-tabs-layout-horizontal","24":"has-no-thumbnails"},"yoast_head":"<!-- This site is optimized with the Yoast SEO plugin v24.4 - https:\/\/yoast.com\/wordpress\/plugins\/seo\/ -->\n<title>Pokemon Pokebox Dialga-EX \u2013 Le Ma\u00eetre du Temps !<\/title>\n<meta name=\"description\" content=\"Pokebox Dialga-EX \u2013 Carte Promo Dialga-EX avec 4 Boosters (2 boosters \u00c9tincelles D\u00e9ferlantes, 1 Temp\u00eate Argent\u00e9e et 1 Couronne Stellaire) !\" \/>\n<meta name=\"robots\" content=\"index, follow, max-snippet:-1, max-image-preview:large, max-video-preview:-1\" \/>\n<link rel=\"canonical\" href=\"https:\/\/pokelabtcg.fr\/index.php\/produit\/pokebox-pokemon-legendes-azur-dialga-ex\/\" \/>\n<meta property=\"og:locale\" content=\"fr_FR\" \/>\n<meta property=\"og:type\" content=\"article\" \/>\n<meta property=\"og:title\" content=\"Pokemon Pokebox Dialga-EX \u2013 Le Ma\u00eetre du Temps !\" \/>\n<meta property=\"og:description\" content=\"Pokebox Dialga-EX \u2013 Carte Promo Dialga-EX avec 4 Boosters (2 boosters \u00c9tincelles D\u00e9ferlantes, 1 Temp\u00eate Argent\u00e9e et 1 Couronne Stellaire) !\" \/>\n<meta property=\"og:url\" content=\"https:\/\/pokelabtcg.fr\/index.php\/produit\/pokebox-pokemon-legendes-azur-dialga-ex\/\" \/>\n<meta property=\"og:site_name\" content=\"Pokelab Tcg\" \/>\n<meta property=\"article:modified_time\" content=\"2025-03-15T17:42:28+00:00\" \/>\n<meta property=\"og:image\" content=\"https:\/\/pokelabtcg.fr\/wp-content\/uploads\/2025\/01\/pokemagic-pokemon-pokebox-legendes-azur-dialga-ex-FR.jpg.webp\" \/>\n\t<meta property=\"og:image:width\" content=\"2001\" \/>\n\t<meta property=\"og:image:height\" content=\"2001\" \/>\n\t<meta property=\"og:image:type\" content=\"image\/webp\" \/>\n<meta name=\"twitter:card\" content=\"summary_large_image\" \/>\n<meta name=\"twitter:label1\" content=\"Dur\u00e9e de lecture estim\u00e9e\" \/>\n\t<meta name=\"twitter:data1\" content=\"1 minute\" \/>\n<script type=\"application\/ld+json\" class=\"yoast-schema-graph\">{\"@context\":\"https:\/\/schema.org\",\"@graph\":[{\"@type\":\"WebPage\",\"@id\":\"https:\/\/pokelabtcg.fr\/index.php\/produit\/pokebox-pokemon-legendes-azur-dialga-ex\/\",\"url\":\"https:\/\/pokelabtcg.fr\/index.php\/produit\/pokebox-pokemon-legendes-azur-dialga-ex\/\",\"name\":\"Pokemon Pokebox Dialga-EX \u2013 Le Ma\u00eetre du Temps !\",\"isPartOf\":{\"@id\":\"https:\/\/www.pokelabtcg.fr\/#website\"},\"primaryImageOfPage\":{\"@id\":\"https:\/\/pokelabtcg.fr\/index.php\/produit\/pokebox-pokemon-legendes-azur-dialga-ex\/#primaryimage\"},\"image\":{\"@id\":\"https:\/\/pokelabtcg.fr\/index.php\/produit\/pokebox-pokemon-legendes-azur-dialga-ex\/#primaryimage\"},\"thumbnailUrl\":\"https:\/\/pokelabtcg.fr\/wp-content\/uploads\/2025\/01\/pokemagic-pokemon-pokebox-legendes-azur-dialga-ex-FR.jpg.webp\",\"datePublished\":\"2025-01-28T00:20:13+00:00\",\"dateModified\":\"2025-03-15T17:42:28+00:00\",\"description\":\"Pokebox Dialga-EX \u2013 Carte Promo Dialga-EX avec 4 Boosters (2 boosters \u00c9tincelles D\u00e9ferlantes, 1 Temp\u00eate Argent\u00e9e et 1 Couronne Stellaire) !\",\"breadcrumb\":{\"@id\":\"https:\/\/pokelabtcg.fr\/index.php\/produit\/pokebox-pokemon-legendes-azur-dialga-ex\/#breadcrumb\"},\"inLanguage\":\"fr-FR\",\"potentialAction\":[{\"@type\":\"ReadAction\",\"target\":[\"https:\/\/pokelabtcg.fr\/index.php\/produit\/pokebox-pokemon-legendes-azur-dialga-ex\/\"]}]},{\"@type\":\"ImageObject\",\"inLanguage\":\"fr-FR\",\"@id\":\"https:\/\/pokelabtcg.fr\/index.php\/produit\/pokebox-pokemon-legendes-azur-dialga-ex\/#primaryimage\",\"url\":\"https:\/\/pokelabtcg.fr\/wp-content\/uploads\/2025\/01\/pokemagic-pokemon-pokebox-legendes-azur-dialga-ex-FR.jpg.webp\",\"contentUrl\":\"https:\/\/pokelabtcg.fr\/wp-content\/uploads\/2025\/01\/pokemagic-pokemon-pokebox-legendes-azur-dialga-ex-FR.jpg.webp\",\"width\":2001,\"height\":2001},{\"@type\":\"BreadcrumbList\",\"@id\":\"https:\/\/pokelabtcg.fr\/index.php\/produit\/pokebox-pokemon-legendes-azur-dialga-ex\/#breadcrumb\",\"itemListElement\":[{\"@type\":\"ListItem\",\"position\":1,\"name\":\"Accueil\",\"item\":\"https:\/\/pokelabtcg.fr\/\"},{\"@type\":\"ListItem\",\"position\":2,\"name\":\"Boutique\",\"item\":\"https:\/\/pokelabtcg.fr\/\"},{\"@type\":\"ListItem\",\"position\":3,\"name\":\"Pokebox &#8211; Pokemon &#8211; L\u00e9gendes Azur Dialga-ex\"}]},{\"@type\":\"WebSite\",\"@id\":\"https:\/\/www.pokelabtcg.fr\/#website\",\"url\":\"https:\/\/www.pokelabtcg.fr\/\",\"name\":\"Pokelab Tcg\",\"description\":\"\",\"publisher\":{\"@id\":\"https:\/\/www.pokelabtcg.fr\/#organization\"},\"potentialAction\":[{\"@type\":\"SearchAction\",\"target\":{\"@type\":\"EntryPoint\",\"urlTemplate\":\"https:\/\/www.pokelabtcg.fr\/?s={search_term_string}\"},\"query-input\":{\"@type\":\"PropertyValueSpecification\",\"valueRequired\":true,\"valueName\":\"search_term_string\"}}],\"inLanguage\":\"fr-FR\"},{\"@type\":\"Organization\",\"@id\":\"https:\/\/www.pokelabtcg.fr\/#organization\",\"name\":\"Pokelab Tcg\",\"url\":\"https:\/\/www.pokelabtcg.fr\/\",\"logo\":{\"@type\":\"ImageObject\",\"inLanguage\":\"fr-FR\",\"@id\":\"https:\/\/www.pokelabtcg.fr\/#\/schema\/logo\/image\/\",\"url\":\"https:\/\/pokelabtcg.fr\/wp-content\/uploads\/2025\/01\/cropped-cropped-Red-Pokemon-Birthday-Ideas-for-Boyfriend-Facebook-Post-3-1.png\",\"contentUrl\":\"https:\/\/pokelabtcg.fr\/wp-content\/uploads\/2025\/01\/cropped-cropped-Red-Pokemon-Birthday-Ideas-for-Boyfriend-Facebook-Post-3-1.png\",\"width\":421,\"height\":476,\"caption\":\"Pokelab Tcg\"},\"image\":{\"@id\":\"https:\/\/www.pokelabtcg.fr\/#\/schema\/logo\/image\/\"}}]}<\/script>\n<!-- \/ Yoast SEO plugin. -->","yoast_head_json":{"title":"Pokemon Pokebox Dialga-EX \u2013 Le Ma\u00eetre du Temps !","description":"Pokebox Dialga-EX \u2013 Carte Promo Dialga-EX avec 4 Boosters (2 boosters \u00c9tincelles D\u00e9ferlantes, 1 Temp\u00eate Argent\u00e9e et 1 Couronne Stellaire) !","robots":{"index":"index","follow":"follow","max-snippet":"max-snippet:-1","max-image-preview":"max-image-preview:large","max-video-preview":"max-video-preview:-1"},"canonical":"https:\/\/pokelabtcg.fr\/index.php\/produit\/pokebox-pokemon-legendes-azur-dialga-ex\/","og_locale":"fr_FR","og_type":"article","og_title":"Pokemon Pokebox Dialga-EX \u2013 Le Ma\u00eetre du Temps !","og_description":"Pokebox Dialga-EX \u2013 Carte Promo Dialga-EX avec 4 Boosters (2 boosters \u00c9tincelles D\u00e9ferlantes, 1 Temp\u00eate Argent\u00e9e et 1 Couronne Stellaire) !","og_url":"https:\/\/pokelabtcg.fr\/index.php\/produit\/pokebox-pokemon-legendes-azur-dialga-ex\/","og_site_name":"Pokelab Tcg","article_modified_time":"2025-03-15T17:42:28+00:00","og_image":[{"width":2001,"height":2001,"url":"https:\/\/pokelabtcg.fr\/wp-content\/uploads\/2025\/01\/pokemagic-pokemon-pokebox-legendes-azur-dialga-ex-FR.jpg.webp","type":"image\/webp"}],"twitter_card":"summary_large_image","twitter_misc":{"Dur\u00e9e de lecture estim\u00e9e":"1 minute"},"schema":{"@context":"https:\/\/schema.org","@graph":[{"@type":"WebPage","@id":"https:\/\/pokelabtcg.fr\/index.php\/produit\/pokebox-pokemon-legendes-azur-dialga-ex\/","url":"https:\/\/pokelabtcg.fr\/index.php\/produit\/pokebox-pokemon-legendes-azur-dialga-ex\/","name":"Pokemon Pokebox Dialga-EX \u2013 Le Ma\u00eetre du Temps !","isPartOf":{"@id":"https:\/\/www.pokelabtcg.fr\/#website"},"primaryImageOfPage":{"@id":"https:\/\/pokelabtcg.fr\/index.php\/produit\/pokebox-pokemon-legendes-azur-dialga-ex\/#primaryimage"},"image":{"@id":"https:\/\/pokelabtcg.fr\/index.php\/produit\/pokebox-pokemon-legendes-azur-dialga-ex\/#primaryimage"},"thumbnailUrl":"https:\/\/pokelabtcg.fr\/wp-content\/uploads\/2025\/01\/pokemagic-pokemon-pokebox-legendes-azur-dialga-ex-FR.jpg.webp","datePublished":"2025-01-28T00:20:13+00:00","dateModified":"2025-03-15T17:42:28+00:00","description":"Pokebox Dialga-EX \u2013 Carte Promo Dialga-EX avec 4 Boosters (2 boosters \u00c9tincelles D\u00e9ferlantes, 1 Temp\u00eate Argent\u00e9e et 1 Couronne Stellaire) !","breadcrumb":{"@id":"https:\/\/pokelabtcg.fr\/index.php\/produit\/pokebox-pokemon-legendes-azur-dialga-ex\/#breadcrumb"},"inLanguage":"fr-FR","potentialAction":[{"@type":"ReadAction","target":["https:\/\/pokelabtcg.fr\/index.php\/produit\/pokebox-pokemon-legendes-azur-dialga-ex\/"]}]},{"@type":"ImageObject","inLanguage":"fr-FR","@id":"https:\/\/pokelabtcg.fr\/index.php\/produit\/pokebox-pokemon-legendes-azur-dialga-ex\/#primaryimage","url":"https:\/\/pokelabtcg.fr\/wp-content\/uploads\/2025\/01\/pokemagic-pokemon-pokebox-legendes-azur-dialga-ex-FR.jpg.webp","contentUrl":"https:\/\/pokelabtcg.fr\/wp-content\/uploads\/2025\/01\/pokemagic-pokemon-pokebox-legendes-azur-dialga-ex-FR.jpg.webp","width":2001,"height":2001},{"@type":"BreadcrumbList","@id":"https:\/\/pokelabtcg.fr\/index.php\/produit\/pokebox-pokemon-legendes-azur-dialga-ex\/#breadcrumb","itemListElement":[{"@type":"ListItem","position":1,"name":"Accueil","item":"https:\/\/pokelabtcg.fr\/"},{"@type":"ListItem","position":2,"name":"Boutique","item":"https:\/\/pokelabtcg.fr\/"},{"@type":"ListItem","position":3,"name":"Pokebox &#8211; Pokemon &#8211; L\u00e9gendes Azur Dialga-ex"}]},{"@type":"WebSite","@id":"https:\/\/www.pokelabtcg.fr\/#website","url":"https:\/\/www.pokelabtcg.fr\/","name":"Pokelab Tcg","description":"","publisher":{"@id":"https:\/\/www.pokelabtcg.fr\/#organization"},"potentialAction":[{"@type":"SearchAction","target":{"@type":"EntryPoint","urlTemplate":"https:\/\/www.pokelabtcg.fr\/?s={search_term_string}"},"query-input":{"@type":"PropertyValueSpecification","valueRequired":true,"valueName":"search_term_string"}}],"inLanguage":"fr-FR"},{"@type":"Organization","@id":"https:\/\/www.pokelabtcg.fr\/#organization","name":"Pokelab Tcg","url":"https:\/\/www.pokelabtcg.fr\/","logo":{"@type":"ImageObject","inLanguage":"fr-FR","@id":"https:\/\/www.pokelabtcg.fr\/#\/schema\/logo\/image\/","url":"https:\/\/pokelabtcg.fr\/wp-content\/uploads\/2025\/01\/cropped-cropped-Red-Pokemon-Birthday-Ideas-for-Boyfriend-Facebook-Post-3-1.png","contentUrl":"https:\/\/pokelabtcg.fr\/wp-content\/uploads\/2025\/01\/cropped-cropped-Red-Pokemon-Birthday-Ideas-for-Boyfriend-Facebook-Post-3-1.png","width":421,"height":476,"caption":"Pokelab Tcg"},"image":{"@id":"https:\/\/www.pokelabtcg.fr\/#\/schema\/logo\/image\/"}}]}},"_links":{"self":[{"href":"https:\/\/pokelabtcg.fr\/index.php\/wp-json\/wp\/v2\/product\/81","targetHints":{"allow":["GET"]}}],"collection":[{"href":"https:\/\/pokelabtcg.fr\/index.php\/wp-json\/wp\/v2\/product"}],"about":[{"href":"https:\/\/pokelabtcg.fr\/index.php\/wp-json\/wp\/v2\/types\/product"}],"replies":[{"embeddable":true,"href":"https:\/\/pokelabtcg.fr\/index.php\/wp-json\/wp\/v2\/comments?post=81"}],"wp:featuredmedia":[{"embeddable":true,"href":"https:\/\/pokelabtcg.fr\/index.php\/wp-json\/wp\/v2\/media\/88"}],"wp:attachment":[{"href":"https:\/\/pokelabtcg.fr\/index.php\/wp-json\/wp\/v2\/media?parent=81"}],"wp:term":[{"taxonomy":"product_brand","embeddable":true,"href":"https:\/\/pokelabtcg.fr\/index.php\/wp-json\/wp\/v2\/product_brand?post=81"},{"taxonomy":"product_cat","embeddable":true,"href":"https:\/\/pokelabtcg.fr\/index.php\/wp-json\/wp\/v2\/product_cat?post=81"},{"taxonomy":"product_tag","embeddable":true,"href":"https:\/\/pokelabtcg.fr\/index.php\/wp-json\/wp\/v2\/product_tag?post=81"}],"curies":[{"name":"wp","href":"https:\/\/api.w.org\/{rel}","templated":true}]}}