{"id":80,"date":"2025-01-28T01:10:02","date_gmt":"2025-01-28T00:10:02","guid":{"rendered":"https:\/?post_type=product&#038;p=80"},"modified":"2025-03-15T18:42:46","modified_gmt":"2025-03-15T17:42:46","slug":"pokebox-pokemon-legendes-azur-xerneas-ex","status":"publish","type":"product","link":"https:\/\/pokelabtcg.fr\/index.php\/produit\/pokebox-pokemon-legendes-azur-xerneas-ex\/","title":{"rendered":"Pokebox &#8211; Pokemon &#8211; L\u00e9gendes Azur Xerneas-ex"},"content":{"rendered":"<p><strong>Pokebox Xerneas-EX : Le Gardien de la Vie<\/strong><br \/>\nXerneas-EX incarne l\u2019\u00e9nergie f\u00e9erique et la vitalit\u00e9. Ce Pok\u00e9mon l\u00e9gendaire offre des avantages uniques pour vos strat\u00e9gies et se distingue par ses comp\u00e9tences qui renforcent votre deck et vos alliances en combat.<\/p>\n<p><em><strong>Chaque bo\u00eete contient :<\/strong><\/em><\/p>\n<ul>\n<li><em><strong>1 carte promo brillante\u00a0de l\u2019un des Pok\u00e9mon-ex suivants : Kyogre-ex, Xerneas-ex ou Dialga-ex.<\/strong><\/em><\/li>\n<li><em><strong>4 boosters\u00a0du JCC Pok\u00e9mon, chacun renfermant des cartes suppl\u00e9mentaires pour renforcer votre collection.<\/strong><\/em><\/li>\n<li><em><strong>1 carte \u00e0 code\u00a0pour le JCC Pok\u00e9mon Live, permettant de d\u00e9bloquer des contenus num\u00e9riques exclusifs.<\/strong><\/em><\/li>\n<\/ul>\n","protected":false},"excerpt":{"rendered":"<p><em><strong>Chaque bo\u00eete contient :<\/strong><\/em><\/p>\n<ul>\n<li><em><strong>1 carte promo brillante\u00a0de l\u2019un des Pok\u00e9mon-ex suivants : Kyogre-ex, Xerneas-ex ou Dialga-ex.<\/strong><\/em><\/li>\n<li><em><strong>4 boosters\u00a0du JCC Pok\u00e9mon, chacun renfermant des cartes suppl\u00e9mentaires pour renforcer votre collection.<\/strong><\/em><\/li>\n<li><em><strong>1 carte \u00e0 code\u00a0pour le JCC Pok\u00e9mon Live, permettant de d\u00e9bloquer des contenus num\u00e9riques exclusifs.<\/strong><\/em><\/li>\n<\/ul>\n","protected":false},"featured_media":89,"comment_status":"open","ping_status":"closed","template":"","meta":[],"product_brand":[17],"product_cat":[18],"product_tag":[],"class_list":{"0":"post-80","1":"product","2":"type-product","3":"status-publish","4":"has-post-thumbnail","6":"product_brand-asmodee","7":"product_cat-pokebox","9":"entry","10":"has-media","12":"first","13":"instock","14":"shipping-taxable","15":"purchasable","16":"product-type-simple","17":"has-product-nav","18":"col","19":"span_1_of_3","20":"owp-content-center","21":"owp-thumbs-layout-horizontal","22":"owp-btn-normal","23":"owp-tabs-layout-horizontal","24":"has-no-thumbnails"},"yoast_head":"<!-- This site is optimized with the Yoast SEO plugin v24.4 - https:\/\/yoast.com\/wordpress\/plugins\/seo\/ -->\n<title>Pokemon Pokebox Xerneas-EX \u2013 Le Gardien de la Vie !<\/title>\n<meta name=\"description\" content=\"Pokebox Xerneas-EX \u2013 2 Boosters \u00c9tincelles D\u00e9ferlantes, 1 Temp\u00eate Argent\u00e9e et 1 Couronne Stellaire \u00e0 d\u00e9couvrir dans cette Pok\u00e9box remplit de surprise !\" \/>\n<meta name=\"robots\" content=\"index, follow, max-snippet:-1, max-image-preview:large, max-video-preview:-1\" \/>\n<link rel=\"canonical\" href=\"https:\/\/pokelabtcg.fr\/index.php\/produit\/pokebox-pokemon-legendes-azur-xerneas-ex\/\" \/>\n<meta property=\"og:locale\" content=\"fr_FR\" \/>\n<meta property=\"og:type\" content=\"article\" \/>\n<meta property=\"og:title\" content=\"Pokemon Pokebox Xerneas-EX \u2013 Le Gardien de la Vie !\" \/>\n<meta property=\"og:description\" content=\"Pokebox Xerneas-EX \u2013 2 Boosters \u00c9tincelles D\u00e9ferlantes, 1 Temp\u00eate Argent\u00e9e et 1 Couronne Stellaire \u00e0 d\u00e9couvrir dans cette Pok\u00e9box remplit de surprise !\" \/>\n<meta property=\"og:url\" content=\"https:\/\/pokelabtcg.fr\/index.php\/produit\/pokebox-pokemon-legendes-azur-xerneas-ex\/\" \/>\n<meta property=\"og:site_name\" content=\"Pokelab Tcg\" \/>\n<meta property=\"article:modified_time\" content=\"2025-03-15T17:42:46+00:00\" \/>\n<meta property=\"og:image\" content=\"https:\/\/pokelabtcg.fr\/wp-content\/uploads\/2025\/01\/GiScZPyWUAAvU-8.jpg\" \/>\n\t<meta property=\"og:image:width\" content=\"1000\" \/>\n\t<meta property=\"og:image:height\" content=\"1000\" \/>\n\t<meta property=\"og:image:type\" content=\"image\/jpeg\" \/>\n<meta name=\"twitter:card\" content=\"summary_large_image\" \/>\n<meta name=\"twitter:label1\" content=\"Dur\u00e9e de lecture estim\u00e9e\" \/>\n\t<meta name=\"twitter:data1\" content=\"1 minute\" \/>\n<script type=\"application\/ld+json\" class=\"yoast-schema-graph\">{\"@context\":\"https:\/\/schema.org\",\"@graph\":[{\"@type\":\"WebPage\",\"@id\":\"https:\/\/pokelabtcg.fr\/index.php\/produit\/pokebox-pokemon-legendes-azur-xerneas-ex\/\",\"url\":\"https:\/\/pokelabtcg.fr\/index.php\/produit\/pokebox-pokemon-legendes-azur-xerneas-ex\/\",\"name\":\"Pokemon Pokebox Xerneas-EX \u2013 Le Gardien de la Vie !\",\"isPartOf\":{\"@id\":\"https:\/\/www.pokelabtcg.fr\/#website\"},\"primaryImageOfPage\":{\"@id\":\"https:\/\/pokelabtcg.fr\/index.php\/produit\/pokebox-pokemon-legendes-azur-xerneas-ex\/#primaryimage\"},\"image\":{\"@id\":\"https:\/\/pokelabtcg.fr\/index.php\/produit\/pokebox-pokemon-legendes-azur-xerneas-ex\/#primaryimage\"},\"thumbnailUrl\":\"https:\/\/pokelabtcg.fr\/wp-content\/uploads\/2025\/01\/GiScZPyWUAAvU-8.jpg\",\"datePublished\":\"2025-01-28T00:10:02+00:00\",\"dateModified\":\"2025-03-15T17:42:46+00:00\",\"description\":\"Pokebox Xerneas-EX \u2013 2 Boosters \u00c9tincelles D\u00e9ferlantes, 1 Temp\u00eate Argent\u00e9e et 1 Couronne Stellaire \u00e0 d\u00e9couvrir dans cette Pok\u00e9box remplit de surprise !\",\"breadcrumb\":{\"@id\":\"https:\/\/pokelabtcg.fr\/index.php\/produit\/pokebox-pokemon-legendes-azur-xerneas-ex\/#breadcrumb\"},\"inLanguage\":\"fr-FR\",\"potentialAction\":[{\"@type\":\"ReadAction\",\"target\":[\"https:\/\/pokelabtcg.fr\/index.php\/produit\/pokebox-pokemon-legendes-azur-xerneas-ex\/\"]}]},{\"@type\":\"ImageObject\",\"inLanguage\":\"fr-FR\",\"@id\":\"https:\/\/pokelabtcg.fr\/index.php\/produit\/pokebox-pokemon-legendes-azur-xerneas-ex\/#primaryimage\",\"url\":\"https:\/\/pokelabtcg.fr\/wp-content\/uploads\/2025\/01\/GiScZPyWUAAvU-8.jpg\",\"contentUrl\":\"https:\/\/pokelabtcg.fr\/wp-content\/uploads\/2025\/01\/GiScZPyWUAAvU-8.jpg\",\"width\":1000,\"height\":1000,\"caption\":\"Pokebox verte\"},{\"@type\":\"BreadcrumbList\",\"@id\":\"https:\/\/pokelabtcg.fr\/index.php\/produit\/pokebox-pokemon-legendes-azur-xerneas-ex\/#breadcrumb\",\"itemListElement\":[{\"@type\":\"ListItem\",\"position\":1,\"name\":\"Accueil\",\"item\":\"https:\/\/pokelabtcg.fr\/\"},{\"@type\":\"ListItem\",\"position\":2,\"name\":\"Boutique\",\"item\":\"https:\/\/pokelabtcg.fr\/\"},{\"@type\":\"ListItem\",\"position\":3,\"name\":\"Pokebox &#8211; Pokemon &#8211; L\u00e9gendes Azur Xerneas-ex\"}]},{\"@type\":\"WebSite\",\"@id\":\"https:\/\/www.pokelabtcg.fr\/#website\",\"url\":\"https:\/\/www.pokelabtcg.fr\/\",\"name\":\"Pokelab Tcg\",\"description\":\"\",\"publisher\":{\"@id\":\"https:\/\/www.pokelabtcg.fr\/#organization\"},\"potentialAction\":[{\"@type\":\"SearchAction\",\"target\":{\"@type\":\"EntryPoint\",\"urlTemplate\":\"https:\/\/www.pokelabtcg.fr\/?s={search_term_string}\"},\"query-input\":{\"@type\":\"PropertyValueSpecification\",\"valueRequired\":true,\"valueName\":\"search_term_string\"}}],\"inLanguage\":\"fr-FR\"},{\"@type\":\"Organization\",\"@id\":\"https:\/\/www.pokelabtcg.fr\/#organization\",\"name\":\"Pokelab Tcg\",\"url\":\"https:\/\/www.pokelabtcg.fr\/\",\"logo\":{\"@type\":\"ImageObject\",\"inLanguage\":\"fr-FR\",\"@id\":\"https:\/\/www.pokelabtcg.fr\/#\/schema\/logo\/image\/\",\"url\":\"https:\/\/pokelabtcg.fr\/wp-content\/uploads\/2025\/01\/cropped-cropped-Red-Pokemon-Birthday-Ideas-for-Boyfriend-Facebook-Post-3-1.png\",\"contentUrl\":\"https:\/\/pokelabtcg.fr\/wp-content\/uploads\/2025\/01\/cropped-cropped-Red-Pokemon-Birthday-Ideas-for-Boyfriend-Facebook-Post-3-1.png\",\"width\":421,\"height\":476,\"caption\":\"Pokelab Tcg\"},\"image\":{\"@id\":\"https:\/\/www.pokelabtcg.fr\/#\/schema\/logo\/image\/\"}}]}<\/script>\n<!-- \/ Yoast SEO plugin. -->","yoast_head_json":{"title":"Pokemon Pokebox Xerneas-EX \u2013 Le Gardien de la Vie !","description":"Pokebox Xerneas-EX \u2013 2 Boosters \u00c9tincelles D\u00e9ferlantes, 1 Temp\u00eate Argent\u00e9e et 1 Couronne Stellaire \u00e0 d\u00e9couvrir dans cette Pok\u00e9box remplit de surprise !","robots":{"index":"index","follow":"follow","max-snippet":"max-snippet:-1","max-image-preview":"max-image-preview:large","max-video-preview":"max-video-preview:-1"},"canonical":"https:\/\/pokelabtcg.fr\/index.php\/produit\/pokebox-pokemon-legendes-azur-xerneas-ex\/","og_locale":"fr_FR","og_type":"article","og_title":"Pokemon Pokebox Xerneas-EX \u2013 Le Gardien de la Vie !","og_description":"Pokebox Xerneas-EX \u2013 2 Boosters \u00c9tincelles D\u00e9ferlantes, 1 Temp\u00eate Argent\u00e9e et 1 Couronne Stellaire \u00e0 d\u00e9couvrir dans cette Pok\u00e9box remplit de surprise !","og_url":"https:\/\/pokelabtcg.fr\/index.php\/produit\/pokebox-pokemon-legendes-azur-xerneas-ex\/","og_site_name":"Pokelab Tcg","article_modified_time":"2025-03-15T17:42:46+00:00","og_image":[{"width":1000,"height":1000,"url":"https:\/\/pokelabtcg.fr\/wp-content\/uploads\/2025\/01\/GiScZPyWUAAvU-8.jpg","type":"image\/jpeg"}],"twitter_card":"summary_large_image","twitter_misc":{"Dur\u00e9e de lecture estim\u00e9e":"1 minute"},"schema":{"@context":"https:\/\/schema.org","@graph":[{"@type":"WebPage","@id":"https:\/\/pokelabtcg.fr\/index.php\/produit\/pokebox-pokemon-legendes-azur-xerneas-ex\/","url":"https:\/\/pokelabtcg.fr\/index.php\/produit\/pokebox-pokemon-legendes-azur-xerneas-ex\/","name":"Pokemon Pokebox Xerneas-EX \u2013 Le Gardien de la Vie !","isPartOf":{"@id":"https:\/\/www.pokelabtcg.fr\/#website"},"primaryImageOfPage":{"@id":"https:\/\/pokelabtcg.fr\/index.php\/produit\/pokebox-pokemon-legendes-azur-xerneas-ex\/#primaryimage"},"image":{"@id":"https:\/\/pokelabtcg.fr\/index.php\/produit\/pokebox-pokemon-legendes-azur-xerneas-ex\/#primaryimage"},"thumbnailUrl":"https:\/\/pokelabtcg.fr\/wp-content\/uploads\/2025\/01\/GiScZPyWUAAvU-8.jpg","datePublished":"2025-01-28T00:10:02+00:00","dateModified":"2025-03-15T17:42:46+00:00","description":"Pokebox Xerneas-EX \u2013 2 Boosters \u00c9tincelles D\u00e9ferlantes, 1 Temp\u00eate Argent\u00e9e et 1 Couronne Stellaire \u00e0 d\u00e9couvrir dans cette Pok\u00e9box remplit de surprise !","breadcrumb":{"@id":"https:\/\/pokelabtcg.fr\/index.php\/produit\/pokebox-pokemon-legendes-azur-xerneas-ex\/#breadcrumb"},"inLanguage":"fr-FR","potentialAction":[{"@type":"ReadAction","target":["https:\/\/pokelabtcg.fr\/index.php\/produit\/pokebox-pokemon-legendes-azur-xerneas-ex\/"]}]},{"@type":"ImageObject","inLanguage":"fr-FR","@id":"https:\/\/pokelabtcg.fr\/index.php\/produit\/pokebox-pokemon-legendes-azur-xerneas-ex\/#primaryimage","url":"https:\/\/pokelabtcg.fr\/wp-content\/uploads\/2025\/01\/GiScZPyWUAAvU-8.jpg","contentUrl":"https:\/\/pokelabtcg.fr\/wp-content\/uploads\/2025\/01\/GiScZPyWUAAvU-8.jpg","width":1000,"height":1000,"caption":"Pokebox verte"},{"@type":"BreadcrumbList","@id":"https:\/\/pokelabtcg.fr\/index.php\/produit\/pokebox-pokemon-legendes-azur-xerneas-ex\/#breadcrumb","itemListElement":[{"@type":"ListItem","position":1,"name":"Accueil","item":"https:\/\/pokelabtcg.fr\/"},{"@type":"ListItem","position":2,"name":"Boutique","item":"https:\/\/pokelabtcg.fr\/"},{"@type":"ListItem","position":3,"name":"Pokebox &#8211; Pokemon &#8211; L\u00e9gendes Azur Xerneas-ex"}]},{"@type":"WebSite","@id":"https:\/\/www.pokelabtcg.fr\/#website","url":"https:\/\/www.pokelabtcg.fr\/","name":"Pokelab Tcg","description":"","publisher":{"@id":"https:\/\/www.pokelabtcg.fr\/#organization"},"potentialAction":[{"@type":"SearchAction","target":{"@type":"EntryPoint","urlTemplate":"https:\/\/www.pokelabtcg.fr\/?s={search_term_string}"},"query-input":{"@type":"PropertyValueSpecification","valueRequired":true,"valueName":"search_term_string"}}],"inLanguage":"fr-FR"},{"@type":"Organization","@id":"https:\/\/www.pokelabtcg.fr\/#organization","name":"Pokelab Tcg","url":"https:\/\/www.pokelabtcg.fr\/","logo":{"@type":"ImageObject","inLanguage":"fr-FR","@id":"https:\/\/www.pokelabtcg.fr\/#\/schema\/logo\/image\/","url":"https:\/\/pokelabtcg.fr\/wp-content\/uploads\/2025\/01\/cropped-cropped-Red-Pokemon-Birthday-Ideas-for-Boyfriend-Facebook-Post-3-1.png","contentUrl":"https:\/\/pokelabtcg.fr\/wp-content\/uploads\/2025\/01\/cropped-cropped-Red-Pokemon-Birthday-Ideas-for-Boyfriend-Facebook-Post-3-1.png","width":421,"height":476,"caption":"Pokelab Tcg"},"image":{"@id":"https:\/\/www.pokelabtcg.fr\/#\/schema\/logo\/image\/"}}]}},"_links":{"self":[{"href":"https:\/\/pokelabtcg.fr\/index.php\/wp-json\/wp\/v2\/product\/80","targetHints":{"allow":["GET"]}}],"collection":[{"href":"https:\/\/pokelabtcg.fr\/index.php\/wp-json\/wp\/v2\/product"}],"about":[{"href":"https:\/\/pokelabtcg.fr\/index.php\/wp-json\/wp\/v2\/types\/product"}],"replies":[{"embeddable":true,"href":"https:\/\/pokelabtcg.fr\/index.php\/wp-json\/wp\/v2\/comments?post=80"}],"wp:featuredmedia":[{"embeddable":true,"href":"https:\/\/pokelabtcg.fr\/index.php\/wp-json\/wp\/v2\/media\/89"}],"wp:attachment":[{"href":"https:\/\/pokelabtcg.fr\/index.php\/wp-json\/wp\/v2\/media?parent=80"}],"wp:term":[{"taxonomy":"product_brand","embeddable":true,"href":"https:\/\/pokelabtcg.fr\/index.php\/wp-json\/wp\/v2\/product_brand?post=80"},{"taxonomy":"product_cat","embeddable":true,"href":"https:\/\/pokelabtcg.fr\/index.php\/wp-json\/wp\/v2\/product_cat?post=80"},{"taxonomy":"product_tag","embeddable":true,"href":"https:\/\/pokelabtcg.fr\/index.php\/wp-json\/wp\/v2\/product_tag?post=80"}],"curies":[{"name":"wp","href":"https:\/\/api.w.org\/{rel}","templated":true}]}}