{"id":77,"date":"2025-01-28T00:27:05","date_gmt":"2025-01-27T23:27:05","guid":{"rendered":"https:\/?post_type=product&#038;p=77"},"modified":"2025-03-15T18:43:10","modified_gmt":"2025-03-15T17:43:10","slug":"pokemon-coffret-poster-evolutions-prismatiques","status":"publish","type":"product","link":"https:\/\/pokelabtcg.fr\/index.php\/produit\/pokemon-coffret-poster-evolutions-prismatiques\/","title":{"rendered":"Pok\u00e9mon Coffret Poster \u00c9volutions Prismatiques"},"content":{"rendered":"<p>Cartes \u00ab illustration sp\u00e9ciale rare \u00bb \u00c9carlate et Violet \u2013 \u00c9volutions Prismatiques du JCC Pok\u00e9mon<br \/>\nCette nouvelle extension du JCC Pok\u00e9mon est remplie de cartes \u00ab illustration sp\u00e9ciale rare \u00bb, notamment Superdofin-ex illustr\u00e9 par l\u2019artiste de manga \u00e0 succ\u00e8s, Tetsuo Hara ainsi que des illustrations sp\u00e9ciales d\u2019\u00c9voli-ex et de ses diverses \u00c9volutions. Consultez la Galerie des cartes pour d\u00e9couvrir en d\u00e9tail ces superbes cartes.<\/p>\n<p>Contenu<br \/>\n3 cartes promo brillantes de Aquali, Pyroli et Noctali<br \/>\n1 poster \u00c9carlate et Violet \u2013 Evolutions Prismatiques<br \/>\n3 boosters \u00c9carlate et Violet \u2013 Evolutions Prismatiques du JCC Pok\u00e9mon<br \/>\n1 carte \u00e0 code pour le JCC Pok\u00e9mon Live.<\/p>\n","protected":false},"excerpt":{"rendered":"<p>Coffret Poster Pok\u00e9mon \u00c9carlate et Violet \u2013 \u00c9volutions Prismatiques avec 3 boosters, 3 cartes promo brillantes (Aquali, Pyroli, Noctali) et 1 Poster.<\/p>\n","protected":false},"featured_media":91,"comment_status":"open","ping_status":"closed","template":"","meta":[],"product_brand":[17],"product_cat":[16],"product_tag":[],"class_list":{"0":"post-77","1":"product","2":"type-product","3":"status-publish","4":"has-post-thumbnail","6":"product_brand-asmodee","7":"product_cat-coffrets","9":"entry","10":"has-media","12":"first","13":"outofstock","14":"shipping-taxable","15":"purchasable","16":"product-type-simple","17":"has-product-nav","18":"col","19":"span_1_of_3","20":"owp-content-center","21":"owp-thumbs-layout-horizontal","22":"owp-btn-normal","23":"owp-tabs-layout-horizontal","24":"has-no-thumbnails"},"yoast_head":"<!-- This site is optimized with the Yoast SEO plugin v24.4 - https:\/\/yoast.com\/wordpress\/plugins\/seo\/ -->\n<title>Pok\u00e9mon Coffret Poster \u00c9volutions Prismatiques - Pokelab Tcg<\/title>\n<meta name=\"description\" content=\"Coffret Poster Pok\u00e9mon \u00c9carlate et Violet \u2013 \u00c9volutions Prismatiques avec 3 boosters, 3 cartes promo brillantes (Aquali, Pyroli, Noctali) et 1 Poster.\" \/>\n<meta name=\"robots\" content=\"index, follow, max-snippet:-1, max-image-preview:large, max-video-preview:-1\" \/>\n<link rel=\"canonical\" href=\"https:\/\/pokelabtcg.fr\/index.php\/produit\/pokemon-coffret-poster-evolutions-prismatiques\/\" \/>\n<meta property=\"og:locale\" content=\"fr_FR\" \/>\n<meta property=\"og:type\" content=\"article\" \/>\n<meta property=\"og:title\" content=\"Pok\u00e9mon Coffret Poster \u00c9volutions Prismatiques - Pokelab Tcg\" \/>\n<meta property=\"og:description\" content=\"Coffret Poster Pok\u00e9mon \u00c9carlate et Violet \u2013 \u00c9volutions Prismatiques avec 3 boosters, 3 cartes promo brillantes (Aquali, Pyroli, Noctali) et 1 Poster.\" \/>\n<meta property=\"og:url\" content=\"https:\/\/pokelabtcg.fr\/index.php\/produit\/pokemon-coffret-poster-evolutions-prismatiques\/\" \/>\n<meta property=\"og:site_name\" content=\"Pokelab Tcg\" \/>\n<meta property=\"article:modified_time\" content=\"2025-03-15T17:43:10+00:00\" \/>\n<meta property=\"og:image\" content=\"https:\/\/pokelabtcg.fr\/wp-content\/uploads\/2025\/01\/29251.jpg\" \/>\n\t<meta property=\"og:image:width\" content=\"1000\" \/>\n\t<meta property=\"og:image:height\" content=\"1000\" \/>\n\t<meta property=\"og:image:type\" content=\"image\/jpeg\" \/>\n<meta name=\"twitter:card\" content=\"summary_large_image\" \/>\n<meta name=\"twitter:label1\" content=\"Dur\u00e9e de lecture estim\u00e9e\" \/>\n\t<meta name=\"twitter:data1\" content=\"1 minute\" \/>\n<script type=\"application\/ld+json\" class=\"yoast-schema-graph\">{\"@context\":\"https:\/\/schema.org\",\"@graph\":[{\"@type\":\"WebPage\",\"@id\":\"https:\/\/pokelabtcg.fr\/index.php\/produit\/pokemon-coffret-poster-evolutions-prismatiques\/\",\"url\":\"https:\/\/pokelabtcg.fr\/index.php\/produit\/pokemon-coffret-poster-evolutions-prismatiques\/\",\"name\":\"Pok\u00e9mon Coffret Poster \u00c9volutions Prismatiques - Pokelab Tcg\",\"isPartOf\":{\"@id\":\"https:\/\/www.pokelabtcg.fr\/#website\"},\"primaryImageOfPage\":{\"@id\":\"https:\/\/pokelabtcg.fr\/index.php\/produit\/pokemon-coffret-poster-evolutions-prismatiques\/#primaryimage\"},\"image\":{\"@id\":\"https:\/\/pokelabtcg.fr\/index.php\/produit\/pokemon-coffret-poster-evolutions-prismatiques\/#primaryimage\"},\"thumbnailUrl\":\"https:\/\/pokelabtcg.fr\/wp-content\/uploads\/2025\/01\/29251.jpg\",\"datePublished\":\"2025-01-27T23:27:05+00:00\",\"dateModified\":\"2025-03-15T17:43:10+00:00\",\"description\":\"Coffret Poster Pok\u00e9mon \u00c9carlate et Violet \u2013 \u00c9volutions Prismatiques avec 3 boosters, 3 cartes promo brillantes (Aquali, Pyroli, Noctali) et 1 Poster.\",\"breadcrumb\":{\"@id\":\"https:\/\/pokelabtcg.fr\/index.php\/produit\/pokemon-coffret-poster-evolutions-prismatiques\/#breadcrumb\"},\"inLanguage\":\"fr-FR\",\"potentialAction\":[{\"@type\":\"ReadAction\",\"target\":[\"https:\/\/pokelabtcg.fr\/index.php\/produit\/pokemon-coffret-poster-evolutions-prismatiques\/\"]}]},{\"@type\":\"ImageObject\",\"inLanguage\":\"fr-FR\",\"@id\":\"https:\/\/pokelabtcg.fr\/index.php\/produit\/pokemon-coffret-poster-evolutions-prismatiques\/#primaryimage\",\"url\":\"https:\/\/pokelabtcg.fr\/wp-content\/uploads\/2025\/01\/29251.jpg\",\"contentUrl\":\"https:\/\/pokelabtcg.fr\/wp-content\/uploads\/2025\/01\/29251.jpg\",\"width\":1000,\"height\":1000},{\"@type\":\"BreadcrumbList\",\"@id\":\"https:\/\/pokelabtcg.fr\/index.php\/produit\/pokemon-coffret-poster-evolutions-prismatiques\/#breadcrumb\",\"itemListElement\":[{\"@type\":\"ListItem\",\"position\":1,\"name\":\"Accueil\",\"item\":\"https:\/\/pokelabtcg.fr\/\"},{\"@type\":\"ListItem\",\"position\":2,\"name\":\"Boutique\",\"item\":\"https:\/\/pokelabtcg.fr\/\"},{\"@type\":\"ListItem\",\"position\":3,\"name\":\"Pok\u00e9mon Coffret Poster \u00c9volutions Prismatiques\"}]},{\"@type\":\"WebSite\",\"@id\":\"https:\/\/www.pokelabtcg.fr\/#website\",\"url\":\"https:\/\/www.pokelabtcg.fr\/\",\"name\":\"Pokelab Tcg\",\"description\":\"\",\"publisher\":{\"@id\":\"https:\/\/www.pokelabtcg.fr\/#organization\"},\"potentialAction\":[{\"@type\":\"SearchAction\",\"target\":{\"@type\":\"EntryPoint\",\"urlTemplate\":\"https:\/\/www.pokelabtcg.fr\/?s={search_term_string}\"},\"query-input\":{\"@type\":\"PropertyValueSpecification\",\"valueRequired\":true,\"valueName\":\"search_term_string\"}}],\"inLanguage\":\"fr-FR\"},{\"@type\":\"Organization\",\"@id\":\"https:\/\/www.pokelabtcg.fr\/#organization\",\"name\":\"Pokelab Tcg\",\"url\":\"https:\/\/www.pokelabtcg.fr\/\",\"logo\":{\"@type\":\"ImageObject\",\"inLanguage\":\"fr-FR\",\"@id\":\"https:\/\/www.pokelabtcg.fr\/#\/schema\/logo\/image\/\",\"url\":\"https:\/\/pokelabtcg.fr\/wp-content\/uploads\/2025\/01\/cropped-cropped-Red-Pokemon-Birthday-Ideas-for-Boyfriend-Facebook-Post-3-1.png\",\"contentUrl\":\"https:\/\/pokelabtcg.fr\/wp-content\/uploads\/2025\/01\/cropped-cropped-Red-Pokemon-Birthday-Ideas-for-Boyfriend-Facebook-Post-3-1.png\",\"width\":421,\"height\":476,\"caption\":\"Pokelab Tcg\"},\"image\":{\"@id\":\"https:\/\/www.pokelabtcg.fr\/#\/schema\/logo\/image\/\"}}]}<\/script>\n<!-- \/ Yoast SEO plugin. -->","yoast_head_json":{"title":"Pok\u00e9mon Coffret Poster \u00c9volutions Prismatiques - Pokelab Tcg","description":"Coffret Poster Pok\u00e9mon \u00c9carlate et Violet \u2013 \u00c9volutions Prismatiques avec 3 boosters, 3 cartes promo brillantes (Aquali, Pyroli, Noctali) et 1 Poster.","robots":{"index":"index","follow":"follow","max-snippet":"max-snippet:-1","max-image-preview":"max-image-preview:large","max-video-preview":"max-video-preview:-1"},"canonical":"https:\/\/pokelabtcg.fr\/index.php\/produit\/pokemon-coffret-poster-evolutions-prismatiques\/","og_locale":"fr_FR","og_type":"article","og_title":"Pok\u00e9mon Coffret Poster \u00c9volutions Prismatiques - Pokelab Tcg","og_description":"Coffret Poster Pok\u00e9mon \u00c9carlate et Violet \u2013 \u00c9volutions Prismatiques avec 3 boosters, 3 cartes promo brillantes (Aquali, Pyroli, Noctali) et 1 Poster.","og_url":"https:\/\/pokelabtcg.fr\/index.php\/produit\/pokemon-coffret-poster-evolutions-prismatiques\/","og_site_name":"Pokelab Tcg","article_modified_time":"2025-03-15T17:43:10+00:00","og_image":[{"width":1000,"height":1000,"url":"https:\/\/pokelabtcg.fr\/wp-content\/uploads\/2025\/01\/29251.jpg","type":"image\/jpeg"}],"twitter_card":"summary_large_image","twitter_misc":{"Dur\u00e9e de lecture estim\u00e9e":"1 minute"},"schema":{"@context":"https:\/\/schema.org","@graph":[{"@type":"WebPage","@id":"https:\/\/pokelabtcg.fr\/index.php\/produit\/pokemon-coffret-poster-evolutions-prismatiques\/","url":"https:\/\/pokelabtcg.fr\/index.php\/produit\/pokemon-coffret-poster-evolutions-prismatiques\/","name":"Pok\u00e9mon Coffret Poster \u00c9volutions Prismatiques - Pokelab Tcg","isPartOf":{"@id":"https:\/\/www.pokelabtcg.fr\/#website"},"primaryImageOfPage":{"@id":"https:\/\/pokelabtcg.fr\/index.php\/produit\/pokemon-coffret-poster-evolutions-prismatiques\/#primaryimage"},"image":{"@id":"https:\/\/pokelabtcg.fr\/index.php\/produit\/pokemon-coffret-poster-evolutions-prismatiques\/#primaryimage"},"thumbnailUrl":"https:\/\/pokelabtcg.fr\/wp-content\/uploads\/2025\/01\/29251.jpg","datePublished":"2025-01-27T23:27:05+00:00","dateModified":"2025-03-15T17:43:10+00:00","description":"Coffret Poster Pok\u00e9mon \u00c9carlate et Violet \u2013 \u00c9volutions Prismatiques avec 3 boosters, 3 cartes promo brillantes (Aquali, Pyroli, Noctali) et 1 Poster.","breadcrumb":{"@id":"https:\/\/pokelabtcg.fr\/index.php\/produit\/pokemon-coffret-poster-evolutions-prismatiques\/#breadcrumb"},"inLanguage":"fr-FR","potentialAction":[{"@type":"ReadAction","target":["https:\/\/pokelabtcg.fr\/index.php\/produit\/pokemon-coffret-poster-evolutions-prismatiques\/"]}]},{"@type":"ImageObject","inLanguage":"fr-FR","@id":"https:\/\/pokelabtcg.fr\/index.php\/produit\/pokemon-coffret-poster-evolutions-prismatiques\/#primaryimage","url":"https:\/\/pokelabtcg.fr\/wp-content\/uploads\/2025\/01\/29251.jpg","contentUrl":"https:\/\/pokelabtcg.fr\/wp-content\/uploads\/2025\/01\/29251.jpg","width":1000,"height":1000},{"@type":"BreadcrumbList","@id":"https:\/\/pokelabtcg.fr\/index.php\/produit\/pokemon-coffret-poster-evolutions-prismatiques\/#breadcrumb","itemListElement":[{"@type":"ListItem","position":1,"name":"Accueil","item":"https:\/\/pokelabtcg.fr\/"},{"@type":"ListItem","position":2,"name":"Boutique","item":"https:\/\/pokelabtcg.fr\/"},{"@type":"ListItem","position":3,"name":"Pok\u00e9mon Coffret Poster \u00c9volutions Prismatiques"}]},{"@type":"WebSite","@id":"https:\/\/www.pokelabtcg.fr\/#website","url":"https:\/\/www.pokelabtcg.fr\/","name":"Pokelab Tcg","description":"","publisher":{"@id":"https:\/\/www.pokelabtcg.fr\/#organization"},"potentialAction":[{"@type":"SearchAction","target":{"@type":"EntryPoint","urlTemplate":"https:\/\/www.pokelabtcg.fr\/?s={search_term_string}"},"query-input":{"@type":"PropertyValueSpecification","valueRequired":true,"valueName":"search_term_string"}}],"inLanguage":"fr-FR"},{"@type":"Organization","@id":"https:\/\/www.pokelabtcg.fr\/#organization","name":"Pokelab Tcg","url":"https:\/\/www.pokelabtcg.fr\/","logo":{"@type":"ImageObject","inLanguage":"fr-FR","@id":"https:\/\/www.pokelabtcg.fr\/#\/schema\/logo\/image\/","url":"https:\/\/pokelabtcg.fr\/wp-content\/uploads\/2025\/01\/cropped-cropped-Red-Pokemon-Birthday-Ideas-for-Boyfriend-Facebook-Post-3-1.png","contentUrl":"https:\/\/pokelabtcg.fr\/wp-content\/uploads\/2025\/01\/cropped-cropped-Red-Pokemon-Birthday-Ideas-for-Boyfriend-Facebook-Post-3-1.png","width":421,"height":476,"caption":"Pokelab Tcg"},"image":{"@id":"https:\/\/www.pokelabtcg.fr\/#\/schema\/logo\/image\/"}}]}},"_links":{"self":[{"href":"https:\/\/pokelabtcg.fr\/index.php\/wp-json\/wp\/v2\/product\/77","targetHints":{"allow":["GET"]}}],"collection":[{"href":"https:\/\/pokelabtcg.fr\/index.php\/wp-json\/wp\/v2\/product"}],"about":[{"href":"https:\/\/pokelabtcg.fr\/index.php\/wp-json\/wp\/v2\/types\/product"}],"replies":[{"embeddable":true,"href":"https:\/\/pokelabtcg.fr\/index.php\/wp-json\/wp\/v2\/comments?post=77"}],"wp:featuredmedia":[{"embeddable":true,"href":"https:\/\/pokelabtcg.fr\/index.php\/wp-json\/wp\/v2\/media\/91"}],"wp:attachment":[{"href":"https:\/\/pokelabtcg.fr\/index.php\/wp-json\/wp\/v2\/media?parent=77"}],"wp:term":[{"taxonomy":"product_brand","embeddable":true,"href":"https:\/\/pokelabtcg.fr\/index.php\/wp-json\/wp\/v2\/product_brand?post=77"},{"taxonomy":"product_cat","embeddable":true,"href":"https:\/\/pokelabtcg.fr\/index.php\/wp-json\/wp\/v2\/product_cat?post=77"},{"taxonomy":"product_tag","embeddable":true,"href":"https:\/\/pokelabtcg.fr\/index.php\/wp-json\/wp\/v2\/product_tag?post=77"}],"curies":[{"name":"wp","href":"https:\/\/api.w.org\/{rel}","templated":true}]}}