{"id":75,"date":"2025-01-28T00:11:56","date_gmt":"2025-01-27T23:11:56","guid":{"rendered":"https:\/?post_type=product&#038;p=75"},"modified":"2025-03-15T18:43:28","modified_gmt":"2025-03-15T17:43:28","slug":"pokemon-ev8-5-evolutions-prismatiques-tripack","status":"publish","type":"product","link":"https:\/\/pokelabtcg.fr\/index.php\/produit\/pokemon-ev8-5-evolutions-prismatiques-tripack\/","title":{"rendered":"Pok\u00e9mon EV8.5 &#8211; \u00c9volutions Prismatiques : Tripack"},"content":{"rendered":"<p>Le <strong>Tripack 8.5<\/strong> est une \u00e9dition exclusive du Jeu de Cartes \u00e0 Collectionner (JCC) Pok\u00e9mon, sp\u00e9cialement con\u00e7u pour les collectionneurs et les joueurs.<\/p>\n","protected":false},"excerpt":{"rendered":"<p>Le Tripack 8.5 est une \u00e9dition exclusive du Jeu de Cartes \u00e0 Collectionner (JCC) Pok\u00e9mon, sp\u00e9cialement con\u00e7u pour les collectionneurs et les joueurs.<\/p>\n","protected":false},"featured_media":93,"comment_status":"open","ping_status":"closed","template":"","meta":[],"product_brand":[17],"product_cat":[20],"product_tag":[],"class_list":{"0":"post-75","1":"product","2":"type-product","3":"status-publish","4":"has-post-thumbnail","6":"product_brand-asmodee","7":"product_cat-tripacks","9":"entry","10":"has-media","12":"first","13":"outofstock","14":"shipping-taxable","15":"purchasable","16":"product-type-simple","17":"has-product-nav","18":"col","19":"span_1_of_3","20":"owp-content-center","21":"owp-thumbs-layout-horizontal","22":"owp-btn-normal","23":"owp-tabs-layout-horizontal"},"yoast_head":"<!-- This site is optimized with the Yoast SEO plugin v24.4 - https:\/\/yoast.com\/wordpress\/plugins\/seo\/ -->\n<title>Pok\u00e9mon EV8.5 - \u00c9volutions Prismatiques : Tripack<\/title>\n<meta name=\"description\" content=\"Tripack 8.5 JCC Pok\u00e9mon \u2013 Edition exclusive pour les collectionneurs et joueurs, contenant une carte promo et 3 boosters pour enrichir votre collection.\" \/>\n<meta name=\"robots\" content=\"index, follow, max-snippet:-1, max-image-preview:large, max-video-preview:-1\" \/>\n<link rel=\"canonical\" href=\"https:\/\/pokelabtcg.fr\/index.php\/produit\/pokemon-ev8-5-evolutions-prismatiques-tripack\/\" \/>\n<meta property=\"og:locale\" content=\"fr_FR\" \/>\n<meta property=\"og:type\" content=\"article\" \/>\n<meta property=\"og:title\" content=\"Pok\u00e9mon EV8.5 - \u00c9volutions Prismatiques : Tripack\" \/>\n<meta property=\"og:description\" content=\"Tripack 8.5 JCC Pok\u00e9mon \u2013 Edition exclusive pour les collectionneurs et joueurs, contenant une carte promo et 3 boosters pour enrichir votre collection.\" \/>\n<meta property=\"og:url\" content=\"https:\/\/pokelabtcg.fr\/index.php\/produit\/pokemon-ev8-5-evolutions-prismatiques-tripack\/\" \/>\n<meta property=\"og:site_name\" content=\"Pokelab Tcg\" \/>\n<meta property=\"article:modified_time\" content=\"2025-03-15T17:43:28+00:00\" \/>\n<meta property=\"og:image\" content=\"https:\/\/pokelabtcg.fr\/wp-content\/uploads\/2025\/01\/s-l1600.jpg\" \/>\n\t<meta property=\"og:image:width\" content=\"800\" \/>\n\t<meta property=\"og:image:height\" content=\"800\" \/>\n\t<meta property=\"og:image:type\" content=\"image\/jpeg\" \/>\n<meta name=\"twitter:card\" content=\"summary_large_image\" \/>\n<meta name=\"twitter:label1\" content=\"Dur\u00e9e de lecture estim\u00e9e\" \/>\n\t<meta name=\"twitter:data1\" content=\"1 minute\" \/>\n<script type=\"application\/ld+json\" class=\"yoast-schema-graph\">{\"@context\":\"https:\/\/schema.org\",\"@graph\":[{\"@type\":\"WebPage\",\"@id\":\"https:\/\/pokelabtcg.fr\/index.php\/produit\/pokemon-ev8-5-evolutions-prismatiques-tripack\/\",\"url\":\"https:\/\/pokelabtcg.fr\/index.php\/produit\/pokemon-ev8-5-evolutions-prismatiques-tripack\/\",\"name\":\"Pok\u00e9mon EV8.5 - \u00c9volutions Prismatiques : Tripack\",\"isPartOf\":{\"@id\":\"https:\/\/www.pokelabtcg.fr\/#website\"},\"primaryImageOfPage\":{\"@id\":\"https:\/\/pokelabtcg.fr\/index.php\/produit\/pokemon-ev8-5-evolutions-prismatiques-tripack\/#primaryimage\"},\"image\":{\"@id\":\"https:\/\/pokelabtcg.fr\/index.php\/produit\/pokemon-ev8-5-evolutions-prismatiques-tripack\/#primaryimage\"},\"thumbnailUrl\":\"https:\/\/pokelabtcg.fr\/wp-content\/uploads\/2025\/01\/s-l1600.jpg\",\"datePublished\":\"2025-01-27T23:11:56+00:00\",\"dateModified\":\"2025-03-15T17:43:28+00:00\",\"description\":\"Tripack 8.5 JCC Pok\u00e9mon \u2013 Edition exclusive pour les collectionneurs et joueurs, contenant une carte promo et 3 boosters pour enrichir votre collection.\",\"breadcrumb\":{\"@id\":\"https:\/\/pokelabtcg.fr\/index.php\/produit\/pokemon-ev8-5-evolutions-prismatiques-tripack\/#breadcrumb\"},\"inLanguage\":\"fr-FR\",\"potentialAction\":[{\"@type\":\"ReadAction\",\"target\":[\"https:\/\/pokelabtcg.fr\/index.php\/produit\/pokemon-ev8-5-evolutions-prismatiques-tripack\/\"]}]},{\"@type\":\"ImageObject\",\"inLanguage\":\"fr-FR\",\"@id\":\"https:\/\/pokelabtcg.fr\/index.php\/produit\/pokemon-ev8-5-evolutions-prismatiques-tripack\/#primaryimage\",\"url\":\"https:\/\/pokelabtcg.fr\/wp-content\/uploads\/2025\/01\/s-l1600.jpg\",\"contentUrl\":\"https:\/\/pokelabtcg.fr\/wp-content\/uploads\/2025\/01\/s-l1600.jpg\",\"width\":800,\"height\":800},{\"@type\":\"BreadcrumbList\",\"@id\":\"https:\/\/pokelabtcg.fr\/index.php\/produit\/pokemon-ev8-5-evolutions-prismatiques-tripack\/#breadcrumb\",\"itemListElement\":[{\"@type\":\"ListItem\",\"position\":1,\"name\":\"Accueil\",\"item\":\"https:\/\/pokelabtcg.fr\/\"},{\"@type\":\"ListItem\",\"position\":2,\"name\":\"Boutique\",\"item\":\"https:\/\/pokelabtcg.fr\/\"},{\"@type\":\"ListItem\",\"position\":3,\"name\":\"Pok\u00e9mon EV8.5 &#8211; \u00c9volutions Prismatiques : Tripack\"}]},{\"@type\":\"WebSite\",\"@id\":\"https:\/\/www.pokelabtcg.fr\/#website\",\"url\":\"https:\/\/www.pokelabtcg.fr\/\",\"name\":\"Pokelab Tcg\",\"description\":\"\",\"publisher\":{\"@id\":\"https:\/\/www.pokelabtcg.fr\/#organization\"},\"potentialAction\":[{\"@type\":\"SearchAction\",\"target\":{\"@type\":\"EntryPoint\",\"urlTemplate\":\"https:\/\/www.pokelabtcg.fr\/?s={search_term_string}\"},\"query-input\":{\"@type\":\"PropertyValueSpecification\",\"valueRequired\":true,\"valueName\":\"search_term_string\"}}],\"inLanguage\":\"fr-FR\"},{\"@type\":\"Organization\",\"@id\":\"https:\/\/www.pokelabtcg.fr\/#organization\",\"name\":\"Pokelab Tcg\",\"url\":\"https:\/\/www.pokelabtcg.fr\/\",\"logo\":{\"@type\":\"ImageObject\",\"inLanguage\":\"fr-FR\",\"@id\":\"https:\/\/www.pokelabtcg.fr\/#\/schema\/logo\/image\/\",\"url\":\"https:\/\/pokelabtcg.fr\/wp-content\/uploads\/2025\/01\/cropped-cropped-Red-Pokemon-Birthday-Ideas-for-Boyfriend-Facebook-Post-3-1.png\",\"contentUrl\":\"https:\/\/pokelabtcg.fr\/wp-content\/uploads\/2025\/01\/cropped-cropped-Red-Pokemon-Birthday-Ideas-for-Boyfriend-Facebook-Post-3-1.png\",\"width\":421,\"height\":476,\"caption\":\"Pokelab Tcg\"},\"image\":{\"@id\":\"https:\/\/www.pokelabtcg.fr\/#\/schema\/logo\/image\/\"}}]}<\/script>\n<!-- \/ Yoast SEO plugin. -->","yoast_head_json":{"title":"Pok\u00e9mon EV8.5 - \u00c9volutions Prismatiques : Tripack","description":"Tripack 8.5 JCC Pok\u00e9mon \u2013 Edition exclusive pour les collectionneurs et joueurs, contenant une carte promo et 3 boosters pour enrichir votre collection.","robots":{"index":"index","follow":"follow","max-snippet":"max-snippet:-1","max-image-preview":"max-image-preview:large","max-video-preview":"max-video-preview:-1"},"canonical":"https:\/\/pokelabtcg.fr\/index.php\/produit\/pokemon-ev8-5-evolutions-prismatiques-tripack\/","og_locale":"fr_FR","og_type":"article","og_title":"Pok\u00e9mon EV8.5 - \u00c9volutions Prismatiques : Tripack","og_description":"Tripack 8.5 JCC Pok\u00e9mon \u2013 Edition exclusive pour les collectionneurs et joueurs, contenant une carte promo et 3 boosters pour enrichir votre collection.","og_url":"https:\/\/pokelabtcg.fr\/index.php\/produit\/pokemon-ev8-5-evolutions-prismatiques-tripack\/","og_site_name":"Pokelab Tcg","article_modified_time":"2025-03-15T17:43:28+00:00","og_image":[{"width":800,"height":800,"url":"https:\/\/pokelabtcg.fr\/wp-content\/uploads\/2025\/01\/s-l1600.jpg","type":"image\/jpeg"}],"twitter_card":"summary_large_image","twitter_misc":{"Dur\u00e9e de lecture estim\u00e9e":"1 minute"},"schema":{"@context":"https:\/\/schema.org","@graph":[{"@type":"WebPage","@id":"https:\/\/pokelabtcg.fr\/index.php\/produit\/pokemon-ev8-5-evolutions-prismatiques-tripack\/","url":"https:\/\/pokelabtcg.fr\/index.php\/produit\/pokemon-ev8-5-evolutions-prismatiques-tripack\/","name":"Pok\u00e9mon EV8.5 - \u00c9volutions Prismatiques : Tripack","isPartOf":{"@id":"https:\/\/www.pokelabtcg.fr\/#website"},"primaryImageOfPage":{"@id":"https:\/\/pokelabtcg.fr\/index.php\/produit\/pokemon-ev8-5-evolutions-prismatiques-tripack\/#primaryimage"},"image":{"@id":"https:\/\/pokelabtcg.fr\/index.php\/produit\/pokemon-ev8-5-evolutions-prismatiques-tripack\/#primaryimage"},"thumbnailUrl":"https:\/\/pokelabtcg.fr\/wp-content\/uploads\/2025\/01\/s-l1600.jpg","datePublished":"2025-01-27T23:11:56+00:00","dateModified":"2025-03-15T17:43:28+00:00","description":"Tripack 8.5 JCC Pok\u00e9mon \u2013 Edition exclusive pour les collectionneurs et joueurs, contenant une carte promo et 3 boosters pour enrichir votre collection.","breadcrumb":{"@id":"https:\/\/pokelabtcg.fr\/index.php\/produit\/pokemon-ev8-5-evolutions-prismatiques-tripack\/#breadcrumb"},"inLanguage":"fr-FR","potentialAction":[{"@type":"ReadAction","target":["https:\/\/pokelabtcg.fr\/index.php\/produit\/pokemon-ev8-5-evolutions-prismatiques-tripack\/"]}]},{"@type":"ImageObject","inLanguage":"fr-FR","@id":"https:\/\/pokelabtcg.fr\/index.php\/produit\/pokemon-ev8-5-evolutions-prismatiques-tripack\/#primaryimage","url":"https:\/\/pokelabtcg.fr\/wp-content\/uploads\/2025\/01\/s-l1600.jpg","contentUrl":"https:\/\/pokelabtcg.fr\/wp-content\/uploads\/2025\/01\/s-l1600.jpg","width":800,"height":800},{"@type":"BreadcrumbList","@id":"https:\/\/pokelabtcg.fr\/index.php\/produit\/pokemon-ev8-5-evolutions-prismatiques-tripack\/#breadcrumb","itemListElement":[{"@type":"ListItem","position":1,"name":"Accueil","item":"https:\/\/pokelabtcg.fr\/"},{"@type":"ListItem","position":2,"name":"Boutique","item":"https:\/\/pokelabtcg.fr\/"},{"@type":"ListItem","position":3,"name":"Pok\u00e9mon EV8.5 &#8211; \u00c9volutions Prismatiques : Tripack"}]},{"@type":"WebSite","@id":"https:\/\/www.pokelabtcg.fr\/#website","url":"https:\/\/www.pokelabtcg.fr\/","name":"Pokelab Tcg","description":"","publisher":{"@id":"https:\/\/www.pokelabtcg.fr\/#organization"},"potentialAction":[{"@type":"SearchAction","target":{"@type":"EntryPoint","urlTemplate":"https:\/\/www.pokelabtcg.fr\/?s={search_term_string}"},"query-input":{"@type":"PropertyValueSpecification","valueRequired":true,"valueName":"search_term_string"}}],"inLanguage":"fr-FR"},{"@type":"Organization","@id":"https:\/\/www.pokelabtcg.fr\/#organization","name":"Pokelab Tcg","url":"https:\/\/www.pokelabtcg.fr\/","logo":{"@type":"ImageObject","inLanguage":"fr-FR","@id":"https:\/\/www.pokelabtcg.fr\/#\/schema\/logo\/image\/","url":"https:\/\/pokelabtcg.fr\/wp-content\/uploads\/2025\/01\/cropped-cropped-Red-Pokemon-Birthday-Ideas-for-Boyfriend-Facebook-Post-3-1.png","contentUrl":"https:\/\/pokelabtcg.fr\/wp-content\/uploads\/2025\/01\/cropped-cropped-Red-Pokemon-Birthday-Ideas-for-Boyfriend-Facebook-Post-3-1.png","width":421,"height":476,"caption":"Pokelab Tcg"},"image":{"@id":"https:\/\/www.pokelabtcg.fr\/#\/schema\/logo\/image\/"}}]}},"_links":{"self":[{"href":"https:\/\/pokelabtcg.fr\/index.php\/wp-json\/wp\/v2\/product\/75","targetHints":{"allow":["GET"]}}],"collection":[{"href":"https:\/\/pokelabtcg.fr\/index.php\/wp-json\/wp\/v2\/product"}],"about":[{"href":"https:\/\/pokelabtcg.fr\/index.php\/wp-json\/wp\/v2\/types\/product"}],"replies":[{"embeddable":true,"href":"https:\/\/pokelabtcg.fr\/index.php\/wp-json\/wp\/v2\/comments?post=75"}],"wp:featuredmedia":[{"embeddable":true,"href":"https:\/\/pokelabtcg.fr\/index.php\/wp-json\/wp\/v2\/media\/93"}],"wp:attachment":[{"href":"https:\/\/pokelabtcg.fr\/index.php\/wp-json\/wp\/v2\/media?parent=75"}],"wp:term":[{"taxonomy":"product_brand","embeddable":true,"href":"https:\/\/pokelabtcg.fr\/index.php\/wp-json\/wp\/v2\/product_brand?post=75"},{"taxonomy":"product_cat","embeddable":true,"href":"https:\/\/pokelabtcg.fr\/index.php\/wp-json\/wp\/v2\/product_cat?post=75"},{"taxonomy":"product_tag","embeddable":true,"href":"https:\/\/pokelabtcg.fr\/index.php\/wp-json\/wp\/v2\/product_tag?post=75"}],"curies":[{"name":"wp","href":"https:\/\/api.w.org\/{rel}","templated":true}]}}