{"id":74,"date":"2025-01-27T22:22:20","date_gmt":"2025-01-27T21:22:20","guid":{"rendered":"https:\/?post_type=product&#038;p=74"},"modified":"2025-03-15T18:43:43","modified_gmt":"2025-03-15T17:43:43","slug":"pokemon-sweat-noir","status":"publish","type":"product","link":"https:\/\/pokelabtcg.fr\/index.php\/produit\/pokemon-sweat-noir\/","title":{"rendered":"Pok\u00e9mon &#8211; Sweat noir &#8211; Edition Limit\u00e9e &#8211; (2025)"},"content":{"rendered":"<p>D\u00e9couvrez le confort et le style avec ce sweatshirt pour homme, id\u00e9al pour les fans de Pok\u00e9mon.<br \/>\n&#8211; Sweatshirt noir Pok\u00e9mon<br \/>\n&#8211; Manches longues<br \/>\n&#8211; Col rond<br \/>\n&#8211; Pochette transparente au niveau du coeur afin d&rsquo;y ins\u00e9rer votre carte du JCC Pok\u00e9mon pr\u00e9f\u00e9r\u00e9e. Si elle est vide, on peut y apercevoir le dos d&rsquo;une carte<br \/>\n&#8211; Associez-le avec un pantalon d\u00e9contract\u00e9 ou un jean pour compl\u00e9ter votre look<\/p>\n<p>&nbsp;<\/p>\n<h2 class=\"pdp-info__btn js-dropdown-header active\" tabindex=\"0\" role=\"button\" aria-expanded=\"false\" aria-haspopup=\"true\" data-close-outside=\"false\">Composition et entretien<\/h2>\n<div class=\"pdp-info__content js-dropdown-menu\" role=\"menu\" aria-hidden=\"false\">\n<div id=\"pdp-composition\" class=\"pdp-info__composition\">\n<div class=\"pdp-info__overlay-inner pdp-info__composition-inner\">\n<div class=\"pdp-info__composition-materials\">\n<div class=\"pdp-info__composition\">\n<div>Mati\u00e8re principale: 70% coton 30% polyester<\/div>\n<\/div>\n<\/div>\n<div class=\"offcanvas--inner-scrolled\">\n<div class=\"pdp-info__composition-cleaning\">\n<div class=\"pdp-info__composition-cleaning__item\">Repassage moyen<\/div>\n<div class=\"pdp-info__composition-cleaning__item\">Pas de nettoyage \u00e0 sec<\/div>\n<div class=\"pdp-info__composition-cleaning__item\">Pas de s\u00e8che-linge<\/div>\n<div class=\"pdp-info__composition-cleaning__item\">Lavage \u00e0 30\u00b0C<\/div>\n<div class=\"pdp-info__composition-cleaning__item\">Chlore interdit<\/div>\n<\/div>\n<\/div>\n<\/div>\n<\/div>\n<\/div>\n","protected":false},"excerpt":{"rendered":"<p>D\u00e9couvrez le <strong>sweatshirt noir Pok\u00e9mon<\/strong> pour homme avec <strong>manches longues<\/strong> et <strong>col rond<\/strong>, parfait pour les fans. Il poss\u00e8de une <strong>pochette transparente<\/strong> au niveau du c\u0153ur pour y ins\u00e9rer votre carte <strong>JCC Pok\u00e9mon<\/strong> pr\u00e9f\u00e9r\u00e9e, ou simplement admirer le dos d\u2019une carte. Id\u00e9al \u00e0 associer avec un pantalon d\u00e9contract\u00e9 ou un jean pour un look confortable et styl\u00e9.<\/p>\n","protected":false},"featured_media":94,"comment_status":"open","ping_status":"closed","template":"","meta":[],"product_brand":[22],"product_cat":[21],"product_tag":[],"class_list":{"0":"post-74","1":"product","2":"type-product","3":"status-publish","4":"has-post-thumbnail","6":"product_brand-celio","7":"product_cat-textile","9":"entry","10":"has-media","12":"first","13":"instock","14":"sale","15":"shipping-taxable","16":"purchasable","17":"product-type-simple","18":"has-product-nav","19":"col","20":"span_1_of_3","21":"owp-content-center","22":"owp-thumbs-layout-horizontal","23":"owp-btn-normal","24":"owp-tabs-layout-horizontal","25":"has-no-thumbnails"},"yoast_head":"<!-- This site is optimized with the Yoast SEO plugin v24.4 - https:\/\/yoast.com\/wordpress\/plugins\/seo\/ -->\n<title>Sweatshirt Pok\u00e9mon Noir Homme avec Pochette pour Carte JCC<\/title>\n<meta name=\"description\" content=\"Sweatshirt Pok\u00e9mon Noir Homme avec pochette transparente pour ins\u00e9rer votre carte JCC Pok\u00e9mon. Confortable avec manches longues et col rond.\" \/>\n<meta name=\"robots\" content=\"index, follow, max-snippet:-1, max-image-preview:large, max-video-preview:-1\" \/>\n<link rel=\"canonical\" href=\"https:\/\/pokelabtcg.fr\/index.php\/produit\/pokemon-sweat-noir\/\" \/>\n<meta property=\"og:locale\" content=\"fr_FR\" \/>\n<meta property=\"og:type\" content=\"article\" \/>\n<meta property=\"og:title\" content=\"Sweatshirt Pok\u00e9mon Noir Homme avec Pochette pour Carte JCC\" \/>\n<meta property=\"og:description\" content=\"Sweatshirt Pok\u00e9mon Noir Homme avec pochette transparente pour ins\u00e9rer votre carte JCC Pok\u00e9mon. Confortable avec manches longues et col rond.\" \/>\n<meta property=\"og:url\" content=\"https:\/\/pokelabtcg.fr\/index.php\/produit\/pokemon-sweat-noir\/\" \/>\n<meta property=\"og:site_name\" content=\"Pokelab Tcg\" \/>\n<meta property=\"article:modified_time\" content=\"2025-03-15T17:43:43+00:00\" \/>\n<meta property=\"og:image\" content=\"https:\/\/pokelabtcg.fr\/wp-content\/uploads\/2025\/01\/173536-956-LJEPOKESW1_BLACK-WEB3-1-scaled.jpg\" \/>\n\t<meta property=\"og:image:width\" content=\"1992\" \/>\n\t<meta property=\"og:image:height\" content=\"2560\" \/>\n\t<meta property=\"og:image:type\" content=\"image\/jpeg\" \/>\n<meta name=\"twitter:card\" content=\"summary_large_image\" \/>\n<meta name=\"twitter:label1\" content=\"Dur\u00e9e de lecture estim\u00e9e\" \/>\n\t<meta name=\"twitter:data1\" content=\"1 minute\" \/>\n<script type=\"application\/ld+json\" class=\"yoast-schema-graph\">{\"@context\":\"https:\/\/schema.org\",\"@graph\":[{\"@type\":\"WebPage\",\"@id\":\"https:\/\/pokelabtcg.fr\/index.php\/produit\/pokemon-sweat-noir\/\",\"url\":\"https:\/\/pokelabtcg.fr\/index.php\/produit\/pokemon-sweat-noir\/\",\"name\":\"Sweatshirt Pok\u00e9mon Noir Homme avec Pochette pour Carte JCC\",\"isPartOf\":{\"@id\":\"https:\/\/www.pokelabtcg.fr\/#website\"},\"primaryImageOfPage\":{\"@id\":\"https:\/\/pokelabtcg.fr\/index.php\/produit\/pokemon-sweat-noir\/#primaryimage\"},\"image\":{\"@id\":\"https:\/\/pokelabtcg.fr\/index.php\/produit\/pokemon-sweat-noir\/#primaryimage\"},\"thumbnailUrl\":\"https:\/\/pokelabtcg.fr\/wp-content\/uploads\/2025\/01\/173536-956-LJEPOKESW1_BLACK-WEB3-1-scaled.jpg\",\"datePublished\":\"2025-01-27T21:22:20+00:00\",\"dateModified\":\"2025-03-15T17:43:43+00:00\",\"description\":\"Sweatshirt Pok\u00e9mon Noir Homme avec pochette transparente pour ins\u00e9rer votre carte JCC Pok\u00e9mon. Confortable avec manches longues et col rond.\",\"breadcrumb\":{\"@id\":\"https:\/\/pokelabtcg.fr\/index.php\/produit\/pokemon-sweat-noir\/#breadcrumb\"},\"inLanguage\":\"fr-FR\",\"potentialAction\":[{\"@type\":\"ReadAction\",\"target\":[\"https:\/\/pokelabtcg.fr\/index.php\/produit\/pokemon-sweat-noir\/\"]}]},{\"@type\":\"ImageObject\",\"inLanguage\":\"fr-FR\",\"@id\":\"https:\/\/pokelabtcg.fr\/index.php\/produit\/pokemon-sweat-noir\/#primaryimage\",\"url\":\"https:\/\/pokelabtcg.fr\/wp-content\/uploads\/2025\/01\/173536-956-LJEPOKESW1_BLACK-WEB3-1-scaled.jpg\",\"contentUrl\":\"https:\/\/pokelabtcg.fr\/wp-content\/uploads\/2025\/01\/173536-956-LJEPOKESW1_BLACK-WEB3-1-scaled.jpg\",\"width\":1992,\"height\":2560},{\"@type\":\"BreadcrumbList\",\"@id\":\"https:\/\/pokelabtcg.fr\/index.php\/produit\/pokemon-sweat-noir\/#breadcrumb\",\"itemListElement\":[{\"@type\":\"ListItem\",\"position\":1,\"name\":\"Accueil\",\"item\":\"https:\/\/pokelabtcg.fr\/\"},{\"@type\":\"ListItem\",\"position\":2,\"name\":\"Boutique\",\"item\":\"https:\/\/pokelabtcg.fr\/\"},{\"@type\":\"ListItem\",\"position\":3,\"name\":\"Pok\u00e9mon &#8211; Sweat noir &#8211; Edition Limit\u00e9e &#8211; (2025)\"}]},{\"@type\":\"WebSite\",\"@id\":\"https:\/\/www.pokelabtcg.fr\/#website\",\"url\":\"https:\/\/www.pokelabtcg.fr\/\",\"name\":\"Pokelab Tcg\",\"description\":\"\",\"publisher\":{\"@id\":\"https:\/\/www.pokelabtcg.fr\/#organization\"},\"potentialAction\":[{\"@type\":\"SearchAction\",\"target\":{\"@type\":\"EntryPoint\",\"urlTemplate\":\"https:\/\/www.pokelabtcg.fr\/?s={search_term_string}\"},\"query-input\":{\"@type\":\"PropertyValueSpecification\",\"valueRequired\":true,\"valueName\":\"search_term_string\"}}],\"inLanguage\":\"fr-FR\"},{\"@type\":\"Organization\",\"@id\":\"https:\/\/www.pokelabtcg.fr\/#organization\",\"name\":\"Pokelab Tcg\",\"url\":\"https:\/\/www.pokelabtcg.fr\/\",\"logo\":{\"@type\":\"ImageObject\",\"inLanguage\":\"fr-FR\",\"@id\":\"https:\/\/www.pokelabtcg.fr\/#\/schema\/logo\/image\/\",\"url\":\"https:\/\/pokelabtcg.fr\/wp-content\/uploads\/2025\/01\/cropped-cropped-Red-Pokemon-Birthday-Ideas-for-Boyfriend-Facebook-Post-3-1.png\",\"contentUrl\":\"https:\/\/pokelabtcg.fr\/wp-content\/uploads\/2025\/01\/cropped-cropped-Red-Pokemon-Birthday-Ideas-for-Boyfriend-Facebook-Post-3-1.png\",\"width\":421,\"height\":476,\"caption\":\"Pokelab Tcg\"},\"image\":{\"@id\":\"https:\/\/www.pokelabtcg.fr\/#\/schema\/logo\/image\/\"}}]}<\/script>\n<!-- \/ Yoast SEO plugin. -->","yoast_head_json":{"title":"Sweatshirt Pok\u00e9mon Noir Homme avec Pochette pour Carte JCC","description":"Sweatshirt Pok\u00e9mon Noir Homme avec pochette transparente pour ins\u00e9rer votre carte JCC Pok\u00e9mon. Confortable avec manches longues et col rond.","robots":{"index":"index","follow":"follow","max-snippet":"max-snippet:-1","max-image-preview":"max-image-preview:large","max-video-preview":"max-video-preview:-1"},"canonical":"https:\/\/pokelabtcg.fr\/index.php\/produit\/pokemon-sweat-noir\/","og_locale":"fr_FR","og_type":"article","og_title":"Sweatshirt Pok\u00e9mon Noir Homme avec Pochette pour Carte JCC","og_description":"Sweatshirt Pok\u00e9mon Noir Homme avec pochette transparente pour ins\u00e9rer votre carte JCC Pok\u00e9mon. Confortable avec manches longues et col rond.","og_url":"https:\/\/pokelabtcg.fr\/index.php\/produit\/pokemon-sweat-noir\/","og_site_name":"Pokelab Tcg","article_modified_time":"2025-03-15T17:43:43+00:00","og_image":[{"width":1992,"height":2560,"url":"https:\/\/pokelabtcg.fr\/wp-content\/uploads\/2025\/01\/173536-956-LJEPOKESW1_BLACK-WEB3-1-scaled.jpg","type":"image\/jpeg"}],"twitter_card":"summary_large_image","twitter_misc":{"Dur\u00e9e de lecture estim\u00e9e":"1 minute"},"schema":{"@context":"https:\/\/schema.org","@graph":[{"@type":"WebPage","@id":"https:\/\/pokelabtcg.fr\/index.php\/produit\/pokemon-sweat-noir\/","url":"https:\/\/pokelabtcg.fr\/index.php\/produit\/pokemon-sweat-noir\/","name":"Sweatshirt Pok\u00e9mon Noir Homme avec Pochette pour Carte JCC","isPartOf":{"@id":"https:\/\/www.pokelabtcg.fr\/#website"},"primaryImageOfPage":{"@id":"https:\/\/pokelabtcg.fr\/index.php\/produit\/pokemon-sweat-noir\/#primaryimage"},"image":{"@id":"https:\/\/pokelabtcg.fr\/index.php\/produit\/pokemon-sweat-noir\/#primaryimage"},"thumbnailUrl":"https:\/\/pokelabtcg.fr\/wp-content\/uploads\/2025\/01\/173536-956-LJEPOKESW1_BLACK-WEB3-1-scaled.jpg","datePublished":"2025-01-27T21:22:20+00:00","dateModified":"2025-03-15T17:43:43+00:00","description":"Sweatshirt Pok\u00e9mon Noir Homme avec pochette transparente pour ins\u00e9rer votre carte JCC Pok\u00e9mon. Confortable avec manches longues et col rond.","breadcrumb":{"@id":"https:\/\/pokelabtcg.fr\/index.php\/produit\/pokemon-sweat-noir\/#breadcrumb"},"inLanguage":"fr-FR","potentialAction":[{"@type":"ReadAction","target":["https:\/\/pokelabtcg.fr\/index.php\/produit\/pokemon-sweat-noir\/"]}]},{"@type":"ImageObject","inLanguage":"fr-FR","@id":"https:\/\/pokelabtcg.fr\/index.php\/produit\/pokemon-sweat-noir\/#primaryimage","url":"https:\/\/pokelabtcg.fr\/wp-content\/uploads\/2025\/01\/173536-956-LJEPOKESW1_BLACK-WEB3-1-scaled.jpg","contentUrl":"https:\/\/pokelabtcg.fr\/wp-content\/uploads\/2025\/01\/173536-956-LJEPOKESW1_BLACK-WEB3-1-scaled.jpg","width":1992,"height":2560},{"@type":"BreadcrumbList","@id":"https:\/\/pokelabtcg.fr\/index.php\/produit\/pokemon-sweat-noir\/#breadcrumb","itemListElement":[{"@type":"ListItem","position":1,"name":"Accueil","item":"https:\/\/pokelabtcg.fr\/"},{"@type":"ListItem","position":2,"name":"Boutique","item":"https:\/\/pokelabtcg.fr\/"},{"@type":"ListItem","position":3,"name":"Pok\u00e9mon &#8211; Sweat noir &#8211; Edition Limit\u00e9e &#8211; (2025)"}]},{"@type":"WebSite","@id":"https:\/\/www.pokelabtcg.fr\/#website","url":"https:\/\/www.pokelabtcg.fr\/","name":"Pokelab Tcg","description":"","publisher":{"@id":"https:\/\/www.pokelabtcg.fr\/#organization"},"potentialAction":[{"@type":"SearchAction","target":{"@type":"EntryPoint","urlTemplate":"https:\/\/www.pokelabtcg.fr\/?s={search_term_string}"},"query-input":{"@type":"PropertyValueSpecification","valueRequired":true,"valueName":"search_term_string"}}],"inLanguage":"fr-FR"},{"@type":"Organization","@id":"https:\/\/www.pokelabtcg.fr\/#organization","name":"Pokelab Tcg","url":"https:\/\/www.pokelabtcg.fr\/","logo":{"@type":"ImageObject","inLanguage":"fr-FR","@id":"https:\/\/www.pokelabtcg.fr\/#\/schema\/logo\/image\/","url":"https:\/\/pokelabtcg.fr\/wp-content\/uploads\/2025\/01\/cropped-cropped-Red-Pokemon-Birthday-Ideas-for-Boyfriend-Facebook-Post-3-1.png","contentUrl":"https:\/\/pokelabtcg.fr\/wp-content\/uploads\/2025\/01\/cropped-cropped-Red-Pokemon-Birthday-Ideas-for-Boyfriend-Facebook-Post-3-1.png","width":421,"height":476,"caption":"Pokelab Tcg"},"image":{"@id":"https:\/\/www.pokelabtcg.fr\/#\/schema\/logo\/image\/"}}]}},"_links":{"self":[{"href":"https:\/\/pokelabtcg.fr\/index.php\/wp-json\/wp\/v2\/product\/74","targetHints":{"allow":["GET"]}}],"collection":[{"href":"https:\/\/pokelabtcg.fr\/index.php\/wp-json\/wp\/v2\/product"}],"about":[{"href":"https:\/\/pokelabtcg.fr\/index.php\/wp-json\/wp\/v2\/types\/product"}],"replies":[{"embeddable":true,"href":"https:\/\/pokelabtcg.fr\/index.php\/wp-json\/wp\/v2\/comments?post=74"}],"wp:featuredmedia":[{"embeddable":true,"href":"https:\/\/pokelabtcg.fr\/index.php\/wp-json\/wp\/v2\/media\/94"}],"wp:attachment":[{"href":"https:\/\/pokelabtcg.fr\/index.php\/wp-json\/wp\/v2\/media?parent=74"}],"wp:term":[{"taxonomy":"product_brand","embeddable":true,"href":"https:\/\/pokelabtcg.fr\/index.php\/wp-json\/wp\/v2\/product_brand?post=74"},{"taxonomy":"product_cat","embeddable":true,"href":"https:\/\/pokelabtcg.fr\/index.php\/wp-json\/wp\/v2\/product_cat?post=74"},{"taxonomy":"product_tag","embeddable":true,"href":"https:\/\/pokelabtcg.fr\/index.php\/wp-json\/wp\/v2\/product_tag?post=74"}],"curies":[{"name":"wp","href":"https:\/\/api.w.org\/{rel}","templated":true}]}}