{"id":71,"date":"2025-01-27T22:02:44","date_gmt":"2025-01-27T21:02:44","guid":{"rendered":"https:\/?post_type=product&#038;p=71"},"modified":"2025-02-02T12:40:58","modified_gmt":"2025-02-02T11:40:58","slug":"pokemon-duopack-astre-radieux-sulfura-artikodin-electhor","status":"publish","type":"product","link":"https:\/\/pokelabtcg.fr\/index.php\/produit\/pokemon-duopack-astre-radieux-sulfura-artikodin-electhor\/","title":{"rendered":"Duopack &#8211; Astre Radieux &#8211; Sulfura, Artikodin, Electhor"},"content":{"rendered":"<p><strong>Duopack Pok\u00e9mon Astre Radieux<\/strong> avec <strong>Sulfura, Artikodin et Electhor<\/strong>. Ce pack contient des cartes sp\u00e9ciales de ces c\u00e9l\u00e8bres oiseaux, parfait pour enrichir votre collection et renforcer vos strat\u00e9gies de jeu !<\/p>\n","protected":false},"excerpt":{"rendered":"<p>Le <strong>Duopack Astre Radieux<\/strong> contient des cartes sp\u00e9ciales de <strong>Sulfura, Artikodin et Electhor<\/strong>, parfaites pour enrichir votre collection. Id\u00e9al pour les joueurs qui souhaitent ajouter ces oiseaux l\u00e9gendaires \u00e0 leurs decks et strat\u00e9gies Pok\u00e9mon !<\/p>\n","protected":false},"featured_media":97,"comment_status":"open","ping_status":"closed","template":"","meta":[],"product_brand":[17],"product_cat":[23],"product_tag":[],"class_list":{"0":"post-71","1":"product","2":"type-product","3":"status-publish","4":"has-post-thumbnail","6":"product_brand-asmodee","7":"product_cat-duopacks","9":"entry","10":"has-media","12":"first","13":"instock","14":"shipping-taxable","15":"purchasable","16":"product-type-simple","17":"has-product-nav","18":"col","19":"span_1_of_3","20":"owp-content-center","21":"owp-thumbs-layout-horizontal","22":"owp-btn-normal","23":"owp-tabs-layout-horizontal","24":"has-no-thumbnails"},"yoast_head":"<!-- This site is optimized with the Yoast SEO plugin v24.4 - https:\/\/yoast.com\/wordpress\/plugins\/seo\/ -->\n<title>Duopack - Astre Radieux - Sulfura, Artikodin, Electhor - Pokelab Tcg<\/title>\n<meta name=\"description\" content=\"Duopack Astre Radieux \u2013 Cartes Sp\u00e9ciales Sulfura, Artikodin et Electhor \u00e0 Collectionner, Jouer et Ajouter \u00e0 Vos Decks Pok\u00e9mon\" \/>\n<meta name=\"robots\" content=\"index, follow, max-snippet:-1, max-image-preview:large, max-video-preview:-1\" \/>\n<link rel=\"canonical\" href=\"https:\/\/pokelabtcg.fr\/index.php\/produit\/pokemon-duopack-astre-radieux-sulfura-artikodin-electhor\/\" \/>\n<meta property=\"og:locale\" content=\"fr_FR\" \/>\n<meta property=\"og:type\" content=\"article\" \/>\n<meta property=\"og:title\" content=\"Duopack - Astre Radieux - Sulfura, Artikodin, Electhor - Pokelab Tcg\" \/>\n<meta property=\"og:description\" content=\"Duopack Astre Radieux \u2013 Cartes Sp\u00e9ciales Sulfura, Artikodin et Electhor \u00e0 Collectionner, Jouer et Ajouter \u00e0 Vos Decks Pok\u00e9mon\" \/>\n<meta property=\"og:url\" content=\"https:\/\/pokelabtcg.fr\/index.php\/produit\/pokemon-duopack-astre-radieux-sulfura-artikodin-electhor\/\" \/>\n<meta property=\"og:site_name\" content=\"Pokelab Tcg\" \/>\n<meta property=\"article:modified_time\" content=\"2025-02-02T11:40:58+00:00\" \/>\n<meta property=\"og:image\" content=\"https:\/\/pokelabtcg.fr\/wp-content\/uploads\/2025\/01\/duopack-octobre-2022-2-boosters-eb10-astres-radieux-pokemon-fr-476383_1080x.jpg\" \/>\n\t<meta property=\"og:image:width\" content=\"800\" \/>\n\t<meta property=\"og:image:height\" content=\"800\" \/>\n\t<meta property=\"og:image:type\" content=\"image\/jpeg\" \/>\n<meta name=\"twitter:card\" content=\"summary_large_image\" \/>\n<meta name=\"twitter:label1\" content=\"Dur\u00e9e de lecture estim\u00e9e\" \/>\n\t<meta name=\"twitter:data1\" content=\"1 minute\" \/>\n<script type=\"application\/ld+json\" class=\"yoast-schema-graph\">{\"@context\":\"https:\/\/schema.org\",\"@graph\":[{\"@type\":\"WebPage\",\"@id\":\"https:\/\/pokelabtcg.fr\/index.php\/produit\/pokemon-duopack-astre-radieux-sulfura-artikodin-electhor\/\",\"url\":\"https:\/\/pokelabtcg.fr\/index.php\/produit\/pokemon-duopack-astre-radieux-sulfura-artikodin-electhor\/\",\"name\":\"Duopack - Astre Radieux - Sulfura, Artikodin, Electhor - Pokelab Tcg\",\"isPartOf\":{\"@id\":\"https:\/\/www.pokelabtcg.fr\/#website\"},\"primaryImageOfPage\":{\"@id\":\"https:\/\/pokelabtcg.fr\/index.php\/produit\/pokemon-duopack-astre-radieux-sulfura-artikodin-electhor\/#primaryimage\"},\"image\":{\"@id\":\"https:\/\/pokelabtcg.fr\/index.php\/produit\/pokemon-duopack-astre-radieux-sulfura-artikodin-electhor\/#primaryimage\"},\"thumbnailUrl\":\"https:\/\/pokelabtcg.fr\/wp-content\/uploads\/2025\/01\/duopack-octobre-2022-2-boosters-eb10-astres-radieux-pokemon-fr-476383_1080x.jpg\",\"datePublished\":\"2025-01-27T21:02:44+00:00\",\"dateModified\":\"2025-02-02T11:40:58+00:00\",\"description\":\"Duopack Astre Radieux \u2013 Cartes Sp\u00e9ciales Sulfura, Artikodin et Electhor \u00e0 Collectionner, Jouer et Ajouter \u00e0 Vos Decks Pok\u00e9mon\",\"breadcrumb\":{\"@id\":\"https:\/\/pokelabtcg.fr\/index.php\/produit\/pokemon-duopack-astre-radieux-sulfura-artikodin-electhor\/#breadcrumb\"},\"inLanguage\":\"fr-FR\",\"potentialAction\":[{\"@type\":\"ReadAction\",\"target\":[\"https:\/\/pokelabtcg.fr\/index.php\/produit\/pokemon-duopack-astre-radieux-sulfura-artikodin-electhor\/\"]}]},{\"@type\":\"ImageObject\",\"inLanguage\":\"fr-FR\",\"@id\":\"https:\/\/pokelabtcg.fr\/index.php\/produit\/pokemon-duopack-astre-radieux-sulfura-artikodin-electhor\/#primaryimage\",\"url\":\"https:\/\/pokelabtcg.fr\/wp-content\/uploads\/2025\/01\/duopack-octobre-2022-2-boosters-eb10-astres-radieux-pokemon-fr-476383_1080x.jpg\",\"contentUrl\":\"https:\/\/pokelabtcg.fr\/wp-content\/uploads\/2025\/01\/duopack-octobre-2022-2-boosters-eb10-astres-radieux-pokemon-fr-476383_1080x.jpg\",\"width\":800,\"height\":800},{\"@type\":\"BreadcrumbList\",\"@id\":\"https:\/\/pokelabtcg.fr\/index.php\/produit\/pokemon-duopack-astre-radieux-sulfura-artikodin-electhor\/#breadcrumb\",\"itemListElement\":[{\"@type\":\"ListItem\",\"position\":1,\"name\":\"Accueil\",\"item\":\"https:\/\/pokelabtcg.fr\/\"},{\"@type\":\"ListItem\",\"position\":2,\"name\":\"Boutique\",\"item\":\"https:\/\/pokelabtcg.fr\/\"},{\"@type\":\"ListItem\",\"position\":3,\"name\":\"Duopack &#8211; Astre Radieux &#8211; Sulfura, Artikodin, Electhor\"}]},{\"@type\":\"WebSite\",\"@id\":\"https:\/\/www.pokelabtcg.fr\/#website\",\"url\":\"https:\/\/www.pokelabtcg.fr\/\",\"name\":\"Pokelab Tcg\",\"description\":\"\",\"publisher\":{\"@id\":\"https:\/\/www.pokelabtcg.fr\/#organization\"},\"potentialAction\":[{\"@type\":\"SearchAction\",\"target\":{\"@type\":\"EntryPoint\",\"urlTemplate\":\"https:\/\/www.pokelabtcg.fr\/?s={search_term_string}\"},\"query-input\":{\"@type\":\"PropertyValueSpecification\",\"valueRequired\":true,\"valueName\":\"search_term_string\"}}],\"inLanguage\":\"fr-FR\"},{\"@type\":\"Organization\",\"@id\":\"https:\/\/www.pokelabtcg.fr\/#organization\",\"name\":\"Pokelab Tcg\",\"url\":\"https:\/\/www.pokelabtcg.fr\/\",\"logo\":{\"@type\":\"ImageObject\",\"inLanguage\":\"fr-FR\",\"@id\":\"https:\/\/www.pokelabtcg.fr\/#\/schema\/logo\/image\/\",\"url\":\"https:\/\/pokelabtcg.fr\/wp-content\/uploads\/2025\/01\/cropped-cropped-Red-Pokemon-Birthday-Ideas-for-Boyfriend-Facebook-Post-3-1.png\",\"contentUrl\":\"https:\/\/pokelabtcg.fr\/wp-content\/uploads\/2025\/01\/cropped-cropped-Red-Pokemon-Birthday-Ideas-for-Boyfriend-Facebook-Post-3-1.png\",\"width\":421,\"height\":476,\"caption\":\"Pokelab Tcg\"},\"image\":{\"@id\":\"https:\/\/www.pokelabtcg.fr\/#\/schema\/logo\/image\/\"}}]}<\/script>\n<!-- \/ Yoast SEO plugin. -->","yoast_head_json":{"title":"Duopack - Astre Radieux - Sulfura, Artikodin, Electhor - Pokelab Tcg","description":"Duopack Astre Radieux \u2013 Cartes Sp\u00e9ciales Sulfura, Artikodin et Electhor \u00e0 Collectionner, Jouer et Ajouter \u00e0 Vos Decks Pok\u00e9mon","robots":{"index":"index","follow":"follow","max-snippet":"max-snippet:-1","max-image-preview":"max-image-preview:large","max-video-preview":"max-video-preview:-1"},"canonical":"https:\/\/pokelabtcg.fr\/index.php\/produit\/pokemon-duopack-astre-radieux-sulfura-artikodin-electhor\/","og_locale":"fr_FR","og_type":"article","og_title":"Duopack - Astre Radieux - Sulfura, Artikodin, Electhor - Pokelab Tcg","og_description":"Duopack Astre Radieux \u2013 Cartes Sp\u00e9ciales Sulfura, Artikodin et Electhor \u00e0 Collectionner, Jouer et Ajouter \u00e0 Vos Decks Pok\u00e9mon","og_url":"https:\/\/pokelabtcg.fr\/index.php\/produit\/pokemon-duopack-astre-radieux-sulfura-artikodin-electhor\/","og_site_name":"Pokelab Tcg","article_modified_time":"2025-02-02T11:40:58+00:00","og_image":[{"width":800,"height":800,"url":"https:\/\/pokelabtcg.fr\/wp-content\/uploads\/2025\/01\/duopack-octobre-2022-2-boosters-eb10-astres-radieux-pokemon-fr-476383_1080x.jpg","type":"image\/jpeg"}],"twitter_card":"summary_large_image","twitter_misc":{"Dur\u00e9e de lecture estim\u00e9e":"1 minute"},"schema":{"@context":"https:\/\/schema.org","@graph":[{"@type":"WebPage","@id":"https:\/\/pokelabtcg.fr\/index.php\/produit\/pokemon-duopack-astre-radieux-sulfura-artikodin-electhor\/","url":"https:\/\/pokelabtcg.fr\/index.php\/produit\/pokemon-duopack-astre-radieux-sulfura-artikodin-electhor\/","name":"Duopack - Astre Radieux - Sulfura, Artikodin, Electhor - Pokelab Tcg","isPartOf":{"@id":"https:\/\/www.pokelabtcg.fr\/#website"},"primaryImageOfPage":{"@id":"https:\/\/pokelabtcg.fr\/index.php\/produit\/pokemon-duopack-astre-radieux-sulfura-artikodin-electhor\/#primaryimage"},"image":{"@id":"https:\/\/pokelabtcg.fr\/index.php\/produit\/pokemon-duopack-astre-radieux-sulfura-artikodin-electhor\/#primaryimage"},"thumbnailUrl":"https:\/\/pokelabtcg.fr\/wp-content\/uploads\/2025\/01\/duopack-octobre-2022-2-boosters-eb10-astres-radieux-pokemon-fr-476383_1080x.jpg","datePublished":"2025-01-27T21:02:44+00:00","dateModified":"2025-02-02T11:40:58+00:00","description":"Duopack Astre Radieux \u2013 Cartes Sp\u00e9ciales Sulfura, Artikodin et Electhor \u00e0 Collectionner, Jouer et Ajouter \u00e0 Vos Decks Pok\u00e9mon","breadcrumb":{"@id":"https:\/\/pokelabtcg.fr\/index.php\/produit\/pokemon-duopack-astre-radieux-sulfura-artikodin-electhor\/#breadcrumb"},"inLanguage":"fr-FR","potentialAction":[{"@type":"ReadAction","target":["https:\/\/pokelabtcg.fr\/index.php\/produit\/pokemon-duopack-astre-radieux-sulfura-artikodin-electhor\/"]}]},{"@type":"ImageObject","inLanguage":"fr-FR","@id":"https:\/\/pokelabtcg.fr\/index.php\/produit\/pokemon-duopack-astre-radieux-sulfura-artikodin-electhor\/#primaryimage","url":"https:\/\/pokelabtcg.fr\/wp-content\/uploads\/2025\/01\/duopack-octobre-2022-2-boosters-eb10-astres-radieux-pokemon-fr-476383_1080x.jpg","contentUrl":"https:\/\/pokelabtcg.fr\/wp-content\/uploads\/2025\/01\/duopack-octobre-2022-2-boosters-eb10-astres-radieux-pokemon-fr-476383_1080x.jpg","width":800,"height":800},{"@type":"BreadcrumbList","@id":"https:\/\/pokelabtcg.fr\/index.php\/produit\/pokemon-duopack-astre-radieux-sulfura-artikodin-electhor\/#breadcrumb","itemListElement":[{"@type":"ListItem","position":1,"name":"Accueil","item":"https:\/\/pokelabtcg.fr\/"},{"@type":"ListItem","position":2,"name":"Boutique","item":"https:\/\/pokelabtcg.fr\/"},{"@type":"ListItem","position":3,"name":"Duopack &#8211; Astre Radieux &#8211; Sulfura, Artikodin, Electhor"}]},{"@type":"WebSite","@id":"https:\/\/www.pokelabtcg.fr\/#website","url":"https:\/\/www.pokelabtcg.fr\/","name":"Pokelab Tcg","description":"","publisher":{"@id":"https:\/\/www.pokelabtcg.fr\/#organization"},"potentialAction":[{"@type":"SearchAction","target":{"@type":"EntryPoint","urlTemplate":"https:\/\/www.pokelabtcg.fr\/?s={search_term_string}"},"query-input":{"@type":"PropertyValueSpecification","valueRequired":true,"valueName":"search_term_string"}}],"inLanguage":"fr-FR"},{"@type":"Organization","@id":"https:\/\/www.pokelabtcg.fr\/#organization","name":"Pokelab Tcg","url":"https:\/\/www.pokelabtcg.fr\/","logo":{"@type":"ImageObject","inLanguage":"fr-FR","@id":"https:\/\/www.pokelabtcg.fr\/#\/schema\/logo\/image\/","url":"https:\/\/pokelabtcg.fr\/wp-content\/uploads\/2025\/01\/cropped-cropped-Red-Pokemon-Birthday-Ideas-for-Boyfriend-Facebook-Post-3-1.png","contentUrl":"https:\/\/pokelabtcg.fr\/wp-content\/uploads\/2025\/01\/cropped-cropped-Red-Pokemon-Birthday-Ideas-for-Boyfriend-Facebook-Post-3-1.png","width":421,"height":476,"caption":"Pokelab Tcg"},"image":{"@id":"https:\/\/www.pokelabtcg.fr\/#\/schema\/logo\/image\/"}}]}},"_links":{"self":[{"href":"https:\/\/pokelabtcg.fr\/index.php\/wp-json\/wp\/v2\/product\/71","targetHints":{"allow":["GET"]}}],"collection":[{"href":"https:\/\/pokelabtcg.fr\/index.php\/wp-json\/wp\/v2\/product"}],"about":[{"href":"https:\/\/pokelabtcg.fr\/index.php\/wp-json\/wp\/v2\/types\/product"}],"replies":[{"embeddable":true,"href":"https:\/\/pokelabtcg.fr\/index.php\/wp-json\/wp\/v2\/comments?post=71"}],"wp:featuredmedia":[{"embeddable":true,"href":"https:\/\/pokelabtcg.fr\/index.php\/wp-json\/wp\/v2\/media\/97"}],"wp:attachment":[{"href":"https:\/\/pokelabtcg.fr\/index.php\/wp-json\/wp\/v2\/media?parent=71"}],"wp:term":[{"taxonomy":"product_brand","embeddable":true,"href":"https:\/\/pokelabtcg.fr\/index.php\/wp-json\/wp\/v2\/product_brand?post=71"},{"taxonomy":"product_cat","embeddable":true,"href":"https:\/\/pokelabtcg.fr\/index.php\/wp-json\/wp\/v2\/product_cat?post=71"},{"taxonomy":"product_tag","embeddable":true,"href":"https:\/\/pokelabtcg.fr\/index.php\/wp-json\/wp\/v2\/product_tag?post=71"}],"curies":[{"name":"wp","href":"https:\/\/api.w.org\/{rel}","templated":true}]}}