{"id":70,"date":"2025-01-27T20:56:00","date_gmt":"2025-01-27T19:56:00","guid":{"rendered":"https:\/?post_type=product&#038;p=70"},"modified":"2025-03-15T18:44:25","modified_gmt":"2025-03-15T17:44:25","slug":"duo-pack-pohmarmotte-janvier-2024","status":"publish","type":"product","link":"https:\/\/pokelabtcg.fr\/index.php\/produit\/duo-pack-pohmarmotte-janvier-2024\/","title":{"rendered":"Pokemon &#8211; Duo Pack Pohmarmotte (Janvier 2024)"},"content":{"rendered":"<p><strong>Duopack Pok\u00e9mon avec 2 boosters<\/strong> (Star \u00c9tincelante + \u00c9carlate\/Violet), <strong>1 carte promo Pohmarmotte<\/strong> et <strong>1 jeton<\/strong>. Parfait pour enrichir votre collection et am\u00e9liorer vos decks \u00e0 un prix imbattable !<\/p>\n","protected":false},"excerpt":{"rendered":"<h3><strong>Duopack Carte Promo Pohmarmotte \u2013 2 Boosters + Carte Promo<\/strong><\/h3>\n<p>Ce <strong>duopack Pok\u00e9mon<\/strong> est un excellent moyen d\u2019enrichir votre collection tout en b\u00e9n\u00e9ficiant d\u2019un prix imbattable ! Il comprend :<\/p>\n<ul>\n<li><strong>2 boosters<\/strong> : 1 booster <strong>Star \u00c9tincelante<\/strong> et 1 booster <strong>\u00c9carlate et Violet<\/strong>, offrant une large vari\u00e9t\u00e9 de cartes pour compl\u00e9ter vos decks et d\u00e9couvrir de nouvelles strat\u00e9gies.<\/li>\n<li><strong>1 carte promo Pohmarmotte<\/strong> : une carte exclusive \u00e0 ajouter \u00e0 votre collection, parfaite pour les fans et les collectionneurs.<\/li>\n<li><strong>1 jeton Pok\u00e9mon<\/strong> : un accessoire indispensable pour vos parties de JCC Pok\u00e9mon.<\/li>\n<\/ul>\n","protected":false},"featured_media":98,"comment_status":"open","ping_status":"closed","template":"","meta":[],"product_brand":[17],"product_cat":[23],"product_tag":[],"class_list":{"0":"post-70","1":"product","2":"type-product","3":"status-publish","4":"has-post-thumbnail","6":"product_brand-asmodee","7":"product_cat-duopacks","9":"entry","10":"has-media","12":"first","13":"instock","14":"sale","15":"shipping-taxable","16":"purchasable","17":"product-type-simple","18":"has-product-nav","19":"col","20":"span_1_of_3","21":"owp-content-center","22":"owp-thumbs-layout-horizontal","23":"owp-btn-normal","24":"owp-tabs-layout-horizontal","25":"has-no-thumbnails"},"yoast_head":"<!-- This site is optimized with the Yoast SEO plugin v24.4 - https:\/\/yoast.com\/wordpress\/plugins\/seo\/ -->\n<title>Duopack Star Etincelante + Ecarlalate et Violet + Carte Promo !<\/title>\n<meta name=\"description\" content=\"2 boosters (Star \u00c9tincelante + \u00c9carlate\/Violet), carte promo Pohmarmotte et jeton, \u00e0 un prix imbattable pour enrichir votre collection Pok\u00e9mon !\" \/>\n<meta name=\"robots\" content=\"index, follow, max-snippet:-1, max-image-preview:large, max-video-preview:-1\" \/>\n<link rel=\"canonical\" href=\"https:\/\/pokelabtcg.fr\/index.php\/produit\/duo-pack-pohmarmotte-janvier-2024\/\" \/>\n<meta property=\"og:locale\" content=\"fr_FR\" \/>\n<meta property=\"og:type\" content=\"article\" \/>\n<meta property=\"og:title\" content=\"Duopack Star Etincelante + Ecarlalate et Violet + Carte Promo !\" \/>\n<meta property=\"og:description\" content=\"2 boosters (Star \u00c9tincelante + \u00c9carlate\/Violet), carte promo Pohmarmotte et jeton, \u00e0 un prix imbattable pour enrichir votre collection Pok\u00e9mon !\" \/>\n<meta property=\"og:url\" content=\"https:\/\/pokelabtcg.fr\/index.php\/produit\/duo-pack-pohmarmotte-janvier-2024\/\" \/>\n<meta property=\"og:site_name\" content=\"Pokelab Tcg\" \/>\n<meta property=\"article:modified_time\" content=\"2025-03-15T17:44:25+00:00\" \/>\n<meta property=\"og:image\" content=\"https:\/\/pokelabtcg.fr\/wp-content\/uploads\/2025\/01\/Pokemon-JCC-Pack-Boosters-Janvier-2024.jpg\" \/>\n\t<meta property=\"og:image:width\" content=\"1280\" \/>\n\t<meta property=\"og:image:height\" content=\"720\" \/>\n\t<meta property=\"og:image:type\" content=\"image\/jpeg\" \/>\n<meta name=\"twitter:card\" content=\"summary_large_image\" \/>\n<meta name=\"twitter:label1\" content=\"Dur\u00e9e de lecture estim\u00e9e\" \/>\n\t<meta name=\"twitter:data1\" content=\"1 minute\" \/>\n<script type=\"application\/ld+json\" class=\"yoast-schema-graph\">{\"@context\":\"https:\/\/schema.org\",\"@graph\":[{\"@type\":\"WebPage\",\"@id\":\"https:\/\/pokelabtcg.fr\/index.php\/produit\/duo-pack-pohmarmotte-janvier-2024\/\",\"url\":\"https:\/\/pokelabtcg.fr\/index.php\/produit\/duo-pack-pohmarmotte-janvier-2024\/\",\"name\":\"Duopack Star Etincelante + Ecarlalate et Violet + Carte Promo !\",\"isPartOf\":{\"@id\":\"https:\/\/www.pokelabtcg.fr\/#website\"},\"primaryImageOfPage\":{\"@id\":\"https:\/\/pokelabtcg.fr\/index.php\/produit\/duo-pack-pohmarmotte-janvier-2024\/#primaryimage\"},\"image\":{\"@id\":\"https:\/\/pokelabtcg.fr\/index.php\/produit\/duo-pack-pohmarmotte-janvier-2024\/#primaryimage\"},\"thumbnailUrl\":\"https:\/\/pokelabtcg.fr\/wp-content\/uploads\/2025\/01\/Pokemon-JCC-Pack-Boosters-Janvier-2024.jpg\",\"datePublished\":\"2025-01-27T19:56:00+00:00\",\"dateModified\":\"2025-03-15T17:44:25+00:00\",\"description\":\"2 boosters (Star \u00c9tincelante + \u00c9carlate\/Violet), carte promo Pohmarmotte et jeton, \u00e0 un prix imbattable pour enrichir votre collection Pok\u00e9mon !\",\"breadcrumb\":{\"@id\":\"https:\/\/pokelabtcg.fr\/index.php\/produit\/duo-pack-pohmarmotte-janvier-2024\/#breadcrumb\"},\"inLanguage\":\"fr-FR\",\"potentialAction\":[{\"@type\":\"ReadAction\",\"target\":[\"https:\/\/pokelabtcg.fr\/index.php\/produit\/duo-pack-pohmarmotte-janvier-2024\/\"]}]},{\"@type\":\"ImageObject\",\"inLanguage\":\"fr-FR\",\"@id\":\"https:\/\/pokelabtcg.fr\/index.php\/produit\/duo-pack-pohmarmotte-janvier-2024\/#primaryimage\",\"url\":\"https:\/\/pokelabtcg.fr\/wp-content\/uploads\/2025\/01\/Pokemon-JCC-Pack-Boosters-Janvier-2024.jpg\",\"contentUrl\":\"https:\/\/pokelabtcg.fr\/wp-content\/uploads\/2025\/01\/Pokemon-JCC-Pack-Boosters-Janvier-2024.jpg\",\"width\":1280,\"height\":720},{\"@type\":\"BreadcrumbList\",\"@id\":\"https:\/\/pokelabtcg.fr\/index.php\/produit\/duo-pack-pohmarmotte-janvier-2024\/#breadcrumb\",\"itemListElement\":[{\"@type\":\"ListItem\",\"position\":1,\"name\":\"Accueil\",\"item\":\"https:\/\/pokelabtcg.fr\/\"},{\"@type\":\"ListItem\",\"position\":2,\"name\":\"Boutique\",\"item\":\"https:\/\/pokelabtcg.fr\/\"},{\"@type\":\"ListItem\",\"position\":3,\"name\":\"Pokemon &#8211; Duo Pack Pohmarmotte (Janvier 2024)\"}]},{\"@type\":\"WebSite\",\"@id\":\"https:\/\/www.pokelabtcg.fr\/#website\",\"url\":\"https:\/\/www.pokelabtcg.fr\/\",\"name\":\"Pokelab Tcg\",\"description\":\"\",\"publisher\":{\"@id\":\"https:\/\/www.pokelabtcg.fr\/#organization\"},\"potentialAction\":[{\"@type\":\"SearchAction\",\"target\":{\"@type\":\"EntryPoint\",\"urlTemplate\":\"https:\/\/www.pokelabtcg.fr\/?s={search_term_string}\"},\"query-input\":{\"@type\":\"PropertyValueSpecification\",\"valueRequired\":true,\"valueName\":\"search_term_string\"}}],\"inLanguage\":\"fr-FR\"},{\"@type\":\"Organization\",\"@id\":\"https:\/\/www.pokelabtcg.fr\/#organization\",\"name\":\"Pokelab Tcg\",\"url\":\"https:\/\/www.pokelabtcg.fr\/\",\"logo\":{\"@type\":\"ImageObject\",\"inLanguage\":\"fr-FR\",\"@id\":\"https:\/\/www.pokelabtcg.fr\/#\/schema\/logo\/image\/\",\"url\":\"https:\/\/pokelabtcg.fr\/wp-content\/uploads\/2025\/01\/cropped-cropped-Red-Pokemon-Birthday-Ideas-for-Boyfriend-Facebook-Post-3-1.png\",\"contentUrl\":\"https:\/\/pokelabtcg.fr\/wp-content\/uploads\/2025\/01\/cropped-cropped-Red-Pokemon-Birthday-Ideas-for-Boyfriend-Facebook-Post-3-1.png\",\"width\":421,\"height\":476,\"caption\":\"Pokelab Tcg\"},\"image\":{\"@id\":\"https:\/\/www.pokelabtcg.fr\/#\/schema\/logo\/image\/\"}}]}<\/script>\n<!-- \/ Yoast SEO plugin. -->","yoast_head_json":{"title":"Duopack Star Etincelante + Ecarlalate et Violet + Carte Promo !","description":"2 boosters (Star \u00c9tincelante + \u00c9carlate\/Violet), carte promo Pohmarmotte et jeton, \u00e0 un prix imbattable pour enrichir votre collection Pok\u00e9mon !","robots":{"index":"index","follow":"follow","max-snippet":"max-snippet:-1","max-image-preview":"max-image-preview:large","max-video-preview":"max-video-preview:-1"},"canonical":"https:\/\/pokelabtcg.fr\/index.php\/produit\/duo-pack-pohmarmotte-janvier-2024\/","og_locale":"fr_FR","og_type":"article","og_title":"Duopack Star Etincelante + Ecarlalate et Violet + Carte Promo !","og_description":"2 boosters (Star \u00c9tincelante + \u00c9carlate\/Violet), carte promo Pohmarmotte et jeton, \u00e0 un prix imbattable pour enrichir votre collection Pok\u00e9mon !","og_url":"https:\/\/pokelabtcg.fr\/index.php\/produit\/duo-pack-pohmarmotte-janvier-2024\/","og_site_name":"Pokelab Tcg","article_modified_time":"2025-03-15T17:44:25+00:00","og_image":[{"width":1280,"height":720,"url":"https:\/\/pokelabtcg.fr\/wp-content\/uploads\/2025\/01\/Pokemon-JCC-Pack-Boosters-Janvier-2024.jpg","type":"image\/jpeg"}],"twitter_card":"summary_large_image","twitter_misc":{"Dur\u00e9e de lecture estim\u00e9e":"1 minute"},"schema":{"@context":"https:\/\/schema.org","@graph":[{"@type":"WebPage","@id":"https:\/\/pokelabtcg.fr\/index.php\/produit\/duo-pack-pohmarmotte-janvier-2024\/","url":"https:\/\/pokelabtcg.fr\/index.php\/produit\/duo-pack-pohmarmotte-janvier-2024\/","name":"Duopack Star Etincelante + Ecarlalate et Violet + Carte Promo !","isPartOf":{"@id":"https:\/\/www.pokelabtcg.fr\/#website"},"primaryImageOfPage":{"@id":"https:\/\/pokelabtcg.fr\/index.php\/produit\/duo-pack-pohmarmotte-janvier-2024\/#primaryimage"},"image":{"@id":"https:\/\/pokelabtcg.fr\/index.php\/produit\/duo-pack-pohmarmotte-janvier-2024\/#primaryimage"},"thumbnailUrl":"https:\/\/pokelabtcg.fr\/wp-content\/uploads\/2025\/01\/Pokemon-JCC-Pack-Boosters-Janvier-2024.jpg","datePublished":"2025-01-27T19:56:00+00:00","dateModified":"2025-03-15T17:44:25+00:00","description":"2 boosters (Star \u00c9tincelante + \u00c9carlate\/Violet), carte promo Pohmarmotte et jeton, \u00e0 un prix imbattable pour enrichir votre collection Pok\u00e9mon !","breadcrumb":{"@id":"https:\/\/pokelabtcg.fr\/index.php\/produit\/duo-pack-pohmarmotte-janvier-2024\/#breadcrumb"},"inLanguage":"fr-FR","potentialAction":[{"@type":"ReadAction","target":["https:\/\/pokelabtcg.fr\/index.php\/produit\/duo-pack-pohmarmotte-janvier-2024\/"]}]},{"@type":"ImageObject","inLanguage":"fr-FR","@id":"https:\/\/pokelabtcg.fr\/index.php\/produit\/duo-pack-pohmarmotte-janvier-2024\/#primaryimage","url":"https:\/\/pokelabtcg.fr\/wp-content\/uploads\/2025\/01\/Pokemon-JCC-Pack-Boosters-Janvier-2024.jpg","contentUrl":"https:\/\/pokelabtcg.fr\/wp-content\/uploads\/2025\/01\/Pokemon-JCC-Pack-Boosters-Janvier-2024.jpg","width":1280,"height":720},{"@type":"BreadcrumbList","@id":"https:\/\/pokelabtcg.fr\/index.php\/produit\/duo-pack-pohmarmotte-janvier-2024\/#breadcrumb","itemListElement":[{"@type":"ListItem","position":1,"name":"Accueil","item":"https:\/\/pokelabtcg.fr\/"},{"@type":"ListItem","position":2,"name":"Boutique","item":"https:\/\/pokelabtcg.fr\/"},{"@type":"ListItem","position":3,"name":"Pokemon &#8211; Duo Pack Pohmarmotte (Janvier 2024)"}]},{"@type":"WebSite","@id":"https:\/\/www.pokelabtcg.fr\/#website","url":"https:\/\/www.pokelabtcg.fr\/","name":"Pokelab Tcg","description":"","publisher":{"@id":"https:\/\/www.pokelabtcg.fr\/#organization"},"potentialAction":[{"@type":"SearchAction","target":{"@type":"EntryPoint","urlTemplate":"https:\/\/www.pokelabtcg.fr\/?s={search_term_string}"},"query-input":{"@type":"PropertyValueSpecification","valueRequired":true,"valueName":"search_term_string"}}],"inLanguage":"fr-FR"},{"@type":"Organization","@id":"https:\/\/www.pokelabtcg.fr\/#organization","name":"Pokelab Tcg","url":"https:\/\/www.pokelabtcg.fr\/","logo":{"@type":"ImageObject","inLanguage":"fr-FR","@id":"https:\/\/www.pokelabtcg.fr\/#\/schema\/logo\/image\/","url":"https:\/\/pokelabtcg.fr\/wp-content\/uploads\/2025\/01\/cropped-cropped-Red-Pokemon-Birthday-Ideas-for-Boyfriend-Facebook-Post-3-1.png","contentUrl":"https:\/\/pokelabtcg.fr\/wp-content\/uploads\/2025\/01\/cropped-cropped-Red-Pokemon-Birthday-Ideas-for-Boyfriend-Facebook-Post-3-1.png","width":421,"height":476,"caption":"Pokelab Tcg"},"image":{"@id":"https:\/\/www.pokelabtcg.fr\/#\/schema\/logo\/image\/"}}]}},"_links":{"self":[{"href":"https:\/\/pokelabtcg.fr\/index.php\/wp-json\/wp\/v2\/product\/70","targetHints":{"allow":["GET"]}}],"collection":[{"href":"https:\/\/pokelabtcg.fr\/index.php\/wp-json\/wp\/v2\/product"}],"about":[{"href":"https:\/\/pokelabtcg.fr\/index.php\/wp-json\/wp\/v2\/types\/product"}],"replies":[{"embeddable":true,"href":"https:\/\/pokelabtcg.fr\/index.php\/wp-json\/wp\/v2\/comments?post=70"}],"wp:featuredmedia":[{"embeddable":true,"href":"https:\/\/pokelabtcg.fr\/index.php\/wp-json\/wp\/v2\/media\/98"}],"wp:attachment":[{"href":"https:\/\/pokelabtcg.fr\/index.php\/wp-json\/wp\/v2\/media?parent=70"}],"wp:term":[{"taxonomy":"product_brand","embeddable":true,"href":"https:\/\/pokelabtcg.fr\/index.php\/wp-json\/wp\/v2\/product_brand?post=70"},{"taxonomy":"product_cat","embeddable":true,"href":"https:\/\/pokelabtcg.fr\/index.php\/wp-json\/wp\/v2\/product_cat?post=70"},{"taxonomy":"product_tag","embeddable":true,"href":"https:\/\/pokelabtcg.fr\/index.php\/wp-json\/wp\/v2\/product_tag?post=70"}],"curies":[{"name":"wp","href":"https:\/\/api.w.org\/{rel}","templated":true}]}}