{"id":69,"date":"2025-01-27T18:26:33","date_gmt":"2025-01-27T17:26:33","guid":{"rendered":"https:\/?post_type=product&#038;p=69"},"modified":"2025-03-15T18:44:55","modified_gmt":"2025-03-15T17:44:55","slug":"display","status":"publish","type":"product","link":"https:\/\/pokelabtcg.fr\/index.php\/produit\/display\/","title":{"rendered":"Display &#8211; Eb03 &#8211; T\u00e9n\u00e8bres Embras\u00e9es &#8211; 18 Boosters &#8211; (EN)"},"content":{"rendered":"<dl class=\"f-productProperties__item f-productProperties__item--long \">\n<dd class=\"f-productProperties__definition\">Ce JCC \u00e9p\u00e9e et bouclier au th\u00e8me Darkness Ablaze \u00e9voquent les t\u00e9n\u00e8bres et les forces myst\u00e9rieuses des aventures. Les boosters incluent diverses cartes : Pok\u00e9mon, Entra\u00eeneur, \u00c9nergie et Cartes Sp\u00e9ciales, chacune avec des propri\u00e9t\u00e9s uniques pour enrichir les strat\u00e9gies de jeu. Chaque ensemble de cartes, permet aux joueurs et collectionneurs d&rsquo;\u00e9largir leurs collections et d&rsquo;am\u00e9liorer leurs decks.<\/dd>\n<\/dl>\n<dl class=\"f-productProperties__item f-productProperties__item--long \">\n<dt class=\"f-productProperties__term\">Point fort 1<\/dt>\n<dd class=\"f-productProperties__definition\">Les boosters incluent diverses cartes, dont Pok\u00e9mon, Entra\u00eeneur, \u00c9nergie et Cartes Sp\u00e9ciales, chacune avec des propri\u00e9t\u00e9s uniques pour enrichir les strat\u00e9gies de jeu<\/dd>\n<\/dl>\n<dl class=\"f-productProperties__item f-productProperties__item--long \">\n<dt class=\"f-productProperties__term\">Point fort 2<\/dt>\n<dd class=\"f-productProperties__definition\">Chaque carte a sa propre raret\u00e9, ce qui rend certaines cartes plus pr\u00e9cieuses pour les collectionneurs<\/dd>\n<\/dl>\n<dl class=\"f-productProperties__item\">\n<dt class=\"f-productProperties__term\">Point fort 3<\/dt>\n<dd class=\"f-productProperties__definition\">Ce jeu de cartes aux t\u00e9n\u00e8bres embrass\u00e9es permet aux joueurs d&rsquo;am\u00e9liorer leurs decks<\/dd>\n<\/dl>\n","protected":false},"excerpt":{"rendered":"<p>Ce JCC \u00e9p\u00e9e et bouclier au th\u00e8me Darkness Ablaze \u00e9voquent les t\u00e9n\u00e8bres et les forces myst\u00e9rieuses des aventures. Les boosters incluent diverses cartes : Pok\u00e9mon, Entra\u00eeneur, \u00c9nergie et Cartes Sp\u00e9ciales, chacune avec des propri\u00e9t\u00e9s uniques pour enrichir les strat\u00e9gies de jeu. Chaque ensemble de cartes, permet aux joueurs et collectionneurs d&rsquo;\u00e9largir leurs collections et d&rsquo;am\u00e9liorer [&hellip;]<\/p>\n","protected":false},"featured_media":99,"comment_status":"open","ping_status":"closed","template":"","meta":[],"product_brand":[17],"product_cat":[24],"product_tag":[],"class_list":{"0":"post-69","1":"product","2":"type-product","3":"status-publish","4":"has-post-thumbnail","6":"product_brand-asmodee","7":"product_cat-display","9":"entry","10":"has-media","12":"first","13":"instock","14":"sale","15":"shipping-taxable","16":"purchasable","17":"product-type-simple","18":"has-product-nav","19":"col","20":"span_1_of_3","21":"owp-content-center","22":"owp-thumbs-layout-horizontal","23":"owp-btn-normal","24":"owp-tabs-layout-horizontal","25":"has-no-thumbnails"},"yoast_head":"<!-- This site is optimized with the Yoast SEO plugin v24.4 - https:\/\/yoast.com\/wordpress\/plugins\/seo\/ -->\n<title>Pok\u00e9mon - EB03 - Darkness Ablaze \u2013 Display de 18 Boosters<\/title>\n<meta name=\"description\" content=\"Display de 18 boosters Darkness Ablaze, avec des cartes Pok\u00e9mon, Entra\u00eeneur, \u00c9nergie et Sp\u00e9ciales pour booster vos strat\u00e9gies et enrichir vos collections.\" \/>\n<meta name=\"robots\" content=\"index, follow, max-snippet:-1, max-image-preview:large, max-video-preview:-1\" \/>\n<link rel=\"canonical\" href=\"https:\/\/pokelabtcg.fr\/index.php\/produit\/display\/\" \/>\n<meta property=\"og:locale\" content=\"fr_FR\" \/>\n<meta property=\"og:type\" content=\"article\" \/>\n<meta property=\"og:title\" content=\"Pok\u00e9mon - EB03 - Darkness Ablaze \u2013 Display de 18 Boosters\" \/>\n<meta property=\"og:description\" content=\"Display de 18 boosters Darkness Ablaze, avec des cartes Pok\u00e9mon, Entra\u00eeneur, \u00c9nergie et Sp\u00e9ciales pour booster vos strat\u00e9gies et enrichir vos collections.\" \/>\n<meta property=\"og:url\" content=\"https:\/\/pokelabtcg.fr\/index.php\/produit\/display\/\" \/>\n<meta property=\"og:site_name\" content=\"Pokelab Tcg\" \/>\n<meta property=\"article:modified_time\" content=\"2025-03-15T17:44:55+00:00\" \/>\n<meta property=\"og:image\" content=\"https:\/\/pokelabtcg.fr\/wp-content\/uploads\/2025\/01\/51d7ujP7u9L._AC_.jpg\" \/>\n\t<meta property=\"og:image:width\" content=\"348\" \/>\n\t<meta property=\"og:image:height\" content=\"480\" \/>\n\t<meta property=\"og:image:type\" content=\"image\/jpeg\" \/>\n<meta name=\"twitter:card\" content=\"summary_large_image\" \/>\n<meta name=\"twitter:label1\" content=\"Dur\u00e9e de lecture estim\u00e9e\" \/>\n\t<meta name=\"twitter:data1\" content=\"1 minute\" \/>\n<script type=\"application\/ld+json\" class=\"yoast-schema-graph\">{\"@context\":\"https:\/\/schema.org\",\"@graph\":[{\"@type\":\"WebPage\",\"@id\":\"https:\/\/pokelabtcg.fr\/index.php\/produit\/display\/\",\"url\":\"https:\/\/pokelabtcg.fr\/index.php\/produit\/display\/\",\"name\":\"Pok\u00e9mon - EB03 - Darkness Ablaze \u2013 Display de 18 Boosters\",\"isPartOf\":{\"@id\":\"https:\/\/www.pokelabtcg.fr\/#website\"},\"primaryImageOfPage\":{\"@id\":\"https:\/\/pokelabtcg.fr\/index.php\/produit\/display\/#primaryimage\"},\"image\":{\"@id\":\"https:\/\/pokelabtcg.fr\/index.php\/produit\/display\/#primaryimage\"},\"thumbnailUrl\":\"https:\/\/pokelabtcg.fr\/wp-content\/uploads\/2025\/01\/51d7ujP7u9L._AC_.jpg\",\"datePublished\":\"2025-01-27T17:26:33+00:00\",\"dateModified\":\"2025-03-15T17:44:55+00:00\",\"description\":\"Display de 18 boosters Darkness Ablaze, avec des cartes Pok\u00e9mon, Entra\u00eeneur, \u00c9nergie et Sp\u00e9ciales pour booster vos strat\u00e9gies et enrichir vos collections.\",\"breadcrumb\":{\"@id\":\"https:\/\/pokelabtcg.fr\/index.php\/produit\/display\/#breadcrumb\"},\"inLanguage\":\"fr-FR\",\"potentialAction\":[{\"@type\":\"ReadAction\",\"target\":[\"https:\/\/pokelabtcg.fr\/index.php\/produit\/display\/\"]}]},{\"@type\":\"ImageObject\",\"inLanguage\":\"fr-FR\",\"@id\":\"https:\/\/pokelabtcg.fr\/index.php\/produit\/display\/#primaryimage\",\"url\":\"https:\/\/pokelabtcg.fr\/wp-content\/uploads\/2025\/01\/51d7ujP7u9L._AC_.jpg\",\"contentUrl\":\"https:\/\/pokelabtcg.fr\/wp-content\/uploads\/2025\/01\/51d7ujP7u9L._AC_.jpg\",\"width\":348,\"height\":480},{\"@type\":\"BreadcrumbList\",\"@id\":\"https:\/\/pokelabtcg.fr\/index.php\/produit\/display\/#breadcrumb\",\"itemListElement\":[{\"@type\":\"ListItem\",\"position\":1,\"name\":\"Accueil\",\"item\":\"https:\/\/pokelabtcg.fr\/\"},{\"@type\":\"ListItem\",\"position\":2,\"name\":\"Boutique\",\"item\":\"https:\/\/pokelabtcg.fr\/\"},{\"@type\":\"ListItem\",\"position\":3,\"name\":\"Display &#8211; Eb03 &#8211; T\u00e9n\u00e8bres Embras\u00e9es &#8211; 18 Boosters &#8211; (EN)\"}]},{\"@type\":\"WebSite\",\"@id\":\"https:\/\/www.pokelabtcg.fr\/#website\",\"url\":\"https:\/\/www.pokelabtcg.fr\/\",\"name\":\"Pokelab Tcg\",\"description\":\"\",\"publisher\":{\"@id\":\"https:\/\/www.pokelabtcg.fr\/#organization\"},\"potentialAction\":[{\"@type\":\"SearchAction\",\"target\":{\"@type\":\"EntryPoint\",\"urlTemplate\":\"https:\/\/www.pokelabtcg.fr\/?s={search_term_string}\"},\"query-input\":{\"@type\":\"PropertyValueSpecification\",\"valueRequired\":true,\"valueName\":\"search_term_string\"}}],\"inLanguage\":\"fr-FR\"},{\"@type\":\"Organization\",\"@id\":\"https:\/\/www.pokelabtcg.fr\/#organization\",\"name\":\"Pokelab Tcg\",\"url\":\"https:\/\/www.pokelabtcg.fr\/\",\"logo\":{\"@type\":\"ImageObject\",\"inLanguage\":\"fr-FR\",\"@id\":\"https:\/\/www.pokelabtcg.fr\/#\/schema\/logo\/image\/\",\"url\":\"https:\/\/pokelabtcg.fr\/wp-content\/uploads\/2025\/01\/cropped-cropped-Red-Pokemon-Birthday-Ideas-for-Boyfriend-Facebook-Post-3-1.png\",\"contentUrl\":\"https:\/\/pokelabtcg.fr\/wp-content\/uploads\/2025\/01\/cropped-cropped-Red-Pokemon-Birthday-Ideas-for-Boyfriend-Facebook-Post-3-1.png\",\"width\":421,\"height\":476,\"caption\":\"Pokelab Tcg\"},\"image\":{\"@id\":\"https:\/\/www.pokelabtcg.fr\/#\/schema\/logo\/image\/\"}}]}<\/script>\n<!-- \/ Yoast SEO plugin. -->","yoast_head_json":{"title":"Pok\u00e9mon - EB03 - Darkness Ablaze \u2013 Display de 18 Boosters","description":"Display de 18 boosters Darkness Ablaze, avec des cartes Pok\u00e9mon, Entra\u00eeneur, \u00c9nergie et Sp\u00e9ciales pour booster vos strat\u00e9gies et enrichir vos collections.","robots":{"index":"index","follow":"follow","max-snippet":"max-snippet:-1","max-image-preview":"max-image-preview:large","max-video-preview":"max-video-preview:-1"},"canonical":"https:\/\/pokelabtcg.fr\/index.php\/produit\/display\/","og_locale":"fr_FR","og_type":"article","og_title":"Pok\u00e9mon - EB03 - Darkness Ablaze \u2013 Display de 18 Boosters","og_description":"Display de 18 boosters Darkness Ablaze, avec des cartes Pok\u00e9mon, Entra\u00eeneur, \u00c9nergie et Sp\u00e9ciales pour booster vos strat\u00e9gies et enrichir vos collections.","og_url":"https:\/\/pokelabtcg.fr\/index.php\/produit\/display\/","og_site_name":"Pokelab Tcg","article_modified_time":"2025-03-15T17:44:55+00:00","og_image":[{"width":348,"height":480,"url":"https:\/\/pokelabtcg.fr\/wp-content\/uploads\/2025\/01\/51d7ujP7u9L._AC_.jpg","type":"image\/jpeg"}],"twitter_card":"summary_large_image","twitter_misc":{"Dur\u00e9e de lecture estim\u00e9e":"1 minute"},"schema":{"@context":"https:\/\/schema.org","@graph":[{"@type":"WebPage","@id":"https:\/\/pokelabtcg.fr\/index.php\/produit\/display\/","url":"https:\/\/pokelabtcg.fr\/index.php\/produit\/display\/","name":"Pok\u00e9mon - EB03 - Darkness Ablaze \u2013 Display de 18 Boosters","isPartOf":{"@id":"https:\/\/www.pokelabtcg.fr\/#website"},"primaryImageOfPage":{"@id":"https:\/\/pokelabtcg.fr\/index.php\/produit\/display\/#primaryimage"},"image":{"@id":"https:\/\/pokelabtcg.fr\/index.php\/produit\/display\/#primaryimage"},"thumbnailUrl":"https:\/\/pokelabtcg.fr\/wp-content\/uploads\/2025\/01\/51d7ujP7u9L._AC_.jpg","datePublished":"2025-01-27T17:26:33+00:00","dateModified":"2025-03-15T17:44:55+00:00","description":"Display de 18 boosters Darkness Ablaze, avec des cartes Pok\u00e9mon, Entra\u00eeneur, \u00c9nergie et Sp\u00e9ciales pour booster vos strat\u00e9gies et enrichir vos collections.","breadcrumb":{"@id":"https:\/\/pokelabtcg.fr\/index.php\/produit\/display\/#breadcrumb"},"inLanguage":"fr-FR","potentialAction":[{"@type":"ReadAction","target":["https:\/\/pokelabtcg.fr\/index.php\/produit\/display\/"]}]},{"@type":"ImageObject","inLanguage":"fr-FR","@id":"https:\/\/pokelabtcg.fr\/index.php\/produit\/display\/#primaryimage","url":"https:\/\/pokelabtcg.fr\/wp-content\/uploads\/2025\/01\/51d7ujP7u9L._AC_.jpg","contentUrl":"https:\/\/pokelabtcg.fr\/wp-content\/uploads\/2025\/01\/51d7ujP7u9L._AC_.jpg","width":348,"height":480},{"@type":"BreadcrumbList","@id":"https:\/\/pokelabtcg.fr\/index.php\/produit\/display\/#breadcrumb","itemListElement":[{"@type":"ListItem","position":1,"name":"Accueil","item":"https:\/\/pokelabtcg.fr\/"},{"@type":"ListItem","position":2,"name":"Boutique","item":"https:\/\/pokelabtcg.fr\/"},{"@type":"ListItem","position":3,"name":"Display &#8211; Eb03 &#8211; T\u00e9n\u00e8bres Embras\u00e9es &#8211; 18 Boosters &#8211; (EN)"}]},{"@type":"WebSite","@id":"https:\/\/www.pokelabtcg.fr\/#website","url":"https:\/\/www.pokelabtcg.fr\/","name":"Pokelab Tcg","description":"","publisher":{"@id":"https:\/\/www.pokelabtcg.fr\/#organization"},"potentialAction":[{"@type":"SearchAction","target":{"@type":"EntryPoint","urlTemplate":"https:\/\/www.pokelabtcg.fr\/?s={search_term_string}"},"query-input":{"@type":"PropertyValueSpecification","valueRequired":true,"valueName":"search_term_string"}}],"inLanguage":"fr-FR"},{"@type":"Organization","@id":"https:\/\/www.pokelabtcg.fr\/#organization","name":"Pokelab Tcg","url":"https:\/\/www.pokelabtcg.fr\/","logo":{"@type":"ImageObject","inLanguage":"fr-FR","@id":"https:\/\/www.pokelabtcg.fr\/#\/schema\/logo\/image\/","url":"https:\/\/pokelabtcg.fr\/wp-content\/uploads\/2025\/01\/cropped-cropped-Red-Pokemon-Birthday-Ideas-for-Boyfriend-Facebook-Post-3-1.png","contentUrl":"https:\/\/pokelabtcg.fr\/wp-content\/uploads\/2025\/01\/cropped-cropped-Red-Pokemon-Birthday-Ideas-for-Boyfriend-Facebook-Post-3-1.png","width":421,"height":476,"caption":"Pokelab Tcg"},"image":{"@id":"https:\/\/www.pokelabtcg.fr\/#\/schema\/logo\/image\/"}}]}},"_links":{"self":[{"href":"https:\/\/pokelabtcg.fr\/index.php\/wp-json\/wp\/v2\/product\/69","targetHints":{"allow":["GET"]}}],"collection":[{"href":"https:\/\/pokelabtcg.fr\/index.php\/wp-json\/wp\/v2\/product"}],"about":[{"href":"https:\/\/pokelabtcg.fr\/index.php\/wp-json\/wp\/v2\/types\/product"}],"replies":[{"embeddable":true,"href":"https:\/\/pokelabtcg.fr\/index.php\/wp-json\/wp\/v2\/comments?post=69"}],"wp:featuredmedia":[{"embeddable":true,"href":"https:\/\/pokelabtcg.fr\/index.php\/wp-json\/wp\/v2\/media\/99"}],"wp:attachment":[{"href":"https:\/\/pokelabtcg.fr\/index.php\/wp-json\/wp\/v2\/media?parent=69"}],"wp:term":[{"taxonomy":"product_brand","embeddable":true,"href":"https:\/\/pokelabtcg.fr\/index.php\/wp-json\/wp\/v2\/product_brand?post=69"},{"taxonomy":"product_cat","embeddable":true,"href":"https:\/\/pokelabtcg.fr\/index.php\/wp-json\/wp\/v2\/product_cat?post=69"},{"taxonomy":"product_tag","embeddable":true,"href":"https:\/\/pokelabtcg.fr\/index.php\/wp-json\/wp\/v2\/product_tag?post=69"}],"curies":[{"name":"wp","href":"https:\/\/api.w.org\/{rel}","templated":true}]}}