{"id":68,"date":"2025-01-27T18:08:18","date_gmt":"2025-01-27T17:08:18","guid":{"rendered":"https:\/?post_type=product&#038;p=68"},"modified":"2025-02-02T12:45:18","modified_gmt":"2025-02-02T11:45:18","slug":"pokemon-ev06-5-fable-nebuleuse-coffret-dresseur-delite-etb-adoramis","status":"publish","type":"product","link":"https:\/\/pokelabtcg.fr\/index.php\/produit\/pokemon-ev06-5-fable-nebuleuse-coffret-dresseur-delite-etb-adoramis\/","title":{"rendered":"Pok\u00e9mon &#8211; ETB &#8211; EV06.5 &#8211; Fable N\u00e9buleuse &#8211; (2024)"},"content":{"rendered":"","protected":false},"excerpt":{"rendered":"","protected":false},"featured_media":100,"comment_status":"open","ping_status":"closed","template":"","meta":[],"product_brand":[17],"product_cat":[25],"product_tag":[],"class_list":{"0":"post-68","1":"product","2":"type-product","3":"status-publish","4":"has-post-thumbnail","6":"product_brand-asmodee","7":"product_cat-etb","9":"entry","10":"has-media","12":"first","13":"outofstock","14":"sale","15":"shipping-taxable","16":"purchasable","17":"product-type-simple","18":"has-product-nav","19":"col","20":"span_1_of_3","21":"owp-content-center","22":"owp-thumbs-layout-horizontal","23":"owp-btn-normal","24":"owp-tabs-layout-horizontal","25":"has-no-thumbnails"},"yoast_head":"<!-- This site is optimized with the Yoast SEO plugin v24.4 - https:\/\/yoast.com\/wordpress\/plugins\/seo\/ -->\n<title>Pok\u00e9mon EV06.5 Fable N\u00e9buleuse \u2013 Coffret Dresseur Elite ETB<\/title>\n<meta name=\"description\" content=\"D\u00e9couvrez le coffret Dresseur d&#039;Elite Fable N\u00e9buleuse avec cartes rares et accessoires premium. Parfait pour les collectionneurs et les joueurs Pok\u00e9mon.\" \/>\n<meta name=\"robots\" content=\"index, follow, max-snippet:-1, max-image-preview:large, max-video-preview:-1\" \/>\n<link rel=\"canonical\" href=\"https:\/\/pokelabtcg.fr\/index.php\/produit\/pokemon-ev06-5-fable-nebuleuse-coffret-dresseur-delite-etb-adoramis\/\" \/>\n<meta property=\"og:locale\" content=\"fr_FR\" \/>\n<meta property=\"og:type\" content=\"article\" \/>\n<meta property=\"og:title\" content=\"Pok\u00e9mon EV06.5 Fable N\u00e9buleuse \u2013 Coffret Dresseur Elite ETB\" \/>\n<meta property=\"og:description\" content=\"D\u00e9couvrez le coffret Dresseur d&#039;Elite Fable N\u00e9buleuse avec cartes rares et accessoires premium. Parfait pour les collectionneurs et les joueurs Pok\u00e9mon.\" \/>\n<meta property=\"og:url\" content=\"https:\/\/pokelabtcg.fr\/index.php\/produit\/pokemon-ev06-5-fable-nebuleuse-coffret-dresseur-delite-etb-adoramis\/\" \/>\n<meta property=\"og:site_name\" content=\"Pokelab Tcg\" \/>\n<meta property=\"article:modified_time\" content=\"2025-02-02T11:45:18+00:00\" \/>\n<meta property=\"og:image\" content=\"https:\/\/pokelabtcg.fr\/wp-content\/uploads\/2025\/01\/pokemon-ev065-fable-nebuleuse-coffret-dresseur-d-elite-etb-mimiqui-p-image-64338-grande.png.webp\" \/>\n\t<meta property=\"og:image:width\" content=\"920\" \/>\n\t<meta property=\"og:image:height\" content=\"876\" \/>\n\t<meta property=\"og:image:type\" content=\"image\/webp\" \/>\n<meta name=\"twitter:card\" content=\"summary_large_image\" \/>\n<meta name=\"twitter:label1\" content=\"Dur\u00e9e de lecture estim\u00e9e\" \/>\n\t<meta name=\"twitter:data1\" content=\"1 minute\" \/>\n<script type=\"application\/ld+json\" class=\"yoast-schema-graph\">{\"@context\":\"https:\/\/schema.org\",\"@graph\":[{\"@type\":\"WebPage\",\"@id\":\"https:\/\/pokelabtcg.fr\/index.php\/produit\/pokemon-ev06-5-fable-nebuleuse-coffret-dresseur-delite-etb-adoramis\/\",\"url\":\"https:\/\/pokelabtcg.fr\/index.php\/produit\/pokemon-ev06-5-fable-nebuleuse-coffret-dresseur-delite-etb-adoramis\/\",\"name\":\"Pok\u00e9mon EV06.5 Fable N\u00e9buleuse \u2013 Coffret Dresseur Elite ETB\",\"isPartOf\":{\"@id\":\"https:\/\/www.pokelabtcg.fr\/#website\"},\"primaryImageOfPage\":{\"@id\":\"https:\/\/pokelabtcg.fr\/index.php\/produit\/pokemon-ev06-5-fable-nebuleuse-coffret-dresseur-delite-etb-adoramis\/#primaryimage\"},\"image\":{\"@id\":\"https:\/\/pokelabtcg.fr\/index.php\/produit\/pokemon-ev06-5-fable-nebuleuse-coffret-dresseur-delite-etb-adoramis\/#primaryimage\"},\"thumbnailUrl\":\"https:\/\/pokelabtcg.fr\/wp-content\/uploads\/2025\/01\/pokemon-ev065-fable-nebuleuse-coffret-dresseur-d-elite-etb-mimiqui-p-image-64338-grande.png.webp\",\"datePublished\":\"2025-01-27T17:08:18+00:00\",\"dateModified\":\"2025-02-02T11:45:18+00:00\",\"description\":\"D\u00e9couvrez le coffret Dresseur d'Elite Fable N\u00e9buleuse avec cartes rares et accessoires premium. Parfait pour les collectionneurs et les joueurs Pok\u00e9mon.\",\"breadcrumb\":{\"@id\":\"https:\/\/pokelabtcg.fr\/index.php\/produit\/pokemon-ev06-5-fable-nebuleuse-coffret-dresseur-delite-etb-adoramis\/#breadcrumb\"},\"inLanguage\":\"fr-FR\",\"potentialAction\":[{\"@type\":\"ReadAction\",\"target\":[\"https:\/\/pokelabtcg.fr\/index.php\/produit\/pokemon-ev06-5-fable-nebuleuse-coffret-dresseur-delite-etb-adoramis\/\"]}]},{\"@type\":\"ImageObject\",\"inLanguage\":\"fr-FR\",\"@id\":\"https:\/\/pokelabtcg.fr\/index.php\/produit\/pokemon-ev06-5-fable-nebuleuse-coffret-dresseur-delite-etb-adoramis\/#primaryimage\",\"url\":\"https:\/\/pokelabtcg.fr\/wp-content\/uploads\/2025\/01\/pokemon-ev065-fable-nebuleuse-coffret-dresseur-d-elite-etb-mimiqui-p-image-64338-grande.png.webp\",\"contentUrl\":\"https:\/\/pokelabtcg.fr\/wp-content\/uploads\/2025\/01\/pokemon-ev065-fable-nebuleuse-coffret-dresseur-d-elite-etb-mimiqui-p-image-64338-grande.png.webp\",\"width\":920,\"height\":876},{\"@type\":\"BreadcrumbList\",\"@id\":\"https:\/\/pokelabtcg.fr\/index.php\/produit\/pokemon-ev06-5-fable-nebuleuse-coffret-dresseur-delite-etb-adoramis\/#breadcrumb\",\"itemListElement\":[{\"@type\":\"ListItem\",\"position\":1,\"name\":\"Accueil\",\"item\":\"https:\/\/pokelabtcg.fr\/\"},{\"@type\":\"ListItem\",\"position\":2,\"name\":\"Boutique\",\"item\":\"https:\/\/pokelabtcg.fr\/\"},{\"@type\":\"ListItem\",\"position\":3,\"name\":\"Pok\u00e9mon &#8211; ETB &#8211; EV06.5 &#8211; Fable N\u00e9buleuse &#8211; (2024)\"}]},{\"@type\":\"WebSite\",\"@id\":\"https:\/\/www.pokelabtcg.fr\/#website\",\"url\":\"https:\/\/www.pokelabtcg.fr\/\",\"name\":\"Pokelab Tcg\",\"description\":\"\",\"publisher\":{\"@id\":\"https:\/\/www.pokelabtcg.fr\/#organization\"},\"potentialAction\":[{\"@type\":\"SearchAction\",\"target\":{\"@type\":\"EntryPoint\",\"urlTemplate\":\"https:\/\/www.pokelabtcg.fr\/?s={search_term_string}\"},\"query-input\":{\"@type\":\"PropertyValueSpecification\",\"valueRequired\":true,\"valueName\":\"search_term_string\"}}],\"inLanguage\":\"fr-FR\"},{\"@type\":\"Organization\",\"@id\":\"https:\/\/www.pokelabtcg.fr\/#organization\",\"name\":\"Pokelab Tcg\",\"url\":\"https:\/\/www.pokelabtcg.fr\/\",\"logo\":{\"@type\":\"ImageObject\",\"inLanguage\":\"fr-FR\",\"@id\":\"https:\/\/www.pokelabtcg.fr\/#\/schema\/logo\/image\/\",\"url\":\"https:\/\/pokelabtcg.fr\/wp-content\/uploads\/2025\/01\/cropped-cropped-Red-Pokemon-Birthday-Ideas-for-Boyfriend-Facebook-Post-3-1.png\",\"contentUrl\":\"https:\/\/pokelabtcg.fr\/wp-content\/uploads\/2025\/01\/cropped-cropped-Red-Pokemon-Birthday-Ideas-for-Boyfriend-Facebook-Post-3-1.png\",\"width\":421,\"height\":476,\"caption\":\"Pokelab Tcg\"},\"image\":{\"@id\":\"https:\/\/www.pokelabtcg.fr\/#\/schema\/logo\/image\/\"}}]}<\/script>\n<!-- \/ Yoast SEO plugin. -->","yoast_head_json":{"title":"Pok\u00e9mon EV06.5 Fable N\u00e9buleuse \u2013 Coffret Dresseur Elite ETB","description":"D\u00e9couvrez le coffret Dresseur d'Elite Fable N\u00e9buleuse avec cartes rares et accessoires premium. Parfait pour les collectionneurs et les joueurs Pok\u00e9mon.","robots":{"index":"index","follow":"follow","max-snippet":"max-snippet:-1","max-image-preview":"max-image-preview:large","max-video-preview":"max-video-preview:-1"},"canonical":"https:\/\/pokelabtcg.fr\/index.php\/produit\/pokemon-ev06-5-fable-nebuleuse-coffret-dresseur-delite-etb-adoramis\/","og_locale":"fr_FR","og_type":"article","og_title":"Pok\u00e9mon EV06.5 Fable N\u00e9buleuse \u2013 Coffret Dresseur Elite ETB","og_description":"D\u00e9couvrez le coffret Dresseur d'Elite Fable N\u00e9buleuse avec cartes rares et accessoires premium. Parfait pour les collectionneurs et les joueurs Pok\u00e9mon.","og_url":"https:\/\/pokelabtcg.fr\/index.php\/produit\/pokemon-ev06-5-fable-nebuleuse-coffret-dresseur-delite-etb-adoramis\/","og_site_name":"Pokelab Tcg","article_modified_time":"2025-02-02T11:45:18+00:00","og_image":[{"width":920,"height":876,"url":"https:\/\/pokelabtcg.fr\/wp-content\/uploads\/2025\/01\/pokemon-ev065-fable-nebuleuse-coffret-dresseur-d-elite-etb-mimiqui-p-image-64338-grande.png.webp","type":"image\/webp"}],"twitter_card":"summary_large_image","twitter_misc":{"Dur\u00e9e de lecture estim\u00e9e":"1 minute"},"schema":{"@context":"https:\/\/schema.org","@graph":[{"@type":"WebPage","@id":"https:\/\/pokelabtcg.fr\/index.php\/produit\/pokemon-ev06-5-fable-nebuleuse-coffret-dresseur-delite-etb-adoramis\/","url":"https:\/\/pokelabtcg.fr\/index.php\/produit\/pokemon-ev06-5-fable-nebuleuse-coffret-dresseur-delite-etb-adoramis\/","name":"Pok\u00e9mon EV06.5 Fable N\u00e9buleuse \u2013 Coffret Dresseur Elite ETB","isPartOf":{"@id":"https:\/\/www.pokelabtcg.fr\/#website"},"primaryImageOfPage":{"@id":"https:\/\/pokelabtcg.fr\/index.php\/produit\/pokemon-ev06-5-fable-nebuleuse-coffret-dresseur-delite-etb-adoramis\/#primaryimage"},"image":{"@id":"https:\/\/pokelabtcg.fr\/index.php\/produit\/pokemon-ev06-5-fable-nebuleuse-coffret-dresseur-delite-etb-adoramis\/#primaryimage"},"thumbnailUrl":"https:\/\/pokelabtcg.fr\/wp-content\/uploads\/2025\/01\/pokemon-ev065-fable-nebuleuse-coffret-dresseur-d-elite-etb-mimiqui-p-image-64338-grande.png.webp","datePublished":"2025-01-27T17:08:18+00:00","dateModified":"2025-02-02T11:45:18+00:00","description":"D\u00e9couvrez le coffret Dresseur d'Elite Fable N\u00e9buleuse avec cartes rares et accessoires premium. Parfait pour les collectionneurs et les joueurs Pok\u00e9mon.","breadcrumb":{"@id":"https:\/\/pokelabtcg.fr\/index.php\/produit\/pokemon-ev06-5-fable-nebuleuse-coffret-dresseur-delite-etb-adoramis\/#breadcrumb"},"inLanguage":"fr-FR","potentialAction":[{"@type":"ReadAction","target":["https:\/\/pokelabtcg.fr\/index.php\/produit\/pokemon-ev06-5-fable-nebuleuse-coffret-dresseur-delite-etb-adoramis\/"]}]},{"@type":"ImageObject","inLanguage":"fr-FR","@id":"https:\/\/pokelabtcg.fr\/index.php\/produit\/pokemon-ev06-5-fable-nebuleuse-coffret-dresseur-delite-etb-adoramis\/#primaryimage","url":"https:\/\/pokelabtcg.fr\/wp-content\/uploads\/2025\/01\/pokemon-ev065-fable-nebuleuse-coffret-dresseur-d-elite-etb-mimiqui-p-image-64338-grande.png.webp","contentUrl":"https:\/\/pokelabtcg.fr\/wp-content\/uploads\/2025\/01\/pokemon-ev065-fable-nebuleuse-coffret-dresseur-d-elite-etb-mimiqui-p-image-64338-grande.png.webp","width":920,"height":876},{"@type":"BreadcrumbList","@id":"https:\/\/pokelabtcg.fr\/index.php\/produit\/pokemon-ev06-5-fable-nebuleuse-coffret-dresseur-delite-etb-adoramis\/#breadcrumb","itemListElement":[{"@type":"ListItem","position":1,"name":"Accueil","item":"https:\/\/pokelabtcg.fr\/"},{"@type":"ListItem","position":2,"name":"Boutique","item":"https:\/\/pokelabtcg.fr\/"},{"@type":"ListItem","position":3,"name":"Pok\u00e9mon &#8211; ETB &#8211; EV06.5 &#8211; Fable N\u00e9buleuse &#8211; (2024)"}]},{"@type":"WebSite","@id":"https:\/\/www.pokelabtcg.fr\/#website","url":"https:\/\/www.pokelabtcg.fr\/","name":"Pokelab Tcg","description":"","publisher":{"@id":"https:\/\/www.pokelabtcg.fr\/#organization"},"potentialAction":[{"@type":"SearchAction","target":{"@type":"EntryPoint","urlTemplate":"https:\/\/www.pokelabtcg.fr\/?s={search_term_string}"},"query-input":{"@type":"PropertyValueSpecification","valueRequired":true,"valueName":"search_term_string"}}],"inLanguage":"fr-FR"},{"@type":"Organization","@id":"https:\/\/www.pokelabtcg.fr\/#organization","name":"Pokelab Tcg","url":"https:\/\/www.pokelabtcg.fr\/","logo":{"@type":"ImageObject","inLanguage":"fr-FR","@id":"https:\/\/www.pokelabtcg.fr\/#\/schema\/logo\/image\/","url":"https:\/\/pokelabtcg.fr\/wp-content\/uploads\/2025\/01\/cropped-cropped-Red-Pokemon-Birthday-Ideas-for-Boyfriend-Facebook-Post-3-1.png","contentUrl":"https:\/\/pokelabtcg.fr\/wp-content\/uploads\/2025\/01\/cropped-cropped-Red-Pokemon-Birthday-Ideas-for-Boyfriend-Facebook-Post-3-1.png","width":421,"height":476,"caption":"Pokelab Tcg"},"image":{"@id":"https:\/\/www.pokelabtcg.fr\/#\/schema\/logo\/image\/"}}]}},"_links":{"self":[{"href":"https:\/\/pokelabtcg.fr\/index.php\/wp-json\/wp\/v2\/product\/68","targetHints":{"allow":["GET"]}}],"collection":[{"href":"https:\/\/pokelabtcg.fr\/index.php\/wp-json\/wp\/v2\/product"}],"about":[{"href":"https:\/\/pokelabtcg.fr\/index.php\/wp-json\/wp\/v2\/types\/product"}],"replies":[{"embeddable":true,"href":"https:\/\/pokelabtcg.fr\/index.php\/wp-json\/wp\/v2\/comments?post=68"}],"wp:featuredmedia":[{"embeddable":true,"href":"https:\/\/pokelabtcg.fr\/index.php\/wp-json\/wp\/v2\/media\/100"}],"wp:attachment":[{"href":"https:\/\/pokelabtcg.fr\/index.php\/wp-json\/wp\/v2\/media?parent=68"}],"wp:term":[{"taxonomy":"product_brand","embeddable":true,"href":"https:\/\/pokelabtcg.fr\/index.php\/wp-json\/wp\/v2\/product_brand?post=68"},{"taxonomy":"product_cat","embeddable":true,"href":"https:\/\/pokelabtcg.fr\/index.php\/wp-json\/wp\/v2\/product_cat?post=68"},{"taxonomy":"product_tag","embeddable":true,"href":"https:\/\/pokelabtcg.fr\/index.php\/wp-json\/wp\/v2\/product_tag?post=68"}],"curies":[{"name":"wp","href":"https:\/\/api.w.org\/{rel}","templated":true}]}}