{"id":65,"date":"2025-01-27T17:32:17","date_gmt":"2025-01-27T16:32:17","guid":{"rendered":"https:\/?post_type=product&#038;p=65"},"modified":"2025-03-15T18:45:15","modified_gmt":"2025-03-15T17:45:15","slug":"etb","status":"publish","type":"product","link":"https:\/\/pokelabtcg.fr\/index.php\/produit\/etb\/","title":{"rendered":"Pokemon- Scarlet &#038; Violet\u2014Prismatic Evolutions &#8211; ETB"},"content":{"rendered":"<p>Le <strong>coffret d&rsquo;Elite Pok\u00e9mon Scarlet &amp; Violet \u2013 Prismatic Evolutions (ETB)<\/strong> contient 10 boosters, des cartes promo exclusives, des accessoires de jeu et une carte \u00e0 code pour <strong>Pok\u00e9mon Live<\/strong>. Id\u00e9al pour les collectionneurs et joueurs cherchant \u00e0 enrichir leur collection et am\u00e9liorer leurs decks.<\/p>\n","protected":false},"excerpt":{"rendered":"<p>Le <strong>coffret d&rsquo;Elite Pok\u00e9mon Scarlet &amp; Violet \u2013 Prismatic Evolutions (ETB)<\/strong> contient 10 boosters, des cartes promo exclusives, des accessoires de jeu et une carte \u00e0 code pour <strong>Pok\u00e9mon Live<\/strong>. Id\u00e9al pour les collectionneurs et joueurs cherchant \u00e0 enrichir leur collection et am\u00e9liorer leurs decks.<\/p>\n","protected":false},"featured_media":101,"comment_status":"closed","ping_status":"closed","template":"","meta":[],"product_brand":[17],"product_cat":[25],"product_tag":[],"class_list":{"0":"post-65","1":"product","2":"type-product","3":"status-publish","4":"has-post-thumbnail","6":"product_brand-asmodee","7":"product_cat-etb","9":"entry","10":"has-media","12":"first","13":"outofstock","14":"sale","15":"shipping-taxable","16":"purchasable","17":"product-type-simple","18":"has-product-nav","19":"col","20":"span_1_of_3","21":"owp-content-center","22":"owp-thumbs-layout-horizontal","23":"owp-btn-normal","24":"owp-tabs-layout-horizontal"},"yoast_head":"<!-- This site is optimized with the Yoast SEO plugin v24.4 - https:\/\/yoast.com\/wordpress\/plugins\/seo\/ -->\n<title>Pok\u00e9mon Scarlet &amp; Violet \u2013 Prismatic Evolution - ETB<\/title>\n<meta name=\"description\" content=\"Pok\u00e9mon Scarlet &amp; Violet \u2013 Prismatic Evolutions ETB : 9 boosters, cartes promo exclusives et accessoires, plus une carte \u00e0 code Pok\u00e9mon Live \u00e0 prix r\u00e9duit !\" \/>\n<meta name=\"robots\" content=\"index, follow, max-snippet:-1, max-image-preview:large, max-video-preview:-1\" \/>\n<link rel=\"canonical\" href=\"https:\/\/pokelabtcg.fr\/index.php\/produit\/etb\/\" \/>\n<meta property=\"og:locale\" content=\"fr_FR\" \/>\n<meta property=\"og:type\" content=\"article\" \/>\n<meta property=\"og:title\" content=\"Pok\u00e9mon Scarlet &amp; Violet \u2013 Prismatic Evolution - ETB\" \/>\n<meta property=\"og:description\" content=\"Pok\u00e9mon Scarlet &amp; Violet \u2013 Prismatic Evolutions ETB : 9 boosters, cartes promo exclusives et accessoires, plus une carte \u00e0 code Pok\u00e9mon Live \u00e0 prix r\u00e9duit !\" \/>\n<meta property=\"og:url\" content=\"https:\/\/pokelabtcg.fr\/index.php\/produit\/etb\/\" \/>\n<meta property=\"og:site_name\" content=\"Pokelab Tcg\" \/>\n<meta property=\"article:modified_time\" content=\"2025-03-15T17:45:15+00:00\" \/>\n<meta property=\"og:image\" content=\"https:\/\/pokelabtcg.fr\/wp-content\/uploads\/2025\/01\/pokepackshop-prismatic-evolutions-elite-trainer-box-1-1.jpg\" \/>\n\t<meta property=\"og:image:width\" content=\"1000\" \/>\n\t<meta property=\"og:image:height\" content=\"1000\" \/>\n\t<meta property=\"og:image:type\" content=\"image\/jpeg\" \/>\n<meta name=\"twitter:card\" content=\"summary_large_image\" \/>\n<meta name=\"twitter:label1\" content=\"Dur\u00e9e de lecture estim\u00e9e\" \/>\n\t<meta name=\"twitter:data1\" content=\"1 minute\" \/>\n<script type=\"application\/ld+json\" class=\"yoast-schema-graph\">{\"@context\":\"https:\/\/schema.org\",\"@graph\":[{\"@type\":\"WebPage\",\"@id\":\"https:\/\/pokelabtcg.fr\/index.php\/produit\/etb\/\",\"url\":\"https:\/\/pokelabtcg.fr\/index.php\/produit\/etb\/\",\"name\":\"Pok\u00e9mon Scarlet & Violet \u2013 Prismatic Evolution - ETB\",\"isPartOf\":{\"@id\":\"https:\/\/www.pokelabtcg.fr\/#website\"},\"primaryImageOfPage\":{\"@id\":\"https:\/\/pokelabtcg.fr\/index.php\/produit\/etb\/#primaryimage\"},\"image\":{\"@id\":\"https:\/\/pokelabtcg.fr\/index.php\/produit\/etb\/#primaryimage\"},\"thumbnailUrl\":\"https:\/\/pokelabtcg.fr\/wp-content\/uploads\/2025\/01\/pokepackshop-prismatic-evolutions-elite-trainer-box-1-1.jpg\",\"datePublished\":\"2025-01-27T16:32:17+00:00\",\"dateModified\":\"2025-03-15T17:45:15+00:00\",\"description\":\"Pok\u00e9mon Scarlet & Violet \u2013 Prismatic Evolutions ETB : 9 boosters, cartes promo exclusives et accessoires, plus une carte \u00e0 code Pok\u00e9mon Live \u00e0 prix r\u00e9duit !\",\"breadcrumb\":{\"@id\":\"https:\/\/pokelabtcg.fr\/index.php\/produit\/etb\/#breadcrumb\"},\"inLanguage\":\"fr-FR\",\"potentialAction\":[{\"@type\":\"ReadAction\",\"target\":[\"https:\/\/pokelabtcg.fr\/index.php\/produit\/etb\/\"]}]},{\"@type\":\"ImageObject\",\"inLanguage\":\"fr-FR\",\"@id\":\"https:\/\/pokelabtcg.fr\/index.php\/produit\/etb\/#primaryimage\",\"url\":\"https:\/\/pokelabtcg.fr\/wp-content\/uploads\/2025\/01\/pokepackshop-prismatic-evolutions-elite-trainer-box-1-1.jpg\",\"contentUrl\":\"https:\/\/pokelabtcg.fr\/wp-content\/uploads\/2025\/01\/pokepackshop-prismatic-evolutions-elite-trainer-box-1-1.jpg\",\"width\":1000,\"height\":1000},{\"@type\":\"BreadcrumbList\",\"@id\":\"https:\/\/pokelabtcg.fr\/index.php\/produit\/etb\/#breadcrumb\",\"itemListElement\":[{\"@type\":\"ListItem\",\"position\":1,\"name\":\"Accueil\",\"item\":\"https:\/\/pokelabtcg.fr\/\"},{\"@type\":\"ListItem\",\"position\":2,\"name\":\"Boutique\",\"item\":\"https:\/\/pokelabtcg.fr\/\"},{\"@type\":\"ListItem\",\"position\":3,\"name\":\"Pokemon- Scarlet &#038; Violet\u2014Prismatic Evolutions &#8211; ETB\"}]},{\"@type\":\"WebSite\",\"@id\":\"https:\/\/www.pokelabtcg.fr\/#website\",\"url\":\"https:\/\/www.pokelabtcg.fr\/\",\"name\":\"Pokelab Tcg\",\"description\":\"\",\"publisher\":{\"@id\":\"https:\/\/www.pokelabtcg.fr\/#organization\"},\"potentialAction\":[{\"@type\":\"SearchAction\",\"target\":{\"@type\":\"EntryPoint\",\"urlTemplate\":\"https:\/\/www.pokelabtcg.fr\/?s={search_term_string}\"},\"query-input\":{\"@type\":\"PropertyValueSpecification\",\"valueRequired\":true,\"valueName\":\"search_term_string\"}}],\"inLanguage\":\"fr-FR\"},{\"@type\":\"Organization\",\"@id\":\"https:\/\/www.pokelabtcg.fr\/#organization\",\"name\":\"Pokelab Tcg\",\"url\":\"https:\/\/www.pokelabtcg.fr\/\",\"logo\":{\"@type\":\"ImageObject\",\"inLanguage\":\"fr-FR\",\"@id\":\"https:\/\/www.pokelabtcg.fr\/#\/schema\/logo\/image\/\",\"url\":\"https:\/\/pokelabtcg.fr\/wp-content\/uploads\/2025\/01\/cropped-cropped-Red-Pokemon-Birthday-Ideas-for-Boyfriend-Facebook-Post-3-1.png\",\"contentUrl\":\"https:\/\/pokelabtcg.fr\/wp-content\/uploads\/2025\/01\/cropped-cropped-Red-Pokemon-Birthday-Ideas-for-Boyfriend-Facebook-Post-3-1.png\",\"width\":421,\"height\":476,\"caption\":\"Pokelab Tcg\"},\"image\":{\"@id\":\"https:\/\/www.pokelabtcg.fr\/#\/schema\/logo\/image\/\"}}]}<\/script>\n<!-- \/ Yoast SEO plugin. -->","yoast_head_json":{"title":"Pok\u00e9mon Scarlet & Violet \u2013 Prismatic Evolution - ETB","description":"Pok\u00e9mon Scarlet & Violet \u2013 Prismatic Evolutions ETB : 9 boosters, cartes promo exclusives et accessoires, plus une carte \u00e0 code Pok\u00e9mon Live \u00e0 prix r\u00e9duit !","robots":{"index":"index","follow":"follow","max-snippet":"max-snippet:-1","max-image-preview":"max-image-preview:large","max-video-preview":"max-video-preview:-1"},"canonical":"https:\/\/pokelabtcg.fr\/index.php\/produit\/etb\/","og_locale":"fr_FR","og_type":"article","og_title":"Pok\u00e9mon Scarlet & Violet \u2013 Prismatic Evolution - ETB","og_description":"Pok\u00e9mon Scarlet & Violet \u2013 Prismatic Evolutions ETB : 9 boosters, cartes promo exclusives et accessoires, plus une carte \u00e0 code Pok\u00e9mon Live \u00e0 prix r\u00e9duit !","og_url":"https:\/\/pokelabtcg.fr\/index.php\/produit\/etb\/","og_site_name":"Pokelab Tcg","article_modified_time":"2025-03-15T17:45:15+00:00","og_image":[{"width":1000,"height":1000,"url":"https:\/\/pokelabtcg.fr\/wp-content\/uploads\/2025\/01\/pokepackshop-prismatic-evolutions-elite-trainer-box-1-1.jpg","type":"image\/jpeg"}],"twitter_card":"summary_large_image","twitter_misc":{"Dur\u00e9e de lecture estim\u00e9e":"1 minute"},"schema":{"@context":"https:\/\/schema.org","@graph":[{"@type":"WebPage","@id":"https:\/\/pokelabtcg.fr\/index.php\/produit\/etb\/","url":"https:\/\/pokelabtcg.fr\/index.php\/produit\/etb\/","name":"Pok\u00e9mon Scarlet & Violet \u2013 Prismatic Evolution - ETB","isPartOf":{"@id":"https:\/\/www.pokelabtcg.fr\/#website"},"primaryImageOfPage":{"@id":"https:\/\/pokelabtcg.fr\/index.php\/produit\/etb\/#primaryimage"},"image":{"@id":"https:\/\/pokelabtcg.fr\/index.php\/produit\/etb\/#primaryimage"},"thumbnailUrl":"https:\/\/pokelabtcg.fr\/wp-content\/uploads\/2025\/01\/pokepackshop-prismatic-evolutions-elite-trainer-box-1-1.jpg","datePublished":"2025-01-27T16:32:17+00:00","dateModified":"2025-03-15T17:45:15+00:00","description":"Pok\u00e9mon Scarlet & Violet \u2013 Prismatic Evolutions ETB : 9 boosters, cartes promo exclusives et accessoires, plus une carte \u00e0 code Pok\u00e9mon Live \u00e0 prix r\u00e9duit !","breadcrumb":{"@id":"https:\/\/pokelabtcg.fr\/index.php\/produit\/etb\/#breadcrumb"},"inLanguage":"fr-FR","potentialAction":[{"@type":"ReadAction","target":["https:\/\/pokelabtcg.fr\/index.php\/produit\/etb\/"]}]},{"@type":"ImageObject","inLanguage":"fr-FR","@id":"https:\/\/pokelabtcg.fr\/index.php\/produit\/etb\/#primaryimage","url":"https:\/\/pokelabtcg.fr\/wp-content\/uploads\/2025\/01\/pokepackshop-prismatic-evolutions-elite-trainer-box-1-1.jpg","contentUrl":"https:\/\/pokelabtcg.fr\/wp-content\/uploads\/2025\/01\/pokepackshop-prismatic-evolutions-elite-trainer-box-1-1.jpg","width":1000,"height":1000},{"@type":"BreadcrumbList","@id":"https:\/\/pokelabtcg.fr\/index.php\/produit\/etb\/#breadcrumb","itemListElement":[{"@type":"ListItem","position":1,"name":"Accueil","item":"https:\/\/pokelabtcg.fr\/"},{"@type":"ListItem","position":2,"name":"Boutique","item":"https:\/\/pokelabtcg.fr\/"},{"@type":"ListItem","position":3,"name":"Pokemon- Scarlet &#038; Violet\u2014Prismatic Evolutions &#8211; ETB"}]},{"@type":"WebSite","@id":"https:\/\/www.pokelabtcg.fr\/#website","url":"https:\/\/www.pokelabtcg.fr\/","name":"Pokelab Tcg","description":"","publisher":{"@id":"https:\/\/www.pokelabtcg.fr\/#organization"},"potentialAction":[{"@type":"SearchAction","target":{"@type":"EntryPoint","urlTemplate":"https:\/\/www.pokelabtcg.fr\/?s={search_term_string}"},"query-input":{"@type":"PropertyValueSpecification","valueRequired":true,"valueName":"search_term_string"}}],"inLanguage":"fr-FR"},{"@type":"Organization","@id":"https:\/\/www.pokelabtcg.fr\/#organization","name":"Pokelab Tcg","url":"https:\/\/www.pokelabtcg.fr\/","logo":{"@type":"ImageObject","inLanguage":"fr-FR","@id":"https:\/\/www.pokelabtcg.fr\/#\/schema\/logo\/image\/","url":"https:\/\/pokelabtcg.fr\/wp-content\/uploads\/2025\/01\/cropped-cropped-Red-Pokemon-Birthday-Ideas-for-Boyfriend-Facebook-Post-3-1.png","contentUrl":"https:\/\/pokelabtcg.fr\/wp-content\/uploads\/2025\/01\/cropped-cropped-Red-Pokemon-Birthday-Ideas-for-Boyfriend-Facebook-Post-3-1.png","width":421,"height":476,"caption":"Pokelab Tcg"},"image":{"@id":"https:\/\/www.pokelabtcg.fr\/#\/schema\/logo\/image\/"}}]}},"_links":{"self":[{"href":"https:\/\/pokelabtcg.fr\/index.php\/wp-json\/wp\/v2\/product\/65","targetHints":{"allow":["GET"]}}],"collection":[{"href":"https:\/\/pokelabtcg.fr\/index.php\/wp-json\/wp\/v2\/product"}],"about":[{"href":"https:\/\/pokelabtcg.fr\/index.php\/wp-json\/wp\/v2\/types\/product"}],"replies":[{"embeddable":true,"href":"https:\/\/pokelabtcg.fr\/index.php\/wp-json\/wp\/v2\/comments?post=65"}],"wp:featuredmedia":[{"embeddable":true,"href":"https:\/\/pokelabtcg.fr\/index.php\/wp-json\/wp\/v2\/media\/101"}],"wp:attachment":[{"href":"https:\/\/pokelabtcg.fr\/index.php\/wp-json\/wp\/v2\/media?parent=65"}],"wp:term":[{"taxonomy":"product_brand","embeddable":true,"href":"https:\/\/pokelabtcg.fr\/index.php\/wp-json\/wp\/v2\/product_brand?post=65"},{"taxonomy":"product_cat","embeddable":true,"href":"https:\/\/pokelabtcg.fr\/index.php\/wp-json\/wp\/v2\/product_cat?post=65"},{"taxonomy":"product_tag","embeddable":true,"href":"https:\/\/pokelabtcg.fr\/index.php\/wp-json\/wp\/v2\/product_tag?post=65"}],"curies":[{"name":"wp","href":"https:\/\/api.w.org\/{rel}","templated":true}]}}