{"id":542,"date":"2025-03-15T14:16:00","date_gmt":"2025-03-15T13:16:00","guid":{"rendered":"https:\/\/pokelabtcg.fr\/?post_type=product&#038;p=542"},"modified":"2025-05-17T11:10:59","modified_gmt":"2025-05-17T09:10:59","slug":"precommande-display-de-36-boosters-rivaux-predestines-ev10","status":"publish","type":"product","link":"https:\/\/pokelabtcg.fr\/index.php\/produit\/precommande-display-de-36-boosters-rivaux-predestines-ev10\/","title":{"rendered":"Pr\u00e9commande Display de 36 Boosters &#8211; Rivaux Pr\u00e9destin\u00e9s EV10"},"content":{"rendered":"<p>Display complet de 36 boosters EV10 Rivaux Pr\u00e9destin\u00e9s (SV10) en version fran\u00e7aise, sous bo\u00eete scell\u00e9e et livr\u00e9 avec protection acrylique souple. Pr\u00e9commandez maintenant, date de sortie : 30 mai 2025. Limite de 1 par foyer.<\/p>\n","protected":false},"excerpt":{"rendered":"<p>Display de 36 boosters Rivaux Pr\u00e9destin\u00e9s EV10 en version fran\u00e7aise, sous bo\u00eete scell\u00e9e et livr\u00e9 avec protection acrylique souple. Pr\u00e9commandez d\u00e8s maintenant, disponible le 30 mai 2025. Limit\u00e9 \u00e0 1 par foyer.<\/p>\n","protected":false},"featured_media":543,"comment_status":"open","ping_status":"closed","template":"","meta":[],"product_brand":[17],"product_cat":[85],"product_tag":[],"class_list":{"0":"post-542","1":"product","2":"type-product","3":"status-publish","4":"has-post-thumbnail","6":"product_brand-asmodee","7":"product_cat-precommandes","9":"entry","10":"has-media","12":"first","13":"outofstock","14":"sold-individually","15":"shipping-taxable","16":"purchasable","17":"product-type-simple","18":"has-product-nav","19":"col","20":"span_1_of_3","21":"owp-content-center","22":"owp-thumbs-layout-horizontal","23":"owp-btn-normal","24":"owp-tabs-layout-horizontal","25":"has-no-thumbnails"},"yoast_head":"<!-- This site is optimized with the Yoast SEO plugin v24.4 - https:\/\/yoast.com\/wordpress\/plugins\/seo\/ -->\n<title>Pr\u00e9commande Display 36 Boosters - Rivaux Pr\u00e9destin\u00e9s EV10 - FR<\/title>\n<meta name=\"description\" content=\"Pr\u00e9commandez le Display de 36 Boosters Rivaux Pr\u00e9destin\u00e9s EV10 (SV10) version fran\u00e7aise. Bo\u00eete scell\u00e9e, sortie le 30 mai 2025. Limite de 1 par foyer.\" \/>\n<meta name=\"robots\" content=\"index, follow, max-snippet:-1, max-image-preview:large, max-video-preview:-1\" \/>\n<link rel=\"canonical\" href=\"https:\/\/pokelabtcg.fr\/index.php\/produit\/precommande-display-de-36-boosters-rivaux-predestines-ev10\/\" \/>\n<meta property=\"og:locale\" content=\"fr_FR\" \/>\n<meta property=\"og:type\" content=\"article\" \/>\n<meta property=\"og:title\" content=\"Pr\u00e9commande Display 36 Boosters - Rivaux Pr\u00e9destin\u00e9s EV10 - FR\" \/>\n<meta property=\"og:description\" content=\"Pr\u00e9commandez le Display de 36 Boosters Rivaux Pr\u00e9destin\u00e9s EV10 (SV10) version fran\u00e7aise. Bo\u00eete scell\u00e9e, sortie le 30 mai 2025. Limite de 1 par foyer.\" \/>\n<meta property=\"og:url\" content=\"https:\/\/pokelabtcg.fr\/index.php\/produit\/precommande-display-de-36-boosters-rivaux-predestines-ev10\/\" \/>\n<meta property=\"og:site_name\" content=\"Pokelab Tcg\" \/>\n<meta property=\"article:modified_time\" content=\"2025-05-17T09:10:59+00:00\" \/>\n<meta property=\"og:image\" content=\"https:\/\/pokelabtcg.fr\/wp-content\/uploads\/2025\/03\/team-rocket-169.png\" \/>\n\t<meta property=\"og:image:width\" content=\"578\" \/>\n\t<meta property=\"og:image:height\" content=\"327\" \/>\n\t<meta property=\"og:image:type\" content=\"image\/png\" \/>\n<meta name=\"twitter:card\" content=\"summary_large_image\" \/>\n<meta name=\"twitter:label1\" content=\"Dur\u00e9e de lecture estim\u00e9e\" \/>\n\t<meta name=\"twitter:data1\" content=\"1 minute\" \/>\n<script type=\"application\/ld+json\" class=\"yoast-schema-graph\">{\"@context\":\"https:\/\/schema.org\",\"@graph\":[{\"@type\":\"WebPage\",\"@id\":\"https:\/\/pokelabtcg.fr\/index.php\/produit\/precommande-display-de-36-boosters-rivaux-predestines-ev10\/\",\"url\":\"https:\/\/pokelabtcg.fr\/index.php\/produit\/precommande-display-de-36-boosters-rivaux-predestines-ev10\/\",\"name\":\"Pr\u00e9commande Display 36 Boosters - Rivaux Pr\u00e9destin\u00e9s EV10 - FR\",\"isPartOf\":{\"@id\":\"https:\/\/www.pokelabtcg.fr\/#website\"},\"primaryImageOfPage\":{\"@id\":\"https:\/\/pokelabtcg.fr\/index.php\/produit\/precommande-display-de-36-boosters-rivaux-predestines-ev10\/#primaryimage\"},\"image\":{\"@id\":\"https:\/\/pokelabtcg.fr\/index.php\/produit\/precommande-display-de-36-boosters-rivaux-predestines-ev10\/#primaryimage\"},\"thumbnailUrl\":\"https:\/\/pokelabtcg.fr\/wp-content\/uploads\/2025\/03\/team-rocket-169.png\",\"datePublished\":\"2025-03-15T13:16:00+00:00\",\"dateModified\":\"2025-05-17T09:10:59+00:00\",\"description\":\"Pr\u00e9commandez le Display de 36 Boosters Rivaux Pr\u00e9destin\u00e9s EV10 (SV10) version fran\u00e7aise. Bo\u00eete scell\u00e9e, sortie le 30 mai 2025. Limite de 1 par foyer.\",\"breadcrumb\":{\"@id\":\"https:\/\/pokelabtcg.fr\/index.php\/produit\/precommande-display-de-36-boosters-rivaux-predestines-ev10\/#breadcrumb\"},\"inLanguage\":\"fr-FR\",\"potentialAction\":[{\"@type\":\"ReadAction\",\"target\":[\"https:\/\/pokelabtcg.fr\/index.php\/produit\/precommande-display-de-36-boosters-rivaux-predestines-ev10\/\"]}]},{\"@type\":\"ImageObject\",\"inLanguage\":\"fr-FR\",\"@id\":\"https:\/\/pokelabtcg.fr\/index.php\/produit\/precommande-display-de-36-boosters-rivaux-predestines-ev10\/#primaryimage\",\"url\":\"https:\/\/pokelabtcg.fr\/wp-content\/uploads\/2025\/03\/team-rocket-169.png\",\"contentUrl\":\"https:\/\/pokelabtcg.fr\/wp-content\/uploads\/2025\/03\/team-rocket-169.png\",\"width\":578,\"height\":327},{\"@type\":\"BreadcrumbList\",\"@id\":\"https:\/\/pokelabtcg.fr\/index.php\/produit\/precommande-display-de-36-boosters-rivaux-predestines-ev10\/#breadcrumb\",\"itemListElement\":[{\"@type\":\"ListItem\",\"position\":1,\"name\":\"Accueil\",\"item\":\"https:\/\/pokelabtcg.fr\/\"},{\"@type\":\"ListItem\",\"position\":2,\"name\":\"Boutique\",\"item\":\"https:\/\/pokelabtcg.fr\/\"},{\"@type\":\"ListItem\",\"position\":3,\"name\":\"Pr\u00e9commande Display de 36 Boosters &#8211; Rivaux Pr\u00e9destin\u00e9s EV10\"}]},{\"@type\":\"WebSite\",\"@id\":\"https:\/\/www.pokelabtcg.fr\/#website\",\"url\":\"https:\/\/www.pokelabtcg.fr\/\",\"name\":\"Pokelab Tcg\",\"description\":\"\",\"publisher\":{\"@id\":\"https:\/\/www.pokelabtcg.fr\/#organization\"},\"potentialAction\":[{\"@type\":\"SearchAction\",\"target\":{\"@type\":\"EntryPoint\",\"urlTemplate\":\"https:\/\/www.pokelabtcg.fr\/?s={search_term_string}\"},\"query-input\":{\"@type\":\"PropertyValueSpecification\",\"valueRequired\":true,\"valueName\":\"search_term_string\"}}],\"inLanguage\":\"fr-FR\"},{\"@type\":\"Organization\",\"@id\":\"https:\/\/www.pokelabtcg.fr\/#organization\",\"name\":\"Pokelab Tcg\",\"url\":\"https:\/\/www.pokelabtcg.fr\/\",\"logo\":{\"@type\":\"ImageObject\",\"inLanguage\":\"fr-FR\",\"@id\":\"https:\/\/www.pokelabtcg.fr\/#\/schema\/logo\/image\/\",\"url\":\"https:\/\/pokelabtcg.fr\/wp-content\/uploads\/2025\/01\/cropped-cropped-Red-Pokemon-Birthday-Ideas-for-Boyfriend-Facebook-Post-3-1.png\",\"contentUrl\":\"https:\/\/pokelabtcg.fr\/wp-content\/uploads\/2025\/01\/cropped-cropped-Red-Pokemon-Birthday-Ideas-for-Boyfriend-Facebook-Post-3-1.png\",\"width\":421,\"height\":476,\"caption\":\"Pokelab Tcg\"},\"image\":{\"@id\":\"https:\/\/www.pokelabtcg.fr\/#\/schema\/logo\/image\/\"}}]}<\/script>\n<!-- \/ Yoast SEO plugin. -->","yoast_head_json":{"title":"Pr\u00e9commande Display 36 Boosters - Rivaux Pr\u00e9destin\u00e9s EV10 - FR","description":"Pr\u00e9commandez le Display de 36 Boosters Rivaux Pr\u00e9destin\u00e9s EV10 (SV10) version fran\u00e7aise. Bo\u00eete scell\u00e9e, sortie le 30 mai 2025. Limite de 1 par foyer.","robots":{"index":"index","follow":"follow","max-snippet":"max-snippet:-1","max-image-preview":"max-image-preview:large","max-video-preview":"max-video-preview:-1"},"canonical":"https:\/\/pokelabtcg.fr\/index.php\/produit\/precommande-display-de-36-boosters-rivaux-predestines-ev10\/","og_locale":"fr_FR","og_type":"article","og_title":"Pr\u00e9commande Display 36 Boosters - Rivaux Pr\u00e9destin\u00e9s EV10 - FR","og_description":"Pr\u00e9commandez le Display de 36 Boosters Rivaux Pr\u00e9destin\u00e9s EV10 (SV10) version fran\u00e7aise. Bo\u00eete scell\u00e9e, sortie le 30 mai 2025. Limite de 1 par foyer.","og_url":"https:\/\/pokelabtcg.fr\/index.php\/produit\/precommande-display-de-36-boosters-rivaux-predestines-ev10\/","og_site_name":"Pokelab Tcg","article_modified_time":"2025-05-17T09:10:59+00:00","og_image":[{"width":578,"height":327,"url":"https:\/\/pokelabtcg.fr\/wp-content\/uploads\/2025\/03\/team-rocket-169.png","type":"image\/png"}],"twitter_card":"summary_large_image","twitter_misc":{"Dur\u00e9e de lecture estim\u00e9e":"1 minute"},"schema":{"@context":"https:\/\/schema.org","@graph":[{"@type":"WebPage","@id":"https:\/\/pokelabtcg.fr\/index.php\/produit\/precommande-display-de-36-boosters-rivaux-predestines-ev10\/","url":"https:\/\/pokelabtcg.fr\/index.php\/produit\/precommande-display-de-36-boosters-rivaux-predestines-ev10\/","name":"Pr\u00e9commande Display 36 Boosters - Rivaux Pr\u00e9destin\u00e9s EV10 - FR","isPartOf":{"@id":"https:\/\/www.pokelabtcg.fr\/#website"},"primaryImageOfPage":{"@id":"https:\/\/pokelabtcg.fr\/index.php\/produit\/precommande-display-de-36-boosters-rivaux-predestines-ev10\/#primaryimage"},"image":{"@id":"https:\/\/pokelabtcg.fr\/index.php\/produit\/precommande-display-de-36-boosters-rivaux-predestines-ev10\/#primaryimage"},"thumbnailUrl":"https:\/\/pokelabtcg.fr\/wp-content\/uploads\/2025\/03\/team-rocket-169.png","datePublished":"2025-03-15T13:16:00+00:00","dateModified":"2025-05-17T09:10:59+00:00","description":"Pr\u00e9commandez le Display de 36 Boosters Rivaux Pr\u00e9destin\u00e9s EV10 (SV10) version fran\u00e7aise. Bo\u00eete scell\u00e9e, sortie le 30 mai 2025. Limite de 1 par foyer.","breadcrumb":{"@id":"https:\/\/pokelabtcg.fr\/index.php\/produit\/precommande-display-de-36-boosters-rivaux-predestines-ev10\/#breadcrumb"},"inLanguage":"fr-FR","potentialAction":[{"@type":"ReadAction","target":["https:\/\/pokelabtcg.fr\/index.php\/produit\/precommande-display-de-36-boosters-rivaux-predestines-ev10\/"]}]},{"@type":"ImageObject","inLanguage":"fr-FR","@id":"https:\/\/pokelabtcg.fr\/index.php\/produit\/precommande-display-de-36-boosters-rivaux-predestines-ev10\/#primaryimage","url":"https:\/\/pokelabtcg.fr\/wp-content\/uploads\/2025\/03\/team-rocket-169.png","contentUrl":"https:\/\/pokelabtcg.fr\/wp-content\/uploads\/2025\/03\/team-rocket-169.png","width":578,"height":327},{"@type":"BreadcrumbList","@id":"https:\/\/pokelabtcg.fr\/index.php\/produit\/precommande-display-de-36-boosters-rivaux-predestines-ev10\/#breadcrumb","itemListElement":[{"@type":"ListItem","position":1,"name":"Accueil","item":"https:\/\/pokelabtcg.fr\/"},{"@type":"ListItem","position":2,"name":"Boutique","item":"https:\/\/pokelabtcg.fr\/"},{"@type":"ListItem","position":3,"name":"Pr\u00e9commande Display de 36 Boosters &#8211; Rivaux Pr\u00e9destin\u00e9s EV10"}]},{"@type":"WebSite","@id":"https:\/\/www.pokelabtcg.fr\/#website","url":"https:\/\/www.pokelabtcg.fr\/","name":"Pokelab Tcg","description":"","publisher":{"@id":"https:\/\/www.pokelabtcg.fr\/#organization"},"potentialAction":[{"@type":"SearchAction","target":{"@type":"EntryPoint","urlTemplate":"https:\/\/www.pokelabtcg.fr\/?s={search_term_string}"},"query-input":{"@type":"PropertyValueSpecification","valueRequired":true,"valueName":"search_term_string"}}],"inLanguage":"fr-FR"},{"@type":"Organization","@id":"https:\/\/www.pokelabtcg.fr\/#organization","name":"Pokelab Tcg","url":"https:\/\/www.pokelabtcg.fr\/","logo":{"@type":"ImageObject","inLanguage":"fr-FR","@id":"https:\/\/www.pokelabtcg.fr\/#\/schema\/logo\/image\/","url":"https:\/\/pokelabtcg.fr\/wp-content\/uploads\/2025\/01\/cropped-cropped-Red-Pokemon-Birthday-Ideas-for-Boyfriend-Facebook-Post-3-1.png","contentUrl":"https:\/\/pokelabtcg.fr\/wp-content\/uploads\/2025\/01\/cropped-cropped-Red-Pokemon-Birthday-Ideas-for-Boyfriend-Facebook-Post-3-1.png","width":421,"height":476,"caption":"Pokelab Tcg"},"image":{"@id":"https:\/\/www.pokelabtcg.fr\/#\/schema\/logo\/image\/"}}]}},"_links":{"self":[{"href":"https:\/\/pokelabtcg.fr\/index.php\/wp-json\/wp\/v2\/product\/542","targetHints":{"allow":["GET"]}}],"collection":[{"href":"https:\/\/pokelabtcg.fr\/index.php\/wp-json\/wp\/v2\/product"}],"about":[{"href":"https:\/\/pokelabtcg.fr\/index.php\/wp-json\/wp\/v2\/types\/product"}],"replies":[{"embeddable":true,"href":"https:\/\/pokelabtcg.fr\/index.php\/wp-json\/wp\/v2\/comments?post=542"}],"wp:featuredmedia":[{"embeddable":true,"href":"https:\/\/pokelabtcg.fr\/index.php\/wp-json\/wp\/v2\/media\/543"}],"wp:attachment":[{"href":"https:\/\/pokelabtcg.fr\/index.php\/wp-json\/wp\/v2\/media?parent=542"}],"wp:term":[{"taxonomy":"product_brand","embeddable":true,"href":"https:\/\/pokelabtcg.fr\/index.php\/wp-json\/wp\/v2\/product_brand?post=542"},{"taxonomy":"product_cat","embeddable":true,"href":"https:\/\/pokelabtcg.fr\/index.php\/wp-json\/wp\/v2\/product_cat?post=542"},{"taxonomy":"product_tag","embeddable":true,"href":"https:\/\/pokelabtcg.fr\/index.php\/wp-json\/wp\/v2\/product_tag?post=542"}],"curies":[{"name":"wp","href":"https:\/\/api.w.org\/{rel}","templated":true}]}}