{"id":541,"date":"2025-03-15T14:07:30","date_gmt":"2025-03-15T13:07:30","guid":{"rendered":"https:\/\/pokelabtcg.fr\/?post_type=product&#038;p=541"},"modified":"2025-05-17T11:11:08","modified_gmt":"2025-05-17T09:11:08","slug":"precommande-coffret-super-premium-ev8-5-fr","status":"publish","type":"product","link":"https:\/\/pokelabtcg.fr\/index.php\/produit\/precommande-coffret-super-premium-ev8-5-fr\/","title":{"rendered":"Precommande coffret super premium EV8.5 &#8211; FR"},"content":{"rendered":"<p data-start=\"473\" data-end=\"493\">Contenu du coffret :<\/p>\n<ul data-start=\"494\" data-end=\"810\">\n<li data-start=\"494\" data-end=\"570\">1 carte promo brillante \u00e0 illustration compl\u00e8te mettant en valeur Evoli-ex<\/li>\n<li data-start=\"571\" data-end=\"621\">Une bo\u00eete de deck en peluche \u00e0 l\u2019effigie d\u2019\u00c9voli<\/li>\n<li data-start=\"622\" data-end=\"674\">Un tapis de jeu illustrant Evoli et ses \u00e9volutions<\/li>\n<li data-start=\"675\" data-end=\"731\">65 prot\u00e8ge-cartes d\u00e9cor\u00e9s avec Evoli et ses \u00e9volutions<\/li>\n<li data-start=\"732\" data-end=\"769\">15 boosters \u00c9volutions Prismatiques<\/li>\n<li data-start=\"770\" data-end=\"810\">Une carte \u00e0 code pour Pok\u00e9mon JCC Live<\/li>\n<\/ul>\n<p data-start=\"812\" data-end=\"936\" data-is-last-node=\"\" data-is-only-node=\"\">Pr\u00e9commandez d\u00e8s maintenant ce coffret exceptionnel et laissez-vous emporter par l&rsquo;\u00e9volution d&rsquo;Evoli dans votre collection ! Limite de 1 par foyer, sortie pr\u00e9vue pour le 16 mai 2025.<\/p>\n","protected":false},"excerpt":{"rendered":"<p>Coffret Collection Super Premium Evolutions Prismatiques EV8.5 avec carte promo Evoli-ex, bo\u00eete en peluche, tapis de jeu, prot\u00e8ge-cartes et 15 boosters. Un must-have pour les collectionneurs Pok\u00e9mon. Limite de 1 par foyer, sortie pr\u00e9vue pour le 16 mai 2025.<\/p>\n","protected":false},"featured_media":537,"comment_status":"open","ping_status":"closed","template":"","meta":[],"product_brand":[17],"product_cat":[85],"product_tag":[],"class_list":{"0":"post-541","1":"product","2":"type-product","3":"status-publish","4":"has-post-thumbnail","6":"product_brand-asmodee","7":"product_cat-precommandes","9":"entry","10":"has-media","12":"first","13":"outofstock","14":"sold-individually","15":"shipping-taxable","16":"purchasable","17":"product-type-simple","18":"has-product-nav","19":"col","20":"span_1_of_3","21":"owp-content-center","22":"owp-thumbs-layout-horizontal","23":"owp-btn-normal","24":"owp-tabs-layout-horizontal","25":"has-no-thumbnails"},"yoast_head":"<!-- This site is optimized with the Yoast SEO plugin v24.4 - https:\/\/yoast.com\/wordpress\/plugins\/seo\/ -->\n<title>Pr\u00e9commande Coffret Super Premium Evolutions Prismatiques<\/title>\n<meta name=\"description\" content=\"Coffret Collection Super Premium Evolutions Prismatiques EV8.5 en version FR : Carte exclusive Evoli-ex, 15 boosters, tapis de jeu et plus ! Limite de 1 par foyer.\" \/>\n<meta name=\"robots\" content=\"index, follow, max-snippet:-1, max-image-preview:large, max-video-preview:-1\" \/>\n<link rel=\"canonical\" href=\"https:\/\/pokelabtcg.fr\/index.php\/produit\/precommande-coffret-super-premium-ev8-5-fr\/\" \/>\n<meta property=\"og:locale\" content=\"fr_FR\" \/>\n<meta property=\"og:type\" content=\"article\" \/>\n<meta property=\"og:title\" content=\"Pr\u00e9commande Coffret Super Premium Evolutions Prismatiques\" \/>\n<meta property=\"og:description\" content=\"Coffret Collection Super Premium Evolutions Prismatiques EV8.5 en version FR : Carte exclusive Evoli-ex, 15 boosters, tapis de jeu et plus ! Limite de 1 par foyer.\" \/>\n<meta property=\"og:url\" content=\"https:\/\/pokelabtcg.fr\/index.php\/produit\/precommande-coffret-super-premium-ev8-5-fr\/\" \/>\n<meta property=\"og:site_name\" content=\"Pokelab Tcg\" \/>\n<meta property=\"article:modified_time\" content=\"2025-05-17T09:11:08+00:00\" \/>\n<meta property=\"og:image\" content=\"https:\/\/pokelabtcg.fr\/wp-content\/uploads\/2025\/03\/SLIDER-Coffret-Collection-Super-Premium-Evolutions-Prismatiques-EV8.5-US.jpg\" \/>\n\t<meta property=\"og:image:width\" content=\"1500\" \/>\n\t<meta property=\"og:image:height\" content=\"900\" \/>\n\t<meta property=\"og:image:type\" content=\"image\/jpeg\" \/>\n<meta name=\"twitter:card\" content=\"summary_large_image\" \/>\n<meta name=\"twitter:label1\" content=\"Dur\u00e9e de lecture estim\u00e9e\" \/>\n\t<meta name=\"twitter:data1\" content=\"1 minute\" \/>\n<script type=\"application\/ld+json\" class=\"yoast-schema-graph\">{\"@context\":\"https:\/\/schema.org\",\"@graph\":[{\"@type\":\"WebPage\",\"@id\":\"https:\/\/pokelabtcg.fr\/index.php\/produit\/precommande-coffret-super-premium-ev8-5-fr\/\",\"url\":\"https:\/\/pokelabtcg.fr\/index.php\/produit\/precommande-coffret-super-premium-ev8-5-fr\/\",\"name\":\"Pr\u00e9commande Coffret Super Premium Evolutions Prismatiques\",\"isPartOf\":{\"@id\":\"https:\/\/www.pokelabtcg.fr\/#website\"},\"primaryImageOfPage\":{\"@id\":\"https:\/\/pokelabtcg.fr\/index.php\/produit\/precommande-coffret-super-premium-ev8-5-fr\/#primaryimage\"},\"image\":{\"@id\":\"https:\/\/pokelabtcg.fr\/index.php\/produit\/precommande-coffret-super-premium-ev8-5-fr\/#primaryimage\"},\"thumbnailUrl\":\"https:\/\/pokelabtcg.fr\/wp-content\/uploads\/2025\/03\/SLIDER-Coffret-Collection-Super-Premium-Evolutions-Prismatiques-EV8.5-US.jpg\",\"datePublished\":\"2025-03-15T13:07:30+00:00\",\"dateModified\":\"2025-05-17T09:11:08+00:00\",\"description\":\"Coffret Collection Super Premium Evolutions Prismatiques EV8.5 en version FR : Carte exclusive Evoli-ex, 15 boosters, tapis de jeu et plus ! Limite de 1 par foyer.\",\"breadcrumb\":{\"@id\":\"https:\/\/pokelabtcg.fr\/index.php\/produit\/precommande-coffret-super-premium-ev8-5-fr\/#breadcrumb\"},\"inLanguage\":\"fr-FR\",\"potentialAction\":[{\"@type\":\"ReadAction\",\"target\":[\"https:\/\/pokelabtcg.fr\/index.php\/produit\/precommande-coffret-super-premium-ev8-5-fr\/\"]}]},{\"@type\":\"ImageObject\",\"inLanguage\":\"fr-FR\",\"@id\":\"https:\/\/pokelabtcg.fr\/index.php\/produit\/precommande-coffret-super-premium-ev8-5-fr\/#primaryimage\",\"url\":\"https:\/\/pokelabtcg.fr\/wp-content\/uploads\/2025\/03\/SLIDER-Coffret-Collection-Super-Premium-Evolutions-Prismatiques-EV8.5-US.jpg\",\"contentUrl\":\"https:\/\/pokelabtcg.fr\/wp-content\/uploads\/2025\/03\/SLIDER-Coffret-Collection-Super-Premium-Evolutions-Prismatiques-EV8.5-US.jpg\",\"width\":1500,\"height\":900},{\"@type\":\"BreadcrumbList\",\"@id\":\"https:\/\/pokelabtcg.fr\/index.php\/produit\/precommande-coffret-super-premium-ev8-5-fr\/#breadcrumb\",\"itemListElement\":[{\"@type\":\"ListItem\",\"position\":1,\"name\":\"Accueil\",\"item\":\"https:\/\/pokelabtcg.fr\/\"},{\"@type\":\"ListItem\",\"position\":2,\"name\":\"Boutique\",\"item\":\"https:\/\/pokelabtcg.fr\/\"},{\"@type\":\"ListItem\",\"position\":3,\"name\":\"Precommande coffret super premium EV8.5 &#8211; FR\"}]},{\"@type\":\"WebSite\",\"@id\":\"https:\/\/www.pokelabtcg.fr\/#website\",\"url\":\"https:\/\/www.pokelabtcg.fr\/\",\"name\":\"Pokelab Tcg\",\"description\":\"\",\"publisher\":{\"@id\":\"https:\/\/www.pokelabtcg.fr\/#organization\"},\"potentialAction\":[{\"@type\":\"SearchAction\",\"target\":{\"@type\":\"EntryPoint\",\"urlTemplate\":\"https:\/\/www.pokelabtcg.fr\/?s={search_term_string}\"},\"query-input\":{\"@type\":\"PropertyValueSpecification\",\"valueRequired\":true,\"valueName\":\"search_term_string\"}}],\"inLanguage\":\"fr-FR\"},{\"@type\":\"Organization\",\"@id\":\"https:\/\/www.pokelabtcg.fr\/#organization\",\"name\":\"Pokelab Tcg\",\"url\":\"https:\/\/www.pokelabtcg.fr\/\",\"logo\":{\"@type\":\"ImageObject\",\"inLanguage\":\"fr-FR\",\"@id\":\"https:\/\/www.pokelabtcg.fr\/#\/schema\/logo\/image\/\",\"url\":\"https:\/\/pokelabtcg.fr\/wp-content\/uploads\/2025\/01\/cropped-cropped-Red-Pokemon-Birthday-Ideas-for-Boyfriend-Facebook-Post-3-1.png\",\"contentUrl\":\"https:\/\/pokelabtcg.fr\/wp-content\/uploads\/2025\/01\/cropped-cropped-Red-Pokemon-Birthday-Ideas-for-Boyfriend-Facebook-Post-3-1.png\",\"width\":421,\"height\":476,\"caption\":\"Pokelab Tcg\"},\"image\":{\"@id\":\"https:\/\/www.pokelabtcg.fr\/#\/schema\/logo\/image\/\"}}]}<\/script>\n<!-- \/ Yoast SEO plugin. -->","yoast_head_json":{"title":"Pr\u00e9commande Coffret Super Premium Evolutions Prismatiques","description":"Coffret Collection Super Premium Evolutions Prismatiques EV8.5 en version FR : Carte exclusive Evoli-ex, 15 boosters, tapis de jeu et plus ! Limite de 1 par foyer.","robots":{"index":"index","follow":"follow","max-snippet":"max-snippet:-1","max-image-preview":"max-image-preview:large","max-video-preview":"max-video-preview:-1"},"canonical":"https:\/\/pokelabtcg.fr\/index.php\/produit\/precommande-coffret-super-premium-ev8-5-fr\/","og_locale":"fr_FR","og_type":"article","og_title":"Pr\u00e9commande Coffret Super Premium Evolutions Prismatiques","og_description":"Coffret Collection Super Premium Evolutions Prismatiques EV8.5 en version FR : Carte exclusive Evoli-ex, 15 boosters, tapis de jeu et plus ! Limite de 1 par foyer.","og_url":"https:\/\/pokelabtcg.fr\/index.php\/produit\/precommande-coffret-super-premium-ev8-5-fr\/","og_site_name":"Pokelab Tcg","article_modified_time":"2025-05-17T09:11:08+00:00","og_image":[{"width":1500,"height":900,"url":"https:\/\/pokelabtcg.fr\/wp-content\/uploads\/2025\/03\/SLIDER-Coffret-Collection-Super-Premium-Evolutions-Prismatiques-EV8.5-US.jpg","type":"image\/jpeg"}],"twitter_card":"summary_large_image","twitter_misc":{"Dur\u00e9e de lecture estim\u00e9e":"1 minute"},"schema":{"@context":"https:\/\/schema.org","@graph":[{"@type":"WebPage","@id":"https:\/\/pokelabtcg.fr\/index.php\/produit\/precommande-coffret-super-premium-ev8-5-fr\/","url":"https:\/\/pokelabtcg.fr\/index.php\/produit\/precommande-coffret-super-premium-ev8-5-fr\/","name":"Pr\u00e9commande Coffret Super Premium Evolutions Prismatiques","isPartOf":{"@id":"https:\/\/www.pokelabtcg.fr\/#website"},"primaryImageOfPage":{"@id":"https:\/\/pokelabtcg.fr\/index.php\/produit\/precommande-coffret-super-premium-ev8-5-fr\/#primaryimage"},"image":{"@id":"https:\/\/pokelabtcg.fr\/index.php\/produit\/precommande-coffret-super-premium-ev8-5-fr\/#primaryimage"},"thumbnailUrl":"https:\/\/pokelabtcg.fr\/wp-content\/uploads\/2025\/03\/SLIDER-Coffret-Collection-Super-Premium-Evolutions-Prismatiques-EV8.5-US.jpg","datePublished":"2025-03-15T13:07:30+00:00","dateModified":"2025-05-17T09:11:08+00:00","description":"Coffret Collection Super Premium Evolutions Prismatiques EV8.5 en version FR : Carte exclusive Evoli-ex, 15 boosters, tapis de jeu et plus ! Limite de 1 par foyer.","breadcrumb":{"@id":"https:\/\/pokelabtcg.fr\/index.php\/produit\/precommande-coffret-super-premium-ev8-5-fr\/#breadcrumb"},"inLanguage":"fr-FR","potentialAction":[{"@type":"ReadAction","target":["https:\/\/pokelabtcg.fr\/index.php\/produit\/precommande-coffret-super-premium-ev8-5-fr\/"]}]},{"@type":"ImageObject","inLanguage":"fr-FR","@id":"https:\/\/pokelabtcg.fr\/index.php\/produit\/precommande-coffret-super-premium-ev8-5-fr\/#primaryimage","url":"https:\/\/pokelabtcg.fr\/wp-content\/uploads\/2025\/03\/SLIDER-Coffret-Collection-Super-Premium-Evolutions-Prismatiques-EV8.5-US.jpg","contentUrl":"https:\/\/pokelabtcg.fr\/wp-content\/uploads\/2025\/03\/SLIDER-Coffret-Collection-Super-Premium-Evolutions-Prismatiques-EV8.5-US.jpg","width":1500,"height":900},{"@type":"BreadcrumbList","@id":"https:\/\/pokelabtcg.fr\/index.php\/produit\/precommande-coffret-super-premium-ev8-5-fr\/#breadcrumb","itemListElement":[{"@type":"ListItem","position":1,"name":"Accueil","item":"https:\/\/pokelabtcg.fr\/"},{"@type":"ListItem","position":2,"name":"Boutique","item":"https:\/\/pokelabtcg.fr\/"},{"@type":"ListItem","position":3,"name":"Precommande coffret super premium EV8.5 &#8211; FR"}]},{"@type":"WebSite","@id":"https:\/\/www.pokelabtcg.fr\/#website","url":"https:\/\/www.pokelabtcg.fr\/","name":"Pokelab Tcg","description":"","publisher":{"@id":"https:\/\/www.pokelabtcg.fr\/#organization"},"potentialAction":[{"@type":"SearchAction","target":{"@type":"EntryPoint","urlTemplate":"https:\/\/www.pokelabtcg.fr\/?s={search_term_string}"},"query-input":{"@type":"PropertyValueSpecification","valueRequired":true,"valueName":"search_term_string"}}],"inLanguage":"fr-FR"},{"@type":"Organization","@id":"https:\/\/www.pokelabtcg.fr\/#organization","name":"Pokelab Tcg","url":"https:\/\/www.pokelabtcg.fr\/","logo":{"@type":"ImageObject","inLanguage":"fr-FR","@id":"https:\/\/www.pokelabtcg.fr\/#\/schema\/logo\/image\/","url":"https:\/\/pokelabtcg.fr\/wp-content\/uploads\/2025\/01\/cropped-cropped-Red-Pokemon-Birthday-Ideas-for-Boyfriend-Facebook-Post-3-1.png","contentUrl":"https:\/\/pokelabtcg.fr\/wp-content\/uploads\/2025\/01\/cropped-cropped-Red-Pokemon-Birthday-Ideas-for-Boyfriend-Facebook-Post-3-1.png","width":421,"height":476,"caption":"Pokelab Tcg"},"image":{"@id":"https:\/\/www.pokelabtcg.fr\/#\/schema\/logo\/image\/"}}]}},"_links":{"self":[{"href":"https:\/\/pokelabtcg.fr\/index.php\/wp-json\/wp\/v2\/product\/541","targetHints":{"allow":["GET"]}}],"collection":[{"href":"https:\/\/pokelabtcg.fr\/index.php\/wp-json\/wp\/v2\/product"}],"about":[{"href":"https:\/\/pokelabtcg.fr\/index.php\/wp-json\/wp\/v2\/types\/product"}],"replies":[{"embeddable":true,"href":"https:\/\/pokelabtcg.fr\/index.php\/wp-json\/wp\/v2\/comments?post=541"}],"wp:featuredmedia":[{"embeddable":true,"href":"https:\/\/pokelabtcg.fr\/index.php\/wp-json\/wp\/v2\/media\/537"}],"wp:attachment":[{"href":"https:\/\/pokelabtcg.fr\/index.php\/wp-json\/wp\/v2\/media?parent=541"}],"wp:term":[{"taxonomy":"product_brand","embeddable":true,"href":"https:\/\/pokelabtcg.fr\/index.php\/wp-json\/wp\/v2\/product_brand?post=541"},{"taxonomy":"product_cat","embeddable":true,"href":"https:\/\/pokelabtcg.fr\/index.php\/wp-json\/wp\/v2\/product_cat?post=541"},{"taxonomy":"product_tag","embeddable":true,"href":"https:\/\/pokelabtcg.fr\/index.php\/wp-json\/wp\/v2\/product_tag?post=541"}],"curies":[{"name":"wp","href":"https:\/\/api.w.org\/{rel}","templated":true}]}}