{"id":148,"date":"2025-01-28T05:28:46","date_gmt":"2025-01-28T04:28:46","guid":{"rendered":"https:\/?post_type=product&#038;p=148"},"modified":"2025-03-15T18:38:46","modified_gmt":"2025-03-15T17:38:46","slug":"protection-acrylique-pour-demi-display","status":"publish","type":"product","link":"https:\/\/pokelabtcg.fr\/index.php\/produit\/protection-acrylique-pour-demi-display\/","title":{"rendered":"Protection Acrylique pour Demi Display &#8211; Anti Uv"},"content":{"rendered":"<p dir=\"ltr\">Le plexiglas est<strong>\u00a0transparent et r\u00e9sistant aux UV<\/strong> pour prot\u00e9ger l\u2019item du jaunissement avec le temps tout en le mettant en valeur.<\/p>\n<p dir=\"ltr\">La protection est envoy\u00e9e sous forme de <strong>kit \u00e0 monter soit m\u00eame<\/strong>. Un code QR sur les pi\u00e8ces renvoie aux diff\u00e9rentes vid\u00e9os d\u2019aide au montage.<br \/>\nLa visserie et<strong> l\u2019aimant d\u2019aide au montage<\/strong> sont fournis.<\/p>\n<p dir=\"ltr\">Chaque pi\u00e8ce est recouverte d\u2019un <strong>film de protection<\/strong> (transparent, matte ou color\u00e9) <strong>sur chaque face<\/strong> pour \u00e9viter l\u2019apparition de micro-rayures sur les surfaces lors de la pr\u00e9paration de commande et le transport.<\/p>\n<p dir=\"ltr\">Toutes les pi\u00e8ces sont <strong>garanties jusqu\u2019\u00e0 la livraison<\/strong> et seront remplac\u00e9es en cas de perte ou casse.<\/p>\n","protected":false},"excerpt":{"rendered":"<p>Conservez vos cartes Pok\u00e9mon en toute s\u00e9curit\u00e9 avec cette protection acrylique pour demi display, offrant une protection contre la lumi\u00e8re, la poussi\u00e8re et les \u00e9l\u00e9ments, tout en garantissant une conservation optimale.<\/p>\n","protected":false},"featured_media":149,"comment_status":"open","ping_status":"closed","template":"","meta":[],"product_brand":[],"product_cat":[15],"product_tag":[],"class_list":{"0":"post-148","1":"product","2":"type-product","3":"status-publish","4":"has-post-thumbnail","6":"product_cat-non-classe","8":"entry","9":"has-media","11":"first","12":"outofstock","13":"shipping-taxable","14":"purchasable","15":"product-type-simple","16":"has-rating","17":"has-product-nav","18":"col","19":"span_1_of_3","20":"owp-content-center","21":"owp-thumbs-layout-horizontal","22":"owp-btn-normal","23":"owp-tabs-layout-horizontal","24":"has-no-thumbnails"},"yoast_head":"<!-- This site is optimized with the Yoast SEO plugin v24.4 - https:\/\/yoast.com\/wordpress\/plugins\/seo\/ -->\n<title>Protection Acrylique pour Demi Display sur pokelab.fr !<\/title>\n<meta name=\"description\" content=\"Prot\u00e9gez vos cartes Pok\u00e9mon avec cette protection acrylique pour demi display, id\u00e9ale contre la lumi\u00e8re, la poussi\u00e8re et les \u00e9l\u00e9ments !\" \/>\n<meta name=\"robots\" content=\"index, follow, max-snippet:-1, max-image-preview:large, max-video-preview:-1\" \/>\n<link rel=\"canonical\" href=\"https:\/\/pokelabtcg.fr\/index.php\/produit\/protection-acrylique-pour-demi-display\/\" \/>\n<meta property=\"og:locale\" content=\"fr_FR\" \/>\n<meta property=\"og:type\" content=\"article\" \/>\n<meta property=\"og:title\" content=\"Protection Acrylique pour Demi Display sur pokelab.fr !\" \/>\n<meta property=\"og:description\" content=\"Prot\u00e9gez vos cartes Pok\u00e9mon avec cette protection acrylique pour demi display, id\u00e9ale contre la lumi\u00e8re, la poussi\u00e8re et les \u00e9l\u00e9ments !\" \/>\n<meta property=\"og:url\" content=\"https:\/\/pokelabtcg.fr\/index.php\/produit\/protection-acrylique-pour-demi-display\/\" \/>\n<meta property=\"og:site_name\" content=\"Pokelab Tcg\" \/>\n<meta property=\"article:modified_time\" content=\"2025-03-15T17:38:46+00:00\" \/>\n<meta property=\"og:image\" content=\"https:\/\/pokelabtcg.fr\/wp-content\/uploads\/2025\/01\/demi-display-SP.jpg\" \/>\n\t<meta property=\"og:image:width\" content=\"375\" \/>\n\t<meta property=\"og:image:height\" content=\"546\" \/>\n\t<meta property=\"og:image:type\" content=\"image\/jpeg\" \/>\n<meta name=\"twitter:card\" content=\"summary_large_image\" \/>\n<meta name=\"twitter:label1\" content=\"Dur\u00e9e de lecture estim\u00e9e\" \/>\n\t<meta name=\"twitter:data1\" content=\"1 minute\" \/>\n<script type=\"application\/ld+json\" class=\"yoast-schema-graph\">{\"@context\":\"https:\/\/schema.org\",\"@graph\":[{\"@type\":\"WebPage\",\"@id\":\"https:\/\/pokelabtcg.fr\/index.php\/produit\/protection-acrylique-pour-demi-display\/\",\"url\":\"https:\/\/pokelabtcg.fr\/index.php\/produit\/protection-acrylique-pour-demi-display\/\",\"name\":\"Protection Acrylique pour Demi Display sur pokelab.fr !\",\"isPartOf\":{\"@id\":\"https:\/\/www.pokelabtcg.fr\/#website\"},\"primaryImageOfPage\":{\"@id\":\"https:\/\/pokelabtcg.fr\/index.php\/produit\/protection-acrylique-pour-demi-display\/#primaryimage\"},\"image\":{\"@id\":\"https:\/\/pokelabtcg.fr\/index.php\/produit\/protection-acrylique-pour-demi-display\/#primaryimage\"},\"thumbnailUrl\":\"https:\/\/pokelabtcg.fr\/wp-content\/uploads\/2025\/01\/demi-display-SP.jpg\",\"datePublished\":\"2025-01-28T04:28:46+00:00\",\"dateModified\":\"2025-03-15T17:38:46+00:00\",\"description\":\"Prot\u00e9gez vos cartes Pok\u00e9mon avec cette protection acrylique pour demi display, id\u00e9ale contre la lumi\u00e8re, la poussi\u00e8re et les \u00e9l\u00e9ments !\",\"breadcrumb\":{\"@id\":\"https:\/\/pokelabtcg.fr\/index.php\/produit\/protection-acrylique-pour-demi-display\/#breadcrumb\"},\"inLanguage\":\"fr-FR\",\"potentialAction\":[{\"@type\":\"ReadAction\",\"target\":[\"https:\/\/pokelabtcg.fr\/index.php\/produit\/protection-acrylique-pour-demi-display\/\"]}]},{\"@type\":\"ImageObject\",\"inLanguage\":\"fr-FR\",\"@id\":\"https:\/\/pokelabtcg.fr\/index.php\/produit\/protection-acrylique-pour-demi-display\/#primaryimage\",\"url\":\"https:\/\/pokelabtcg.fr\/wp-content\/uploads\/2025\/01\/demi-display-SP.jpg\",\"contentUrl\":\"https:\/\/pokelabtcg.fr\/wp-content\/uploads\/2025\/01\/demi-display-SP.jpg\",\"width\":375,\"height\":546},{\"@type\":\"BreadcrumbList\",\"@id\":\"https:\/\/pokelabtcg.fr\/index.php\/produit\/protection-acrylique-pour-demi-display\/#breadcrumb\",\"itemListElement\":[{\"@type\":\"ListItem\",\"position\":1,\"name\":\"Accueil\",\"item\":\"https:\/\/pokelabtcg.fr\/\"},{\"@type\":\"ListItem\",\"position\":2,\"name\":\"Boutique\",\"item\":\"https:\/\/pokelabtcg.fr\/\"},{\"@type\":\"ListItem\",\"position\":3,\"name\":\"Protection Acrylique pour Demi Display &#8211; Anti Uv\"}]},{\"@type\":\"WebSite\",\"@id\":\"https:\/\/www.pokelabtcg.fr\/#website\",\"url\":\"https:\/\/www.pokelabtcg.fr\/\",\"name\":\"Pokelab Tcg\",\"description\":\"\",\"publisher\":{\"@id\":\"https:\/\/www.pokelabtcg.fr\/#organization\"},\"potentialAction\":[{\"@type\":\"SearchAction\",\"target\":{\"@type\":\"EntryPoint\",\"urlTemplate\":\"https:\/\/www.pokelabtcg.fr\/?s={search_term_string}\"},\"query-input\":{\"@type\":\"PropertyValueSpecification\",\"valueRequired\":true,\"valueName\":\"search_term_string\"}}],\"inLanguage\":\"fr-FR\"},{\"@type\":\"Organization\",\"@id\":\"https:\/\/www.pokelabtcg.fr\/#organization\",\"name\":\"Pokelab Tcg\",\"url\":\"https:\/\/www.pokelabtcg.fr\/\",\"logo\":{\"@type\":\"ImageObject\",\"inLanguage\":\"fr-FR\",\"@id\":\"https:\/\/www.pokelabtcg.fr\/#\/schema\/logo\/image\/\",\"url\":\"https:\/\/pokelabtcg.fr\/wp-content\/uploads\/2025\/01\/cropped-cropped-Red-Pokemon-Birthday-Ideas-for-Boyfriend-Facebook-Post-3-1.png\",\"contentUrl\":\"https:\/\/pokelabtcg.fr\/wp-content\/uploads\/2025\/01\/cropped-cropped-Red-Pokemon-Birthday-Ideas-for-Boyfriend-Facebook-Post-3-1.png\",\"width\":421,\"height\":476,\"caption\":\"Pokelab Tcg\"},\"image\":{\"@id\":\"https:\/\/www.pokelabtcg.fr\/#\/schema\/logo\/image\/\"}}]}<\/script>\n<!-- \/ Yoast SEO plugin. -->","yoast_head_json":{"title":"Protection Acrylique pour Demi Display sur pokelab.fr !","description":"Prot\u00e9gez vos cartes Pok\u00e9mon avec cette protection acrylique pour demi display, id\u00e9ale contre la lumi\u00e8re, la poussi\u00e8re et les \u00e9l\u00e9ments !","robots":{"index":"index","follow":"follow","max-snippet":"max-snippet:-1","max-image-preview":"max-image-preview:large","max-video-preview":"max-video-preview:-1"},"canonical":"https:\/\/pokelabtcg.fr\/index.php\/produit\/protection-acrylique-pour-demi-display\/","og_locale":"fr_FR","og_type":"article","og_title":"Protection Acrylique pour Demi Display sur pokelab.fr !","og_description":"Prot\u00e9gez vos cartes Pok\u00e9mon avec cette protection acrylique pour demi display, id\u00e9ale contre la lumi\u00e8re, la poussi\u00e8re et les \u00e9l\u00e9ments !","og_url":"https:\/\/pokelabtcg.fr\/index.php\/produit\/protection-acrylique-pour-demi-display\/","og_site_name":"Pokelab Tcg","article_modified_time":"2025-03-15T17:38:46+00:00","og_image":[{"width":375,"height":546,"url":"https:\/\/pokelabtcg.fr\/wp-content\/uploads\/2025\/01\/demi-display-SP.jpg","type":"image\/jpeg"}],"twitter_card":"summary_large_image","twitter_misc":{"Dur\u00e9e de lecture estim\u00e9e":"1 minute"},"schema":{"@context":"https:\/\/schema.org","@graph":[{"@type":"WebPage","@id":"https:\/\/pokelabtcg.fr\/index.php\/produit\/protection-acrylique-pour-demi-display\/","url":"https:\/\/pokelabtcg.fr\/index.php\/produit\/protection-acrylique-pour-demi-display\/","name":"Protection Acrylique pour Demi Display sur pokelab.fr !","isPartOf":{"@id":"https:\/\/www.pokelabtcg.fr\/#website"},"primaryImageOfPage":{"@id":"https:\/\/pokelabtcg.fr\/index.php\/produit\/protection-acrylique-pour-demi-display\/#primaryimage"},"image":{"@id":"https:\/\/pokelabtcg.fr\/index.php\/produit\/protection-acrylique-pour-demi-display\/#primaryimage"},"thumbnailUrl":"https:\/\/pokelabtcg.fr\/wp-content\/uploads\/2025\/01\/demi-display-SP.jpg","datePublished":"2025-01-28T04:28:46+00:00","dateModified":"2025-03-15T17:38:46+00:00","description":"Prot\u00e9gez vos cartes Pok\u00e9mon avec cette protection acrylique pour demi display, id\u00e9ale contre la lumi\u00e8re, la poussi\u00e8re et les \u00e9l\u00e9ments !","breadcrumb":{"@id":"https:\/\/pokelabtcg.fr\/index.php\/produit\/protection-acrylique-pour-demi-display\/#breadcrumb"},"inLanguage":"fr-FR","potentialAction":[{"@type":"ReadAction","target":["https:\/\/pokelabtcg.fr\/index.php\/produit\/protection-acrylique-pour-demi-display\/"]}]},{"@type":"ImageObject","inLanguage":"fr-FR","@id":"https:\/\/pokelabtcg.fr\/index.php\/produit\/protection-acrylique-pour-demi-display\/#primaryimage","url":"https:\/\/pokelabtcg.fr\/wp-content\/uploads\/2025\/01\/demi-display-SP.jpg","contentUrl":"https:\/\/pokelabtcg.fr\/wp-content\/uploads\/2025\/01\/demi-display-SP.jpg","width":375,"height":546},{"@type":"BreadcrumbList","@id":"https:\/\/pokelabtcg.fr\/index.php\/produit\/protection-acrylique-pour-demi-display\/#breadcrumb","itemListElement":[{"@type":"ListItem","position":1,"name":"Accueil","item":"https:\/\/pokelabtcg.fr\/"},{"@type":"ListItem","position":2,"name":"Boutique","item":"https:\/\/pokelabtcg.fr\/"},{"@type":"ListItem","position":3,"name":"Protection Acrylique pour Demi Display &#8211; Anti Uv"}]},{"@type":"WebSite","@id":"https:\/\/www.pokelabtcg.fr\/#website","url":"https:\/\/www.pokelabtcg.fr\/","name":"Pokelab Tcg","description":"","publisher":{"@id":"https:\/\/www.pokelabtcg.fr\/#organization"},"potentialAction":[{"@type":"SearchAction","target":{"@type":"EntryPoint","urlTemplate":"https:\/\/www.pokelabtcg.fr\/?s={search_term_string}"},"query-input":{"@type":"PropertyValueSpecification","valueRequired":true,"valueName":"search_term_string"}}],"inLanguage":"fr-FR"},{"@type":"Organization","@id":"https:\/\/www.pokelabtcg.fr\/#organization","name":"Pokelab Tcg","url":"https:\/\/www.pokelabtcg.fr\/","logo":{"@type":"ImageObject","inLanguage":"fr-FR","@id":"https:\/\/www.pokelabtcg.fr\/#\/schema\/logo\/image\/","url":"https:\/\/pokelabtcg.fr\/wp-content\/uploads\/2025\/01\/cropped-cropped-Red-Pokemon-Birthday-Ideas-for-Boyfriend-Facebook-Post-3-1.png","contentUrl":"https:\/\/pokelabtcg.fr\/wp-content\/uploads\/2025\/01\/cropped-cropped-Red-Pokemon-Birthday-Ideas-for-Boyfriend-Facebook-Post-3-1.png","width":421,"height":476,"caption":"Pokelab Tcg"},"image":{"@id":"https:\/\/www.pokelabtcg.fr\/#\/schema\/logo\/image\/"}}]}},"_links":{"self":[{"href":"https:\/\/pokelabtcg.fr\/index.php\/wp-json\/wp\/v2\/product\/148","targetHints":{"allow":["GET"]}}],"collection":[{"href":"https:\/\/pokelabtcg.fr\/index.php\/wp-json\/wp\/v2\/product"}],"about":[{"href":"https:\/\/pokelabtcg.fr\/index.php\/wp-json\/wp\/v2\/types\/product"}],"replies":[{"embeddable":true,"href":"https:\/\/pokelabtcg.fr\/index.php\/wp-json\/wp\/v2\/comments?post=148"}],"wp:featuredmedia":[{"embeddable":true,"href":"https:\/\/pokelabtcg.fr\/index.php\/wp-json\/wp\/v2\/media\/149"}],"wp:attachment":[{"href":"https:\/\/pokelabtcg.fr\/index.php\/wp-json\/wp\/v2\/media?parent=148"}],"wp:term":[{"taxonomy":"product_brand","embeddable":true,"href":"https:\/\/pokelabtcg.fr\/index.php\/wp-json\/wp\/v2\/product_brand?post=148"},{"taxonomy":"product_cat","embeddable":true,"href":"https:\/\/pokelabtcg.fr\/index.php\/wp-json\/wp\/v2\/product_cat?post=148"},{"taxonomy":"product_tag","embeddable":true,"href":"https:\/\/pokelabtcg.fr\/index.php\/wp-json\/wp\/v2\/product_tag?post=148"}],"curies":[{"name":"wp","href":"https:\/\/api.w.org\/{rel}","templated":true}]}}