{"id":146,"date":"2025-01-28T05:22:04","date_gmt":"2025-01-28T04:22:04","guid":{"rendered":"https:\/?post_type=product&#038;p=146"},"modified":"2025-05-17T11:11:40","modified_gmt":"2025-05-17T09:11:40","slug":"protection-acrylique-display-36-boosters","status":"publish","type":"product","link":"https:\/\/pokelabtcg.fr\/index.php\/produit\/protection-acrylique-display-36-boosters\/","title":{"rendered":"Protection acrylique &#8211; Pour Display &#8211; Anti Uv"},"content":{"rendered":"<p>Prot\u00e9gez vos boosters Pok\u00e9mon avec cette protection acrylique solide et fiable. Con\u00e7ue pour pr\u00e9server vos cartes des \u00e9l\u00e9ments, de la lumi\u00e8re et de la poussi\u00e8re, elle assure une conservation optimale tout en offrant une vue claire pour exposer votre collection.<\/p>\n","protected":false},"excerpt":{"rendered":"<p>Conservez vos boosters Pok\u00e9mon en toute s\u00e9curit\u00e9 avec cette protection acrylique robuste. R\u00e9sistante \u00e0 la lumi\u00e8re, \u00e0 la poussi\u00e8re et aux intemp\u00e9ries, elle garde vos cartes prot\u00e9g\u00e9es tout en permettant une exposition claire et \u00e9l\u00e9gante.<\/p>\n","protected":false},"featured_media":147,"comment_status":"open","ping_status":"closed","template":"","meta":[],"product_brand":[],"product_cat":[15],"product_tag":[],"class_list":{"0":"post-146","1":"product","2":"type-product","3":"status-publish","4":"has-post-thumbnail","6":"product_cat-non-classe","8":"entry","9":"has-media","11":"first","12":"outofstock","13":"shipping-taxable","14":"purchasable","15":"product-type-simple","16":"has-product-nav","17":"col","18":"span_1_of_3","19":"owp-content-center","20":"owp-thumbs-layout-horizontal","21":"owp-btn-normal","22":"owp-tabs-layout-horizontal","23":"has-no-thumbnails"},"yoast_head":"<!-- This site is optimized with the Yoast SEO plugin v24.4 - https:\/\/yoast.com\/wordpress\/plugins\/seo\/ -->\n<title>Protection Acrylique pour une Display de 36 Boosters !<\/title>\n<meta name=\"description\" content=\"Prot\u00e9gez vos display des \u00e9l\u00e9ments, de la lumi\u00e8re et de la poussi\u00e8re avec cette protection acrylique solide, id\u00e9ale pour la conservation \u00e0 long terme !\" \/>\n<meta name=\"robots\" content=\"index, follow, max-snippet:-1, max-image-preview:large, max-video-preview:-1\" \/>\n<link rel=\"canonical\" href=\"https:\/\/pokelabtcg.fr\/index.php\/produit\/protection-acrylique-display-36-boosters\/\" \/>\n<meta property=\"og:locale\" content=\"fr_FR\" \/>\n<meta property=\"og:type\" content=\"article\" \/>\n<meta property=\"og:title\" content=\"Protection Acrylique pour une Display de 36 Boosters !\" \/>\n<meta property=\"og:description\" content=\"Prot\u00e9gez vos display des \u00e9l\u00e9ments, de la lumi\u00e8re et de la poussi\u00e8re avec cette protection acrylique solide, id\u00e9ale pour la conservation \u00e0 long terme !\" \/>\n<meta property=\"og:url\" content=\"https:\/\/pokelabtcg.fr\/index.php\/produit\/protection-acrylique-display-36-boosters\/\" \/>\n<meta property=\"og:site_name\" content=\"Pokelab Tcg\" \/>\n<meta property=\"article:modified_time\" content=\"2025-05-17T09:11:40+00:00\" \/>\n<meta property=\"og:image\" content=\"https:\/\/pokelabtcg.fr\/wp-content\/uploads\/2025\/01\/protectiondisplay.png.webp\" \/>\n\t<meta property=\"og:image:width\" content=\"2000\" \/>\n\t<meta property=\"og:image:height\" content=\"2000\" \/>\n\t<meta property=\"og:image:type\" content=\"image\/webp\" \/>\n<meta name=\"twitter:card\" content=\"summary_large_image\" \/>\n<meta name=\"twitter:label1\" content=\"Dur\u00e9e de lecture estim\u00e9e\" \/>\n\t<meta name=\"twitter:data1\" content=\"1 minute\" \/>\n<script type=\"application\/ld+json\" class=\"yoast-schema-graph\">{\"@context\":\"https:\/\/schema.org\",\"@graph\":[{\"@type\":\"WebPage\",\"@id\":\"https:\/\/pokelabtcg.fr\/index.php\/produit\/protection-acrylique-display-36-boosters\/\",\"url\":\"https:\/\/pokelabtcg.fr\/index.php\/produit\/protection-acrylique-display-36-boosters\/\",\"name\":\"Protection Acrylique pour une Display de 36 Boosters !\",\"isPartOf\":{\"@id\":\"https:\/\/www.pokelabtcg.fr\/#website\"},\"primaryImageOfPage\":{\"@id\":\"https:\/\/pokelabtcg.fr\/index.php\/produit\/protection-acrylique-display-36-boosters\/#primaryimage\"},\"image\":{\"@id\":\"https:\/\/pokelabtcg.fr\/index.php\/produit\/protection-acrylique-display-36-boosters\/#primaryimage\"},\"thumbnailUrl\":\"https:\/\/pokelabtcg.fr\/wp-content\/uploads\/2025\/01\/protectiondisplay.png.webp\",\"datePublished\":\"2025-01-28T04:22:04+00:00\",\"dateModified\":\"2025-05-17T09:11:40+00:00\",\"description\":\"Prot\u00e9gez vos display des \u00e9l\u00e9ments, de la lumi\u00e8re et de la poussi\u00e8re avec cette protection acrylique solide, id\u00e9ale pour la conservation \u00e0 long terme !\",\"breadcrumb\":{\"@id\":\"https:\/\/pokelabtcg.fr\/index.php\/produit\/protection-acrylique-display-36-boosters\/#breadcrumb\"},\"inLanguage\":\"fr-FR\",\"potentialAction\":[{\"@type\":\"ReadAction\",\"target\":[\"https:\/\/pokelabtcg.fr\/index.php\/produit\/protection-acrylique-display-36-boosters\/\"]}]},{\"@type\":\"ImageObject\",\"inLanguage\":\"fr-FR\",\"@id\":\"https:\/\/pokelabtcg.fr\/index.php\/produit\/protection-acrylique-display-36-boosters\/#primaryimage\",\"url\":\"https:\/\/pokelabtcg.fr\/wp-content\/uploads\/2025\/01\/protectiondisplay.png.webp\",\"contentUrl\":\"https:\/\/pokelabtcg.fr\/wp-content\/uploads\/2025\/01\/protectiondisplay.png.webp\",\"width\":2000,\"height\":2000},{\"@type\":\"BreadcrumbList\",\"@id\":\"https:\/\/pokelabtcg.fr\/index.php\/produit\/protection-acrylique-display-36-boosters\/#breadcrumb\",\"itemListElement\":[{\"@type\":\"ListItem\",\"position\":1,\"name\":\"Accueil\",\"item\":\"https:\/\/pokelabtcg.fr\/\"},{\"@type\":\"ListItem\",\"position\":2,\"name\":\"Boutique\",\"item\":\"https:\/\/pokelabtcg.fr\/\"},{\"@type\":\"ListItem\",\"position\":3,\"name\":\"Protection acrylique &#8211; Pour Display &#8211; Anti Uv\"}]},{\"@type\":\"WebSite\",\"@id\":\"https:\/\/www.pokelabtcg.fr\/#website\",\"url\":\"https:\/\/www.pokelabtcg.fr\/\",\"name\":\"Pokelab Tcg\",\"description\":\"\",\"publisher\":{\"@id\":\"https:\/\/www.pokelabtcg.fr\/#organization\"},\"potentialAction\":[{\"@type\":\"SearchAction\",\"target\":{\"@type\":\"EntryPoint\",\"urlTemplate\":\"https:\/\/www.pokelabtcg.fr\/?s={search_term_string}\"},\"query-input\":{\"@type\":\"PropertyValueSpecification\",\"valueRequired\":true,\"valueName\":\"search_term_string\"}}],\"inLanguage\":\"fr-FR\"},{\"@type\":\"Organization\",\"@id\":\"https:\/\/www.pokelabtcg.fr\/#organization\",\"name\":\"Pokelab Tcg\",\"url\":\"https:\/\/www.pokelabtcg.fr\/\",\"logo\":{\"@type\":\"ImageObject\",\"inLanguage\":\"fr-FR\",\"@id\":\"https:\/\/www.pokelabtcg.fr\/#\/schema\/logo\/image\/\",\"url\":\"https:\/\/pokelabtcg.fr\/wp-content\/uploads\/2025\/01\/cropped-cropped-Red-Pokemon-Birthday-Ideas-for-Boyfriend-Facebook-Post-3-1.png\",\"contentUrl\":\"https:\/\/pokelabtcg.fr\/wp-content\/uploads\/2025\/01\/cropped-cropped-Red-Pokemon-Birthday-Ideas-for-Boyfriend-Facebook-Post-3-1.png\",\"width\":421,\"height\":476,\"caption\":\"Pokelab Tcg\"},\"image\":{\"@id\":\"https:\/\/www.pokelabtcg.fr\/#\/schema\/logo\/image\/\"}}]}<\/script>\n<!-- \/ Yoast SEO plugin. -->","yoast_head_json":{"title":"Protection Acrylique pour une Display de 36 Boosters !","description":"Prot\u00e9gez vos display des \u00e9l\u00e9ments, de la lumi\u00e8re et de la poussi\u00e8re avec cette protection acrylique solide, id\u00e9ale pour la conservation \u00e0 long terme !","robots":{"index":"index","follow":"follow","max-snippet":"max-snippet:-1","max-image-preview":"max-image-preview:large","max-video-preview":"max-video-preview:-1"},"canonical":"https:\/\/pokelabtcg.fr\/index.php\/produit\/protection-acrylique-display-36-boosters\/","og_locale":"fr_FR","og_type":"article","og_title":"Protection Acrylique pour une Display de 36 Boosters !","og_description":"Prot\u00e9gez vos display des \u00e9l\u00e9ments, de la lumi\u00e8re et de la poussi\u00e8re avec cette protection acrylique solide, id\u00e9ale pour la conservation \u00e0 long terme !","og_url":"https:\/\/pokelabtcg.fr\/index.php\/produit\/protection-acrylique-display-36-boosters\/","og_site_name":"Pokelab Tcg","article_modified_time":"2025-05-17T09:11:40+00:00","og_image":[{"width":2000,"height":2000,"url":"https:\/\/pokelabtcg.fr\/wp-content\/uploads\/2025\/01\/protectiondisplay.png.webp","type":"image\/webp"}],"twitter_card":"summary_large_image","twitter_misc":{"Dur\u00e9e de lecture estim\u00e9e":"1 minute"},"schema":{"@context":"https:\/\/schema.org","@graph":[{"@type":"WebPage","@id":"https:\/\/pokelabtcg.fr\/index.php\/produit\/protection-acrylique-display-36-boosters\/","url":"https:\/\/pokelabtcg.fr\/index.php\/produit\/protection-acrylique-display-36-boosters\/","name":"Protection Acrylique pour une Display de 36 Boosters !","isPartOf":{"@id":"https:\/\/www.pokelabtcg.fr\/#website"},"primaryImageOfPage":{"@id":"https:\/\/pokelabtcg.fr\/index.php\/produit\/protection-acrylique-display-36-boosters\/#primaryimage"},"image":{"@id":"https:\/\/pokelabtcg.fr\/index.php\/produit\/protection-acrylique-display-36-boosters\/#primaryimage"},"thumbnailUrl":"https:\/\/pokelabtcg.fr\/wp-content\/uploads\/2025\/01\/protectiondisplay.png.webp","datePublished":"2025-01-28T04:22:04+00:00","dateModified":"2025-05-17T09:11:40+00:00","description":"Prot\u00e9gez vos display des \u00e9l\u00e9ments, de la lumi\u00e8re et de la poussi\u00e8re avec cette protection acrylique solide, id\u00e9ale pour la conservation \u00e0 long terme !","breadcrumb":{"@id":"https:\/\/pokelabtcg.fr\/index.php\/produit\/protection-acrylique-display-36-boosters\/#breadcrumb"},"inLanguage":"fr-FR","potentialAction":[{"@type":"ReadAction","target":["https:\/\/pokelabtcg.fr\/index.php\/produit\/protection-acrylique-display-36-boosters\/"]}]},{"@type":"ImageObject","inLanguage":"fr-FR","@id":"https:\/\/pokelabtcg.fr\/index.php\/produit\/protection-acrylique-display-36-boosters\/#primaryimage","url":"https:\/\/pokelabtcg.fr\/wp-content\/uploads\/2025\/01\/protectiondisplay.png.webp","contentUrl":"https:\/\/pokelabtcg.fr\/wp-content\/uploads\/2025\/01\/protectiondisplay.png.webp","width":2000,"height":2000},{"@type":"BreadcrumbList","@id":"https:\/\/pokelabtcg.fr\/index.php\/produit\/protection-acrylique-display-36-boosters\/#breadcrumb","itemListElement":[{"@type":"ListItem","position":1,"name":"Accueil","item":"https:\/\/pokelabtcg.fr\/"},{"@type":"ListItem","position":2,"name":"Boutique","item":"https:\/\/pokelabtcg.fr\/"},{"@type":"ListItem","position":3,"name":"Protection acrylique &#8211; Pour Display &#8211; Anti Uv"}]},{"@type":"WebSite","@id":"https:\/\/www.pokelabtcg.fr\/#website","url":"https:\/\/www.pokelabtcg.fr\/","name":"Pokelab Tcg","description":"","publisher":{"@id":"https:\/\/www.pokelabtcg.fr\/#organization"},"potentialAction":[{"@type":"SearchAction","target":{"@type":"EntryPoint","urlTemplate":"https:\/\/www.pokelabtcg.fr\/?s={search_term_string}"},"query-input":{"@type":"PropertyValueSpecification","valueRequired":true,"valueName":"search_term_string"}}],"inLanguage":"fr-FR"},{"@type":"Organization","@id":"https:\/\/www.pokelabtcg.fr\/#organization","name":"Pokelab Tcg","url":"https:\/\/www.pokelabtcg.fr\/","logo":{"@type":"ImageObject","inLanguage":"fr-FR","@id":"https:\/\/www.pokelabtcg.fr\/#\/schema\/logo\/image\/","url":"https:\/\/pokelabtcg.fr\/wp-content\/uploads\/2025\/01\/cropped-cropped-Red-Pokemon-Birthday-Ideas-for-Boyfriend-Facebook-Post-3-1.png","contentUrl":"https:\/\/pokelabtcg.fr\/wp-content\/uploads\/2025\/01\/cropped-cropped-Red-Pokemon-Birthday-Ideas-for-Boyfriend-Facebook-Post-3-1.png","width":421,"height":476,"caption":"Pokelab Tcg"},"image":{"@id":"https:\/\/www.pokelabtcg.fr\/#\/schema\/logo\/image\/"}}]}},"_links":{"self":[{"href":"https:\/\/pokelabtcg.fr\/index.php\/wp-json\/wp\/v2\/product\/146","targetHints":{"allow":["GET"]}}],"collection":[{"href":"https:\/\/pokelabtcg.fr\/index.php\/wp-json\/wp\/v2\/product"}],"about":[{"href":"https:\/\/pokelabtcg.fr\/index.php\/wp-json\/wp\/v2\/types\/product"}],"replies":[{"embeddable":true,"href":"https:\/\/pokelabtcg.fr\/index.php\/wp-json\/wp\/v2\/comments?post=146"}],"wp:featuredmedia":[{"embeddable":true,"href":"https:\/\/pokelabtcg.fr\/index.php\/wp-json\/wp\/v2\/media\/147"}],"wp:attachment":[{"href":"https:\/\/pokelabtcg.fr\/index.php\/wp-json\/wp\/v2\/media?parent=146"}],"wp:term":[{"taxonomy":"product_brand","embeddable":true,"href":"https:\/\/pokelabtcg.fr\/index.php\/wp-json\/wp\/v2\/product_brand?post=146"},{"taxonomy":"product_cat","embeddable":true,"href":"https:\/\/pokelabtcg.fr\/index.php\/wp-json\/wp\/v2\/product_cat?post=146"},{"taxonomy":"product_tag","embeddable":true,"href":"https:\/\/pokelabtcg.fr\/index.php\/wp-json\/wp\/v2\/product_tag?post=146"}],"curies":[{"name":"wp","href":"https:\/\/api.w.org\/{rel}","templated":true}]}}