{"id":144,"date":"2025-01-28T05:04:28","date_gmt":"2025-01-28T04:04:28","guid":{"rendered":"https:\/?post_type=product&#038;p=144"},"modified":"2025-05-17T11:12:15","modified_gmt":"2025-05-17T09:12:15","slug":"144","status":"publish","type":"product","link":"https:\/\/pokelabtcg.fr\/index.php\/produit\/144\/","title":{"rendered":"Boite Mini Tin Pok\u00e9mon \u2013 Fable Nebuleuse \u2013 EV6.5"},"content":{"rendered":"<p>P\u00eachaminus, d\u00e9couvert dans le DLC\u00a0Le tr\u00e9sor enfoui de la Zone Z\u00e9ro\u00a0des jeux vid\u00e9o\u00a0Pok\u00e9mon\u00a0\u00c9carlate\u00a0et\u00a0Pok\u00e9mon\u00a0Violet, fera ses d\u00e9buts dans l\u2019extension\u00a0\u00c9carlate et Violet\u00a0\u2013 Fable N\u00e9buleuse\u00a0en tant que Pok\u00e9mon de type Obscurit\u00e9. Les joueurs et joueuses peuvent utiliser le talent Cha\u00eenes Emprise de P\u00eachaminus-ex pour \u00e9changer leur Pok\u00e9mon\u00a0Actif contre l\u2019un de leurs Pok\u00e9mon de Banc de type Obscurit\u00e9. P\u00eachaminus-ex peut \u00eatre jou\u00e9 avec F\u00e9licanis-ex, Fortusimia-ex et Favianos-ex pour d\u00e9verrouiller diff\u00e9rentes m\u00e9caniques de jeu.<\/p>\n<p>De plus, les cartes brillantes parall\u00e8les dans\u00a0\u00c9carlate et Violet\u00a0\u2013 Fable N\u00e9buleuse\u00a0auront un nouveau motif brillant unique autour de l\u2019illustration.<\/p>\n<p>Les joueurs et joueuses peuvent identifier les cartes du set parall\u00e8les brillant gr\u00e2ce au code de l\u2019extension situ\u00e9 en bas \u00e0 gauche de la carte. Le code appara\u00eet normalement en blanc dans un encadr\u00e9 noir, mais dans le cas pr\u00e9sent, il appara\u00eetra en noir dans un encadr\u00e9 blanc.<\/p>\n<p>Les cartes les plus remarquables de l\u2019extension sont\u00a0:<\/p>\n<p>3\u00a0cartes Dresseur\u00a0HIGH-TECH\u00a0rares\u00a0;<br \/>\n5\u00a0Pok\u00e9mon-ex et 1\u00a0Pok\u00e9mon-ex T\u00e9racristal\u00a0;<br \/>\n15\u00a0Pok\u00e9mon \u00ab\u00a0illustration rare\u00a0\u00bb\u00a0;<br \/>\n10\u00a0Pok\u00e9mon-ex, Pok\u00e9mon-ex T\u00e9racristal et cartes Supporter \u00ab\u00a0ultra rare\u00a0\u00bb\u00a0;<br \/>\n5\u00a0Pok\u00e9mon et cartes\u00a0Supporter \u00ab\u00a0illustration sp\u00e9ciale rare\u00a0\u00bb\u00a0;<br \/>\n5\u00a0cartes textur\u00e9es dor\u00e9es \u00ab\u00a0hyper rare\u00a0\u00bb.<\/p>\n","protected":false},"excerpt":{"rendered":"<p>D\u00e9couvrez P\u00eachaminus-ex et ses talents uniques dans l&rsquo;extension Fable N\u00e9buleuse, avec des cartes rares, brillantes et des m\u00e9caniques de jeu innovantes. Un must pour les collectionneurs Pok\u00e9mon !<\/p>\n","protected":false},"featured_media":145,"comment_status":"open","ping_status":"closed","template":"","meta":[],"product_brand":[17],"product_cat":[26],"product_tag":[],"class_list":{"0":"post-144","1":"product","2":"type-product","3":"status-publish","4":"has-post-thumbnail","6":"product_brand-asmodee","7":"product_cat-mini-tins","9":"entry","10":"has-media","12":"first","13":"outofstock","14":"shipping-taxable","15":"purchasable","16":"product-type-simple","17":"has-product-nav","18":"col","19":"span_1_of_3","20":"owp-content-center","21":"owp-thumbs-layout-horizontal","22":"owp-btn-normal","23":"owp-tabs-layout-horizontal"},"yoast_head":"<!-- This site is optimized with the Yoast SEO plugin v24.4 - https:\/\/yoast.com\/wordpress\/plugins\/seo\/ -->\n<title>Mini Tin Pok\u00e9mon - EV06.5 Fable N\u00e9buleuse - Sur pokelab.fr !<\/title>\n<meta name=\"description\" content=\"Collectionnez la Mini Tin Pok\u00e9mon EV06.5 Fable N\u00e9buleuse avec des cartes exclusives, des boosters et des \u00e9l\u00e9ments rares pour enrichir votre collection !\" \/>\n<meta name=\"robots\" content=\"index, follow, max-snippet:-1, max-image-preview:large, max-video-preview:-1\" \/>\n<link rel=\"canonical\" href=\"https:\/\/pokelabtcg.fr\/index.php\/produit\/144\/\" \/>\n<meta property=\"og:locale\" content=\"fr_FR\" \/>\n<meta property=\"og:type\" content=\"article\" \/>\n<meta property=\"og:title\" content=\"Mini Tin Pok\u00e9mon - EV06.5 Fable N\u00e9buleuse - Sur pokelab.fr !\" \/>\n<meta property=\"og:description\" content=\"Collectionnez la Mini Tin Pok\u00e9mon EV06.5 Fable N\u00e9buleuse avec des cartes exclusives, des boosters et des \u00e9l\u00e9ments rares pour enrichir votre collection !\" \/>\n<meta property=\"og:url\" content=\"https:\/\/pokelabtcg.fr\/index.php\/produit\/144\/\" \/>\n<meta property=\"og:site_name\" content=\"Pokelab Tcg\" \/>\n<meta property=\"article:modified_time\" content=\"2025-05-17T09:12:15+00:00\" \/>\n<meta property=\"og:image\" content=\"https:\/\/pokelabtcg.fr\/wp-content\/uploads\/2025\/01\/138562.jpg\" \/>\n\t<meta property=\"og:image:width\" content=\"820\" \/>\n\t<meta property=\"og:image:height\" content=\"820\" \/>\n\t<meta property=\"og:image:type\" content=\"image\/jpeg\" \/>\n<meta name=\"twitter:card\" content=\"summary_large_image\" \/>\n<meta name=\"twitter:label1\" content=\"Dur\u00e9e de lecture estim\u00e9e\" \/>\n\t<meta name=\"twitter:data1\" content=\"2 minutes\" \/>\n<script type=\"application\/ld+json\" class=\"yoast-schema-graph\">{\"@context\":\"https:\/\/schema.org\",\"@graph\":[{\"@type\":\"WebPage\",\"@id\":\"https:\/\/pokelabtcg.fr\/index.php\/produit\/144\/\",\"url\":\"https:\/\/pokelabtcg.fr\/index.php\/produit\/144\/\",\"name\":\"Mini Tin Pok\u00e9mon - EV06.5 Fable N\u00e9buleuse - Sur pokelab.fr !\",\"isPartOf\":{\"@id\":\"https:\/\/www.pokelabtcg.fr\/#website\"},\"primaryImageOfPage\":{\"@id\":\"https:\/\/pokelabtcg.fr\/index.php\/produit\/144\/#primaryimage\"},\"image\":{\"@id\":\"https:\/\/pokelabtcg.fr\/index.php\/produit\/144\/#primaryimage\"},\"thumbnailUrl\":\"https:\/\/pokelabtcg.fr\/wp-content\/uploads\/2025\/01\/138562.jpg\",\"datePublished\":\"2025-01-28T04:04:28+00:00\",\"dateModified\":\"2025-05-17T09:12:15+00:00\",\"description\":\"Collectionnez la Mini Tin Pok\u00e9mon EV06.5 Fable N\u00e9buleuse avec des cartes exclusives, des boosters et des \u00e9l\u00e9ments rares pour enrichir votre collection !\",\"breadcrumb\":{\"@id\":\"https:\/\/pokelabtcg.fr\/index.php\/produit\/144\/#breadcrumb\"},\"inLanguage\":\"fr-FR\",\"potentialAction\":[{\"@type\":\"ReadAction\",\"target\":[\"https:\/\/pokelabtcg.fr\/index.php\/produit\/144\/\"]}]},{\"@type\":\"ImageObject\",\"inLanguage\":\"fr-FR\",\"@id\":\"https:\/\/pokelabtcg.fr\/index.php\/produit\/144\/#primaryimage\",\"url\":\"https:\/\/pokelabtcg.fr\/wp-content\/uploads\/2025\/01\/138562.jpg\",\"contentUrl\":\"https:\/\/pokelabtcg.fr\/wp-content\/uploads\/2025\/01\/138562.jpg\",\"width\":820,\"height\":820},{\"@type\":\"BreadcrumbList\",\"@id\":\"https:\/\/pokelabtcg.fr\/index.php\/produit\/144\/#breadcrumb\",\"itemListElement\":[{\"@type\":\"ListItem\",\"position\":1,\"name\":\"Accueil\",\"item\":\"https:\/\/pokelabtcg.fr\/\"},{\"@type\":\"ListItem\",\"position\":2,\"name\":\"Boutique\",\"item\":\"https:\/\/pokelabtcg.fr\/\"},{\"@type\":\"ListItem\",\"position\":3,\"name\":\"Boite Mini Tin Pok\u00e9mon \u2013 Fable Nebuleuse \u2013 EV6.5\"}]},{\"@type\":\"WebSite\",\"@id\":\"https:\/\/www.pokelabtcg.fr\/#website\",\"url\":\"https:\/\/www.pokelabtcg.fr\/\",\"name\":\"Pokelab Tcg\",\"description\":\"\",\"publisher\":{\"@id\":\"https:\/\/www.pokelabtcg.fr\/#organization\"},\"potentialAction\":[{\"@type\":\"SearchAction\",\"target\":{\"@type\":\"EntryPoint\",\"urlTemplate\":\"https:\/\/www.pokelabtcg.fr\/?s={search_term_string}\"},\"query-input\":{\"@type\":\"PropertyValueSpecification\",\"valueRequired\":true,\"valueName\":\"search_term_string\"}}],\"inLanguage\":\"fr-FR\"},{\"@type\":\"Organization\",\"@id\":\"https:\/\/www.pokelabtcg.fr\/#organization\",\"name\":\"Pokelab Tcg\",\"url\":\"https:\/\/www.pokelabtcg.fr\/\",\"logo\":{\"@type\":\"ImageObject\",\"inLanguage\":\"fr-FR\",\"@id\":\"https:\/\/www.pokelabtcg.fr\/#\/schema\/logo\/image\/\",\"url\":\"https:\/\/pokelabtcg.fr\/wp-content\/uploads\/2025\/01\/cropped-cropped-Red-Pokemon-Birthday-Ideas-for-Boyfriend-Facebook-Post-3-1.png\",\"contentUrl\":\"https:\/\/pokelabtcg.fr\/wp-content\/uploads\/2025\/01\/cropped-cropped-Red-Pokemon-Birthday-Ideas-for-Boyfriend-Facebook-Post-3-1.png\",\"width\":421,\"height\":476,\"caption\":\"Pokelab Tcg\"},\"image\":{\"@id\":\"https:\/\/www.pokelabtcg.fr\/#\/schema\/logo\/image\/\"}}]}<\/script>\n<!-- \/ Yoast SEO plugin. -->","yoast_head_json":{"title":"Mini Tin Pok\u00e9mon - EV06.5 Fable N\u00e9buleuse - Sur pokelab.fr !","description":"Collectionnez la Mini Tin Pok\u00e9mon EV06.5 Fable N\u00e9buleuse avec des cartes exclusives, des boosters et des \u00e9l\u00e9ments rares pour enrichir votre collection !","robots":{"index":"index","follow":"follow","max-snippet":"max-snippet:-1","max-image-preview":"max-image-preview:large","max-video-preview":"max-video-preview:-1"},"canonical":"https:\/\/pokelabtcg.fr\/index.php\/produit\/144\/","og_locale":"fr_FR","og_type":"article","og_title":"Mini Tin Pok\u00e9mon - EV06.5 Fable N\u00e9buleuse - Sur pokelab.fr !","og_description":"Collectionnez la Mini Tin Pok\u00e9mon EV06.5 Fable N\u00e9buleuse avec des cartes exclusives, des boosters et des \u00e9l\u00e9ments rares pour enrichir votre collection !","og_url":"https:\/\/pokelabtcg.fr\/index.php\/produit\/144\/","og_site_name":"Pokelab Tcg","article_modified_time":"2025-05-17T09:12:15+00:00","og_image":[{"width":820,"height":820,"url":"https:\/\/pokelabtcg.fr\/wp-content\/uploads\/2025\/01\/138562.jpg","type":"image\/jpeg"}],"twitter_card":"summary_large_image","twitter_misc":{"Dur\u00e9e de lecture estim\u00e9e":"2 minutes"},"schema":{"@context":"https:\/\/schema.org","@graph":[{"@type":"WebPage","@id":"https:\/\/pokelabtcg.fr\/index.php\/produit\/144\/","url":"https:\/\/pokelabtcg.fr\/index.php\/produit\/144\/","name":"Mini Tin Pok\u00e9mon - EV06.5 Fable N\u00e9buleuse - Sur pokelab.fr !","isPartOf":{"@id":"https:\/\/www.pokelabtcg.fr\/#website"},"primaryImageOfPage":{"@id":"https:\/\/pokelabtcg.fr\/index.php\/produit\/144\/#primaryimage"},"image":{"@id":"https:\/\/pokelabtcg.fr\/index.php\/produit\/144\/#primaryimage"},"thumbnailUrl":"https:\/\/pokelabtcg.fr\/wp-content\/uploads\/2025\/01\/138562.jpg","datePublished":"2025-01-28T04:04:28+00:00","dateModified":"2025-05-17T09:12:15+00:00","description":"Collectionnez la Mini Tin Pok\u00e9mon EV06.5 Fable N\u00e9buleuse avec des cartes exclusives, des boosters et des \u00e9l\u00e9ments rares pour enrichir votre collection !","breadcrumb":{"@id":"https:\/\/pokelabtcg.fr\/index.php\/produit\/144\/#breadcrumb"},"inLanguage":"fr-FR","potentialAction":[{"@type":"ReadAction","target":["https:\/\/pokelabtcg.fr\/index.php\/produit\/144\/"]}]},{"@type":"ImageObject","inLanguage":"fr-FR","@id":"https:\/\/pokelabtcg.fr\/index.php\/produit\/144\/#primaryimage","url":"https:\/\/pokelabtcg.fr\/wp-content\/uploads\/2025\/01\/138562.jpg","contentUrl":"https:\/\/pokelabtcg.fr\/wp-content\/uploads\/2025\/01\/138562.jpg","width":820,"height":820},{"@type":"BreadcrumbList","@id":"https:\/\/pokelabtcg.fr\/index.php\/produit\/144\/#breadcrumb","itemListElement":[{"@type":"ListItem","position":1,"name":"Accueil","item":"https:\/\/pokelabtcg.fr\/"},{"@type":"ListItem","position":2,"name":"Boutique","item":"https:\/\/pokelabtcg.fr\/"},{"@type":"ListItem","position":3,"name":"Boite Mini Tin Pok\u00e9mon \u2013 Fable Nebuleuse \u2013 EV6.5"}]},{"@type":"WebSite","@id":"https:\/\/www.pokelabtcg.fr\/#website","url":"https:\/\/www.pokelabtcg.fr\/","name":"Pokelab Tcg","description":"","publisher":{"@id":"https:\/\/www.pokelabtcg.fr\/#organization"},"potentialAction":[{"@type":"SearchAction","target":{"@type":"EntryPoint","urlTemplate":"https:\/\/www.pokelabtcg.fr\/?s={search_term_string}"},"query-input":{"@type":"PropertyValueSpecification","valueRequired":true,"valueName":"search_term_string"}}],"inLanguage":"fr-FR"},{"@type":"Organization","@id":"https:\/\/www.pokelabtcg.fr\/#organization","name":"Pokelab Tcg","url":"https:\/\/www.pokelabtcg.fr\/","logo":{"@type":"ImageObject","inLanguage":"fr-FR","@id":"https:\/\/www.pokelabtcg.fr\/#\/schema\/logo\/image\/","url":"https:\/\/pokelabtcg.fr\/wp-content\/uploads\/2025\/01\/cropped-cropped-Red-Pokemon-Birthday-Ideas-for-Boyfriend-Facebook-Post-3-1.png","contentUrl":"https:\/\/pokelabtcg.fr\/wp-content\/uploads\/2025\/01\/cropped-cropped-Red-Pokemon-Birthday-Ideas-for-Boyfriend-Facebook-Post-3-1.png","width":421,"height":476,"caption":"Pokelab Tcg"},"image":{"@id":"https:\/\/www.pokelabtcg.fr\/#\/schema\/logo\/image\/"}}]}},"_links":{"self":[{"href":"https:\/\/pokelabtcg.fr\/index.php\/wp-json\/wp\/v2\/product\/144","targetHints":{"allow":["GET"]}}],"collection":[{"href":"https:\/\/pokelabtcg.fr\/index.php\/wp-json\/wp\/v2\/product"}],"about":[{"href":"https:\/\/pokelabtcg.fr\/index.php\/wp-json\/wp\/v2\/types\/product"}],"replies":[{"embeddable":true,"href":"https:\/\/pokelabtcg.fr\/index.php\/wp-json\/wp\/v2\/comments?post=144"}],"wp:featuredmedia":[{"embeddable":true,"href":"https:\/\/pokelabtcg.fr\/index.php\/wp-json\/wp\/v2\/media\/145"}],"wp:attachment":[{"href":"https:\/\/pokelabtcg.fr\/index.php\/wp-json\/wp\/v2\/media?parent=144"}],"wp:term":[{"taxonomy":"product_brand","embeddable":true,"href":"https:\/\/pokelabtcg.fr\/index.php\/wp-json\/wp\/v2\/product_brand?post=144"},{"taxonomy":"product_cat","embeddable":true,"href":"https:\/\/pokelabtcg.fr\/index.php\/wp-json\/wp\/v2\/product_cat?post=144"},{"taxonomy":"product_tag","embeddable":true,"href":"https:\/\/pokelabtcg.fr\/index.php\/wp-json\/wp\/v2\/product_tag?post=144"}],"curies":[{"name":"wp","href":"https:\/\/api.w.org\/{rel}","templated":true}]}}