{"id":138,"date":"2025-01-28T04:46:35","date_gmt":"2025-01-28T03:46:35","guid":{"rendered":"https:\/?post_type=product&#038;p=138"},"modified":"2025-02-03T03:23:02","modified_gmt":"2025-02-03T02:23:02","slug":"boite-mini-tin-pokemon-destinees-de-paldea-ecarlate-et-violet-4-5","status":"publish","type":"product","link":"https:\/\/pokelabtcg.fr\/index.php\/produit\/boite-mini-tin-pokemon-destinees-de-paldea-ecarlate-et-violet-4-5\/","title":{"rendered":"Boite Mini Tin Pok\u00e9mon &#8211; Destin\u00e9es de Paldea &#8211; EV4.5"},"content":{"rendered":"<p>Compl\u00e9tez votre collection de cartes Pok\u00e9mon avec les <strong>Boite Mini Tin Pok\u00e9mon \u00c9carlate et Violet 4.5<\/strong> : <strong>Destin\u00e9es de Paldea<\/strong>, les mini tin <strong>pr\u00e9f\u00e9r\u00e9s des collectionneurs<\/strong> !<\/p>\n<p>Elle tient au creux de la main, <strong>remplie de promesses<\/strong> : la Mini-bo\u00eete est remplie de cartes ! Elle est parfaite pour cette extension sp\u00e9ciale<strong> plein de duels, pour tous les Dresseurs et les collectionneur<\/strong>s. Cinq visuels sont disponibles !<\/p>\n<p>Retrouvez <strong>Famignol, Olivini, Forgerette, Dofin, Flamenroule<\/strong> et plein d&rsquo;autres Pok\u00e9mon !<\/p>\n<p>&nbsp;<\/p>\n<p><strong>Points-cl\u00e9s :<\/strong><\/p>\n<p>\u2022 Vous pouvez <strong>collectionner les 5 bo\u00eetes et les combiner<\/strong> !<\/p>\n<p>\u2022 Plus de <strong>240 cartes \u00e0 collectionner<\/strong> dont<strong> 6 cartes<\/strong> \u00ab <strong>hyper rare<\/strong> \u00bb<\/p>\n<p>\u2022 Le retour des <strong>Pok\u00e9mon chromatiques<\/strong>, plus de <strong>100 Pok\u00e9mon chromatiques<\/strong> \u00e0 r\u00e9cup\u00e9rer !<\/p>\n<p>&nbsp;<\/p>\n<p><strong>Contenu :<\/strong><\/p>\n<p>&#8211; 2 boosters \u00c9carlate et Violet \u2013 Destin\u00e9es de Paldea du JCC Pok\u00e9mon,<\/p>\n<p>&#8211; 1 page d\u2019autocollants, 1 carte artistique Pok\u00e9mon avec une illustration de la mini-bo\u00eete.<\/p>\n<p>&nbsp;<\/p>\n<p>Compl\u00e9tez votre <strong>collection de cartes<\/strong> Pok\u00e9mon !<\/p>\n<p><strong>Pok\u00e9mon attrapez-les tous !<\/strong><\/p>\n","protected":false},"excerpt":{"rendered":"<p>D\u00e9couvrez la Mini Tin Pok\u00e9mon \u00c9carlate et Violet 4.5 : une bo\u00eete compacte pleine de surprises avec 2 boosters, des cartes rares et des \u00e9l\u00e9ments exclusifs pour enrichir votre collection de Paldea !<\/p>\n","protected":false},"featured_media":139,"comment_status":"open","ping_status":"closed","template":"","meta":[],"product_brand":[17],"product_cat":[26],"product_tag":[],"class_list":{"0":"post-138","1":"product","2":"type-product","3":"status-publish","4":"has-post-thumbnail","6":"product_brand-asmodee","7":"product_cat-mini-tins","9":"entry","10":"has-media","12":"first","13":"instock","14":"shipping-taxable","15":"purchasable","16":"product-type-simple","17":"has-product-nav","18":"col","19":"span_1_of_3","20":"owp-content-center","21":"owp-thumbs-layout-horizontal","22":"owp-btn-normal","23":"owp-tabs-layout-horizontal"},"yoast_head":"<!-- This site is optimized with the Yoast SEO plugin v24.4 - https:\/\/yoast.com\/wordpress\/plugins\/seo\/ -->\n<title>Bo\u00eete Mini Tin Pok\u00e9mon EV4.5 - Destin\u00e9es de Paldea !<\/title>\n<meta name=\"description\" content=\"Ajoutez la Mini Tin Pok\u00e9mon \u00c9carlate et Violet 4.5 \u00e0 votre collection : 2 boosters, des cartes rares, des autocollants et une carte artistique unique !\" \/>\n<meta name=\"robots\" content=\"index, follow, max-snippet:-1, max-image-preview:large, max-video-preview:-1\" \/>\n<link rel=\"canonical\" href=\"https:\/\/pokelabtcg.fr\/index.php\/produit\/boite-mini-tin-pokemon-destinees-de-paldea-ecarlate-et-violet-4-5\/\" \/>\n<meta property=\"og:locale\" content=\"fr_FR\" \/>\n<meta property=\"og:type\" content=\"article\" \/>\n<meta property=\"og:title\" content=\"Bo\u00eete Mini Tin Pok\u00e9mon EV4.5 - Destin\u00e9es de Paldea !\" \/>\n<meta property=\"og:description\" content=\"Ajoutez la Mini Tin Pok\u00e9mon \u00c9carlate et Violet 4.5 \u00e0 votre collection : 2 boosters, des cartes rares, des autocollants et une carte artistique unique !\" \/>\n<meta property=\"og:url\" content=\"https:\/\/pokelabtcg.fr\/index.php\/produit\/boite-mini-tin-pokemon-destinees-de-paldea-ecarlate-et-violet-4-5\/\" \/>\n<meta property=\"og:site_name\" content=\"Pokelab Tcg\" \/>\n<meta property=\"article:modified_time\" content=\"2025-02-03T02:23:02+00:00\" \/>\n<meta property=\"og:image\" content=\"https:\/\/pokelabtcg.fr\/wp-content\/uploads\/2025\/01\/mini-tin-dofin-ecarlate-et-violet-ev4-5-destinees-de-paldea-pokemon.jpg.webp\" \/>\n\t<meta property=\"og:image:width\" content=\"800\" \/>\n\t<meta property=\"og:image:height\" content=\"800\" \/>\n\t<meta property=\"og:image:type\" content=\"image\/webp\" \/>\n<meta name=\"twitter:card\" content=\"summary_large_image\" \/>\n<script type=\"application\/ld+json\" class=\"yoast-schema-graph\">{\"@context\":\"https:\/\/schema.org\",\"@graph\":[{\"@type\":\"WebPage\",\"@id\":\"https:\/\/pokelabtcg.fr\/index.php\/produit\/boite-mini-tin-pokemon-destinees-de-paldea-ecarlate-et-violet-4-5\/\",\"url\":\"https:\/\/pokelabtcg.fr\/index.php\/produit\/boite-mini-tin-pokemon-destinees-de-paldea-ecarlate-et-violet-4-5\/\",\"name\":\"Bo\u00eete Mini Tin Pok\u00e9mon EV4.5 - Destin\u00e9es de Paldea !\",\"isPartOf\":{\"@id\":\"https:\/\/www.pokelabtcg.fr\/#website\"},\"primaryImageOfPage\":{\"@id\":\"https:\/\/pokelabtcg.fr\/index.php\/produit\/boite-mini-tin-pokemon-destinees-de-paldea-ecarlate-et-violet-4-5\/#primaryimage\"},\"image\":{\"@id\":\"https:\/\/pokelabtcg.fr\/index.php\/produit\/boite-mini-tin-pokemon-destinees-de-paldea-ecarlate-et-violet-4-5\/#primaryimage\"},\"thumbnailUrl\":\"https:\/\/pokelabtcg.fr\/wp-content\/uploads\/2025\/01\/mini-tin-dofin-ecarlate-et-violet-ev4-5-destinees-de-paldea-pokemon.jpg.webp\",\"datePublished\":\"2025-01-28T03:46:35+00:00\",\"dateModified\":\"2025-02-03T02:23:02+00:00\",\"description\":\"Ajoutez la Mini Tin Pok\u00e9mon \u00c9carlate et Violet 4.5 \u00e0 votre collection : 2 boosters, des cartes rares, des autocollants et une carte artistique unique !\",\"breadcrumb\":{\"@id\":\"https:\/\/pokelabtcg.fr\/index.php\/produit\/boite-mini-tin-pokemon-destinees-de-paldea-ecarlate-et-violet-4-5\/#breadcrumb\"},\"inLanguage\":\"fr-FR\",\"potentialAction\":[{\"@type\":\"ReadAction\",\"target\":[\"https:\/\/pokelabtcg.fr\/index.php\/produit\/boite-mini-tin-pokemon-destinees-de-paldea-ecarlate-et-violet-4-5\/\"]}]},{\"@type\":\"ImageObject\",\"inLanguage\":\"fr-FR\",\"@id\":\"https:\/\/pokelabtcg.fr\/index.php\/produit\/boite-mini-tin-pokemon-destinees-de-paldea-ecarlate-et-violet-4-5\/#primaryimage\",\"url\":\"https:\/\/pokelabtcg.fr\/wp-content\/uploads\/2025\/01\/mini-tin-dofin-ecarlate-et-violet-ev4-5-destinees-de-paldea-pokemon.jpg.webp\",\"contentUrl\":\"https:\/\/pokelabtcg.fr\/wp-content\/uploads\/2025\/01\/mini-tin-dofin-ecarlate-et-violet-ev4-5-destinees-de-paldea-pokemon.jpg.webp\",\"width\":800,\"height\":800},{\"@type\":\"BreadcrumbList\",\"@id\":\"https:\/\/pokelabtcg.fr\/index.php\/produit\/boite-mini-tin-pokemon-destinees-de-paldea-ecarlate-et-violet-4-5\/#breadcrumb\",\"itemListElement\":[{\"@type\":\"ListItem\",\"position\":1,\"name\":\"Accueil\",\"item\":\"https:\/\/pokelabtcg.fr\/\"},{\"@type\":\"ListItem\",\"position\":2,\"name\":\"Boutique\",\"item\":\"https:\/\/pokelabtcg.fr\/\"},{\"@type\":\"ListItem\",\"position\":3,\"name\":\"Boite Mini Tin Pok\u00e9mon &#8211; Destin\u00e9es de Paldea &#8211; EV4.5\"}]},{\"@type\":\"WebSite\",\"@id\":\"https:\/\/www.pokelabtcg.fr\/#website\",\"url\":\"https:\/\/www.pokelabtcg.fr\/\",\"name\":\"Pokelab Tcg\",\"description\":\"\",\"publisher\":{\"@id\":\"https:\/\/www.pokelabtcg.fr\/#organization\"},\"potentialAction\":[{\"@type\":\"SearchAction\",\"target\":{\"@type\":\"EntryPoint\",\"urlTemplate\":\"https:\/\/www.pokelabtcg.fr\/?s={search_term_string}\"},\"query-input\":{\"@type\":\"PropertyValueSpecification\",\"valueRequired\":true,\"valueName\":\"search_term_string\"}}],\"inLanguage\":\"fr-FR\"},{\"@type\":\"Organization\",\"@id\":\"https:\/\/www.pokelabtcg.fr\/#organization\",\"name\":\"Pokelab Tcg\",\"url\":\"https:\/\/www.pokelabtcg.fr\/\",\"logo\":{\"@type\":\"ImageObject\",\"inLanguage\":\"fr-FR\",\"@id\":\"https:\/\/www.pokelabtcg.fr\/#\/schema\/logo\/image\/\",\"url\":\"https:\/\/pokelabtcg.fr\/wp-content\/uploads\/2025\/01\/cropped-cropped-Red-Pokemon-Birthday-Ideas-for-Boyfriend-Facebook-Post-3-1.png\",\"contentUrl\":\"https:\/\/pokelabtcg.fr\/wp-content\/uploads\/2025\/01\/cropped-cropped-Red-Pokemon-Birthday-Ideas-for-Boyfriend-Facebook-Post-3-1.png\",\"width\":421,\"height\":476,\"caption\":\"Pokelab Tcg\"},\"image\":{\"@id\":\"https:\/\/www.pokelabtcg.fr\/#\/schema\/logo\/image\/\"}}]}<\/script>\n<!-- \/ Yoast SEO plugin. -->","yoast_head_json":{"title":"Bo\u00eete Mini Tin Pok\u00e9mon EV4.5 - Destin\u00e9es de Paldea !","description":"Ajoutez la Mini Tin Pok\u00e9mon \u00c9carlate et Violet 4.5 \u00e0 votre collection : 2 boosters, des cartes rares, des autocollants et une carte artistique unique !","robots":{"index":"index","follow":"follow","max-snippet":"max-snippet:-1","max-image-preview":"max-image-preview:large","max-video-preview":"max-video-preview:-1"},"canonical":"https:\/\/pokelabtcg.fr\/index.php\/produit\/boite-mini-tin-pokemon-destinees-de-paldea-ecarlate-et-violet-4-5\/","og_locale":"fr_FR","og_type":"article","og_title":"Bo\u00eete Mini Tin Pok\u00e9mon EV4.5 - Destin\u00e9es de Paldea !","og_description":"Ajoutez la Mini Tin Pok\u00e9mon \u00c9carlate et Violet 4.5 \u00e0 votre collection : 2 boosters, des cartes rares, des autocollants et une carte artistique unique !","og_url":"https:\/\/pokelabtcg.fr\/index.php\/produit\/boite-mini-tin-pokemon-destinees-de-paldea-ecarlate-et-violet-4-5\/","og_site_name":"Pokelab Tcg","article_modified_time":"2025-02-03T02:23:02+00:00","og_image":[{"width":800,"height":800,"url":"https:\/\/pokelabtcg.fr\/wp-content\/uploads\/2025\/01\/mini-tin-dofin-ecarlate-et-violet-ev4-5-destinees-de-paldea-pokemon.jpg.webp","type":"image\/webp"}],"twitter_card":"summary_large_image","schema":{"@context":"https:\/\/schema.org","@graph":[{"@type":"WebPage","@id":"https:\/\/pokelabtcg.fr\/index.php\/produit\/boite-mini-tin-pokemon-destinees-de-paldea-ecarlate-et-violet-4-5\/","url":"https:\/\/pokelabtcg.fr\/index.php\/produit\/boite-mini-tin-pokemon-destinees-de-paldea-ecarlate-et-violet-4-5\/","name":"Bo\u00eete Mini Tin Pok\u00e9mon EV4.5 - Destin\u00e9es de Paldea !","isPartOf":{"@id":"https:\/\/www.pokelabtcg.fr\/#website"},"primaryImageOfPage":{"@id":"https:\/\/pokelabtcg.fr\/index.php\/produit\/boite-mini-tin-pokemon-destinees-de-paldea-ecarlate-et-violet-4-5\/#primaryimage"},"image":{"@id":"https:\/\/pokelabtcg.fr\/index.php\/produit\/boite-mini-tin-pokemon-destinees-de-paldea-ecarlate-et-violet-4-5\/#primaryimage"},"thumbnailUrl":"https:\/\/pokelabtcg.fr\/wp-content\/uploads\/2025\/01\/mini-tin-dofin-ecarlate-et-violet-ev4-5-destinees-de-paldea-pokemon.jpg.webp","datePublished":"2025-01-28T03:46:35+00:00","dateModified":"2025-02-03T02:23:02+00:00","description":"Ajoutez la Mini Tin Pok\u00e9mon \u00c9carlate et Violet 4.5 \u00e0 votre collection : 2 boosters, des cartes rares, des autocollants et une carte artistique unique !","breadcrumb":{"@id":"https:\/\/pokelabtcg.fr\/index.php\/produit\/boite-mini-tin-pokemon-destinees-de-paldea-ecarlate-et-violet-4-5\/#breadcrumb"},"inLanguage":"fr-FR","potentialAction":[{"@type":"ReadAction","target":["https:\/\/pokelabtcg.fr\/index.php\/produit\/boite-mini-tin-pokemon-destinees-de-paldea-ecarlate-et-violet-4-5\/"]}]},{"@type":"ImageObject","inLanguage":"fr-FR","@id":"https:\/\/pokelabtcg.fr\/index.php\/produit\/boite-mini-tin-pokemon-destinees-de-paldea-ecarlate-et-violet-4-5\/#primaryimage","url":"https:\/\/pokelabtcg.fr\/wp-content\/uploads\/2025\/01\/mini-tin-dofin-ecarlate-et-violet-ev4-5-destinees-de-paldea-pokemon.jpg.webp","contentUrl":"https:\/\/pokelabtcg.fr\/wp-content\/uploads\/2025\/01\/mini-tin-dofin-ecarlate-et-violet-ev4-5-destinees-de-paldea-pokemon.jpg.webp","width":800,"height":800},{"@type":"BreadcrumbList","@id":"https:\/\/pokelabtcg.fr\/index.php\/produit\/boite-mini-tin-pokemon-destinees-de-paldea-ecarlate-et-violet-4-5\/#breadcrumb","itemListElement":[{"@type":"ListItem","position":1,"name":"Accueil","item":"https:\/\/pokelabtcg.fr\/"},{"@type":"ListItem","position":2,"name":"Boutique","item":"https:\/\/pokelabtcg.fr\/"},{"@type":"ListItem","position":3,"name":"Boite Mini Tin Pok\u00e9mon &#8211; Destin\u00e9es de Paldea &#8211; EV4.5"}]},{"@type":"WebSite","@id":"https:\/\/www.pokelabtcg.fr\/#website","url":"https:\/\/www.pokelabtcg.fr\/","name":"Pokelab Tcg","description":"","publisher":{"@id":"https:\/\/www.pokelabtcg.fr\/#organization"},"potentialAction":[{"@type":"SearchAction","target":{"@type":"EntryPoint","urlTemplate":"https:\/\/www.pokelabtcg.fr\/?s={search_term_string}"},"query-input":{"@type":"PropertyValueSpecification","valueRequired":true,"valueName":"search_term_string"}}],"inLanguage":"fr-FR"},{"@type":"Organization","@id":"https:\/\/www.pokelabtcg.fr\/#organization","name":"Pokelab Tcg","url":"https:\/\/www.pokelabtcg.fr\/","logo":{"@type":"ImageObject","inLanguage":"fr-FR","@id":"https:\/\/www.pokelabtcg.fr\/#\/schema\/logo\/image\/","url":"https:\/\/pokelabtcg.fr\/wp-content\/uploads\/2025\/01\/cropped-cropped-Red-Pokemon-Birthday-Ideas-for-Boyfriend-Facebook-Post-3-1.png","contentUrl":"https:\/\/pokelabtcg.fr\/wp-content\/uploads\/2025\/01\/cropped-cropped-Red-Pokemon-Birthday-Ideas-for-Boyfriend-Facebook-Post-3-1.png","width":421,"height":476,"caption":"Pokelab Tcg"},"image":{"@id":"https:\/\/www.pokelabtcg.fr\/#\/schema\/logo\/image\/"}}]}},"_links":{"self":[{"href":"https:\/\/pokelabtcg.fr\/index.php\/wp-json\/wp\/v2\/product\/138","targetHints":{"allow":["GET"]}}],"collection":[{"href":"https:\/\/pokelabtcg.fr\/index.php\/wp-json\/wp\/v2\/product"}],"about":[{"href":"https:\/\/pokelabtcg.fr\/index.php\/wp-json\/wp\/v2\/types\/product"}],"replies":[{"embeddable":true,"href":"https:\/\/pokelabtcg.fr\/index.php\/wp-json\/wp\/v2\/comments?post=138"}],"wp:featuredmedia":[{"embeddable":true,"href":"https:\/\/pokelabtcg.fr\/index.php\/wp-json\/wp\/v2\/media\/139"}],"wp:attachment":[{"href":"https:\/\/pokelabtcg.fr\/index.php\/wp-json\/wp\/v2\/media?parent=138"}],"wp:term":[{"taxonomy":"product_brand","embeddable":true,"href":"https:\/\/pokelabtcg.fr\/index.php\/wp-json\/wp\/v2\/product_brand?post=138"},{"taxonomy":"product_cat","embeddable":true,"href":"https:\/\/pokelabtcg.fr\/index.php\/wp-json\/wp\/v2\/product_cat?post=138"},{"taxonomy":"product_tag","embeddable":true,"href":"https:\/\/pokelabtcg.fr\/index.php\/wp-json\/wp\/v2\/product_tag?post=138"}],"curies":[{"name":"wp","href":"https:\/\/api.w.org\/{rel}","templated":true}]}}