{"id":129,"date":"2025-01-28T04:24:58","date_gmt":"2025-01-28T03:24:58","guid":{"rendered":"https:\/?post_type=product&#038;p=129"},"modified":"2025-01-31T03:05:39","modified_gmt":"2025-01-31T02:05:39","slug":"coffret-tag-tag-ex-pokemon-tcg-a-decouvrir-absolument","status":"publish","type":"product","link":"https:\/\/pokelabtcg.fr\/index.php\/produit\/coffret-tag-tag-ex-pokemon-tcg-a-decouvrir-absolument\/","title":{"rendered":"Pok\u00e9mon Coffret Tag-Tag-ex &#8211; 4 Boosters + Cartes Promo"},"content":{"rendered":"<p>Si vous remarquez que certains arbres sont peints d&rsquo;un motif color\u00e9 lorsque vous vous promenez dans la for\u00eat, c&rsquo;est que vous \u00eates probablement sur le territoire de Tag-Tag ! Ce Pok\u00e9mon Singe Venin utilise sa salive empoisonn\u00e9e pour affaiblir ses adversaires au combat. Vous trouverez Tag-Tag ex en tant que\u00a0carte promo brillante en version pour le jeu et en version grand format aux c\u00f4t\u00e9s de Gribouraigne, le Pok\u00e9mon Souris Venin.<\/p>\n<p><strong>Le Coffret Tag-Tag ex du JCC Pok\u00e9mon contient :<\/strong><\/p>\n<ul>\n<li>1 carte promo brillante de Tag-Tag-ex<\/li>\n<li>1 carte promo brillante de Gribouraigne<\/li>\n<li>1 carte grand format brillante de Tag-Tag-ex<\/li>\n<li>4 boosters du JCC Pok\u00e9mon<\/li>\n<li>1 carte \u00e0 code pour le JCC Pok\u00e9mon Live<\/li>\n<\/ul>\n","protected":false},"excerpt":{"rendered":"<p>Explorez le Coffret Tag-Tag-ex avec des cartes brillantes de Tag-Tag-ex et Gribouraigne, une carte grand format, 4 boosters et un code pour Pok\u00e9mon Live. Un must pour les fans de Pok\u00e9mon TCG !<\/p>\n","protected":false},"featured_media":130,"comment_status":"open","ping_status":"closed","template":"","meta":[],"product_brand":[17],"product_cat":[16],"product_tag":[],"class_list":{"0":"post-129","1":"product","2":"type-product","3":"status-publish","4":"has-post-thumbnail","6":"product_brand-asmodee","7":"product_cat-coffrets","9":"entry","10":"has-media","12":"first","13":"instock","14":"shipping-taxable","15":"purchasable","16":"product-type-simple","17":"has-product-nav","18":"col","19":"span_1_of_3","20":"owp-content-center","21":"owp-thumbs-layout-horizontal","22":"owp-btn-normal","23":"owp-tabs-layout-horizontal","24":"has-no-thumbnails"},"yoast_head":"<!-- This site is optimized with the Yoast SEO plugin v24.4 - https:\/\/yoast.com\/wordpress\/plugins\/seo\/ -->\n<title>Coffret Tag-Tag-ex - Pok\u00e9mon TCG \u00e0 d\u00e9couvrir sur Pokelab TCG !<\/title>\n<meta name=\"description\" content=\"D\u00e9couvrez le Coffret Tag-Tag-ex : cartes brillantes, carte grand format, 4 boosters et un code Pok\u00e9mon Live. Parfait pour les fans de Pok\u00e9mon TCG !\" \/>\n<meta name=\"robots\" content=\"index, follow, max-snippet:-1, max-image-preview:large, max-video-preview:-1\" \/>\n<link rel=\"canonical\" href=\"https:\/\/pokelabtcg.fr\/index.php\/produit\/coffret-tag-tag-ex-pokemon-tcg-a-decouvrir-absolument\/\" \/>\n<meta property=\"og:locale\" content=\"fr_FR\" \/>\n<meta property=\"og:type\" content=\"article\" \/>\n<meta property=\"og:title\" content=\"Coffret Tag-Tag-ex - Pok\u00e9mon TCG \u00e0 d\u00e9couvrir sur Pokelab TCG !\" \/>\n<meta property=\"og:description\" content=\"D\u00e9couvrez le Coffret Tag-Tag-ex : cartes brillantes, carte grand format, 4 boosters et un code Pok\u00e9mon Live. Parfait pour les fans de Pok\u00e9mon TCG !\" \/>\n<meta property=\"og:url\" content=\"https:\/\/pokelabtcg.fr\/index.php\/produit\/coffret-tag-tag-ex-pokemon-tcg-a-decouvrir-absolument\/\" \/>\n<meta property=\"og:site_name\" content=\"Pokelab Tcg\" \/>\n<meta property=\"article:modified_time\" content=\"2025-01-31T02:05:39+00:00\" \/>\n<meta property=\"og:image\" content=\"https:\/\/pokelabtcg.fr\/wp-content\/uploads\/2025\/01\/138545.jpg\" \/>\n\t<meta property=\"og:image:width\" content=\"1440\" \/>\n\t<meta property=\"og:image:height\" content=\"1440\" \/>\n\t<meta property=\"og:image:type\" content=\"image\/jpeg\" \/>\n<meta name=\"twitter:card\" content=\"summary_large_image\" \/>\n<meta name=\"twitter:label1\" content=\"Dur\u00e9e de lecture estim\u00e9e\" \/>\n\t<meta name=\"twitter:data1\" content=\"1 minute\" \/>\n<script type=\"application\/ld+json\" class=\"yoast-schema-graph\">{\"@context\":\"https:\/\/schema.org\",\"@graph\":[{\"@type\":\"WebPage\",\"@id\":\"https:\/\/pokelabtcg.fr\/index.php\/produit\/coffret-tag-tag-ex-pokemon-tcg-a-decouvrir-absolument\/\",\"url\":\"https:\/\/pokelabtcg.fr\/index.php\/produit\/coffret-tag-tag-ex-pokemon-tcg-a-decouvrir-absolument\/\",\"name\":\"Coffret Tag-Tag-ex - Pok\u00e9mon TCG \u00e0 d\u00e9couvrir sur Pokelab TCG !\",\"isPartOf\":{\"@id\":\"https:\/\/www.pokelabtcg.fr\/#website\"},\"primaryImageOfPage\":{\"@id\":\"https:\/\/pokelabtcg.fr\/index.php\/produit\/coffret-tag-tag-ex-pokemon-tcg-a-decouvrir-absolument\/#primaryimage\"},\"image\":{\"@id\":\"https:\/\/pokelabtcg.fr\/index.php\/produit\/coffret-tag-tag-ex-pokemon-tcg-a-decouvrir-absolument\/#primaryimage\"},\"thumbnailUrl\":\"https:\/\/pokelabtcg.fr\/wp-content\/uploads\/2025\/01\/138545.jpg\",\"datePublished\":\"2025-01-28T03:24:58+00:00\",\"dateModified\":\"2025-01-31T02:05:39+00:00\",\"description\":\"D\u00e9couvrez le Coffret Tag-Tag-ex : cartes brillantes, carte grand format, 4 boosters et un code Pok\u00e9mon Live. Parfait pour les fans de Pok\u00e9mon TCG !\",\"breadcrumb\":{\"@id\":\"https:\/\/pokelabtcg.fr\/index.php\/produit\/coffret-tag-tag-ex-pokemon-tcg-a-decouvrir-absolument\/#breadcrumb\"},\"inLanguage\":\"fr-FR\",\"potentialAction\":[{\"@type\":\"ReadAction\",\"target\":[\"https:\/\/pokelabtcg.fr\/index.php\/produit\/coffret-tag-tag-ex-pokemon-tcg-a-decouvrir-absolument\/\"]}]},{\"@type\":\"ImageObject\",\"inLanguage\":\"fr-FR\",\"@id\":\"https:\/\/pokelabtcg.fr\/index.php\/produit\/coffret-tag-tag-ex-pokemon-tcg-a-decouvrir-absolument\/#primaryimage\",\"url\":\"https:\/\/pokelabtcg.fr\/wp-content\/uploads\/2025\/01\/138545.jpg\",\"contentUrl\":\"https:\/\/pokelabtcg.fr\/wp-content\/uploads\/2025\/01\/138545.jpg\",\"width\":1440,\"height\":1440},{\"@type\":\"BreadcrumbList\",\"@id\":\"https:\/\/pokelabtcg.fr\/index.php\/produit\/coffret-tag-tag-ex-pokemon-tcg-a-decouvrir-absolument\/#breadcrumb\",\"itemListElement\":[{\"@type\":\"ListItem\",\"position\":1,\"name\":\"Accueil\",\"item\":\"https:\/\/pokelabtcg.fr\/\"},{\"@type\":\"ListItem\",\"position\":2,\"name\":\"Boutique\",\"item\":\"https:\/\/pokelabtcg.fr\/\"},{\"@type\":\"ListItem\",\"position\":3,\"name\":\"Pok\u00e9mon Coffret Tag-Tag-ex &#8211; 4 Boosters + Cartes Promo\"}]},{\"@type\":\"WebSite\",\"@id\":\"https:\/\/www.pokelabtcg.fr\/#website\",\"url\":\"https:\/\/www.pokelabtcg.fr\/\",\"name\":\"Pokelab Tcg\",\"description\":\"\",\"publisher\":{\"@id\":\"https:\/\/www.pokelabtcg.fr\/#organization\"},\"potentialAction\":[{\"@type\":\"SearchAction\",\"target\":{\"@type\":\"EntryPoint\",\"urlTemplate\":\"https:\/\/www.pokelabtcg.fr\/?s={search_term_string}\"},\"query-input\":{\"@type\":\"PropertyValueSpecification\",\"valueRequired\":true,\"valueName\":\"search_term_string\"}}],\"inLanguage\":\"fr-FR\"},{\"@type\":\"Organization\",\"@id\":\"https:\/\/www.pokelabtcg.fr\/#organization\",\"name\":\"Pokelab Tcg\",\"url\":\"https:\/\/www.pokelabtcg.fr\/\",\"logo\":{\"@type\":\"ImageObject\",\"inLanguage\":\"fr-FR\",\"@id\":\"https:\/\/www.pokelabtcg.fr\/#\/schema\/logo\/image\/\",\"url\":\"https:\/\/pokelabtcg.fr\/wp-content\/uploads\/2025\/01\/cropped-cropped-Red-Pokemon-Birthday-Ideas-for-Boyfriend-Facebook-Post-3-1.png\",\"contentUrl\":\"https:\/\/pokelabtcg.fr\/wp-content\/uploads\/2025\/01\/cropped-cropped-Red-Pokemon-Birthday-Ideas-for-Boyfriend-Facebook-Post-3-1.png\",\"width\":421,\"height\":476,\"caption\":\"Pokelab Tcg\"},\"image\":{\"@id\":\"https:\/\/www.pokelabtcg.fr\/#\/schema\/logo\/image\/\"}}]}<\/script>\n<!-- \/ Yoast SEO plugin. -->","yoast_head_json":{"title":"Coffret Tag-Tag-ex - Pok\u00e9mon TCG \u00e0 d\u00e9couvrir sur Pokelab TCG !","description":"D\u00e9couvrez le Coffret Tag-Tag-ex : cartes brillantes, carte grand format, 4 boosters et un code Pok\u00e9mon Live. Parfait pour les fans de Pok\u00e9mon TCG !","robots":{"index":"index","follow":"follow","max-snippet":"max-snippet:-1","max-image-preview":"max-image-preview:large","max-video-preview":"max-video-preview:-1"},"canonical":"https:\/\/pokelabtcg.fr\/index.php\/produit\/coffret-tag-tag-ex-pokemon-tcg-a-decouvrir-absolument\/","og_locale":"fr_FR","og_type":"article","og_title":"Coffret Tag-Tag-ex - Pok\u00e9mon TCG \u00e0 d\u00e9couvrir sur Pokelab TCG !","og_description":"D\u00e9couvrez le Coffret Tag-Tag-ex : cartes brillantes, carte grand format, 4 boosters et un code Pok\u00e9mon Live. Parfait pour les fans de Pok\u00e9mon TCG !","og_url":"https:\/\/pokelabtcg.fr\/index.php\/produit\/coffret-tag-tag-ex-pokemon-tcg-a-decouvrir-absolument\/","og_site_name":"Pokelab Tcg","article_modified_time":"2025-01-31T02:05:39+00:00","og_image":[{"width":1440,"height":1440,"url":"https:\/\/pokelabtcg.fr\/wp-content\/uploads\/2025\/01\/138545.jpg","type":"image\/jpeg"}],"twitter_card":"summary_large_image","twitter_misc":{"Dur\u00e9e de lecture estim\u00e9e":"1 minute"},"schema":{"@context":"https:\/\/schema.org","@graph":[{"@type":"WebPage","@id":"https:\/\/pokelabtcg.fr\/index.php\/produit\/coffret-tag-tag-ex-pokemon-tcg-a-decouvrir-absolument\/","url":"https:\/\/pokelabtcg.fr\/index.php\/produit\/coffret-tag-tag-ex-pokemon-tcg-a-decouvrir-absolument\/","name":"Coffret Tag-Tag-ex - Pok\u00e9mon TCG \u00e0 d\u00e9couvrir sur Pokelab TCG !","isPartOf":{"@id":"https:\/\/www.pokelabtcg.fr\/#website"},"primaryImageOfPage":{"@id":"https:\/\/pokelabtcg.fr\/index.php\/produit\/coffret-tag-tag-ex-pokemon-tcg-a-decouvrir-absolument\/#primaryimage"},"image":{"@id":"https:\/\/pokelabtcg.fr\/index.php\/produit\/coffret-tag-tag-ex-pokemon-tcg-a-decouvrir-absolument\/#primaryimage"},"thumbnailUrl":"https:\/\/pokelabtcg.fr\/wp-content\/uploads\/2025\/01\/138545.jpg","datePublished":"2025-01-28T03:24:58+00:00","dateModified":"2025-01-31T02:05:39+00:00","description":"D\u00e9couvrez le Coffret Tag-Tag-ex : cartes brillantes, carte grand format, 4 boosters et un code Pok\u00e9mon Live. Parfait pour les fans de Pok\u00e9mon TCG !","breadcrumb":{"@id":"https:\/\/pokelabtcg.fr\/index.php\/produit\/coffret-tag-tag-ex-pokemon-tcg-a-decouvrir-absolument\/#breadcrumb"},"inLanguage":"fr-FR","potentialAction":[{"@type":"ReadAction","target":["https:\/\/pokelabtcg.fr\/index.php\/produit\/coffret-tag-tag-ex-pokemon-tcg-a-decouvrir-absolument\/"]}]},{"@type":"ImageObject","inLanguage":"fr-FR","@id":"https:\/\/pokelabtcg.fr\/index.php\/produit\/coffret-tag-tag-ex-pokemon-tcg-a-decouvrir-absolument\/#primaryimage","url":"https:\/\/pokelabtcg.fr\/wp-content\/uploads\/2025\/01\/138545.jpg","contentUrl":"https:\/\/pokelabtcg.fr\/wp-content\/uploads\/2025\/01\/138545.jpg","width":1440,"height":1440},{"@type":"BreadcrumbList","@id":"https:\/\/pokelabtcg.fr\/index.php\/produit\/coffret-tag-tag-ex-pokemon-tcg-a-decouvrir-absolument\/#breadcrumb","itemListElement":[{"@type":"ListItem","position":1,"name":"Accueil","item":"https:\/\/pokelabtcg.fr\/"},{"@type":"ListItem","position":2,"name":"Boutique","item":"https:\/\/pokelabtcg.fr\/"},{"@type":"ListItem","position":3,"name":"Pok\u00e9mon Coffret Tag-Tag-ex &#8211; 4 Boosters + Cartes Promo"}]},{"@type":"WebSite","@id":"https:\/\/www.pokelabtcg.fr\/#website","url":"https:\/\/www.pokelabtcg.fr\/","name":"Pokelab Tcg","description":"","publisher":{"@id":"https:\/\/www.pokelabtcg.fr\/#organization"},"potentialAction":[{"@type":"SearchAction","target":{"@type":"EntryPoint","urlTemplate":"https:\/\/www.pokelabtcg.fr\/?s={search_term_string}"},"query-input":{"@type":"PropertyValueSpecification","valueRequired":true,"valueName":"search_term_string"}}],"inLanguage":"fr-FR"},{"@type":"Organization","@id":"https:\/\/www.pokelabtcg.fr\/#organization","name":"Pokelab Tcg","url":"https:\/\/www.pokelabtcg.fr\/","logo":{"@type":"ImageObject","inLanguage":"fr-FR","@id":"https:\/\/www.pokelabtcg.fr\/#\/schema\/logo\/image\/","url":"https:\/\/pokelabtcg.fr\/wp-content\/uploads\/2025\/01\/cropped-cropped-Red-Pokemon-Birthday-Ideas-for-Boyfriend-Facebook-Post-3-1.png","contentUrl":"https:\/\/pokelabtcg.fr\/wp-content\/uploads\/2025\/01\/cropped-cropped-Red-Pokemon-Birthday-Ideas-for-Boyfriend-Facebook-Post-3-1.png","width":421,"height":476,"caption":"Pokelab Tcg"},"image":{"@id":"https:\/\/www.pokelabtcg.fr\/#\/schema\/logo\/image\/"}}]}},"_links":{"self":[{"href":"https:\/\/pokelabtcg.fr\/index.php\/wp-json\/wp\/v2\/product\/129","targetHints":{"allow":["GET"]}}],"collection":[{"href":"https:\/\/pokelabtcg.fr\/index.php\/wp-json\/wp\/v2\/product"}],"about":[{"href":"https:\/\/pokelabtcg.fr\/index.php\/wp-json\/wp\/v2\/types\/product"}],"replies":[{"embeddable":true,"href":"https:\/\/pokelabtcg.fr\/index.php\/wp-json\/wp\/v2\/comments?post=129"}],"wp:featuredmedia":[{"embeddable":true,"href":"https:\/\/pokelabtcg.fr\/index.php\/wp-json\/wp\/v2\/media\/130"}],"wp:attachment":[{"href":"https:\/\/pokelabtcg.fr\/index.php\/wp-json\/wp\/v2\/media?parent=129"}],"wp:term":[{"taxonomy":"product_brand","embeddable":true,"href":"https:\/\/pokelabtcg.fr\/index.php\/wp-json\/wp\/v2\/product_brand?post=129"},{"taxonomy":"product_cat","embeddable":true,"href":"https:\/\/pokelabtcg.fr\/index.php\/wp-json\/wp\/v2\/product_cat?post=129"},{"taxonomy":"product_tag","embeddable":true,"href":"https:\/\/pokelabtcg.fr\/index.php\/wp-json\/wp\/v2\/product_tag?post=129"}],"curies":[{"name":"wp","href":"https:\/\/api.w.org\/{rel}","templated":true}]}}