{"id":126,"date":"2025-01-28T04:17:54","date_gmt":"2025-01-28T03:17:54","guid":{"rendered":"https:\/?post_type=product&#038;p=126"},"modified":"2025-03-15T18:39:53","modified_gmt":"2025-03-15T17:39:53","slug":"coffret-superdofin-ex-cartes-brillantes-et-boosters-pokemon-tcg","status":"publish","type":"product","link":"https:\/\/pokelabtcg.fr\/index.php\/produit\/coffret-superdofin-ex-cartes-brillantes-et-boosters-pokemon-tcg\/","title":{"rendered":"Coffret Superdofin-ex &#8211; Cartes promo + 4 boosters"},"content":{"rendered":"<p>Quand tout semble perdu, faites appel \u00e0 un h\u00e9ros pour vous venir en aide !<\/p>\n<p>Avec son talent Supermutation, Superdofin peut se transformer en un puissant Superdofin-ex, pr\u00eat \u00e0 noyer ses adversaires sous les vagues d\u00e9cha\u00een\u00e9es de l\u2019oc\u00e9an !<\/p>\n<p>Vous trouverez dans ce coffret : Dofin, Superdofin et Superdofin-ex en tant que cartes brillantes pour le jeu, une carte grand format de Superdofin-ex pour votre collection, ainsi que des boosters contenant d\u2019autres cartes !<\/p>\n<p><strong>Contenu:<\/strong><\/p>\n<ul>\n<li>4 boosters du JCC Pok\u00e9mon<\/li>\n<li>1 carte promo brillante de Superdofin-ex<\/li>\n<li>2 cartes brillantes de Dofin et Superdofin<\/li>\n<li>1 carte grand format brillante de Superdofin-ex et 1 carte \u00e0 code pour le JCC Pok\u00e9mon Live<\/li>\n<\/ul>\n","protected":false},"excerpt":{"rendered":"<p>Transformez vos combats avec le Coffret Superdofin-ex ! D\u00e9couvrez des cartes brillantes exclusives, une carte grand format, 4 boosters et un code pour Pok\u00e9mon Live. Id\u00e9al pour enrichir votre collection !<\/p>\n","protected":false},"featured_media":128,"comment_status":"open","ping_status":"closed","template":"","meta":[],"product_brand":[17],"product_cat":[16],"product_tag":[],"class_list":{"0":"post-126","1":"product","2":"type-product","3":"status-publish","4":"has-post-thumbnail","6":"product_brand-asmodee","7":"product_cat-coffrets","9":"entry","10":"has-media","12":"first","13":"outofstock","14":"shipping-taxable","15":"purchasable","16":"product-type-simple","17":"has-product-nav","18":"col","19":"span_1_of_3","20":"owp-content-center","21":"owp-thumbs-layout-horizontal","22":"owp-btn-normal","23":"owp-tabs-layout-horizontal","24":"has-no-thumbnails"},"yoast_head":"<!-- This site is optimized with the Yoast SEO plugin v24.4 - https:\/\/yoast.com\/wordpress\/plugins\/seo\/ -->\n<title>Coffret Superdofin-ex - Cartes promo + 4 boosters - Pokelab Tcg<\/title>\n<meta name=\"description\" content=\"Plongez dans l&#039;action avec le Coffret Superdofin-ex : 3 cartes brillantes, une carte grand format et 4 boosters. Parfait pour les fans du JCC Pok\u00e9mon !\" \/>\n<meta name=\"robots\" content=\"index, follow, max-snippet:-1, max-image-preview:large, max-video-preview:-1\" \/>\n<link rel=\"canonical\" href=\"https:\/\/pokelabtcg.fr\/index.php\/produit\/coffret-superdofin-ex-cartes-brillantes-et-boosters-pokemon-tcg\/\" \/>\n<meta property=\"og:locale\" content=\"fr_FR\" \/>\n<meta property=\"og:type\" content=\"article\" \/>\n<meta property=\"og:title\" content=\"Coffret Superdofin-ex - Cartes promo + 4 boosters - Pokelab Tcg\" \/>\n<meta property=\"og:description\" content=\"Plongez dans l&#039;action avec le Coffret Superdofin-ex : 3 cartes brillantes, une carte grand format et 4 boosters. Parfait pour les fans du JCC Pok\u00e9mon !\" \/>\n<meta property=\"og:url\" content=\"https:\/\/pokelabtcg.fr\/index.php\/produit\/coffret-superdofin-ex-cartes-brillantes-et-boosters-pokemon-tcg\/\" \/>\n<meta property=\"og:site_name\" content=\"Pokelab Tcg\" \/>\n<meta property=\"article:modified_time\" content=\"2025-03-15T17:39:53+00:00\" \/>\n<meta property=\"og:image\" content=\"https:\/\/pokelabtcg.fr\/wp-content\/uploads\/2025\/01\/138556.jpg\" \/>\n\t<meta property=\"og:image:width\" content=\"500\" \/>\n\t<meta property=\"og:image:height\" content=\"500\" \/>\n\t<meta property=\"og:image:type\" content=\"image\/jpeg\" \/>\n<meta name=\"twitter:card\" content=\"summary_large_image\" \/>\n<meta name=\"twitter:label1\" content=\"Dur\u00e9e de lecture estim\u00e9e\" \/>\n\t<meta name=\"twitter:data1\" content=\"1 minute\" \/>\n<script type=\"application\/ld+json\" class=\"yoast-schema-graph\">{\"@context\":\"https:\/\/schema.org\",\"@graph\":[{\"@type\":\"WebPage\",\"@id\":\"https:\/\/pokelabtcg.fr\/index.php\/produit\/coffret-superdofin-ex-cartes-brillantes-et-boosters-pokemon-tcg\/\",\"url\":\"https:\/\/pokelabtcg.fr\/index.php\/produit\/coffret-superdofin-ex-cartes-brillantes-et-boosters-pokemon-tcg\/\",\"name\":\"Coffret Superdofin-ex - Cartes promo + 4 boosters - Pokelab Tcg\",\"isPartOf\":{\"@id\":\"https:\/\/www.pokelabtcg.fr\/#website\"},\"primaryImageOfPage\":{\"@id\":\"https:\/\/pokelabtcg.fr\/index.php\/produit\/coffret-superdofin-ex-cartes-brillantes-et-boosters-pokemon-tcg\/#primaryimage\"},\"image\":{\"@id\":\"https:\/\/pokelabtcg.fr\/index.php\/produit\/coffret-superdofin-ex-cartes-brillantes-et-boosters-pokemon-tcg\/#primaryimage\"},\"thumbnailUrl\":\"https:\/\/pokelabtcg.fr\/wp-content\/uploads\/2025\/01\/138556.jpg\",\"datePublished\":\"2025-01-28T03:17:54+00:00\",\"dateModified\":\"2025-03-15T17:39:53+00:00\",\"description\":\"Plongez dans l'action avec le Coffret Superdofin-ex : 3 cartes brillantes, une carte grand format et 4 boosters. Parfait pour les fans du JCC Pok\u00e9mon !\",\"breadcrumb\":{\"@id\":\"https:\/\/pokelabtcg.fr\/index.php\/produit\/coffret-superdofin-ex-cartes-brillantes-et-boosters-pokemon-tcg\/#breadcrumb\"},\"inLanguage\":\"fr-FR\",\"potentialAction\":[{\"@type\":\"ReadAction\",\"target\":[\"https:\/\/pokelabtcg.fr\/index.php\/produit\/coffret-superdofin-ex-cartes-brillantes-et-boosters-pokemon-tcg\/\"]}]},{\"@type\":\"ImageObject\",\"inLanguage\":\"fr-FR\",\"@id\":\"https:\/\/pokelabtcg.fr\/index.php\/produit\/coffret-superdofin-ex-cartes-brillantes-et-boosters-pokemon-tcg\/#primaryimage\",\"url\":\"https:\/\/pokelabtcg.fr\/wp-content\/uploads\/2025\/01\/138556.jpg\",\"contentUrl\":\"https:\/\/pokelabtcg.fr\/wp-content\/uploads\/2025\/01\/138556.jpg\",\"width\":500,\"height\":500},{\"@type\":\"BreadcrumbList\",\"@id\":\"https:\/\/pokelabtcg.fr\/index.php\/produit\/coffret-superdofin-ex-cartes-brillantes-et-boosters-pokemon-tcg\/#breadcrumb\",\"itemListElement\":[{\"@type\":\"ListItem\",\"position\":1,\"name\":\"Accueil\",\"item\":\"https:\/\/pokelabtcg.fr\/\"},{\"@type\":\"ListItem\",\"position\":2,\"name\":\"Boutique\",\"item\":\"https:\/\/pokelabtcg.fr\/\"},{\"@type\":\"ListItem\",\"position\":3,\"name\":\"Coffret Superdofin-ex &#8211; Cartes promo + 4 boosters\"}]},{\"@type\":\"WebSite\",\"@id\":\"https:\/\/www.pokelabtcg.fr\/#website\",\"url\":\"https:\/\/www.pokelabtcg.fr\/\",\"name\":\"Pokelab Tcg\",\"description\":\"\",\"publisher\":{\"@id\":\"https:\/\/www.pokelabtcg.fr\/#organization\"},\"potentialAction\":[{\"@type\":\"SearchAction\",\"target\":{\"@type\":\"EntryPoint\",\"urlTemplate\":\"https:\/\/www.pokelabtcg.fr\/?s={search_term_string}\"},\"query-input\":{\"@type\":\"PropertyValueSpecification\",\"valueRequired\":true,\"valueName\":\"search_term_string\"}}],\"inLanguage\":\"fr-FR\"},{\"@type\":\"Organization\",\"@id\":\"https:\/\/www.pokelabtcg.fr\/#organization\",\"name\":\"Pokelab Tcg\",\"url\":\"https:\/\/www.pokelabtcg.fr\/\",\"logo\":{\"@type\":\"ImageObject\",\"inLanguage\":\"fr-FR\",\"@id\":\"https:\/\/www.pokelabtcg.fr\/#\/schema\/logo\/image\/\",\"url\":\"https:\/\/pokelabtcg.fr\/wp-content\/uploads\/2025\/01\/cropped-cropped-Red-Pokemon-Birthday-Ideas-for-Boyfriend-Facebook-Post-3-1.png\",\"contentUrl\":\"https:\/\/pokelabtcg.fr\/wp-content\/uploads\/2025\/01\/cropped-cropped-Red-Pokemon-Birthday-Ideas-for-Boyfriend-Facebook-Post-3-1.png\",\"width\":421,\"height\":476,\"caption\":\"Pokelab Tcg\"},\"image\":{\"@id\":\"https:\/\/www.pokelabtcg.fr\/#\/schema\/logo\/image\/\"}}]}<\/script>\n<!-- \/ Yoast SEO plugin. -->","yoast_head_json":{"title":"Coffret Superdofin-ex - Cartes promo + 4 boosters - Pokelab Tcg","description":"Plongez dans l'action avec le Coffret Superdofin-ex : 3 cartes brillantes, une carte grand format et 4 boosters. Parfait pour les fans du JCC Pok\u00e9mon !","robots":{"index":"index","follow":"follow","max-snippet":"max-snippet:-1","max-image-preview":"max-image-preview:large","max-video-preview":"max-video-preview:-1"},"canonical":"https:\/\/pokelabtcg.fr\/index.php\/produit\/coffret-superdofin-ex-cartes-brillantes-et-boosters-pokemon-tcg\/","og_locale":"fr_FR","og_type":"article","og_title":"Coffret Superdofin-ex - Cartes promo + 4 boosters - Pokelab Tcg","og_description":"Plongez dans l'action avec le Coffret Superdofin-ex : 3 cartes brillantes, une carte grand format et 4 boosters. Parfait pour les fans du JCC Pok\u00e9mon !","og_url":"https:\/\/pokelabtcg.fr\/index.php\/produit\/coffret-superdofin-ex-cartes-brillantes-et-boosters-pokemon-tcg\/","og_site_name":"Pokelab Tcg","article_modified_time":"2025-03-15T17:39:53+00:00","og_image":[{"width":500,"height":500,"url":"https:\/\/pokelabtcg.fr\/wp-content\/uploads\/2025\/01\/138556.jpg","type":"image\/jpeg"}],"twitter_card":"summary_large_image","twitter_misc":{"Dur\u00e9e de lecture estim\u00e9e":"1 minute"},"schema":{"@context":"https:\/\/schema.org","@graph":[{"@type":"WebPage","@id":"https:\/\/pokelabtcg.fr\/index.php\/produit\/coffret-superdofin-ex-cartes-brillantes-et-boosters-pokemon-tcg\/","url":"https:\/\/pokelabtcg.fr\/index.php\/produit\/coffret-superdofin-ex-cartes-brillantes-et-boosters-pokemon-tcg\/","name":"Coffret Superdofin-ex - Cartes promo + 4 boosters - Pokelab Tcg","isPartOf":{"@id":"https:\/\/www.pokelabtcg.fr\/#website"},"primaryImageOfPage":{"@id":"https:\/\/pokelabtcg.fr\/index.php\/produit\/coffret-superdofin-ex-cartes-brillantes-et-boosters-pokemon-tcg\/#primaryimage"},"image":{"@id":"https:\/\/pokelabtcg.fr\/index.php\/produit\/coffret-superdofin-ex-cartes-brillantes-et-boosters-pokemon-tcg\/#primaryimage"},"thumbnailUrl":"https:\/\/pokelabtcg.fr\/wp-content\/uploads\/2025\/01\/138556.jpg","datePublished":"2025-01-28T03:17:54+00:00","dateModified":"2025-03-15T17:39:53+00:00","description":"Plongez dans l'action avec le Coffret Superdofin-ex : 3 cartes brillantes, une carte grand format et 4 boosters. Parfait pour les fans du JCC Pok\u00e9mon !","breadcrumb":{"@id":"https:\/\/pokelabtcg.fr\/index.php\/produit\/coffret-superdofin-ex-cartes-brillantes-et-boosters-pokemon-tcg\/#breadcrumb"},"inLanguage":"fr-FR","potentialAction":[{"@type":"ReadAction","target":["https:\/\/pokelabtcg.fr\/index.php\/produit\/coffret-superdofin-ex-cartes-brillantes-et-boosters-pokemon-tcg\/"]}]},{"@type":"ImageObject","inLanguage":"fr-FR","@id":"https:\/\/pokelabtcg.fr\/index.php\/produit\/coffret-superdofin-ex-cartes-brillantes-et-boosters-pokemon-tcg\/#primaryimage","url":"https:\/\/pokelabtcg.fr\/wp-content\/uploads\/2025\/01\/138556.jpg","contentUrl":"https:\/\/pokelabtcg.fr\/wp-content\/uploads\/2025\/01\/138556.jpg","width":500,"height":500},{"@type":"BreadcrumbList","@id":"https:\/\/pokelabtcg.fr\/index.php\/produit\/coffret-superdofin-ex-cartes-brillantes-et-boosters-pokemon-tcg\/#breadcrumb","itemListElement":[{"@type":"ListItem","position":1,"name":"Accueil","item":"https:\/\/pokelabtcg.fr\/"},{"@type":"ListItem","position":2,"name":"Boutique","item":"https:\/\/pokelabtcg.fr\/"},{"@type":"ListItem","position":3,"name":"Coffret Superdofin-ex &#8211; Cartes promo + 4 boosters"}]},{"@type":"WebSite","@id":"https:\/\/www.pokelabtcg.fr\/#website","url":"https:\/\/www.pokelabtcg.fr\/","name":"Pokelab Tcg","description":"","publisher":{"@id":"https:\/\/www.pokelabtcg.fr\/#organization"},"potentialAction":[{"@type":"SearchAction","target":{"@type":"EntryPoint","urlTemplate":"https:\/\/www.pokelabtcg.fr\/?s={search_term_string}"},"query-input":{"@type":"PropertyValueSpecification","valueRequired":true,"valueName":"search_term_string"}}],"inLanguage":"fr-FR"},{"@type":"Organization","@id":"https:\/\/www.pokelabtcg.fr\/#organization","name":"Pokelab Tcg","url":"https:\/\/www.pokelabtcg.fr\/","logo":{"@type":"ImageObject","inLanguage":"fr-FR","@id":"https:\/\/www.pokelabtcg.fr\/#\/schema\/logo\/image\/","url":"https:\/\/pokelabtcg.fr\/wp-content\/uploads\/2025\/01\/cropped-cropped-Red-Pokemon-Birthday-Ideas-for-Boyfriend-Facebook-Post-3-1.png","contentUrl":"https:\/\/pokelabtcg.fr\/wp-content\/uploads\/2025\/01\/cropped-cropped-Red-Pokemon-Birthday-Ideas-for-Boyfriend-Facebook-Post-3-1.png","width":421,"height":476,"caption":"Pokelab Tcg"},"image":{"@id":"https:\/\/www.pokelabtcg.fr\/#\/schema\/logo\/image\/"}}]}},"_links":{"self":[{"href":"https:\/\/pokelabtcg.fr\/index.php\/wp-json\/wp\/v2\/product\/126","targetHints":{"allow":["GET"]}}],"collection":[{"href":"https:\/\/pokelabtcg.fr\/index.php\/wp-json\/wp\/v2\/product"}],"about":[{"href":"https:\/\/pokelabtcg.fr\/index.php\/wp-json\/wp\/v2\/types\/product"}],"replies":[{"embeddable":true,"href":"https:\/\/pokelabtcg.fr\/index.php\/wp-json\/wp\/v2\/comments?post=126"}],"wp:featuredmedia":[{"embeddable":true,"href":"https:\/\/pokelabtcg.fr\/index.php\/wp-json\/wp\/v2\/media\/128"}],"wp:attachment":[{"href":"https:\/\/pokelabtcg.fr\/index.php\/wp-json\/wp\/v2\/media?parent=126"}],"wp:term":[{"taxonomy":"product_brand","embeddable":true,"href":"https:\/\/pokelabtcg.fr\/index.php\/wp-json\/wp\/v2\/product_brand?post=126"},{"taxonomy":"product_cat","embeddable":true,"href":"https:\/\/pokelabtcg.fr\/index.php\/wp-json\/wp\/v2\/product_cat?post=126"},{"taxonomy":"product_tag","embeddable":true,"href":"https:\/\/pokelabtcg.fr\/index.php\/wp-json\/wp\/v2\/product_tag?post=126"}],"curies":[{"name":"wp","href":"https:\/\/api.w.org\/{rel}","templated":true}]}}