{"id":124,"date":"2025-01-28T04:10:11","date_gmt":"2025-01-28T03:10:11","guid":{"rendered":"https:\/?post_type=product&#038;p=124"},"modified":"2025-03-15T18:40:15","modified_gmt":"2025-03-15T17:40:15","slug":"coffret-archeduc-ex-3-cartes-brillantes-4-boosters-et-carte-code-pokemon-live","status":"publish","type":"product","link":"https:\/\/pokelabtcg.fr\/index.php\/produit\/coffret-archeduc-ex-3-cartes-brillantes-4-boosters-et-carte-code-pokemon-live\/","title":{"rendered":"Coffret Arch\u00e9duc-EX \u2013 3 Cartes Brillantes, 4 Boosters"},"content":{"rendered":"<p>Laissez votre empreinte au combat avec les PV impressionnants et les attaques d\u00e9vastatrices de Pok\u00e9mon-ex, notamment d&rsquo;Arch\u00e9duc-ex ! Cet incroyable Pok\u00e9mon-ex de type Plante \u00e9volue de Brindibou, puis d&rsquo;Effl\u00e8che pour devenir une force de la nature en jeu. Vous obtiendrez ces trois Pok\u00e9mon dans ce set, ainsi qu&rsquo;une carte grand format brillante d&rsquo;Arch\u00e9duc-ex pour votre collection. Encore plus de Pok\u00e9mon vous attendent dans les boosters !<\/p>\n<p><strong>Le Coffret Arch\u00e9duc-ex du JCC Pok\u00e9mon contient:<\/strong><br \/>\n&#8211; 3 cartes brillantes de Brindibou, Effl\u00e8che et Arch\u00e9duc-ex<br \/>\n&#8211; 1 carte grand format brillante d&rsquo;Arch\u00e9duc-ex<br \/>\n&#8211; 4 boosters du JCC Pok\u00e9mon<br \/>\n&#8211; 1 carte \u00e0 code pour le JCC Pok\u00e9mon Live<\/p>\n","protected":false},"excerpt":{"rendered":"<p>D\u00e9couvrez le <strong>Coffret Arch\u00e9duc-EX<\/strong> avec <strong>3 cartes brillantes<\/strong> (Brindibou, Effl\u00e8che, Arch\u00e9duc-EX), une <strong>carte grand format brillante<\/strong> d&rsquo;Arch\u00e9duc-EX, et <strong>4 boosters<\/strong> pour renforcer votre collection et vos decks du <strong>JCC Pok\u00e9mon<\/strong>.<\/p>\n","protected":false},"featured_media":125,"comment_status":"open","ping_status":"closed","template":"","meta":[],"product_brand":[17],"product_cat":[16],"product_tag":[],"class_list":{"0":"post-124","1":"product","2":"type-product","3":"status-publish","4":"has-post-thumbnail","6":"product_brand-asmodee","7":"product_cat-coffrets","9":"entry","10":"has-media","12":"first","13":"outofstock","14":"shipping-taxable","15":"purchasable","16":"product-type-simple","17":"has-product-nav","18":"col","19":"span_1_of_3","20":"owp-content-center","21":"owp-thumbs-layout-horizontal","22":"owp-btn-normal","23":"owp-tabs-layout-horizontal","24":"has-no-thumbnails"},"yoast_head":"<!-- This site is optimized with the Yoast SEO plugin v24.4 - https:\/\/yoast.com\/wordpress\/plugins\/seo\/ -->\n<title>Coffret Arch\u00e9duc-EX \u2013 3 Cartes promo Brillantes, 4 Boosters !<\/title>\n<meta name=\"description\" content=\"Dominez le jeu avec le COFFRET ARCHEDUC-EX : 3 cartes BRILLANTES, une carte GRAND format, 4 BOOSTERS et un CODE Pok\u00e9mon Live disponible chez POKELAB TCG !\" \/>\n<meta name=\"robots\" content=\"index, follow, max-snippet:-1, max-image-preview:large, max-video-preview:-1\" \/>\n<link rel=\"canonical\" href=\"https:\/\/pokelabtcg.fr\/index.php\/produit\/coffret-archeduc-ex-3-cartes-brillantes-4-boosters-et-carte-code-pokemon-live\/\" \/>\n<meta property=\"og:locale\" content=\"fr_FR\" \/>\n<meta property=\"og:type\" content=\"article\" \/>\n<meta property=\"og:title\" content=\"Coffret Arch\u00e9duc-EX \u2013 3 Cartes promo Brillantes, 4 Boosters !\" \/>\n<meta property=\"og:description\" content=\"Dominez le jeu avec le COFFRET ARCHEDUC-EX : 3 cartes BRILLANTES, une carte GRAND format, 4 BOOSTERS et un CODE Pok\u00e9mon Live disponible chez POKELAB TCG !\" \/>\n<meta property=\"og:url\" content=\"https:\/\/pokelabtcg.fr\/index.php\/produit\/coffret-archeduc-ex-3-cartes-brillantes-4-boosters-et-carte-code-pokemon-live\/\" \/>\n<meta property=\"og:site_name\" content=\"Pokelab Tcg\" \/>\n<meta property=\"article:modified_time\" content=\"2025-03-15T17:40:15+00:00\" \/>\n<meta property=\"og:image\" content=\"https:\/\/pokelabtcg.fr\/wp-content\/uploads\/2025\/01\/142634.jpg\" \/>\n\t<meta property=\"og:image:width\" content=\"1000\" \/>\n\t<meta property=\"og:image:height\" content=\"1000\" \/>\n\t<meta property=\"og:image:type\" content=\"image\/jpeg\" \/>\n<meta name=\"twitter:card\" content=\"summary_large_image\" \/>\n<meta name=\"twitter:label1\" content=\"Dur\u00e9e de lecture estim\u00e9e\" \/>\n\t<meta name=\"twitter:data1\" content=\"1 minute\" \/>\n<script type=\"application\/ld+json\" class=\"yoast-schema-graph\">{\"@context\":\"https:\/\/schema.org\",\"@graph\":[{\"@type\":\"WebPage\",\"@id\":\"https:\/\/pokelabtcg.fr\/index.php\/produit\/coffret-archeduc-ex-3-cartes-brillantes-4-boosters-et-carte-code-pokemon-live\/\",\"url\":\"https:\/\/pokelabtcg.fr\/index.php\/produit\/coffret-archeduc-ex-3-cartes-brillantes-4-boosters-et-carte-code-pokemon-live\/\",\"name\":\"Coffret Arch\u00e9duc-EX \u2013 3 Cartes promo Brillantes, 4 Boosters !\",\"isPartOf\":{\"@id\":\"https:\/\/www.pokelabtcg.fr\/#website\"},\"primaryImageOfPage\":{\"@id\":\"https:\/\/pokelabtcg.fr\/index.php\/produit\/coffret-archeduc-ex-3-cartes-brillantes-4-boosters-et-carte-code-pokemon-live\/#primaryimage\"},\"image\":{\"@id\":\"https:\/\/pokelabtcg.fr\/index.php\/produit\/coffret-archeduc-ex-3-cartes-brillantes-4-boosters-et-carte-code-pokemon-live\/#primaryimage\"},\"thumbnailUrl\":\"https:\/\/pokelabtcg.fr\/wp-content\/uploads\/2025\/01\/142634.jpg\",\"datePublished\":\"2025-01-28T03:10:11+00:00\",\"dateModified\":\"2025-03-15T17:40:15+00:00\",\"description\":\"Dominez le jeu avec le COFFRET ARCHEDUC-EX : 3 cartes BRILLANTES, une carte GRAND format, 4 BOOSTERS et un CODE Pok\u00e9mon Live disponible chez POKELAB TCG !\",\"breadcrumb\":{\"@id\":\"https:\/\/pokelabtcg.fr\/index.php\/produit\/coffret-archeduc-ex-3-cartes-brillantes-4-boosters-et-carte-code-pokemon-live\/#breadcrumb\"},\"inLanguage\":\"fr-FR\",\"potentialAction\":[{\"@type\":\"ReadAction\",\"target\":[\"https:\/\/pokelabtcg.fr\/index.php\/produit\/coffret-archeduc-ex-3-cartes-brillantes-4-boosters-et-carte-code-pokemon-live\/\"]}]},{\"@type\":\"ImageObject\",\"inLanguage\":\"fr-FR\",\"@id\":\"https:\/\/pokelabtcg.fr\/index.php\/produit\/coffret-archeduc-ex-3-cartes-brillantes-4-boosters-et-carte-code-pokemon-live\/#primaryimage\",\"url\":\"https:\/\/pokelabtcg.fr\/wp-content\/uploads\/2025\/01\/142634.jpg\",\"contentUrl\":\"https:\/\/pokelabtcg.fr\/wp-content\/uploads\/2025\/01\/142634.jpg\",\"width\":1000,\"height\":1000},{\"@type\":\"BreadcrumbList\",\"@id\":\"https:\/\/pokelabtcg.fr\/index.php\/produit\/coffret-archeduc-ex-3-cartes-brillantes-4-boosters-et-carte-code-pokemon-live\/#breadcrumb\",\"itemListElement\":[{\"@type\":\"ListItem\",\"position\":1,\"name\":\"Accueil\",\"item\":\"https:\/\/pokelabtcg.fr\/\"},{\"@type\":\"ListItem\",\"position\":2,\"name\":\"Boutique\",\"item\":\"https:\/\/pokelabtcg.fr\/\"},{\"@type\":\"ListItem\",\"position\":3,\"name\":\"Coffret Arch\u00e9duc-EX \u2013 3 Cartes Brillantes, 4 Boosters\"}]},{\"@type\":\"WebSite\",\"@id\":\"https:\/\/www.pokelabtcg.fr\/#website\",\"url\":\"https:\/\/www.pokelabtcg.fr\/\",\"name\":\"Pokelab Tcg\",\"description\":\"\",\"publisher\":{\"@id\":\"https:\/\/www.pokelabtcg.fr\/#organization\"},\"potentialAction\":[{\"@type\":\"SearchAction\",\"target\":{\"@type\":\"EntryPoint\",\"urlTemplate\":\"https:\/\/www.pokelabtcg.fr\/?s={search_term_string}\"},\"query-input\":{\"@type\":\"PropertyValueSpecification\",\"valueRequired\":true,\"valueName\":\"search_term_string\"}}],\"inLanguage\":\"fr-FR\"},{\"@type\":\"Organization\",\"@id\":\"https:\/\/www.pokelabtcg.fr\/#organization\",\"name\":\"Pokelab Tcg\",\"url\":\"https:\/\/www.pokelabtcg.fr\/\",\"logo\":{\"@type\":\"ImageObject\",\"inLanguage\":\"fr-FR\",\"@id\":\"https:\/\/www.pokelabtcg.fr\/#\/schema\/logo\/image\/\",\"url\":\"https:\/\/pokelabtcg.fr\/wp-content\/uploads\/2025\/01\/cropped-cropped-Red-Pokemon-Birthday-Ideas-for-Boyfriend-Facebook-Post-3-1.png\",\"contentUrl\":\"https:\/\/pokelabtcg.fr\/wp-content\/uploads\/2025\/01\/cropped-cropped-Red-Pokemon-Birthday-Ideas-for-Boyfriend-Facebook-Post-3-1.png\",\"width\":421,\"height\":476,\"caption\":\"Pokelab Tcg\"},\"image\":{\"@id\":\"https:\/\/www.pokelabtcg.fr\/#\/schema\/logo\/image\/\"}}]}<\/script>\n<!-- \/ Yoast SEO plugin. -->","yoast_head_json":{"title":"Coffret Arch\u00e9duc-EX \u2013 3 Cartes promo Brillantes, 4 Boosters !","description":"Dominez le jeu avec le COFFRET ARCHEDUC-EX : 3 cartes BRILLANTES, une carte GRAND format, 4 BOOSTERS et un CODE Pok\u00e9mon Live disponible chez POKELAB TCG !","robots":{"index":"index","follow":"follow","max-snippet":"max-snippet:-1","max-image-preview":"max-image-preview:large","max-video-preview":"max-video-preview:-1"},"canonical":"https:\/\/pokelabtcg.fr\/index.php\/produit\/coffret-archeduc-ex-3-cartes-brillantes-4-boosters-et-carte-code-pokemon-live\/","og_locale":"fr_FR","og_type":"article","og_title":"Coffret Arch\u00e9duc-EX \u2013 3 Cartes promo Brillantes, 4 Boosters !","og_description":"Dominez le jeu avec le COFFRET ARCHEDUC-EX : 3 cartes BRILLANTES, une carte GRAND format, 4 BOOSTERS et un CODE Pok\u00e9mon Live disponible chez POKELAB TCG !","og_url":"https:\/\/pokelabtcg.fr\/index.php\/produit\/coffret-archeduc-ex-3-cartes-brillantes-4-boosters-et-carte-code-pokemon-live\/","og_site_name":"Pokelab Tcg","article_modified_time":"2025-03-15T17:40:15+00:00","og_image":[{"width":1000,"height":1000,"url":"https:\/\/pokelabtcg.fr\/wp-content\/uploads\/2025\/01\/142634.jpg","type":"image\/jpeg"}],"twitter_card":"summary_large_image","twitter_misc":{"Dur\u00e9e de lecture estim\u00e9e":"1 minute"},"schema":{"@context":"https:\/\/schema.org","@graph":[{"@type":"WebPage","@id":"https:\/\/pokelabtcg.fr\/index.php\/produit\/coffret-archeduc-ex-3-cartes-brillantes-4-boosters-et-carte-code-pokemon-live\/","url":"https:\/\/pokelabtcg.fr\/index.php\/produit\/coffret-archeduc-ex-3-cartes-brillantes-4-boosters-et-carte-code-pokemon-live\/","name":"Coffret Arch\u00e9duc-EX \u2013 3 Cartes promo Brillantes, 4 Boosters !","isPartOf":{"@id":"https:\/\/www.pokelabtcg.fr\/#website"},"primaryImageOfPage":{"@id":"https:\/\/pokelabtcg.fr\/index.php\/produit\/coffret-archeduc-ex-3-cartes-brillantes-4-boosters-et-carte-code-pokemon-live\/#primaryimage"},"image":{"@id":"https:\/\/pokelabtcg.fr\/index.php\/produit\/coffret-archeduc-ex-3-cartes-brillantes-4-boosters-et-carte-code-pokemon-live\/#primaryimage"},"thumbnailUrl":"https:\/\/pokelabtcg.fr\/wp-content\/uploads\/2025\/01\/142634.jpg","datePublished":"2025-01-28T03:10:11+00:00","dateModified":"2025-03-15T17:40:15+00:00","description":"Dominez le jeu avec le COFFRET ARCHEDUC-EX : 3 cartes BRILLANTES, une carte GRAND format, 4 BOOSTERS et un CODE Pok\u00e9mon Live disponible chez POKELAB TCG !","breadcrumb":{"@id":"https:\/\/pokelabtcg.fr\/index.php\/produit\/coffret-archeduc-ex-3-cartes-brillantes-4-boosters-et-carte-code-pokemon-live\/#breadcrumb"},"inLanguage":"fr-FR","potentialAction":[{"@type":"ReadAction","target":["https:\/\/pokelabtcg.fr\/index.php\/produit\/coffret-archeduc-ex-3-cartes-brillantes-4-boosters-et-carte-code-pokemon-live\/"]}]},{"@type":"ImageObject","inLanguage":"fr-FR","@id":"https:\/\/pokelabtcg.fr\/index.php\/produit\/coffret-archeduc-ex-3-cartes-brillantes-4-boosters-et-carte-code-pokemon-live\/#primaryimage","url":"https:\/\/pokelabtcg.fr\/wp-content\/uploads\/2025\/01\/142634.jpg","contentUrl":"https:\/\/pokelabtcg.fr\/wp-content\/uploads\/2025\/01\/142634.jpg","width":1000,"height":1000},{"@type":"BreadcrumbList","@id":"https:\/\/pokelabtcg.fr\/index.php\/produit\/coffret-archeduc-ex-3-cartes-brillantes-4-boosters-et-carte-code-pokemon-live\/#breadcrumb","itemListElement":[{"@type":"ListItem","position":1,"name":"Accueil","item":"https:\/\/pokelabtcg.fr\/"},{"@type":"ListItem","position":2,"name":"Boutique","item":"https:\/\/pokelabtcg.fr\/"},{"@type":"ListItem","position":3,"name":"Coffret Arch\u00e9duc-EX \u2013 3 Cartes Brillantes, 4 Boosters"}]},{"@type":"WebSite","@id":"https:\/\/www.pokelabtcg.fr\/#website","url":"https:\/\/www.pokelabtcg.fr\/","name":"Pokelab Tcg","description":"","publisher":{"@id":"https:\/\/www.pokelabtcg.fr\/#organization"},"potentialAction":[{"@type":"SearchAction","target":{"@type":"EntryPoint","urlTemplate":"https:\/\/www.pokelabtcg.fr\/?s={search_term_string}"},"query-input":{"@type":"PropertyValueSpecification","valueRequired":true,"valueName":"search_term_string"}}],"inLanguage":"fr-FR"},{"@type":"Organization","@id":"https:\/\/www.pokelabtcg.fr\/#organization","name":"Pokelab Tcg","url":"https:\/\/www.pokelabtcg.fr\/","logo":{"@type":"ImageObject","inLanguage":"fr-FR","@id":"https:\/\/www.pokelabtcg.fr\/#\/schema\/logo\/image\/","url":"https:\/\/pokelabtcg.fr\/wp-content\/uploads\/2025\/01\/cropped-cropped-Red-Pokemon-Birthday-Ideas-for-Boyfriend-Facebook-Post-3-1.png","contentUrl":"https:\/\/pokelabtcg.fr\/wp-content\/uploads\/2025\/01\/cropped-cropped-Red-Pokemon-Birthday-Ideas-for-Boyfriend-Facebook-Post-3-1.png","width":421,"height":476,"caption":"Pokelab Tcg"},"image":{"@id":"https:\/\/www.pokelabtcg.fr\/#\/schema\/logo\/image\/"}}]}},"_links":{"self":[{"href":"https:\/\/pokelabtcg.fr\/index.php\/wp-json\/wp\/v2\/product\/124","targetHints":{"allow":["GET"]}}],"collection":[{"href":"https:\/\/pokelabtcg.fr\/index.php\/wp-json\/wp\/v2\/product"}],"about":[{"href":"https:\/\/pokelabtcg.fr\/index.php\/wp-json\/wp\/v2\/types\/product"}],"replies":[{"embeddable":true,"href":"https:\/\/pokelabtcg.fr\/index.php\/wp-json\/wp\/v2\/comments?post=124"}],"wp:featuredmedia":[{"embeddable":true,"href":"https:\/\/pokelabtcg.fr\/index.php\/wp-json\/wp\/v2\/media\/125"}],"wp:attachment":[{"href":"https:\/\/pokelabtcg.fr\/index.php\/wp-json\/wp\/v2\/media?parent=124"}],"wp:term":[{"taxonomy":"product_brand","embeddable":true,"href":"https:\/\/pokelabtcg.fr\/index.php\/wp-json\/wp\/v2\/product_brand?post=124"},{"taxonomy":"product_cat","embeddable":true,"href":"https:\/\/pokelabtcg.fr\/index.php\/wp-json\/wp\/v2\/product_cat?post=124"},{"taxonomy":"product_tag","embeddable":true,"href":"https:\/\/pokelabtcg.fr\/index.php\/wp-json\/wp\/v2\/product_tag?post=124"}],"curies":[{"name":"wp","href":"https:\/\/api.w.org\/{rel}","templated":true}]}}