{"id":120,"date":"2025-01-28T04:01:03","date_gmt":"2025-01-28T03:01:03","guid":{"rendered":"https:\/?post_type=product&#038;p=120"},"modified":"2025-03-15T18:40:32","modified_gmt":"2025-03-15T17:40:32","slug":"pokemon-coffret-tomberro-ex-octobre-2024","status":"publish","type":"product","link":"https:\/\/pokelabtcg.fr\/index.php\/produit\/pokemon-coffret-tomberro-ex-octobre-2024\/","title":{"rendered":"Pok\u00e9mon : Coffret Tomberro-ex Octobre 2024"},"content":{"rendered":"<p>Tomberro a peut-\u00eatre l\u2019air effrayant, mais c\u2019est un compagnon qui se montrera fid\u00e8le et loyal une fois que vous aurez gagn\u00e9 son amiti\u00e9 !<\/p>\n<p>Ce coffret contient une carte promo brillante de Tomberro en tant que puissant Pok\u00e9mon-ex, ainsi qu\u2019une carte brillante de Toutombe, vous permettant ainsi d\u2019ajouter les deux Pok\u00e9mon Fant\u00f4chien \u00e0 votre deck ou \u00e0 votre collection.<\/p>\n<p>Vous y trouverez \u00e9galement des boosters du JCC Pok\u00e9mon, contenant bien d\u2019autres partenaires Pok\u00e9mon !<\/p>\n<p><strong>Contenu:<\/strong><\/p>\n<ul>\n<li>1 carte promo brillante de Tomberro-ex<\/li>\n<li>1 carte brillante de Toutombe<\/li>\n<li>1 carte grand format brillante de Tomberro-ex<\/li>\n<li>4 boosters du JCC Pok\u00e9mon<\/li>\n<li>1 carte \u00e0 code pour le JCC Pok\u00e9mon Live<\/li>\n<\/ul>\n","protected":false},"excerpt":{"rendered":"<p>D\u00e9couvrez le <strong>coffret Tomberro-EX<\/strong> avec une <strong>carte brillante<\/strong> de Tomberro-EX, une <strong>carte Toutombe<\/strong>, et <strong>4 boosters<\/strong> pour booster votre collection et vos decks du <strong>JCC Pok\u00e9mon<\/strong>.<\/p>\n","protected":false},"featured_media":121,"comment_status":"open","ping_status":"closed","template":"","meta":[],"product_brand":[17],"product_cat":[16],"product_tag":[],"class_list":{"0":"post-120","1":"product","2":"type-product","3":"status-publish","4":"has-post-thumbnail","6":"product_brand-asmodee","7":"product_cat-coffrets","9":"entry","10":"has-media","12":"first","13":"outofstock","14":"shipping-taxable","15":"purchasable","16":"product-type-simple","17":"has-product-nav","18":"col","19":"span_1_of_3","20":"owp-content-center","21":"owp-thumbs-layout-horizontal","22":"owp-btn-normal","23":"owp-tabs-layout-horizontal","24":"has-no-thumbnails"},"yoast_head":"<!-- This site is optimized with the Yoast SEO plugin v24.4 - https:\/\/yoast.com\/wordpress\/plugins\/seo\/ -->\n<title>Coffret Pok\u00e9mon Tomberro-EX \u2013 1 Carte Promo, 4 Boosters<\/title>\n<meta name=\"description\" content=\"Obtenez Tomberro-EX, Toutombe et 4 boosters pour enrichir votre collection et am\u00e9liorer vos strat\u00e9gies du JCC Pok\u00e9mon ! Un coffret rempli de surprises !\" \/>\n<meta name=\"robots\" content=\"index, follow, max-snippet:-1, max-image-preview:large, max-video-preview:-1\" \/>\n<link rel=\"canonical\" href=\"https:\/\/pokelabtcg.fr\/index.php\/produit\/pokemon-coffret-tomberro-ex-octobre-2024\/\" \/>\n<meta property=\"og:locale\" content=\"fr_FR\" \/>\n<meta property=\"og:type\" content=\"article\" \/>\n<meta property=\"og:title\" content=\"Coffret Pok\u00e9mon Tomberro-EX \u2013 1 Carte Promo, 4 Boosters\" \/>\n<meta property=\"og:description\" content=\"Obtenez Tomberro-EX, Toutombe et 4 boosters pour enrichir votre collection et am\u00e9liorer vos strat\u00e9gies du JCC Pok\u00e9mon ! Un coffret rempli de surprises !\" \/>\n<meta property=\"og:url\" content=\"https:\/\/pokelabtcg.fr\/index.php\/produit\/pokemon-coffret-tomberro-ex-octobre-2024\/\" \/>\n<meta property=\"og:site_name\" content=\"Pokelab Tcg\" \/>\n<meta property=\"article:modified_time\" content=\"2025-03-15T17:40:32+00:00\" \/>\n<meta property=\"og:image\" content=\"https:\/\/pokelabtcg.fr\/wp-content\/uploads\/2025\/01\/5325105-47e917a5c3c960.jpg.webp\" \/>\n\t<meta property=\"og:image:width\" content=\"1164\" \/>\n\t<meta property=\"og:image:height\" content=\"1164\" \/>\n\t<meta property=\"og:image:type\" content=\"image\/webp\" \/>\n<meta name=\"twitter:card\" content=\"summary_large_image\" \/>\n<meta name=\"twitter:label1\" content=\"Dur\u00e9e de lecture estim\u00e9e\" \/>\n\t<meta name=\"twitter:data1\" content=\"1 minute\" \/>\n<script type=\"application\/ld+json\" class=\"yoast-schema-graph\">{\"@context\":\"https:\/\/schema.org\",\"@graph\":[{\"@type\":\"WebPage\",\"@id\":\"https:\/\/pokelabtcg.fr\/index.php\/produit\/pokemon-coffret-tomberro-ex-octobre-2024\/\",\"url\":\"https:\/\/pokelabtcg.fr\/index.php\/produit\/pokemon-coffret-tomberro-ex-octobre-2024\/\",\"name\":\"Coffret Pok\u00e9mon Tomberro-EX \u2013 1 Carte Promo, 4 Boosters\",\"isPartOf\":{\"@id\":\"https:\/\/www.pokelabtcg.fr\/#website\"},\"primaryImageOfPage\":{\"@id\":\"https:\/\/pokelabtcg.fr\/index.php\/produit\/pokemon-coffret-tomberro-ex-octobre-2024\/#primaryimage\"},\"image\":{\"@id\":\"https:\/\/pokelabtcg.fr\/index.php\/produit\/pokemon-coffret-tomberro-ex-octobre-2024\/#primaryimage\"},\"thumbnailUrl\":\"https:\/\/pokelabtcg.fr\/wp-content\/uploads\/2025\/01\/5325105-47e917a5c3c960.jpg.webp\",\"datePublished\":\"2025-01-28T03:01:03+00:00\",\"dateModified\":\"2025-03-15T17:40:32+00:00\",\"description\":\"Obtenez Tomberro-EX, Toutombe et 4 boosters pour enrichir votre collection et am\u00e9liorer vos strat\u00e9gies du JCC Pok\u00e9mon ! Un coffret rempli de surprises !\",\"breadcrumb\":{\"@id\":\"https:\/\/pokelabtcg.fr\/index.php\/produit\/pokemon-coffret-tomberro-ex-octobre-2024\/#breadcrumb\"},\"inLanguage\":\"fr-FR\",\"potentialAction\":[{\"@type\":\"ReadAction\",\"target\":[\"https:\/\/pokelabtcg.fr\/index.php\/produit\/pokemon-coffret-tomberro-ex-octobre-2024\/\"]}]},{\"@type\":\"ImageObject\",\"inLanguage\":\"fr-FR\",\"@id\":\"https:\/\/pokelabtcg.fr\/index.php\/produit\/pokemon-coffret-tomberro-ex-octobre-2024\/#primaryimage\",\"url\":\"https:\/\/pokelabtcg.fr\/wp-content\/uploads\/2025\/01\/5325105-47e917a5c3c960.jpg.webp\",\"contentUrl\":\"https:\/\/pokelabtcg.fr\/wp-content\/uploads\/2025\/01\/5325105-47e917a5c3c960.jpg.webp\",\"width\":1164,\"height\":1164},{\"@type\":\"BreadcrumbList\",\"@id\":\"https:\/\/pokelabtcg.fr\/index.php\/produit\/pokemon-coffret-tomberro-ex-octobre-2024\/#breadcrumb\",\"itemListElement\":[{\"@type\":\"ListItem\",\"position\":1,\"name\":\"Accueil\",\"item\":\"https:\/\/pokelabtcg.fr\/\"},{\"@type\":\"ListItem\",\"position\":2,\"name\":\"Boutique\",\"item\":\"https:\/\/pokelabtcg.fr\/\"},{\"@type\":\"ListItem\",\"position\":3,\"name\":\"Pok\u00e9mon : Coffret Tomberro-ex Octobre 2024\"}]},{\"@type\":\"WebSite\",\"@id\":\"https:\/\/www.pokelabtcg.fr\/#website\",\"url\":\"https:\/\/www.pokelabtcg.fr\/\",\"name\":\"Pokelab Tcg\",\"description\":\"\",\"publisher\":{\"@id\":\"https:\/\/www.pokelabtcg.fr\/#organization\"},\"potentialAction\":[{\"@type\":\"SearchAction\",\"target\":{\"@type\":\"EntryPoint\",\"urlTemplate\":\"https:\/\/www.pokelabtcg.fr\/?s={search_term_string}\"},\"query-input\":{\"@type\":\"PropertyValueSpecification\",\"valueRequired\":true,\"valueName\":\"search_term_string\"}}],\"inLanguage\":\"fr-FR\"},{\"@type\":\"Organization\",\"@id\":\"https:\/\/www.pokelabtcg.fr\/#organization\",\"name\":\"Pokelab Tcg\",\"url\":\"https:\/\/www.pokelabtcg.fr\/\",\"logo\":{\"@type\":\"ImageObject\",\"inLanguage\":\"fr-FR\",\"@id\":\"https:\/\/www.pokelabtcg.fr\/#\/schema\/logo\/image\/\",\"url\":\"https:\/\/pokelabtcg.fr\/wp-content\/uploads\/2025\/01\/cropped-cropped-Red-Pokemon-Birthday-Ideas-for-Boyfriend-Facebook-Post-3-1.png\",\"contentUrl\":\"https:\/\/pokelabtcg.fr\/wp-content\/uploads\/2025\/01\/cropped-cropped-Red-Pokemon-Birthday-Ideas-for-Boyfriend-Facebook-Post-3-1.png\",\"width\":421,\"height\":476,\"caption\":\"Pokelab Tcg\"},\"image\":{\"@id\":\"https:\/\/www.pokelabtcg.fr\/#\/schema\/logo\/image\/\"}}]}<\/script>\n<!-- \/ Yoast SEO plugin. -->","yoast_head_json":{"title":"Coffret Pok\u00e9mon Tomberro-EX \u2013 1 Carte Promo, 4 Boosters","description":"Obtenez Tomberro-EX, Toutombe et 4 boosters pour enrichir votre collection et am\u00e9liorer vos strat\u00e9gies du JCC Pok\u00e9mon ! Un coffret rempli de surprises !","robots":{"index":"index","follow":"follow","max-snippet":"max-snippet:-1","max-image-preview":"max-image-preview:large","max-video-preview":"max-video-preview:-1"},"canonical":"https:\/\/pokelabtcg.fr\/index.php\/produit\/pokemon-coffret-tomberro-ex-octobre-2024\/","og_locale":"fr_FR","og_type":"article","og_title":"Coffret Pok\u00e9mon Tomberro-EX \u2013 1 Carte Promo, 4 Boosters","og_description":"Obtenez Tomberro-EX, Toutombe et 4 boosters pour enrichir votre collection et am\u00e9liorer vos strat\u00e9gies du JCC Pok\u00e9mon ! Un coffret rempli de surprises !","og_url":"https:\/\/pokelabtcg.fr\/index.php\/produit\/pokemon-coffret-tomberro-ex-octobre-2024\/","og_site_name":"Pokelab Tcg","article_modified_time":"2025-03-15T17:40:32+00:00","og_image":[{"width":1164,"height":1164,"url":"https:\/\/pokelabtcg.fr\/wp-content\/uploads\/2025\/01\/5325105-47e917a5c3c960.jpg.webp","type":"image\/webp"}],"twitter_card":"summary_large_image","twitter_misc":{"Dur\u00e9e de lecture estim\u00e9e":"1 minute"},"schema":{"@context":"https:\/\/schema.org","@graph":[{"@type":"WebPage","@id":"https:\/\/pokelabtcg.fr\/index.php\/produit\/pokemon-coffret-tomberro-ex-octobre-2024\/","url":"https:\/\/pokelabtcg.fr\/index.php\/produit\/pokemon-coffret-tomberro-ex-octobre-2024\/","name":"Coffret Pok\u00e9mon Tomberro-EX \u2013 1 Carte Promo, 4 Boosters","isPartOf":{"@id":"https:\/\/www.pokelabtcg.fr\/#website"},"primaryImageOfPage":{"@id":"https:\/\/pokelabtcg.fr\/index.php\/produit\/pokemon-coffret-tomberro-ex-octobre-2024\/#primaryimage"},"image":{"@id":"https:\/\/pokelabtcg.fr\/index.php\/produit\/pokemon-coffret-tomberro-ex-octobre-2024\/#primaryimage"},"thumbnailUrl":"https:\/\/pokelabtcg.fr\/wp-content\/uploads\/2025\/01\/5325105-47e917a5c3c960.jpg.webp","datePublished":"2025-01-28T03:01:03+00:00","dateModified":"2025-03-15T17:40:32+00:00","description":"Obtenez Tomberro-EX, Toutombe et 4 boosters pour enrichir votre collection et am\u00e9liorer vos strat\u00e9gies du JCC Pok\u00e9mon ! Un coffret rempli de surprises !","breadcrumb":{"@id":"https:\/\/pokelabtcg.fr\/index.php\/produit\/pokemon-coffret-tomberro-ex-octobre-2024\/#breadcrumb"},"inLanguage":"fr-FR","potentialAction":[{"@type":"ReadAction","target":["https:\/\/pokelabtcg.fr\/index.php\/produit\/pokemon-coffret-tomberro-ex-octobre-2024\/"]}]},{"@type":"ImageObject","inLanguage":"fr-FR","@id":"https:\/\/pokelabtcg.fr\/index.php\/produit\/pokemon-coffret-tomberro-ex-octobre-2024\/#primaryimage","url":"https:\/\/pokelabtcg.fr\/wp-content\/uploads\/2025\/01\/5325105-47e917a5c3c960.jpg.webp","contentUrl":"https:\/\/pokelabtcg.fr\/wp-content\/uploads\/2025\/01\/5325105-47e917a5c3c960.jpg.webp","width":1164,"height":1164},{"@type":"BreadcrumbList","@id":"https:\/\/pokelabtcg.fr\/index.php\/produit\/pokemon-coffret-tomberro-ex-octobre-2024\/#breadcrumb","itemListElement":[{"@type":"ListItem","position":1,"name":"Accueil","item":"https:\/\/pokelabtcg.fr\/"},{"@type":"ListItem","position":2,"name":"Boutique","item":"https:\/\/pokelabtcg.fr\/"},{"@type":"ListItem","position":3,"name":"Pok\u00e9mon : Coffret Tomberro-ex Octobre 2024"}]},{"@type":"WebSite","@id":"https:\/\/www.pokelabtcg.fr\/#website","url":"https:\/\/www.pokelabtcg.fr\/","name":"Pokelab Tcg","description":"","publisher":{"@id":"https:\/\/www.pokelabtcg.fr\/#organization"},"potentialAction":[{"@type":"SearchAction","target":{"@type":"EntryPoint","urlTemplate":"https:\/\/www.pokelabtcg.fr\/?s={search_term_string}"},"query-input":{"@type":"PropertyValueSpecification","valueRequired":true,"valueName":"search_term_string"}}],"inLanguage":"fr-FR"},{"@type":"Organization","@id":"https:\/\/www.pokelabtcg.fr\/#organization","name":"Pokelab Tcg","url":"https:\/\/www.pokelabtcg.fr\/","logo":{"@type":"ImageObject","inLanguage":"fr-FR","@id":"https:\/\/www.pokelabtcg.fr\/#\/schema\/logo\/image\/","url":"https:\/\/pokelabtcg.fr\/wp-content\/uploads\/2025\/01\/cropped-cropped-Red-Pokemon-Birthday-Ideas-for-Boyfriend-Facebook-Post-3-1.png","contentUrl":"https:\/\/pokelabtcg.fr\/wp-content\/uploads\/2025\/01\/cropped-cropped-Red-Pokemon-Birthday-Ideas-for-Boyfriend-Facebook-Post-3-1.png","width":421,"height":476,"caption":"Pokelab Tcg"},"image":{"@id":"https:\/\/www.pokelabtcg.fr\/#\/schema\/logo\/image\/"}}]}},"_links":{"self":[{"href":"https:\/\/pokelabtcg.fr\/index.php\/wp-json\/wp\/v2\/product\/120","targetHints":{"allow":["GET"]}}],"collection":[{"href":"https:\/\/pokelabtcg.fr\/index.php\/wp-json\/wp\/v2\/product"}],"about":[{"href":"https:\/\/pokelabtcg.fr\/index.php\/wp-json\/wp\/v2\/types\/product"}],"replies":[{"embeddable":true,"href":"https:\/\/pokelabtcg.fr\/index.php\/wp-json\/wp\/v2\/comments?post=120"}],"wp:featuredmedia":[{"embeddable":true,"href":"https:\/\/pokelabtcg.fr\/index.php\/wp-json\/wp\/v2\/media\/121"}],"wp:attachment":[{"href":"https:\/\/pokelabtcg.fr\/index.php\/wp-json\/wp\/v2\/media?parent=120"}],"wp:term":[{"taxonomy":"product_brand","embeddable":true,"href":"https:\/\/pokelabtcg.fr\/index.php\/wp-json\/wp\/v2\/product_brand?post=120"},{"taxonomy":"product_cat","embeddable":true,"href":"https:\/\/pokelabtcg.fr\/index.php\/wp-json\/wp\/v2\/product_cat?post=120"},{"taxonomy":"product_tag","embeddable":true,"href":"https:\/\/pokelabtcg.fr\/index.php\/wp-json\/wp\/v2\/product_tag?post=120"}],"curies":[{"name":"wp","href":"https:\/\/api.w.org\/{rel}","templated":true}]}}