{"id":104,"date":"2025-01-28T02:44:39","date_gmt":"2025-01-28T01:44:39","guid":{"rendered":"https:\/?post_type=product&#038;p=104"},"modified":"2025-01-31T03:03:33","modified_gmt":"2025-01-31T02:03:33","slug":"coffret-pokemon-super-premium-dracaufeu-ex-avec-figurine","status":"publish","type":"product","link":"https:\/\/pokelabtcg.fr\/index.php\/produit\/coffret-pokemon-super-premium-dracaufeu-ex-avec-figurine\/","title":{"rendered":"Coffret Super-Premium Dracaufeu-ex avec figurine"},"content":{"rendered":"<p>Le <strong>Coffret Pok\u00e9mon Super-Premium Dracaufeu-EX<\/strong> est l&rsquo;\u00e9dition ultime pour les collectionneurs, avec une <strong>figurine Dracaufeu-EX<\/strong>, des <strong>cartes promo exclusives<\/strong>, et des <strong>boosters<\/strong> pour compl\u00e9ter votre deck. Une v\u00e9ritable pi\u00e8ce ma\u00eetresse pour les fans du <strong>JCC Pok\u00e9mon<\/strong> !<\/p>\n","protected":false},"excerpt":{"rendered":"<p>Le <strong>Coffret Pok\u00e9mon Super-Premium Dracaufeu-EX<\/strong> offre une <strong>figurine Dracaufeu-EX<\/strong> et des <strong>cartes promo rares<\/strong>pour enrichir votre collection. Inclut \u00e9galement des <strong>boosters<\/strong> du <strong>JCC Pok\u00e9mon<\/strong> pour renforcer vos strat\u00e9gies de jeu.<\/p>\n","protected":false},"featured_media":112,"comment_status":"open","ping_status":"closed","template":"","meta":[],"product_brand":[17],"product_cat":[16],"product_tag":[],"class_list":{"0":"post-104","1":"product","2":"type-product","3":"status-publish","4":"has-post-thumbnail","6":"product_brand-asmodee","7":"product_cat-coffrets","9":"entry","10":"has-media","12":"first","13":"instock","14":"shipping-taxable","15":"purchasable","16":"product-type-simple","17":"has-product-nav","18":"col","19":"span_1_of_3","20":"owp-content-center","21":"owp-thumbs-layout-horizontal","22":"owp-btn-normal","23":"owp-tabs-layout-horizontal","24":"has-no-thumbnails"},"yoast_head":"<!-- This site is optimized with the Yoast SEO plugin v24.4 - https:\/\/yoast.com\/wordpress\/plugins\/seo\/ -->\n<title>Coffret Super-Premium Dracaufeu-ex avec figurine - Pokelab Tcg<\/title>\n<meta name=\"description\" content=\"Le Coffret Pok\u00e9mon Super-Premium Dracaufeu-EX inclut une figurine Dracaufeu-EX, des cartes promo exclusives et des boosters pour enrichir votre collection !\" \/>\n<meta name=\"robots\" content=\"index, follow, max-snippet:-1, max-image-preview:large, max-video-preview:-1\" \/>\n<link rel=\"canonical\" href=\"https:\/\/pokelabtcg.fr\/index.php\/produit\/coffret-pokemon-super-premium-dracaufeu-ex-avec-figurine\/\" \/>\n<meta property=\"og:locale\" content=\"fr_FR\" \/>\n<meta property=\"og:type\" content=\"article\" \/>\n<meta property=\"og:title\" content=\"Coffret Super-Premium Dracaufeu-ex avec figurine - Pokelab Tcg\" \/>\n<meta property=\"og:description\" content=\"Le Coffret Pok\u00e9mon Super-Premium Dracaufeu-EX inclut une figurine Dracaufeu-EX, des cartes promo exclusives et des boosters pour enrichir votre collection !\" \/>\n<meta property=\"og:url\" content=\"https:\/\/pokelabtcg.fr\/index.php\/produit\/coffret-pokemon-super-premium-dracaufeu-ex-avec-figurine\/\" \/>\n<meta property=\"og:site_name\" content=\"Pokelab Tcg\" \/>\n<meta property=\"article:modified_time\" content=\"2025-01-31T02:03:33+00:00\" \/>\n<meta property=\"og:image\" content=\"https:\/\/pokelabtcg.fr\/wp-content\/uploads\/2025\/01\/114609.jpg\" \/>\n\t<meta property=\"og:image:width\" content=\"600\" \/>\n\t<meta property=\"og:image:height\" content=\"600\" \/>\n\t<meta property=\"og:image:type\" content=\"image\/jpeg\" \/>\n<meta name=\"twitter:card\" content=\"summary_large_image\" \/>\n<meta name=\"twitter:label1\" content=\"Dur\u00e9e de lecture estim\u00e9e\" \/>\n\t<meta name=\"twitter:data1\" content=\"1 minute\" \/>\n<script type=\"application\/ld+json\" class=\"yoast-schema-graph\">{\"@context\":\"https:\/\/schema.org\",\"@graph\":[{\"@type\":\"WebPage\",\"@id\":\"https:\/\/pokelabtcg.fr\/index.php\/produit\/coffret-pokemon-super-premium-dracaufeu-ex-avec-figurine\/\",\"url\":\"https:\/\/pokelabtcg.fr\/index.php\/produit\/coffret-pokemon-super-premium-dracaufeu-ex-avec-figurine\/\",\"name\":\"Coffret Super-Premium Dracaufeu-ex avec figurine - Pokelab Tcg\",\"isPartOf\":{\"@id\":\"https:\/\/www.pokelabtcg.fr\/#website\"},\"primaryImageOfPage\":{\"@id\":\"https:\/\/pokelabtcg.fr\/index.php\/produit\/coffret-pokemon-super-premium-dracaufeu-ex-avec-figurine\/#primaryimage\"},\"image\":{\"@id\":\"https:\/\/pokelabtcg.fr\/index.php\/produit\/coffret-pokemon-super-premium-dracaufeu-ex-avec-figurine\/#primaryimage\"},\"thumbnailUrl\":\"https:\/\/pokelabtcg.fr\/wp-content\/uploads\/2025\/01\/114609.jpg\",\"datePublished\":\"2025-01-28T01:44:39+00:00\",\"dateModified\":\"2025-01-31T02:03:33+00:00\",\"description\":\"Le Coffret Pok\u00e9mon Super-Premium Dracaufeu-EX inclut une figurine Dracaufeu-EX, des cartes promo exclusives et des boosters pour enrichir votre collection !\",\"breadcrumb\":{\"@id\":\"https:\/\/pokelabtcg.fr\/index.php\/produit\/coffret-pokemon-super-premium-dracaufeu-ex-avec-figurine\/#breadcrumb\"},\"inLanguage\":\"fr-FR\",\"potentialAction\":[{\"@type\":\"ReadAction\",\"target\":[\"https:\/\/pokelabtcg.fr\/index.php\/produit\/coffret-pokemon-super-premium-dracaufeu-ex-avec-figurine\/\"]}]},{\"@type\":\"ImageObject\",\"inLanguage\":\"fr-FR\",\"@id\":\"https:\/\/pokelabtcg.fr\/index.php\/produit\/coffret-pokemon-super-premium-dracaufeu-ex-avec-figurine\/#primaryimage\",\"url\":\"https:\/\/pokelabtcg.fr\/wp-content\/uploads\/2025\/01\/114609.jpg\",\"contentUrl\":\"https:\/\/pokelabtcg.fr\/wp-content\/uploads\/2025\/01\/114609.jpg\",\"width\":600,\"height\":600},{\"@type\":\"BreadcrumbList\",\"@id\":\"https:\/\/pokelabtcg.fr\/index.php\/produit\/coffret-pokemon-super-premium-dracaufeu-ex-avec-figurine\/#breadcrumb\",\"itemListElement\":[{\"@type\":\"ListItem\",\"position\":1,\"name\":\"Accueil\",\"item\":\"https:\/\/pokelabtcg.fr\/\"},{\"@type\":\"ListItem\",\"position\":2,\"name\":\"Boutique\",\"item\":\"https:\/\/pokelabtcg.fr\/\"},{\"@type\":\"ListItem\",\"position\":3,\"name\":\"Coffret Super-Premium Dracaufeu-ex avec figurine\"}]},{\"@type\":\"WebSite\",\"@id\":\"https:\/\/www.pokelabtcg.fr\/#website\",\"url\":\"https:\/\/www.pokelabtcg.fr\/\",\"name\":\"Pokelab Tcg\",\"description\":\"\",\"publisher\":{\"@id\":\"https:\/\/www.pokelabtcg.fr\/#organization\"},\"potentialAction\":[{\"@type\":\"SearchAction\",\"target\":{\"@type\":\"EntryPoint\",\"urlTemplate\":\"https:\/\/www.pokelabtcg.fr\/?s={search_term_string}\"},\"query-input\":{\"@type\":\"PropertyValueSpecification\",\"valueRequired\":true,\"valueName\":\"search_term_string\"}}],\"inLanguage\":\"fr-FR\"},{\"@type\":\"Organization\",\"@id\":\"https:\/\/www.pokelabtcg.fr\/#organization\",\"name\":\"Pokelab Tcg\",\"url\":\"https:\/\/www.pokelabtcg.fr\/\",\"logo\":{\"@type\":\"ImageObject\",\"inLanguage\":\"fr-FR\",\"@id\":\"https:\/\/www.pokelabtcg.fr\/#\/schema\/logo\/image\/\",\"url\":\"https:\/\/pokelabtcg.fr\/wp-content\/uploads\/2025\/01\/cropped-cropped-Red-Pokemon-Birthday-Ideas-for-Boyfriend-Facebook-Post-3-1.png\",\"contentUrl\":\"https:\/\/pokelabtcg.fr\/wp-content\/uploads\/2025\/01\/cropped-cropped-Red-Pokemon-Birthday-Ideas-for-Boyfriend-Facebook-Post-3-1.png\",\"width\":421,\"height\":476,\"caption\":\"Pokelab Tcg\"},\"image\":{\"@id\":\"https:\/\/www.pokelabtcg.fr\/#\/schema\/logo\/image\/\"}}]}<\/script>\n<!-- \/ Yoast SEO plugin. -->","yoast_head_json":{"title":"Coffret Super-Premium Dracaufeu-ex avec figurine - Pokelab Tcg","description":"Le Coffret Pok\u00e9mon Super-Premium Dracaufeu-EX inclut une figurine Dracaufeu-EX, des cartes promo exclusives et des boosters pour enrichir votre collection !","robots":{"index":"index","follow":"follow","max-snippet":"max-snippet:-1","max-image-preview":"max-image-preview:large","max-video-preview":"max-video-preview:-1"},"canonical":"https:\/\/pokelabtcg.fr\/index.php\/produit\/coffret-pokemon-super-premium-dracaufeu-ex-avec-figurine\/","og_locale":"fr_FR","og_type":"article","og_title":"Coffret Super-Premium Dracaufeu-ex avec figurine - Pokelab Tcg","og_description":"Le Coffret Pok\u00e9mon Super-Premium Dracaufeu-EX inclut une figurine Dracaufeu-EX, des cartes promo exclusives et des boosters pour enrichir votre collection !","og_url":"https:\/\/pokelabtcg.fr\/index.php\/produit\/coffret-pokemon-super-premium-dracaufeu-ex-avec-figurine\/","og_site_name":"Pokelab Tcg","article_modified_time":"2025-01-31T02:03:33+00:00","og_image":[{"width":600,"height":600,"url":"https:\/\/pokelabtcg.fr\/wp-content\/uploads\/2025\/01\/114609.jpg","type":"image\/jpeg"}],"twitter_card":"summary_large_image","twitter_misc":{"Dur\u00e9e de lecture estim\u00e9e":"1 minute"},"schema":{"@context":"https:\/\/schema.org","@graph":[{"@type":"WebPage","@id":"https:\/\/pokelabtcg.fr\/index.php\/produit\/coffret-pokemon-super-premium-dracaufeu-ex-avec-figurine\/","url":"https:\/\/pokelabtcg.fr\/index.php\/produit\/coffret-pokemon-super-premium-dracaufeu-ex-avec-figurine\/","name":"Coffret Super-Premium Dracaufeu-ex avec figurine - Pokelab Tcg","isPartOf":{"@id":"https:\/\/www.pokelabtcg.fr\/#website"},"primaryImageOfPage":{"@id":"https:\/\/pokelabtcg.fr\/index.php\/produit\/coffret-pokemon-super-premium-dracaufeu-ex-avec-figurine\/#primaryimage"},"image":{"@id":"https:\/\/pokelabtcg.fr\/index.php\/produit\/coffret-pokemon-super-premium-dracaufeu-ex-avec-figurine\/#primaryimage"},"thumbnailUrl":"https:\/\/pokelabtcg.fr\/wp-content\/uploads\/2025\/01\/114609.jpg","datePublished":"2025-01-28T01:44:39+00:00","dateModified":"2025-01-31T02:03:33+00:00","description":"Le Coffret Pok\u00e9mon Super-Premium Dracaufeu-EX inclut une figurine Dracaufeu-EX, des cartes promo exclusives et des boosters pour enrichir votre collection !","breadcrumb":{"@id":"https:\/\/pokelabtcg.fr\/index.php\/produit\/coffret-pokemon-super-premium-dracaufeu-ex-avec-figurine\/#breadcrumb"},"inLanguage":"fr-FR","potentialAction":[{"@type":"ReadAction","target":["https:\/\/pokelabtcg.fr\/index.php\/produit\/coffret-pokemon-super-premium-dracaufeu-ex-avec-figurine\/"]}]},{"@type":"ImageObject","inLanguage":"fr-FR","@id":"https:\/\/pokelabtcg.fr\/index.php\/produit\/coffret-pokemon-super-premium-dracaufeu-ex-avec-figurine\/#primaryimage","url":"https:\/\/pokelabtcg.fr\/wp-content\/uploads\/2025\/01\/114609.jpg","contentUrl":"https:\/\/pokelabtcg.fr\/wp-content\/uploads\/2025\/01\/114609.jpg","width":600,"height":600},{"@type":"BreadcrumbList","@id":"https:\/\/pokelabtcg.fr\/index.php\/produit\/coffret-pokemon-super-premium-dracaufeu-ex-avec-figurine\/#breadcrumb","itemListElement":[{"@type":"ListItem","position":1,"name":"Accueil","item":"https:\/\/pokelabtcg.fr\/"},{"@type":"ListItem","position":2,"name":"Boutique","item":"https:\/\/pokelabtcg.fr\/"},{"@type":"ListItem","position":3,"name":"Coffret Super-Premium Dracaufeu-ex avec figurine"}]},{"@type":"WebSite","@id":"https:\/\/www.pokelabtcg.fr\/#website","url":"https:\/\/www.pokelabtcg.fr\/","name":"Pokelab Tcg","description":"","publisher":{"@id":"https:\/\/www.pokelabtcg.fr\/#organization"},"potentialAction":[{"@type":"SearchAction","target":{"@type":"EntryPoint","urlTemplate":"https:\/\/www.pokelabtcg.fr\/?s={search_term_string}"},"query-input":{"@type":"PropertyValueSpecification","valueRequired":true,"valueName":"search_term_string"}}],"inLanguage":"fr-FR"},{"@type":"Organization","@id":"https:\/\/www.pokelabtcg.fr\/#organization","name":"Pokelab Tcg","url":"https:\/\/www.pokelabtcg.fr\/","logo":{"@type":"ImageObject","inLanguage":"fr-FR","@id":"https:\/\/www.pokelabtcg.fr\/#\/schema\/logo\/image\/","url":"https:\/\/pokelabtcg.fr\/wp-content\/uploads\/2025\/01\/cropped-cropped-Red-Pokemon-Birthday-Ideas-for-Boyfriend-Facebook-Post-3-1.png","contentUrl":"https:\/\/pokelabtcg.fr\/wp-content\/uploads\/2025\/01\/cropped-cropped-Red-Pokemon-Birthday-Ideas-for-Boyfriend-Facebook-Post-3-1.png","width":421,"height":476,"caption":"Pokelab Tcg"},"image":{"@id":"https:\/\/www.pokelabtcg.fr\/#\/schema\/logo\/image\/"}}]}},"_links":{"self":[{"href":"https:\/\/pokelabtcg.fr\/index.php\/wp-json\/wp\/v2\/product\/104","targetHints":{"allow":["GET"]}}],"collection":[{"href":"https:\/\/pokelabtcg.fr\/index.php\/wp-json\/wp\/v2\/product"}],"about":[{"href":"https:\/\/pokelabtcg.fr\/index.php\/wp-json\/wp\/v2\/types\/product"}],"replies":[{"embeddable":true,"href":"https:\/\/pokelabtcg.fr\/index.php\/wp-json\/wp\/v2\/comments?post=104"}],"wp:featuredmedia":[{"embeddable":true,"href":"https:\/\/pokelabtcg.fr\/index.php\/wp-json\/wp\/v2\/media\/112"}],"wp:attachment":[{"href":"https:\/\/pokelabtcg.fr\/index.php\/wp-json\/wp\/v2\/media?parent=104"}],"wp:term":[{"taxonomy":"product_brand","embeddable":true,"href":"https:\/\/pokelabtcg.fr\/index.php\/wp-json\/wp\/v2\/product_brand?post=104"},{"taxonomy":"product_cat","embeddable":true,"href":"https:\/\/pokelabtcg.fr\/index.php\/wp-json\/wp\/v2\/product_cat?post=104"},{"taxonomy":"product_tag","embeddable":true,"href":"https:\/\/pokelabtcg.fr\/index.php\/wp-json\/wp\/v2\/product_tag?post=104"}],"curies":[{"name":"wp","href":"https:\/\/api.w.org\/{rel}","templated":true}]}}