{"id":102,"date":"2025-01-28T02:32:26","date_gmt":"2025-01-28T01:32:26","guid":{"rendered":"https:\/?post_type=product&#038;p=102"},"modified":"2025-03-15T18:41:24","modified_gmt":"2025-03-15T17:41:24","slug":"coffret-pokemon-portfolio-5-boosters-evolutions-prismatiques-ev8-5","status":"publish","type":"product","link":"https:\/\/pokelabtcg.fr\/index.php\/produit\/coffret-pokemon-portfolio-5-boosters-evolutions-prismatiques-ev8-5\/","title":{"rendered":"Coffret &#8211; Pokemon &#8211; Portfolio + 5 Boosters &#8211; EV8.5"},"content":{"rendered":"<p>Un coffret portfolio de la nouvelle s\u00e9rie Evolutions Prismatique !<\/p>\n<p>Un must pour les collectionneurs et les fans du <strong>JCC Pok\u00e9mon<\/strong> !<\/p>\n","protected":false},"excerpt":{"rendered":"<p>Contient 5 boosters \u00ab \u00c9volutions Prismatiques \u00bb ainsi qu&rsquo;un portfolio de 21 pages (9 pochettes par page).<\/p>\n","protected":false},"featured_media":103,"comment_status":"open","ping_status":"closed","template":"","meta":[],"product_brand":[17],"product_cat":[16],"product_tag":[],"class_list":{"0":"post-102","1":"product","2":"type-product","3":"status-publish","4":"has-post-thumbnail","6":"product_brand-asmodee","7":"product_cat-coffrets","9":"entry","10":"has-media","12":"first","13":"instock","14":"shipping-taxable","15":"purchasable","16":"product-type-simple","17":"has-product-nav","18":"col","19":"span_1_of_3","20":"owp-content-center","21":"owp-thumbs-layout-horizontal","22":"owp-btn-normal","23":"owp-tabs-layout-horizontal","24":"has-no-thumbnails"},"yoast_head":"<!-- This site is optimized with the Yoast SEO plugin v24.4 - https:\/\/yoast.com\/wordpress\/plugins\/seo\/ -->\n<title>Coffret Portfolio + 5 Boosters \u00c9volutions Prismatiques EV8.5<\/title>\n<meta name=\"description\" content=\"Coffret Pok\u00e9mon avec 5 boosters \u00c9volutions Prismatiques et un portfolio 21 pages pour organiser vos cartes. Parfait pour les collectionneurs !\" \/>\n<meta name=\"robots\" content=\"index, follow, max-snippet:-1, max-image-preview:large, max-video-preview:-1\" \/>\n<link rel=\"canonical\" href=\"https:\/\/pokelabtcg.fr\/index.php\/produit\/coffret-pokemon-portfolio-5-boosters-evolutions-prismatiques-ev8-5\/\" \/>\n<meta property=\"og:locale\" content=\"fr_FR\" \/>\n<meta property=\"og:type\" content=\"article\" \/>\n<meta property=\"og:title\" content=\"Coffret Portfolio + 5 Boosters \u00c9volutions Prismatiques EV8.5\" \/>\n<meta property=\"og:description\" content=\"Coffret Pok\u00e9mon avec 5 boosters \u00c9volutions Prismatiques et un portfolio 21 pages pour organiser vos cartes. Parfait pour les collectionneurs !\" \/>\n<meta property=\"og:url\" content=\"https:\/\/pokelabtcg.fr\/index.php\/produit\/coffret-pokemon-portfolio-5-boosters-evolutions-prismatiques-ev8-5\/\" \/>\n<meta property=\"og:site_name\" content=\"Pokelab Tcg\" \/>\n<meta property=\"article:modified_time\" content=\"2025-03-15T17:41:24+00:00\" \/>\n<meta property=\"og:image\" content=\"https:\/\/pokelabtcg.fr\/wp-content\/uploads\/2025\/01\/COFBIND8.5.jpg\" \/>\n\t<meta property=\"og:image:width\" content=\"1200\" \/>\n\t<meta property=\"og:image:height\" content=\"675\" \/>\n\t<meta property=\"og:image:type\" content=\"image\/jpeg\" \/>\n<meta name=\"twitter:card\" content=\"summary_large_image\" \/>\n<meta name=\"twitter:label1\" content=\"Dur\u00e9e de lecture estim\u00e9e\" \/>\n\t<meta name=\"twitter:data1\" content=\"1 minute\" \/>\n<script type=\"application\/ld+json\" class=\"yoast-schema-graph\">{\"@context\":\"https:\/\/schema.org\",\"@graph\":[{\"@type\":\"WebPage\",\"@id\":\"https:\/\/pokelabtcg.fr\/index.php\/produit\/coffret-pokemon-portfolio-5-boosters-evolutions-prismatiques-ev8-5\/\",\"url\":\"https:\/\/pokelabtcg.fr\/index.php\/produit\/coffret-pokemon-portfolio-5-boosters-evolutions-prismatiques-ev8-5\/\",\"name\":\"Coffret Portfolio + 5 Boosters \u00c9volutions Prismatiques EV8.5\",\"isPartOf\":{\"@id\":\"https:\/\/www.pokelabtcg.fr\/#website\"},\"primaryImageOfPage\":{\"@id\":\"https:\/\/pokelabtcg.fr\/index.php\/produit\/coffret-pokemon-portfolio-5-boosters-evolutions-prismatiques-ev8-5\/#primaryimage\"},\"image\":{\"@id\":\"https:\/\/pokelabtcg.fr\/index.php\/produit\/coffret-pokemon-portfolio-5-boosters-evolutions-prismatiques-ev8-5\/#primaryimage\"},\"thumbnailUrl\":\"https:\/\/pokelabtcg.fr\/wp-content\/uploads\/2025\/01\/COFBIND8.5.jpg\",\"datePublished\":\"2025-01-28T01:32:26+00:00\",\"dateModified\":\"2025-03-15T17:41:24+00:00\",\"description\":\"Coffret Pok\u00e9mon avec 5 boosters \u00c9volutions Prismatiques et un portfolio 21 pages pour organiser vos cartes. Parfait pour les collectionneurs !\",\"breadcrumb\":{\"@id\":\"https:\/\/pokelabtcg.fr\/index.php\/produit\/coffret-pokemon-portfolio-5-boosters-evolutions-prismatiques-ev8-5\/#breadcrumb\"},\"inLanguage\":\"fr-FR\",\"potentialAction\":[{\"@type\":\"ReadAction\",\"target\":[\"https:\/\/pokelabtcg.fr\/index.php\/produit\/coffret-pokemon-portfolio-5-boosters-evolutions-prismatiques-ev8-5\/\"]}]},{\"@type\":\"ImageObject\",\"inLanguage\":\"fr-FR\",\"@id\":\"https:\/\/pokelabtcg.fr\/index.php\/produit\/coffret-pokemon-portfolio-5-boosters-evolutions-prismatiques-ev8-5\/#primaryimage\",\"url\":\"https:\/\/pokelabtcg.fr\/wp-content\/uploads\/2025\/01\/COFBIND8.5.jpg\",\"contentUrl\":\"https:\/\/pokelabtcg.fr\/wp-content\/uploads\/2025\/01\/COFBIND8.5.jpg\",\"width\":1200,\"height\":675},{\"@type\":\"BreadcrumbList\",\"@id\":\"https:\/\/pokelabtcg.fr\/index.php\/produit\/coffret-pokemon-portfolio-5-boosters-evolutions-prismatiques-ev8-5\/#breadcrumb\",\"itemListElement\":[{\"@type\":\"ListItem\",\"position\":1,\"name\":\"Accueil\",\"item\":\"https:\/\/pokelabtcg.fr\/\"},{\"@type\":\"ListItem\",\"position\":2,\"name\":\"Boutique\",\"item\":\"https:\/\/pokelabtcg.fr\/\"},{\"@type\":\"ListItem\",\"position\":3,\"name\":\"Coffret &#8211; Pokemon &#8211; Portfolio + 5 Boosters &#8211; EV8.5\"}]},{\"@type\":\"WebSite\",\"@id\":\"https:\/\/www.pokelabtcg.fr\/#website\",\"url\":\"https:\/\/www.pokelabtcg.fr\/\",\"name\":\"Pokelab Tcg\",\"description\":\"\",\"publisher\":{\"@id\":\"https:\/\/www.pokelabtcg.fr\/#organization\"},\"potentialAction\":[{\"@type\":\"SearchAction\",\"target\":{\"@type\":\"EntryPoint\",\"urlTemplate\":\"https:\/\/www.pokelabtcg.fr\/?s={search_term_string}\"},\"query-input\":{\"@type\":\"PropertyValueSpecification\",\"valueRequired\":true,\"valueName\":\"search_term_string\"}}],\"inLanguage\":\"fr-FR\"},{\"@type\":\"Organization\",\"@id\":\"https:\/\/www.pokelabtcg.fr\/#organization\",\"name\":\"Pokelab Tcg\",\"url\":\"https:\/\/www.pokelabtcg.fr\/\",\"logo\":{\"@type\":\"ImageObject\",\"inLanguage\":\"fr-FR\",\"@id\":\"https:\/\/www.pokelabtcg.fr\/#\/schema\/logo\/image\/\",\"url\":\"https:\/\/pokelabtcg.fr\/wp-content\/uploads\/2025\/01\/cropped-cropped-Red-Pokemon-Birthday-Ideas-for-Boyfriend-Facebook-Post-3-1.png\",\"contentUrl\":\"https:\/\/pokelabtcg.fr\/wp-content\/uploads\/2025\/01\/cropped-cropped-Red-Pokemon-Birthday-Ideas-for-Boyfriend-Facebook-Post-3-1.png\",\"width\":421,\"height\":476,\"caption\":\"Pokelab Tcg\"},\"image\":{\"@id\":\"https:\/\/www.pokelabtcg.fr\/#\/schema\/logo\/image\/\"}}]}<\/script>\n<!-- \/ Yoast SEO plugin. -->","yoast_head_json":{"title":"Coffret Portfolio + 5 Boosters \u00c9volutions Prismatiques EV8.5","description":"Coffret Pok\u00e9mon avec 5 boosters \u00c9volutions Prismatiques et un portfolio 21 pages pour organiser vos cartes. Parfait pour les collectionneurs !","robots":{"index":"index","follow":"follow","max-snippet":"max-snippet:-1","max-image-preview":"max-image-preview:large","max-video-preview":"max-video-preview:-1"},"canonical":"https:\/\/pokelabtcg.fr\/index.php\/produit\/coffret-pokemon-portfolio-5-boosters-evolutions-prismatiques-ev8-5\/","og_locale":"fr_FR","og_type":"article","og_title":"Coffret Portfolio + 5 Boosters \u00c9volutions Prismatiques EV8.5","og_description":"Coffret Pok\u00e9mon avec 5 boosters \u00c9volutions Prismatiques et un portfolio 21 pages pour organiser vos cartes. Parfait pour les collectionneurs !","og_url":"https:\/\/pokelabtcg.fr\/index.php\/produit\/coffret-pokemon-portfolio-5-boosters-evolutions-prismatiques-ev8-5\/","og_site_name":"Pokelab Tcg","article_modified_time":"2025-03-15T17:41:24+00:00","og_image":[{"width":1200,"height":675,"url":"https:\/\/pokelabtcg.fr\/wp-content\/uploads\/2025\/01\/COFBIND8.5.jpg","type":"image\/jpeg"}],"twitter_card":"summary_large_image","twitter_misc":{"Dur\u00e9e de lecture estim\u00e9e":"1 minute"},"schema":{"@context":"https:\/\/schema.org","@graph":[{"@type":"WebPage","@id":"https:\/\/pokelabtcg.fr\/index.php\/produit\/coffret-pokemon-portfolio-5-boosters-evolutions-prismatiques-ev8-5\/","url":"https:\/\/pokelabtcg.fr\/index.php\/produit\/coffret-pokemon-portfolio-5-boosters-evolutions-prismatiques-ev8-5\/","name":"Coffret Portfolio + 5 Boosters \u00c9volutions Prismatiques EV8.5","isPartOf":{"@id":"https:\/\/www.pokelabtcg.fr\/#website"},"primaryImageOfPage":{"@id":"https:\/\/pokelabtcg.fr\/index.php\/produit\/coffret-pokemon-portfolio-5-boosters-evolutions-prismatiques-ev8-5\/#primaryimage"},"image":{"@id":"https:\/\/pokelabtcg.fr\/index.php\/produit\/coffret-pokemon-portfolio-5-boosters-evolutions-prismatiques-ev8-5\/#primaryimage"},"thumbnailUrl":"https:\/\/pokelabtcg.fr\/wp-content\/uploads\/2025\/01\/COFBIND8.5.jpg","datePublished":"2025-01-28T01:32:26+00:00","dateModified":"2025-03-15T17:41:24+00:00","description":"Coffret Pok\u00e9mon avec 5 boosters \u00c9volutions Prismatiques et un portfolio 21 pages pour organiser vos cartes. Parfait pour les collectionneurs !","breadcrumb":{"@id":"https:\/\/pokelabtcg.fr\/index.php\/produit\/coffret-pokemon-portfolio-5-boosters-evolutions-prismatiques-ev8-5\/#breadcrumb"},"inLanguage":"fr-FR","potentialAction":[{"@type":"ReadAction","target":["https:\/\/pokelabtcg.fr\/index.php\/produit\/coffret-pokemon-portfolio-5-boosters-evolutions-prismatiques-ev8-5\/"]}]},{"@type":"ImageObject","inLanguage":"fr-FR","@id":"https:\/\/pokelabtcg.fr\/index.php\/produit\/coffret-pokemon-portfolio-5-boosters-evolutions-prismatiques-ev8-5\/#primaryimage","url":"https:\/\/pokelabtcg.fr\/wp-content\/uploads\/2025\/01\/COFBIND8.5.jpg","contentUrl":"https:\/\/pokelabtcg.fr\/wp-content\/uploads\/2025\/01\/COFBIND8.5.jpg","width":1200,"height":675},{"@type":"BreadcrumbList","@id":"https:\/\/pokelabtcg.fr\/index.php\/produit\/coffret-pokemon-portfolio-5-boosters-evolutions-prismatiques-ev8-5\/#breadcrumb","itemListElement":[{"@type":"ListItem","position":1,"name":"Accueil","item":"https:\/\/pokelabtcg.fr\/"},{"@type":"ListItem","position":2,"name":"Boutique","item":"https:\/\/pokelabtcg.fr\/"},{"@type":"ListItem","position":3,"name":"Coffret &#8211; Pokemon &#8211; Portfolio + 5 Boosters &#8211; EV8.5"}]},{"@type":"WebSite","@id":"https:\/\/www.pokelabtcg.fr\/#website","url":"https:\/\/www.pokelabtcg.fr\/","name":"Pokelab Tcg","description":"","publisher":{"@id":"https:\/\/www.pokelabtcg.fr\/#organization"},"potentialAction":[{"@type":"SearchAction","target":{"@type":"EntryPoint","urlTemplate":"https:\/\/www.pokelabtcg.fr\/?s={search_term_string}"},"query-input":{"@type":"PropertyValueSpecification","valueRequired":true,"valueName":"search_term_string"}}],"inLanguage":"fr-FR"},{"@type":"Organization","@id":"https:\/\/www.pokelabtcg.fr\/#organization","name":"Pokelab Tcg","url":"https:\/\/www.pokelabtcg.fr\/","logo":{"@type":"ImageObject","inLanguage":"fr-FR","@id":"https:\/\/www.pokelabtcg.fr\/#\/schema\/logo\/image\/","url":"https:\/\/pokelabtcg.fr\/wp-content\/uploads\/2025\/01\/cropped-cropped-Red-Pokemon-Birthday-Ideas-for-Boyfriend-Facebook-Post-3-1.png","contentUrl":"https:\/\/pokelabtcg.fr\/wp-content\/uploads\/2025\/01\/cropped-cropped-Red-Pokemon-Birthday-Ideas-for-Boyfriend-Facebook-Post-3-1.png","width":421,"height":476,"caption":"Pokelab Tcg"},"image":{"@id":"https:\/\/www.pokelabtcg.fr\/#\/schema\/logo\/image\/"}}]}},"_links":{"self":[{"href":"https:\/\/pokelabtcg.fr\/index.php\/wp-json\/wp\/v2\/product\/102","targetHints":{"allow":["GET"]}}],"collection":[{"href":"https:\/\/pokelabtcg.fr\/index.php\/wp-json\/wp\/v2\/product"}],"about":[{"href":"https:\/\/pokelabtcg.fr\/index.php\/wp-json\/wp\/v2\/types\/product"}],"replies":[{"embeddable":true,"href":"https:\/\/pokelabtcg.fr\/index.php\/wp-json\/wp\/v2\/comments?post=102"}],"wp:featuredmedia":[{"embeddable":true,"href":"https:\/\/pokelabtcg.fr\/index.php\/wp-json\/wp\/v2\/media\/103"}],"wp:attachment":[{"href":"https:\/\/pokelabtcg.fr\/index.php\/wp-json\/wp\/v2\/media?parent=102"}],"wp:term":[{"taxonomy":"product_brand","embeddable":true,"href":"https:\/\/pokelabtcg.fr\/index.php\/wp-json\/wp\/v2\/product_brand?post=102"},{"taxonomy":"product_cat","embeddable":true,"href":"https:\/\/pokelabtcg.fr\/index.php\/wp-json\/wp\/v2\/product_cat?post=102"},{"taxonomy":"product_tag","embeddable":true,"href":"https:\/\/pokelabtcg.fr\/index.php\/wp-json\/wp\/v2\/product_tag?post=102"}],"curies":[{"name":"wp","href":"https:\/\/api.w.org\/{rel}","templated":true}]}}