{"id":450,"date":"2025-02-03T02:29:31","date_gmt":"2025-02-03T01:29:31","guid":{"rendered":"https:\/?page_id=450"},"modified":"2025-03-15T14:22:57","modified_gmt":"2025-03-15T13:22:57","slug":"precommandes-ev8-5-et-ev10","status":"publish","type":"page","link":"https:\/\/pokelabtcg.fr\/index.php\/precommandes-ev8-5-et-ev10\/","title":{"rendered":"Precommandes EV8.5 et EV10 !"},"content":{"rendered":"\t\t<div data-elementor-type=\"wp-page\" data-elementor-id=\"450\" class=\"elementor elementor-450\">\n\t\t\t\t<div class=\"elementor-element elementor-element-79002a3 e-flex e-con-boxed e-con e-parent\" data-id=\"79002a3\" data-element_type=\"container\">\n\t\t\t\t\t<div class=\"e-con-inner\">\n\t\t\t\t<div class=\"elementor-element elementor-element-b7a001c elementor-widget elementor-widget-link-in-bio\" data-id=\"b7a001c\" data-element_type=\"widget\" data-widget_type=\"link-in-bio.default\">\n\t\t\t\t<div class=\"elementor-widget-container\">\n\t\t\t\t\t\t\t<div class=\"e-link-in-bio e-link-in-bio\">\n\t\t\t<div class=\"e-link-in-bio__content\">\n\n\t\t\t\t\t\t<div class=\"e-link-in-bio__identity\">\n\t\t\t\t\t\t\t\t\t<div class=\"e-link-in-bio__identity-image e-link-in-bio__identity-image-cover\">\n\t\t\t\t\t\t\t<img fetchpriority=\"high\" decoding=\"async\" width=\"300\" height=\"180\" src=\"https:\/\/pokelabtcg.fr\/wp-content\/uploads\/2025\/03\/SLIDER-Coffret-Collection-Super-Premium-Evolutions-Prismatiques-EV8.5-US-300x180.jpg\" class=\"e-link-in-bio__identity-image-element\" alt=\"\" srcset=\"https:\/\/pokelabtcg.fr\/wp-content\/uploads\/2025\/03\/SLIDER-Coffret-Collection-Super-Premium-Evolutions-Prismatiques-EV8.5-US-300x180.jpg 300w, https:\/\/pokelabtcg.fr\/wp-content\/uploads\/2025\/03\/SLIDER-Coffret-Collection-Super-Premium-Evolutions-Prismatiques-EV8.5-US-1024x614.jpg 1024w, https:\/\/pokelabtcg.fr\/wp-content\/uploads\/2025\/03\/SLIDER-Coffret-Collection-Super-Premium-Evolutions-Prismatiques-EV8.5-US-768x461.jpg 768w, https:\/\/pokelabtcg.fr\/wp-content\/uploads\/2025\/03\/SLIDER-Coffret-Collection-Super-Premium-Evolutions-Prismatiques-EV8.5-US-1320x792.jpg 1320w, https:\/\/pokelabtcg.fr\/wp-content\/uploads\/2025\/03\/SLIDER-Coffret-Collection-Super-Premium-Evolutions-Prismatiques-EV8.5-US-504x302.jpg 504w, https:\/\/pokelabtcg.fr\/wp-content\/uploads\/2025\/03\/SLIDER-Coffret-Collection-Super-Premium-Evolutions-Prismatiques-EV8.5-US.jpg 1500w\" sizes=\"(max-width: 300px) 100vw, 300px\" \/>\t\t\t\t\t\t\t\t\t\t\t\t\t<\/div>\n\t\t\t\t\t\t\t<\/div>\n\t\t\t\t\t<div class=\"e-link-in-bio__bio\">\n\t\t\t\t<h2 class=\"e-link-in-bio__heading\">EV8.5 et EV10 - FR<\/h2>\t\t\t\t<h3 class=\"e-link-in-bio__title\">Pr\u00e9commande d\u00e8s aujourd&#039;hui en cliquant ci-dessous  !<\/h3>\t\t\t\t\t\t\t\t<p class=\"e-link-in-bio__description\">Pr\u00e9commande ferme et non annulable. Limite de 1 item de chaque par foyer.<\/p>\t\t\t<\/div>\n\t\t\t\t\t<div class=\"e-link-in-bio__icons has-size-small\">\n\t\t\t\t\t\t\t<div class=\"e-link-in-bio__icon is-size-small\">\n\t\t\t\t\t<a target=\"_blank\" rel=\"noopener \" aria-label=\"Facebook\" class=\"e-link-in-bio__icon-link\" href=\"\">\n\t\t\t\t\t\t<span class=\"e-link-in-bio__icon-svg\">\n\t\t\t\t\t\t\t<svg aria-hidden=\"true\" class=\"e-font-icon-svg e-fab-facebook\" viewBox=\"0 0 512 512\" xmlns=\"http:\/\/www.w3.org\/2000\/svg\"><path d=\"M504 256C504 119 393 8 256 8S8 119 8 256c0 123.78 90.69 226.38 209.25 245V327.69h-63V256h63v-54.64c0-62.15 37-96.48 93.67-96.48 27.14 0 55.52 4.84 55.52 4.84v61h-31.28c-30.8 0-40.41 19.12-40.41 38.73V256h68.78l-11 71.69h-57.78V501C413.31 482.38 504 379.78 504 256z\"><\/path><\/svg>\t\t\t\t\t\t<\/span>\n\t\t\t\t\t\t\t\t\t\t\t<\/a>\n\t\t\t\t<\/div>\n\t\t\t\t\t\t\t<div class=\"e-link-in-bio__icon is-size-small\">\n\t\t\t\t\t<a target=\"_blank\" rel=\"noopener \" aria-label=\"Instagram\" class=\"e-link-in-bio__icon-link\" href=\"\">\n\t\t\t\t\t\t<span class=\"e-link-in-bio__icon-svg\">\n\t\t\t\t\t\t\t<svg aria-hidden=\"true\" class=\"e-font-icon-svg e-fab-instagram\" viewBox=\"0 0 448 512\" xmlns=\"http:\/\/www.w3.org\/2000\/svg\"><path d=\"M224.1 141c-63.6 0-114.9 51.3-114.9 114.9s51.3 114.9 114.9 114.9S339 319.5 339 255.9 287.7 141 224.1 141zm0 189.6c-41.1 0-74.7-33.5-74.7-74.7s33.5-74.7 74.7-74.7 74.7 33.5 74.7 74.7-33.6 74.7-74.7 74.7zm146.4-194.3c0 14.9-12 26.8-26.8 26.8-14.9 0-26.8-12-26.8-26.8s12-26.8 26.8-26.8 26.8 12 26.8 26.8zm76.1 27.2c-1.7-35.9-9.9-67.7-36.2-93.9-26.2-26.2-58-34.4-93.9-36.2-37-2.1-147.9-2.1-184.9 0-35.8 1.7-67.6 9.9-93.9 36.1s-34.4 58-36.2 93.9c-2.1 37-2.1 147.9 0 184.9 1.7 35.9 9.9 67.7 36.2 93.9s58 34.4 93.9 36.2c37 2.1 147.9 2.1 184.9 0 35.9-1.7 67.7-9.9 93.9-36.2 26.2-26.2 34.4-58 36.2-93.9 2.1-37 2.1-147.8 0-184.8zM398.8 388c-7.8 19.6-22.9 34.7-42.6 42.6-29.5 11.7-99.5 9-132.1 9s-102.7 2.6-132.1-9c-19.6-7.8-34.7-22.9-42.6-42.6-11.7-29.5-9-99.5-9-132.1s-2.6-102.7 9-132.1c7.8-19.6 22.9-34.7 42.6-42.6 29.5-11.7 99.5-9 132.1-9s102.7-2.6 132.1 9c19.6 7.8 34.7 22.9 42.6 42.6 11.7 29.5 9 99.5 9 132.1s2.7 102.7-9 132.1z\"><\/path><\/svg>\t\t\t\t\t\t<\/span>\n\t\t\t\t\t\t\t\t\t\t\t<\/a>\n\t\t\t\t<\/div>\n\t\t\t\t\t<\/div>\n\t\t\n\t\t<div class=\"e-link-in-bio__ctas has-type-button\">\n\t\t\t\t\t\t\t<a href=\"https:\/\/pokelabtcg.fr\/index.php\/produit\/precommande-coffret-super-premium-ev8-5-fr\/\" target=\"_blank\" rel=\"noopener \" class=\"e-link-in-bio__cta is-type-button has-corners-rounded\">\n\t\t\t\t\t\t\t\t\t\t<span class=\"e-link-in-bio__cta-text\">\n\t\t\t\t\t\tCOFFRET SUPER PREMIUM PRISMATIQUES EV8.5 - FR\t\t\t\t\t<\/span>\n\t\t\t\t<\/a>\n\t\t\t\t\t\t\t<a href=\"https:\/\/pokelabtcg.fr\/index.php\/produit\/precommande-display-de-36-boosters-rivaux-predestines-ev10\/\" target=\"_blank\" rel=\"noopener \" class=\"e-link-in-bio__cta is-type-button has-corners-rounded\">\n\t\t\t\t\t\t\t\t\t\t<span class=\"e-link-in-bio__cta-text\">\n\t\t\t\t\t\tDISPLAY DE 36 BOOSTERS - RIVAUX PREDESTIN\u00c9S EV10 - FR\t\t\t\t\t<\/span>\n\t\t\t\t<\/a>\n\t\t\t\t\t<\/div>\n\t\t\n\t\t\t<\/div>\n\t\t\t<div class=\"e-link-in-bio__bg\">\n\t\t\t\t<div class=\"e-link-in-bio__bg-overlay\"><\/div>\n\t\t\t<\/div>\n\t\t<\/div>\n\t\t\t\t\t\t<\/div>\n\t\t\t\t<\/div>\n\t\t\t\t\t<\/div>\n\t\t\t\t<\/div>\n\t\t\t\t<\/div>\n\t\t","protected":false},"excerpt":{"rendered":"<p>EV8.5 et EV10 &#8211; FR Pr\u00e9commande d\u00e8s aujourd&#039;hui en cliquant ci-dessous ! Pr\u00e9commande ferme et non annulable. Limite de 1 item de chaque par foyer. COFFRET SUPER PREMIUM PRISMATIQUES EV8.5 &#8211; FR DISPLAY DE 36 BOOSTERS &#8211; RIVAUX PREDESTIN\u00c9S EV10 &#8211; FR<\/p>\n","protected":false},"author":1,"featured_media":0,"parent":0,"menu_order":0,"comment_status":"closed","ping_status":"closed","template":"","meta":{"footnotes":""},"class_list":["post-450","page","type-page","status-publish","hentry","entry","owp-thumbs-layout-horizontal","owp-btn-normal","owp-tabs-layout-horizontal","has-no-thumbnails","has-product-nav"],"yoast_head":"<!-- This site is optimized with the Yoast SEO plugin v24.4 - https:\/\/yoast.com\/wordpress\/plugins\/seo\/ -->\n<title>Precommandes EV8.5 et EV10 ! - Pokelab Tcg<\/title>\n<meta name=\"robots\" content=\"index, follow, max-snippet:-1, max-image-preview:large, max-video-preview:-1\" \/>\n<link rel=\"canonical\" href=\"https:\/\/pokelabtcg.fr\/index.php\/precommandes-ev8-5-et-ev10\/\" \/>\n<meta property=\"og:locale\" content=\"fr_FR\" \/>\n<meta property=\"og:type\" content=\"article\" \/>\n<meta property=\"og:title\" content=\"Precommandes EV8.5 et EV10 ! - Pokelab Tcg\" \/>\n<meta property=\"og:description\" content=\"EV8.5 et EV10 &#8211; FR Pr\u00e9commande d\u00e8s aujourd&#039;hui en cliquant ci-dessous ! Pr\u00e9commande ferme et non annulable. Limite de 1 item de chaque par foyer. COFFRET SUPER PREMIUM PRISMATIQUES EV8.5 &#8211; FR DISPLAY DE 36 BOOSTERS &#8211; RIVAUX PREDESTIN\u00c9S EV10 &#8211; FR\" \/>\n<meta property=\"og:url\" content=\"https:\/\/pokelabtcg.fr\/index.php\/precommandes-ev8-5-et-ev10\/\" \/>\n<meta property=\"og:site_name\" content=\"Pokelab Tcg\" \/>\n<meta property=\"article:modified_time\" content=\"2025-03-15T13:22:57+00:00\" \/>\n<meta property=\"og:image\" content=\"https:\/\/pokelabtcg.fr\/wp-content\/uploads\/2025\/03\/SLIDER-Coffret-Collection-Super-Premium-Evolutions-Prismatiques-EV8.5-US-300x180.jpg\" \/>\n<meta name=\"twitter:card\" content=\"summary_large_image\" \/>\n<meta name=\"twitter:label1\" content=\"Dur\u00e9e de lecture estim\u00e9e\" \/>\n\t<meta name=\"twitter:data1\" content=\"1 minute\" \/>\n<script type=\"application\/ld+json\" class=\"yoast-schema-graph\">{\"@context\":\"https:\/\/schema.org\",\"@graph\":[{\"@type\":\"WebPage\",\"@id\":\"https:\/\/pokelabtcg.fr\/index.php\/precommandes-ev8-5-et-ev10\/\",\"url\":\"https:\/\/pokelabtcg.fr\/index.php\/precommandes-ev8-5-et-ev10\/\",\"name\":\"Precommandes EV8.5 et EV10 ! - Pokelab Tcg\",\"isPartOf\":{\"@id\":\"https:\/\/www.pokelabtcg.fr\/#website\"},\"primaryImageOfPage\":{\"@id\":\"https:\/\/pokelabtcg.fr\/index.php\/precommandes-ev8-5-et-ev10\/#primaryimage\"},\"image\":{\"@id\":\"https:\/\/pokelabtcg.fr\/index.php\/precommandes-ev8-5-et-ev10\/#primaryimage\"},\"thumbnailUrl\":\"https:\/\/pokelabtcg.fr\/wp-content\/uploads\/2025\/03\/SLIDER-Coffret-Collection-Super-Premium-Evolutions-Prismatiques-EV8.5-US-300x180.jpg\",\"datePublished\":\"2025-02-03T01:29:31+00:00\",\"dateModified\":\"2025-03-15T13:22:57+00:00\",\"breadcrumb\":{\"@id\":\"https:\/\/pokelabtcg.fr\/index.php\/precommandes-ev8-5-et-ev10\/#breadcrumb\"},\"inLanguage\":\"fr-FR\",\"potentialAction\":[{\"@type\":\"ReadAction\",\"target\":[\"https:\/\/pokelabtcg.fr\/index.php\/precommandes-ev8-5-et-ev10\/\"]}]},{\"@type\":\"ImageObject\",\"inLanguage\":\"fr-FR\",\"@id\":\"https:\/\/pokelabtcg.fr\/index.php\/precommandes-ev8-5-et-ev10\/#primaryimage\",\"url\":\"https:\/\/pokelabtcg.fr\/wp-content\/uploads\/2025\/03\/SLIDER-Coffret-Collection-Super-Premium-Evolutions-Prismatiques-EV8.5-US.jpg\",\"contentUrl\":\"https:\/\/pokelabtcg.fr\/wp-content\/uploads\/2025\/03\/SLIDER-Coffret-Collection-Super-Premium-Evolutions-Prismatiques-EV8.5-US.jpg\",\"width\":1500,\"height\":900},{\"@type\":\"BreadcrumbList\",\"@id\":\"https:\/\/pokelabtcg.fr\/index.php\/precommandes-ev8-5-et-ev10\/#breadcrumb\",\"itemListElement\":[{\"@type\":\"ListItem\",\"position\":1,\"name\":\"Accueil\",\"item\":\"https:\/\/pokelabtcg.fr\/\"},{\"@type\":\"ListItem\",\"position\":2,\"name\":\"Precommandes EV8.5 et EV10 !\"}]},{\"@type\":\"WebSite\",\"@id\":\"https:\/\/www.pokelabtcg.fr\/#website\",\"url\":\"https:\/\/www.pokelabtcg.fr\/\",\"name\":\"Pokelab Tcg\",\"description\":\"\",\"publisher\":{\"@id\":\"https:\/\/www.pokelabtcg.fr\/#organization\"},\"potentialAction\":[{\"@type\":\"SearchAction\",\"target\":{\"@type\":\"EntryPoint\",\"urlTemplate\":\"https:\/\/www.pokelabtcg.fr\/?s={search_term_string}\"},\"query-input\":{\"@type\":\"PropertyValueSpecification\",\"valueRequired\":true,\"valueName\":\"search_term_string\"}}],\"inLanguage\":\"fr-FR\"},{\"@type\":\"Organization\",\"@id\":\"https:\/\/www.pokelabtcg.fr\/#organization\",\"name\":\"Pokelab Tcg\",\"url\":\"https:\/\/www.pokelabtcg.fr\/\",\"logo\":{\"@type\":\"ImageObject\",\"inLanguage\":\"fr-FR\",\"@id\":\"https:\/\/www.pokelabtcg.fr\/#\/schema\/logo\/image\/\",\"url\":\"https:\/\/pokelabtcg.fr\/wp-content\/uploads\/2025\/01\/cropped-cropped-Red-Pokemon-Birthday-Ideas-for-Boyfriend-Facebook-Post-3-1.png\",\"contentUrl\":\"https:\/\/pokelabtcg.fr\/wp-content\/uploads\/2025\/01\/cropped-cropped-Red-Pokemon-Birthday-Ideas-for-Boyfriend-Facebook-Post-3-1.png\",\"width\":421,\"height\":476,\"caption\":\"Pokelab Tcg\"},\"image\":{\"@id\":\"https:\/\/www.pokelabtcg.fr\/#\/schema\/logo\/image\/\"}}]}<\/script>\n<!-- \/ Yoast SEO plugin. -->","yoast_head_json":{"title":"Precommandes EV8.5 et EV10 ! - Pokelab Tcg","robots":{"index":"index","follow":"follow","max-snippet":"max-snippet:-1","max-image-preview":"max-image-preview:large","max-video-preview":"max-video-preview:-1"},"canonical":"https:\/\/pokelabtcg.fr\/index.php\/precommandes-ev8-5-et-ev10\/","og_locale":"fr_FR","og_type":"article","og_title":"Precommandes EV8.5 et EV10 ! - Pokelab Tcg","og_description":"EV8.5 et EV10 &#8211; FR Pr\u00e9commande d\u00e8s aujourd&#039;hui en cliquant ci-dessous ! Pr\u00e9commande ferme et non annulable. Limite de 1 item de chaque par foyer. COFFRET SUPER PREMIUM PRISMATIQUES EV8.5 &#8211; FR DISPLAY DE 36 BOOSTERS &#8211; RIVAUX PREDESTIN\u00c9S EV10 &#8211; FR","og_url":"https:\/\/pokelabtcg.fr\/index.php\/precommandes-ev8-5-et-ev10\/","og_site_name":"Pokelab Tcg","article_modified_time":"2025-03-15T13:22:57+00:00","og_image":[{"url":"https:\/\/pokelabtcg.fr\/wp-content\/uploads\/2025\/03\/SLIDER-Coffret-Collection-Super-Premium-Evolutions-Prismatiques-EV8.5-US-300x180.jpg","type":"","width":"","height":""}],"twitter_card":"summary_large_image","twitter_misc":{"Dur\u00e9e de lecture estim\u00e9e":"1 minute"},"schema":{"@context":"https:\/\/schema.org","@graph":[{"@type":"WebPage","@id":"https:\/\/pokelabtcg.fr\/index.php\/precommandes-ev8-5-et-ev10\/","url":"https:\/\/pokelabtcg.fr\/index.php\/precommandes-ev8-5-et-ev10\/","name":"Precommandes EV8.5 et EV10 ! - Pokelab Tcg","isPartOf":{"@id":"https:\/\/www.pokelabtcg.fr\/#website"},"primaryImageOfPage":{"@id":"https:\/\/pokelabtcg.fr\/index.php\/precommandes-ev8-5-et-ev10\/#primaryimage"},"image":{"@id":"https:\/\/pokelabtcg.fr\/index.php\/precommandes-ev8-5-et-ev10\/#primaryimage"},"thumbnailUrl":"https:\/\/pokelabtcg.fr\/wp-content\/uploads\/2025\/03\/SLIDER-Coffret-Collection-Super-Premium-Evolutions-Prismatiques-EV8.5-US-300x180.jpg","datePublished":"2025-02-03T01:29:31+00:00","dateModified":"2025-03-15T13:22:57+00:00","breadcrumb":{"@id":"https:\/\/pokelabtcg.fr\/index.php\/precommandes-ev8-5-et-ev10\/#breadcrumb"},"inLanguage":"fr-FR","potentialAction":[{"@type":"ReadAction","target":["https:\/\/pokelabtcg.fr\/index.php\/precommandes-ev8-5-et-ev10\/"]}]},{"@type":"ImageObject","inLanguage":"fr-FR","@id":"https:\/\/pokelabtcg.fr\/index.php\/precommandes-ev8-5-et-ev10\/#primaryimage","url":"https:\/\/pokelabtcg.fr\/wp-content\/uploads\/2025\/03\/SLIDER-Coffret-Collection-Super-Premium-Evolutions-Prismatiques-EV8.5-US.jpg","contentUrl":"https:\/\/pokelabtcg.fr\/wp-content\/uploads\/2025\/03\/SLIDER-Coffret-Collection-Super-Premium-Evolutions-Prismatiques-EV8.5-US.jpg","width":1500,"height":900},{"@type":"BreadcrumbList","@id":"https:\/\/pokelabtcg.fr\/index.php\/precommandes-ev8-5-et-ev10\/#breadcrumb","itemListElement":[{"@type":"ListItem","position":1,"name":"Accueil","item":"https:\/\/pokelabtcg.fr\/"},{"@type":"ListItem","position":2,"name":"Precommandes EV8.5 et EV10 !"}]},{"@type":"WebSite","@id":"https:\/\/www.pokelabtcg.fr\/#website","url":"https:\/\/www.pokelabtcg.fr\/","name":"Pokelab Tcg","description":"","publisher":{"@id":"https:\/\/www.pokelabtcg.fr\/#organization"},"potentialAction":[{"@type":"SearchAction","target":{"@type":"EntryPoint","urlTemplate":"https:\/\/www.pokelabtcg.fr\/?s={search_term_string}"},"query-input":{"@type":"PropertyValueSpecification","valueRequired":true,"valueName":"search_term_string"}}],"inLanguage":"fr-FR"},{"@type":"Organization","@id":"https:\/\/www.pokelabtcg.fr\/#organization","name":"Pokelab Tcg","url":"https:\/\/www.pokelabtcg.fr\/","logo":{"@type":"ImageObject","inLanguage":"fr-FR","@id":"https:\/\/www.pokelabtcg.fr\/#\/schema\/logo\/image\/","url":"https:\/\/pokelabtcg.fr\/wp-content\/uploads\/2025\/01\/cropped-cropped-Red-Pokemon-Birthday-Ideas-for-Boyfriend-Facebook-Post-3-1.png","contentUrl":"https:\/\/pokelabtcg.fr\/wp-content\/uploads\/2025\/01\/cropped-cropped-Red-Pokemon-Birthday-Ideas-for-Boyfriend-Facebook-Post-3-1.png","width":421,"height":476,"caption":"Pokelab Tcg"},"image":{"@id":"https:\/\/www.pokelabtcg.fr\/#\/schema\/logo\/image\/"}}]}},"_links":{"self":[{"href":"https:\/\/pokelabtcg.fr\/index.php\/wp-json\/wp\/v2\/pages\/450","targetHints":{"allow":["GET"]}}],"collection":[{"href":"https:\/\/pokelabtcg.fr\/index.php\/wp-json\/wp\/v2\/pages"}],"about":[{"href":"https:\/\/pokelabtcg.fr\/index.php\/wp-json\/wp\/v2\/types\/page"}],"author":[{"embeddable":true,"href":"https:\/\/pokelabtcg.fr\/index.php\/wp-json\/wp\/v2\/users\/1"}],"replies":[{"embeddable":true,"href":"https:\/\/pokelabtcg.fr\/index.php\/wp-json\/wp\/v2\/comments?post=450"}],"version-history":[{"count":14,"href":"https:\/\/pokelabtcg.fr\/index.php\/wp-json\/wp\/v2\/pages\/450\/revisions"}],"predecessor-version":[{"id":549,"href":"https:\/\/pokelabtcg.fr\/index.php\/wp-json\/wp\/v2\/pages\/450\/revisions\/549"}],"wp:attachment":[{"href":"https:\/\/pokelabtcg.fr\/index.php\/wp-json\/wp\/v2\/media?parent=450"}],"curies":[{"name":"wp","href":"https:\/\/api.w.org\/{rel}","templated":true}]}}